{"id":15472,"date":"2025-01-19T14:34:21","date_gmt":"2025-01-19T14:34:21","guid":{"rendered":"https:\/\/www.hydraulic-cylinders.net\/product\/bucket-cylinder-for-xcmg-middle-excavator-xe265c\/"},"modified":"2025-01-19T14:34:23","modified_gmt":"2025-01-19T14:34:23","slug":"bucket-cylinder-for-xcmg-middle-excavator-xe265c","status":"publish","type":"product","link":"https:\/\/www.hydraulic-cylinders.net\/de\/produkt\/bucket-cylinder-for-xcmg-middle-excavator-xe265c\/","title":{"rendered":"L\u00f6ffelzylinder f\u00fcr XCMG Mittelbagger XE265C"},"content":{"rendered":"<h1>L\u00f6ffelzylinder f\u00fcr XCMG Mittelbagger XE265C<\/h1>\n<h2>Einf\u00fchrung<\/h2>\n<p>Der L\u00f6ffelzylinder f\u00fcr den XCMG-Mittelbagger XE265C ist ein speziell entwickelter Hydraulikzylinder zur Steuerung der L\u00f6ffelbewegung in Baumaschinen wie Baggern, Baggerladern und Radladern. Seine Hauptfunktion besteht darin, das Heben, Senken und Neigen des L\u00f6ffels zu erm\u00f6glichen und so vielf\u00e4ltige Materialumschlagsaufgaben zu erleichtern. Im Hydrauliksystem gew\u00e4hrleistet der L\u00f6ffelzylinder durch die Anpassung des Hydraulik\u00f6ldrucks eine pr\u00e4zise Steuerung des L\u00f6ffels. Dies erlaubt dem Bediener, schwere Lasten effizient zu handhaben und sich an komplexe Arbeitsumgebungen und unterschiedliche Betriebsanforderungen anzupassen.<\/p>\n<p><img decoding=\"async\" src=\"https:\/\/www.hydraulic-cylinders.net\/wp-content\/uploads\/2025\/01\/songte-company-2.webp\" alt=\"Bild des Schaufelzylinders\"><\/p>\n<h2>Merkmale<\/h2>\n<ul>\n<li><strong>Hohe Festigkeit und Haltbarkeit:<\/strong> Typischerweise aus hochfestem Stahl oder Aluminium gefertigt, h\u00e4lt es hohem Druck und schweren Belastungen stand und eignet sich f\u00fcr raue Arbeitsumgebungen. Die Konstruktion ber\u00fccksichtigt Verschlei\u00df- und Korrosionsbest\u00e4ndigkeit und verl\u00e4ngert so die Lebensdauer.<\/li>\n<li><strong>Effizienter Hydraulikbetrieb:<\/strong> Durch die Nutzung des Drucks von Hydraulik\u00f6l werden gleichm\u00e4\u00dfige Aus- und Einfahrbewegungen erreicht, was eine schnelle Reaktion auf Steuerbefehle erm\u00f6glicht und kraftvolle Schub- und Zugkr\u00e4fte bereitstellt, die f\u00fcr die Handhabung schwerer Lasten und komplexer Aufgaben geeignet sind.<\/li>\n<li><strong>Typenvielfalt:<\/strong> Erh\u00e4ltlich als einfachwirkende (hydraulisch nur in eine Richtung wirkende) oder doppeltwirkende (hydraulisch in beide Richtungen wirkende) Zylinder, um unterschiedlichen Betriebsanforderungen gerecht zu werden. Einige Modelle sind teleskopierbar und erm\u00f6glichen so eine gr\u00f6\u00dfere Ausladung ohne Vergr\u00f6\u00dferung der Au\u00dfenabmessungen \u2013 ideal f\u00fcr Anwendungen mit begrenztem Platzangebot.<\/li>\n<li><strong>Ersatz f\u00fcr andere Hydraulikzylinder:<\/strong> Unser Produkt kann diverse Hydraulikzylinder perfekt ersetzen.<\/li>\n<\/ul>\n<p><img decoding=\"async\" src=\"https:\/\/www.hydraulic-cylinders.net\/wp-content\/uploads\/2025\/01\/songte-cylinder-head-with-all-kinds-excavator-models.webp\" alt=\"Abbildung des Produkts\"><\/p>\n<h2>Anwendungen<\/h2>\n<p>Der Schaufelzylinder findet in verschiedenen Branchen und Ger\u00e4ten Anwendung, darunter:<\/p>\n<h3>Baumaschinen<\/h3>\n<p>Bei Baggern sind sie unverzichtbar zum Graben, Laden und Bewegen von Erde oder Schutt. Bei Baggerladern unterst\u00fctzt der Schaufelzylinder sowohl das Graben als auch das Heben.<\/p>\n<h3>Landmaschinen<\/h3>\n<p>Wird in Frontladern zum Schaufeln, Anheben und Transportieren von Erde, Heu und anderen Materialien verwendet.<\/p>\n<h3>Bagger<\/h3>\n<p>Der Zylinder des L\u00f6ffels erm\u00f6glicht Grabvorg\u00e4nge, indem er das Eindringen des L\u00f6ffels in den Boden erlaubt.<\/p>\n<h3>Lader<\/h3>\n<p>Bei Frontladern helfen sie beim effizienten Anheben und Abladen von Ladung.<\/p>\n<p><img decoding=\"async\" src=\"https:\/\/www.hydraulic-cylinders.net\/wp-content\/uploads\/2025\/01\/songte-oil-pipes-and-spare-parts.webp\" alt=\"Abbildung des Produkts\"><\/p>\n<h2>Design\u00fcberlegungen und Auswahlkriterien<\/h2>\n<p>Bei gestalterischen \u00dcberlegungen sollten mehrere Schl\u00fcsselfaktoren ber\u00fccksichtigt werden:<\/p>\n<h3>Tragf\u00e4higkeit:<\/h3>\n<p>Der Zylinder sollte so konstruiert sein, dass er den zu erwartenden Belastungen und Kr\u00e4ften in der Anwendung standh\u00e4lt und einen sicheren und zuverl\u00e4ssigen Betrieb gew\u00e4hrleistet.<\/p>\n<h3>Versiegelung:<\/h3>\n<p>Um eine effektive Abdichtung zu gew\u00e4hrleisten und Leckagen zu verhindern, sollten verschiedene Dichtungselemente, wie z. B. Kolbendichtungen und Pleuelstangendichtungen, verwendet werden.<\/p>\n<h3>Haltbarkeit:<\/h3>\n<p>Der Zylinder sollte aus Werkstoffen und mit Oberfl\u00e4chenbehandlungen gefertigt sein, die die Verschlei\u00dffestigkeit und Korrosionsbest\u00e4ndigkeit verbessern und somit seine Lebensdauer verl\u00e4ngern.<\/p>\n<h3>Sicherheit:<\/h3>\n<p>Bei den Konstruktionsmerkmalen sollte der Bedienersicherheit Priorit\u00e4t einger\u00e4umt werden, einschlie\u00dflich Ma\u00dfnahmen zur Verhinderung unerwarteter Bewegungen und zur Gew\u00e4hrleistung ordnungsgem\u00e4\u00dfer Verriegelungsmechanismen.<\/p>\n<h3>Wartbarkeit:<\/h3>\n<p>Der Zylinder sollte so konstruiert sein, dass er wartungsfreundlich ist, mit leicht zug\u00e4nglichen Bauteilen und klaren Anweisungen f\u00fcr Demontage, Inspektion und Reparatur.<\/p>\n<p><img decoding=\"async\" src=\"https:\/\/www.hydraulic-cylinders.net\/wp-content\/uploads\/2025\/01\/songte-chushion-collar.webp\" alt=\"Abbildung des Produkts\"><\/p>\n<h2>Abdichtung und Schmierung<\/h2>\n<p>Der Schaufelzylinder verwendet verschiedene Dichtungskomponenten, wie Kolben- und Stangendichtungen, die aus verschlei\u00dffesten Materialien wie Polyurethan und Nitrilkautschuk gefertigt sind. Zylinderk\u00f6rper und Gewindeendfl\u00e4chen werden einer Feinbearbeitung unterzogen, um die Verschlei\u00dffestigkeit zu verbessern. Regelm\u00e4\u00dfige Schmierung mit der richtigen Menge Hydraulik\u00f6l ist f\u00fcr einen reibungslosen Betrieb und eine lange Lebensdauer unerl\u00e4sslich.<\/p>\n<h2>Inspektion und vorbeugende Wartung<\/h2>\n<p>Regelm\u00e4\u00dfige Inspektionen und vorbeugende Wartungsma\u00dfnahmen sind entscheidend f\u00fcr die einwandfreie Funktion und die lange Lebensdauer des Baggerzylinders. Zu den empfohlenen Ma\u00dfnahmen geh\u00f6ren:<\/p>\n<ul>\n<li>Regelm\u00e4\u00dfige Kontrolle auf Undichtigkeiten, ungew\u00f6hnliche Ger\u00e4usche und Anzeichen von Verschlei\u00df oder Besch\u00e4digung.<\/li>\n<li>Die im Wartungshandbuch beschriebenen Schmierstoffe sind sachgem\u00e4\u00df aufzutragen.<\/li>\n<li>Dichtungen bei Bedarf austauschen, um eine optimale Leistung zu gew\u00e4hrleisten.<\/li>\n<li>Durchf\u00fchrung von Kalibrierungspr\u00fcfungen zur Sicherstellung eines genauen Betriebs.<\/li>\n<\/ul>\n<p><img decoding=\"async\" src=\"https:\/\/www.hydraulic-cylinders.net\/wp-content\/uploads\/2025\/01\/songte-bushings-with-all-kinds-of-excavator-models.webp\" alt=\"Abbildung des Produkts\"><\/p>\n<h2>Sicherheitsaspekte und Umweltfaktoren<\/h2>\n<p>Die Einhaltung der Sicherheitsma\u00dfnahmen beim Arbeiten mit dem Arbeitszylinder hat h\u00f6chste Priorit\u00e4t. Die Bediener m\u00fcssen alle Sicherheitsrichtlinien befolgen und die entsprechende pers\u00f6nliche Schutzausr\u00fcstung verwenden. Dar\u00fcber hinaus sind Umweltfaktoren wie Temperatur, Luftfeuchtigkeit und der Kontakt mit Chemikalien zu ber\u00fccksichtigen, um Beeintr\u00e4chtigungen der Zylinderleistung zu vermeiden.<\/p>\n<h2>Fehlerbehebung und h\u00e4ufige Probleme<\/h2>\n<p>Bei Problemen mit dem Baggerzylinder k\u00f6nnen die folgenden Tipps und L\u00f6sungen zur Fehlerbehebung helfen, die Probleme effektiv zu diagnostizieren und zu beheben. Zus\u00e4tzlich sollten vorbeugende Ma\u00dfnahmen ergriffen werden, um potenzielle Probleme zu minimieren.<\/p>\n<p><img decoding=\"async\" src=\"https:\/\/www.hydraulic-cylinders.net\/wp-content\/uploads\/2025\/01\/songte-company-1.webp\" alt=\"Abbildung des Produkts\"><\/p>\n<h2>\u00dcber unser Unternehmen<\/h2>\n<p>Wir sind Hersteller von Hydraulikzylindern und bieten ein breites Produktsortiment. Als einer der f\u00fchrenden Hersteller und Gro\u00dfh\u00e4ndler von Hydraulikzylindern beliefern wir sowohl national als auch international die M\u00e4rkte. In unserer modernen Fertigungsanlage setzen wir auf h\u00f6chste Qualit\u00e4t und industrialisierte Produktionsprozesse. So optimieren wir kontinuierlich unsere Fertigungsplattform, verfeinern unsere Produktionsabl\u00e4ufe und zeichnen uns durch hohe Innovationskraft aus. Dank unserer Prinzipien \u2013 hohe Effizienz, Pr\u00e4zision und Qualit\u00e4t \u2013 k\u00f6nnen wir die vielf\u00e4ltigen Bed\u00fcrfnisse unserer Kunden erf\u00fcllen.<\/p>\n<p><img decoding=\"async\" src=\"https:\/\/www.hydraulic-cylinders.net\/wp-content\/uploads\/2025\/01\/songte-company-3.webp\" alt=\"Firmenimage\"><\/p>\n<p>Wir sind stolz auf:<\/p>\n<ul>\n<li>Professionalit\u00e4t und Fachkompetenz im Bereich Hydraulikzylinder<\/li>\n<li>Internationale Zertifizierungen und Einhaltung von Standards<\/li>\n<li>Anpassungsdienstleistungen zur Erf\u00fcllung spezifischer Anforderungen<\/li>\n<li>Moderne Produktionsanlagen und -einrichtungen<\/li>\n<li>Umfassender Kundendienst<\/li>\n<\/ul>\n<p>Unser Streben nach Exzellenz hat uns als vertrauensw\u00fcrdigen Anbieter in der Branche etabliert.<\/p>\n<p>Autor: lyl<\/p>","protected":false},"excerpt":{"rendered":"<p>Bucket Cylinder For XCMG Middle Excavator XE265C Introduction The bucket cylinder for XCMG middle excavator XE265C is a specially designed hydraulic cylinder used to control the movement of the bucket in heavy machinery such as excavators, backhoe loaders, and front loaders. Its main function is to enable the bucket to lift, lower, and tilt, making [&hellip;]<\/p>","protected":false},"featured_media":14771,"comment_status":"open","ping_status":"closed","template":"","meta":{"_et_pb_use_builder":"","_et_pb_old_content":"","_et_gb_content_width":""},"product_brand":[],"product_cat":[1494],"product_tag":[1495,1496],"class_list":{"0":"post-15472","1":"product","2":"type-product","3":"status-publish","4":"has-post-thumbnail","6":"product_cat-bucket-cylinders","7":"product_tag-bucket-cylinders","8":"product_tag-hydraulic-cylinders","10":"first","11":"instock","12":"shipping-taxable","13":"product-type-simple"},"amp_enabled":true,"_links":{"self":[{"href":"https:\/\/www.hydraulic-cylinders.net\/de\/wp-json\/wp\/v2\/product\/15472","targetHints":{"allow":["GET"]}}],"collection":[{"href":"https:\/\/www.hydraulic-cylinders.net\/de\/wp-json\/wp\/v2\/product"}],"about":[{"href":"https:\/\/www.hydraulic-cylinders.net\/de\/wp-json\/wp\/v2\/types\/product"}],"replies":[{"embeddable":true,"href":"https:\/\/www.hydraulic-cylinders.net\/de\/wp-json\/wp\/v2\/comments?post=15472"}],"wp:featuredmedia":[{"embeddable":true,"href":"https:\/\/www.hydraulic-cylinders.net\/de\/wp-json\/wp\/v2\/media\/14771"}],"wp:attachment":[{"href":"https:\/\/www.hydraulic-cylinders.net\/de\/wp-json\/wp\/v2\/media?parent=15472"}],"wp:term":[{"taxonomy":"product_brand","embeddable":true,"href":"https:\/\/www.hydraulic-cylinders.net\/de\/wp-json\/wp\/v2\/product_brand?post=15472"},{"taxonomy":"product_cat","embeddable":true,"href":"https:\/\/www.hydraulic-cylinders.net\/de\/wp-json\/wp\/v2\/product_cat?post=15472"},{"taxonomy":"product_tag","embeddable":true,"href":"https:\/\/www.hydraulic-cylinders.net\/de\/wp-json\/wp\/v2\/product_tag?post=15472"}],"curies":[{"name":"wp","href":"https:\/\/api.w.org\/{rel}","templated":true}]}}