{"id":15474,"date":"2025-01-19T14:34:29","date_gmt":"2025-01-19T14:34:29","guid":{"rendered":"https:\/\/www.hydraulic-cylinders.net\/product\/bucket-cylinder-for-xcmg-middle-excavator-xe215cll\/"},"modified":"2025-01-19T14:34:37","modified_gmt":"2025-01-19T14:34:37","slug":"bucket-cylinder-for-xcmg-middle-excavator-xe215cll","status":"publish","type":"product","link":"https:\/\/www.hydraulic-cylinders.net\/de\/produkt\/bucket-cylinder-for-xcmg-middle-excavator-xe215cll\/","title":{"rendered":"L\u00f6ffelzylinder f\u00fcr XCMG Mittelbagger XE215CLL"},"content":{"rendered":"<h1>L\u00f6ffelzylinder f\u00fcr XCMG Mittelbagger XE215CLL<\/h1>\n<h2>Einf\u00fchrung<\/h2>\n<p>Der Schaufelzylinder ist ein speziell entwickelter Hydraulikzylinder, der die Bewegung der Schaufel in Baumaschinen wie Baggern, Baggerladern und Radladern steuert. Seine Hauptfunktion besteht darin, das Heben, Senken und Neigen der Schaufel zu erm\u00f6glichen und so verschiedene Materialumschlagsaufgaben zu erleichtern. Im Hydrauliksystem gew\u00e4hrleistet der Schaufelzylinder durch die Druckver\u00e4nderungen des Hydraulik\u00f6ls eine pr\u00e4zise Steuerung der Schaufel. Dies erlaubt es dem Bediener, schwere Lasten effizient zu handhaben und sich an komplexe Arbeitsumgebungen und vielf\u00e4ltige Betriebsanforderungen anzupassen.<\/p>\n<p><img decoding=\"async\" src=\"https:\/\/www.hydraulic-cylinders.net\/wp-content\/uploads\/2025\/01\/songte-company-2.webp\" alt=\"Bild des Schaufelzylinders\"><\/p>\n<h2>Merkmale<\/h2>\n<ul>\n<li>Hohe Festigkeit und Langlebigkeit: Typischerweise aus hochfestem Stahl oder Aluminium gefertigt, halten sie hohem Druck und hohen Belastungen stand, sind f\u00fcr raue Arbeitsumgebungen geeignet und wurden unter Ber\u00fccksichtigung von Verschlei\u00df- und Korrosionsbest\u00e4ndigkeit entwickelt, um die Lebensdauer zu verl\u00e4ngern.<\/li>\n<li>Effizienter Hydraulikbetrieb: Nutzt den Druck des Hydraulik\u00f6ls, um sanfte Aus- und Einfahrbewegungen zu erzielen, was eine schnelle Reaktion auf Steuerbefehle erm\u00f6glicht und kraftvolle Schub- und Zugkr\u00e4fte bereitstellt, die f\u00fcr die Handhabung schwerer Lasten und komplexer Arbeitsaufgaben geeignet sind.<\/li>\n<li>Verschiedene Ausf\u00fchrungen: Die Zylinder sind als einfachwirkende (Hydraulik nur in eine Richtung) oder doppeltwirkende (Hydraulik in beide Richtungen) Ausf\u00fchrungen erh\u00e4ltlich, um unterschiedlichen Betriebsanforderungen gerecht zu werden. Einige Modelle sind teleskopierbar und erm\u00f6glichen so eine gr\u00f6\u00dfere Ausladung ohne Vergr\u00f6\u00dferung der Au\u00dfenabmessungen \u2013 ideal f\u00fcr Anwendungen mit begrenztem Platzangebot.<\/li>\n<li>Perfekter Ersatz: Unsere Produkte k\u00f6nnen diese Hydraulikzylinder perfekt ersetzen.<\/li>\n<\/ul>\n<p><img decoding=\"async\" src=\"https:\/\/www.hydraulic-cylinders.net\/wp-content\/uploads\/2025\/01\/songte-cylinder-head-with-all-kinds-excavator-models.webp\" alt=\"Abbildung des Produkts\"><\/p>\n<h2>Anwendungen<\/h2>\n<p>Der Schaufelzylinder findet in verschiedenen Ger\u00e4ten Anwendung:<\/p>\n<h3>Baumaschinen<\/h3>\n<p>Bei Baggern sind sie unverzichtbar zum Graben, Laden und Bewegen von Erde oder Bauschutt. Bei Baggerladern unterst\u00fctzt der Schaufelzylinder sowohl das Graben als auch das Heben.<\/p>\n<h3>Landmaschinen<\/h3>\n<p>Wird in Frontladern zum Schaufeln, Anheben und Transportieren von Erde, Heu und anderen Materialien verwendet.<\/p>\n<h3>Bagger<\/h3>\n<p>Der Zylinder des L\u00f6ffels erm\u00f6glicht Aushubarbeiten, indem er es dem L\u00f6ffel erlaubt, in den Boden einzudringen.<\/p>\n<h3>Lader<\/h3>\n<p>Bei Frontladern helfen sie beim effizienten Anheben und Abladen von G\u00fctern.<\/p>\n<p><img decoding=\"async\" src=\"https:\/\/www.hydraulic-cylinders.net\/wp-content\/uploads\/2025\/01\/songte-oil-pipes-and-spare-parts.webp\" alt=\"Abbildung des Produkts\"><\/p>\n<h2>Design\u00fcberlegungen und Auswahlkriterien<\/h2>\n<p>Bei der Konstruktion des Schaufelzylinders werden verschiedene Faktoren und Auswahlkriterien ber\u00fccksichtigt:<\/p>\n<h3>Belastbarkeit<\/h3>\n<p>Der Schaufelzylinder ist so konstruiert, dass er den zu erwartenden Belastungen in den vorgesehenen Anwendungsbereichen standh\u00e4lt.<\/p>\n<h3>Versiegelung<\/h3>\n<p>Verschiedene Dichtungselemente, wie Kolben- und Stangendichtungen, gew\u00e4hrleisten eine einwandfreie Abdichtung. Diese Dichtungen bestehen aus verschlei\u00dffesten Materialien wie Polyurethan und Nitrilkautschuk. Zylinderk\u00f6rper und Gewindeenden werden pr\u00e4zise bearbeitet, um die Verschlei\u00dffestigkeit zu verbessern. Regelm\u00e4\u00dfige Schmierung mit Hydraulik\u00f6l ist erforderlich.<\/p>\n<p><img decoding=\"async\" src=\"https:\/\/www.hydraulic-cylinders.net\/wp-content\/uploads\/2025\/01\/songte-chushion-collar.webp\" alt=\"Abbildung des Produkts\"><\/p>\n<h2>Wartung und Service<\/h2>\n<p>Regelm\u00e4\u00dfige Inspektion und vorbeugende Wartung sind unerl\u00e4sslich, um optimale Leistung und lange Lebensdauer des Schaufelzylinders zu gew\u00e4hrleisten. Zu den g\u00e4ngigen Wartungsarbeiten geh\u00f6ren:<\/p>\n<ul>\n<li>Regelm\u00e4\u00dfige Kontrollen<\/li>\n<li>Richtige Schmierung<\/li>\n<li>Dichtungswechsel<\/li>\n<li>Kalibrierungspr\u00fcfungen<\/li>\n<\/ul>\n<p>Eine korrekte Montageanleitung ist entscheidend f\u00fcr die richtige Ausrichtung des Zylinders. Wir empfehlen die Verwendung geeigneter Montagehalterungen zur Befestigung des Zylinders. Wir bieten empfohlene Inspektions-, Reparatur- und Austauschverfahren sowie Ersatzteil- und \u00dcberholungsdienste an, um die Lebensdauer des Schaufelzylinders zu verl\u00e4ngern.<\/p>\n<p><img decoding=\"async\" src=\"https:\/\/www.hydraulic-cylinders.net\/wp-content\/uploads\/2025\/01\/songte-bushings-with-all-kinds-of-excavator-models.webp\" alt=\"Abbildung des Produkts\"><\/p>\n<h2>Sicherheitsaspekte und Umweltfaktoren<\/h2>\n<p>Bei der Verwendung des Eimerzylinders ist die Einhaltung der Sicherheitsma\u00dfnahmen von gr\u00f6\u00dfter Wichtigkeit, um einen sicheren Betrieb zu gew\u00e4hrleisten und die Umwelt zu sch\u00fctzen.<\/p>\n<h2>Fehlerbehebung und h\u00e4ufige Probleme<\/h2>\n<p>Hier sind einige h\u00e4ufige Probleme, die beim Schaufelzylinder auftreten k\u00f6nnen:<\/p>\n<ul>\n<li>Leckage<\/li>\n<li>Schlechte Streckung oder Retraktion<\/li>\n<li>\u00fcberm\u00e4\u00dfiger L\u00e4rm oder Vibrationen<\/li>\n<\/ul>\n<p>Wir bieten Tipps und L\u00f6sungen zur Fehlerbehebung, um Lesern zu helfen, Probleme effektiv zu diagnostizieren und zu beheben. Dar\u00fcber hinaus bieten wir vorbeugende Ma\u00dfnahmen an, um potenzielle Probleme zu minimieren.<\/p>\n<p><img decoding=\"async\" src=\"https:\/\/www.hydraulic-cylinders.net\/wp-content\/uploads\/2025\/01\/songte-company-1.webp\" alt=\"Abbildung des Produkts\"><\/p>\n<h2>\u00dcber unser Unternehmen<\/h2>\n<p>Wir sind ein Hersteller, der sich auf den Austausch von Hydraulikzylindern spezialisiert hat. Mit unserem breiten Produktangebot z\u00e4hlen wir zu den f\u00fchrenden Herstellern und Gro\u00dfh\u00e4ndlern von Hydraulikzylindern auf nationalen und internationalen M\u00e4rkten. Unser Unternehmen verpflichtet sich zu h\u00f6chster Qualit\u00e4t und setzt auf industrialisierte Produktionsmanagementstrategien, die in unseren modernen Fertigungshallen umgesetzt werden. Wir optimieren unsere Fertigungsprozesse kontinuierlich, um hocheffiziente, pr\u00e4zise und qualitativ hochwertige Produkte zu liefern und so den vielf\u00e4ltigen Bed\u00fcrfnissen unserer Kunden gerecht zu werden.<\/p>\n<p><img decoding=\"async\" src=\"https:\/\/www.hydraulic-cylinders.net\/wp-content\/uploads\/2025\/01\/songte-company-3.webp\" alt=\"Firmenimage\"><\/p>\n<h3>Professionalit\u00e4t<\/h3>\n<p>Wir verf\u00fcgen \u00fcber professionelles Personal, nutzen fortschrittliche Fertigungsanlagen und setzen professionelle Inspektionssysteme ein, um unsere Fertigungskapazit\u00e4ten zu erweitern und die Produktqualit\u00e4t sicherzustellen.<\/p>\n<h3>Internationale Zertifizierungen<\/h3>\n<p>Wir haben internationale Zertifizierungen erhalten, um unser Engagement f\u00fcr Qualit\u00e4t und die Einhaltung von Branchenstandards zu belegen.<\/p>\n<h3>Anpassungsdienste<\/h3>\n<p>Wir bieten Anpassungsdienstleistungen an, um spezifische Kundenanforderungen zu erf\u00fcllen und ma\u00dfgeschneiderte L\u00f6sungen bereitzustellen.<\/p>\n<h3>Produktionsausr\u00fcstung<\/h3>\n<p>Wir haben in hochmoderne Produktionsanlagen investiert, um effiziente und pr\u00e4zise Fertigungsprozesse zu gew\u00e4hrleisten.<\/p>\n<h3>Kundendienst<\/h3>\n<p>Wir bieten umfassende Kundendienstleistungen an, um unsere Kunden w\u00e4hrend der gesamten Produktlebensdauer zu unterst\u00fctzen.<\/p>\n<p>Autor: lyl<\/p>","protected":false},"excerpt":{"rendered":"<p>Bucket Cylinder For XCMG Middle Excavator XE215CLL Introduction The bucket cylinder is a specially designed hydraulic cylinder used to control the movement of the bucket in heavy machinery such as excavators, backhoe loaders, and front loaders. Its main function is to enable the lifting, lowering, and tilting of the bucket, making it easier to handle [&hellip;]<\/p>","protected":false},"featured_media":14765,"comment_status":"open","ping_status":"closed","template":"","meta":{"_et_pb_use_builder":"","_et_pb_old_content":"","_et_gb_content_width":""},"product_brand":[],"product_cat":[1494],"product_tag":[1495,1496],"class_list":{"0":"post-15474","1":"product","2":"type-product","3":"status-publish","4":"has-post-thumbnail","6":"product_cat-bucket-cylinders","7":"product_tag-bucket-cylinders","8":"product_tag-hydraulic-cylinders","10":"first","11":"instock","12":"shipping-taxable","13":"product-type-simple"},"amp_enabled":true,"_links":{"self":[{"href":"https:\/\/www.hydraulic-cylinders.net\/de\/wp-json\/wp\/v2\/product\/15474","targetHints":{"allow":["GET"]}}],"collection":[{"href":"https:\/\/www.hydraulic-cylinders.net\/de\/wp-json\/wp\/v2\/product"}],"about":[{"href":"https:\/\/www.hydraulic-cylinders.net\/de\/wp-json\/wp\/v2\/types\/product"}],"replies":[{"embeddable":true,"href":"https:\/\/www.hydraulic-cylinders.net\/de\/wp-json\/wp\/v2\/comments?post=15474"}],"wp:featuredmedia":[{"embeddable":true,"href":"https:\/\/www.hydraulic-cylinders.net\/de\/wp-json\/wp\/v2\/media\/14765"}],"wp:attachment":[{"href":"https:\/\/www.hydraulic-cylinders.net\/de\/wp-json\/wp\/v2\/media?parent=15474"}],"wp:term":[{"taxonomy":"product_brand","embeddable":true,"href":"https:\/\/www.hydraulic-cylinders.net\/de\/wp-json\/wp\/v2\/product_brand?post=15474"},{"taxonomy":"product_cat","embeddable":true,"href":"https:\/\/www.hydraulic-cylinders.net\/de\/wp-json\/wp\/v2\/product_cat?post=15474"},{"taxonomy":"product_tag","embeddable":true,"href":"https:\/\/www.hydraulic-cylinders.net\/de\/wp-json\/wp\/v2\/product_tag?post=15474"}],"curies":[{"name":"wp","href":"https:\/\/api.w.org\/{rel}","templated":true}]}}