{"id":15480,"date":"2025-01-19T14:34:59","date_gmt":"2025-01-19T14:34:59","guid":{"rendered":"https:\/\/www.hydraulic-cylinders.net\/product\/bucket-cylinder-for-xcmg-large-excavator-xe1300c\/"},"modified":"2025-01-19T14:35:01","modified_gmt":"2025-01-19T14:35:01","slug":"bucket-cylinder-for-xcmg-large-excavator-xe1300c","status":"publish","type":"product","link":"https:\/\/www.hydraulic-cylinders.net\/de\/produkt\/bucket-cylinder-for-xcmg-large-excavator-xe1300c\/","title":{"rendered":"L\u00f6ffelzylinder f\u00fcr XCMG Gro\u00dfbagger XE1300C"},"content":{"rendered":"<h1>L\u00f6ffelzylinder f\u00fcr XCMG Gro\u00dfbagger XE1300C<\/h1>\n<h2>Einf\u00fchrung<\/h2>\n<p>Ein Schaufelzylinder ist ein speziell entwickelter Hydraulikzylinder, der haupts\u00e4chlich zur Steuerung der Schaufelbewegung in Baumaschinen wie Baggern, Baggerladern und Radladern eingesetzt wird. Seine Hauptfunktion besteht darin, das Heben, Senken und Neigen der Schaufel zu erm\u00f6glichen und so verschiedene Materialumschlagsaufgaben zu erleichtern. Im Hydrauliksystem erm\u00f6glicht der Schaufelzylinder die pr\u00e4zise Steuerung der Schaufel durch die Ver\u00e4nderung des Hydraulik\u00f6ldrucks. Dadurch kann der Bediener schwere Lasten effizient handhaben, sich an komplexe Arbeitsumgebungen anpassen und unterschiedliche Arbeitsanforderungen erf\u00fcllen.<\/p>\n<p><img decoding=\"async\" src=\"https:\/\/www.hydraulic-cylinders.net\/wp-content\/uploads\/2025\/01\/songte-company-2.webp\"\/><\/p>\n<h2>Merkmale<\/h2>\n<ul>\n<li><strong>Hohe Festigkeit und Langlebigkeit:<\/strong> Es besteht typischerweise aus hochfestem Stahl oder Aluminium und h\u00e4lt hohem Druck und schweren Belastungen stand, wodurch es sich f\u00fcr raue Arbeitsumgebungen eignet. Die Konstruktion ber\u00fccksichtigt Verschlei\u00df- und Korrosionsbest\u00e4ndigkeit und verl\u00e4ngert so die Lebensdauer.<\/li>\n<li><strong>Effizienter Hydraulikbetrieb:<\/strong> Durch die Nutzung des Drucks von Hydraulik\u00f6l zur gleichm\u00e4\u00dfigen Ausdehnung und Zusammenziehung kann es schnell auf Steuerbefehle reagieren und bietet starke Schub- und Zugkr\u00e4fte, die f\u00fcr die Handhabung schwerer Lasten und komplexer Arbeitsaufgaben geeignet sind.<\/li>\n<li><strong>Verschiedene Arten:<\/strong> Je nach Bedarf k\u00f6nnen einfachwirkende (hydraulisch nur in eine Richtung wirkende) oder doppeltwirkende (hydraulisch in beide Richtungen wirkende) Zylinder ausgew\u00e4hlt werden. Einige Modelle sind teleskopierbar und erm\u00f6glichen so eine gr\u00f6\u00dfere Ausfahrl\u00e4nge ohne Vergr\u00f6\u00dferung der Au\u00dfenabmessungen \u2013 ideal f\u00fcr beengte Platzverh\u00e4ltnisse.<\/li>\n<li><strong>Ersatz:<\/strong> Unsere Produkte k\u00f6nnen diese Hydraulikzylinder perfekt ersetzen.<\/li>\n<\/ul>\n<p><img decoding=\"async\" src=\"https:\/\/www.hydraulic-cylinders.net\/wp-content\/uploads\/2025\/01\/songte-cylinder-head-with-all-kinds-excavator-models.webp\"\/><\/p>\n<h2>Anwendungen<\/h2>\n<p>Der L\u00f6ffelzylinder f\u00fcr den XCMG Gro\u00dfbagger XE1300C kann in verschiedenen Branchen und Anwendungen eingesetzt werden, wie zum Beispiel:<\/p>\n<ul>\n<li><strong>Baumaschinen:<\/strong> Bei Baggern sind sie unverzichtbar zum Ausheben, Laden und Bewegen von Erde oder Bauschutt. Bei Baggerladern unterst\u00fctzen die Schaufelzylinder sowohl das Ausheben als auch das Heben. <\/li>\n<li><strong>Landmaschinen:<\/strong> Der Schaufelzylinder wird bei Radladern zum Schaufeln, Anheben und Transportieren von Erde, Heu und anderen Materialien eingesetzt; bei Baggern erm\u00f6glicht er das Graben, indem er das Eindringen der Schaufel in den Boden erlaubt.<\/li>\n<li><strong>Lader:<\/strong> Bei Frontladern unterst\u00fctzen sie das Anheben und Kippen von G\u00fctern effektiv.<\/li>\n<\/ul>\n<h2>Design\u00fcberlegungen und Auswahlkriterien<\/h2>\n<p>Der Schaufelzylinder unterliegt verschiedenen Konstruktions\u00fcberlegungen, wie zum Beispiel:<\/p>\n<ul>\n<li><strong>Tragf\u00e4higkeit:<\/strong> Der Zylinder muss die Last der Maschine und ihres Inhalts tragen und dem vom Hydrauliksystem erzeugten Druck standhalten.<\/li>\n<li><strong>Versiegelung:<\/strong> Der Zylinder muss abgedichtet sein, um zu verhindern, dass Hydraulikfl\u00fcssigkeit austritt und Verunreinigungen in das System gelangen.<\/li>\n<li><strong>Haltbarkeit:<\/strong> Der Zylinder muss robust genug sein, um den rauen Arbeitsbedingungen und der l\u00e4ngeren Nutzung standzuhalten.<\/li>\n<li><strong>Sicherheit:<\/strong> Der Zylinder muss Sicherheitsstandards erf\u00fcllen, um Unf\u00e4lle w\u00e4hrend des Betriebs zu vermeiden.<\/li>\n<li><strong>Wartbarkeit:<\/strong> Der Zylinder muss wartungs- und reparaturfreundlich sein, um Ausfallzeiten zu minimieren.<\/li>\n<\/ul>\n<p><img decoding=\"async\" src=\"https:\/\/www.hydraulic-cylinders.net\/wp-content\/uploads\/2025\/01\/songte-oil-pipes-and-spare-parts.webp\"\/><\/p>\n<h2>Abdichtung und Schmierung<\/h2>\n<p>Der Schaufelzylinder verwendet verschiedene Dichtungselemente, wie Kolben- und Stangendichtungen aus verschlei\u00dffesten Materialien wie Polyurethan und Nitrilkautschuk. Zylinderk\u00f6rper und Gewindeendfl\u00e4che werden pr\u00e4zise bearbeitet, um die Verschlei\u00dffestigkeit zu erh\u00f6hen. Zur Schmierung des Zylinders ist eine regelm\u00e4\u00dfige und angemessene Zufuhr von Hydraulik\u00f6l erforderlich.<\/p>\n<h2>Inspektions- und vorbeugende Wartungsma\u00dfnahmen<\/h2>\n<p>Regelm\u00e4\u00dfige Inspektion und vorbeugende Wartung des Schaufelzylinders verl\u00e4ngern dessen Lebensdauer. Zu den Wartungsma\u00dfnahmen geh\u00f6ren unter anderem:<\/p>\n<ul>\n<li>\u00dcberpr\u00fcfung des Hydrauliksystems auf Lecks und deren umgehende Behebung.<\/li>\n<li>Den Zylinder regelm\u00e4\u00dfig schmieren.<\/li>\n<li>Die Dichtungen bei Bedarf austauschen.<\/li>\n<li>Kalibrierung des Zylinders, um seine korrekte Funktion sicherzustellen.<\/li>\n<\/ul>\n<h2>Installationsanleitung<\/h2>\n<p>Die korrekte Montage des Schaufelzylinders ist unerl\u00e4sslich. Verwenden Sie geeignete Montagehalterungen, um den Zylinder an der Maschine zu befestigen. Pr\u00fcfen Sie die korrekte Ausrichtung des Zylinders und geben Sie Hinweise zur Ausrichtung. Befolgen Sie die empfohlenen Inspektions-, Reparatur-, Austausch- und \u00dcberholungsverfahren, um die Leistungsf\u00e4higkeit und Lebensdauer des Zylinders zu gew\u00e4hrleisten.<\/p>\n<p><img decoding=\"async\" src=\"https:\/\/www.hydraulic-cylinders.net\/wp-content\/uploads\/2025\/01\/songte-chushion-collar.webp\"\/><\/p>\n<h2>Sicherheitsaspekte und Umweltfaktoren<\/h2>\n<p>Bei der Verwendung des Eimerzylinders m\u00fcssen Sicherheitsvorkehrungen getroffen werden, um Unf\u00e4lle und Verletzungen zu vermeiden. Auch Umweltfaktoren m\u00fcssen ber\u00fccksichtigt werden, um die Umweltbelastung zu minimieren.<\/p>\n<h2>Fehlerbehebung und h\u00e4ufige Probleme<\/h2>\n<p>H\u00e4ufige Probleme mit Baggerzylindern sind Leckagen, Fehlfunktionen und Besch\u00e4digungen. Zur Fehlersuche sollten das Hydrauliksystem \u00fcberpr\u00fcft, der Zylinder auf Besch\u00e4digungen untersucht und die korrekte Montage und Ausrichtung sichergestellt werden. Vorbeugende Ma\u00dfnahmen wie regelm\u00e4\u00dfige Wartung, Inspektion und Reinigung minimieren potenzielle Probleme.<\/p>\n<p><img decoding=\"async\" src=\"https:\/\/www.hydraulic-cylinders.net\/wp-content\/uploads\/2025\/01\/songte-bushings-with-all-kinds-of-excavator-models.webp\"\/><\/p>\n<h2>\u00dcber unser Unternehmen<\/h2>\n<p>Wir sind Hersteller von Hydraulikzylindern, die Zylinder von Originalausr\u00fcstern ersetzen k\u00f6nnen. Wir bieten ein umfassendes Produktsortiment und z\u00e4hlen zu den f\u00fchrenden Herstellern und Gro\u00dfh\u00e4ndlern von Hydraulikzylindern auf dem nationalen und internationalen Markt. Wir setzen auf h\u00f6chste Qualit\u00e4t und nutzen modernste Fertigungsmethoden, darunter ausgefeilte Produktionsanlagen, qualifizierte Fachkr\u00e4fte, digitale Spitzentechnologie und professionelle Testsysteme. So optimieren wir kontinuierlich unsere Fertigungsplattform und Produktionslinien und sind in der Lage, hocheffiziente, pr\u00e4zise und qualitativ hochwertige Produkte zu entwickeln, die den vielf\u00e4ltigen Kundenbed\u00fcrfnissen gerecht werden.<\/p>\n<p>Wir bieten professionelle, international zertifizierte und kundenspezifische Dienstleistungen, setzen fortschrittliche Produktionsanlagen ein und bieten exzellenten Kundendienst, um die Kundenzufriedenheit zu gew\u00e4hrleisten. Damit sind wir der ideale Partner f\u00fcr Hydraulikzylinderl\u00f6sungen.<\/p>\n<p><img decoding=\"async\" src=\"https:\/\/hzpt.com\/wp-content\/uploads\/2024\/11\/songte-company-1.webp\"\/><\/p>\n<p>Autor: lyl.<\/p>","protected":false},"excerpt":{"rendered":"<p>Bucket Cylinder For XCMG Large Excavator XE1300C Introduction A bucket cylinder is a specially designed hydraulic cylinder mainly used to control the movement of the bucket in heavy machinery such as excavators, backhoe loaders, and front loaders. Its main function is to enable the bucket to be lifted, lowered, and tilted, making it easy for [&hellip;]<\/p>","protected":false},"featured_media":14785,"comment_status":"open","ping_status":"closed","template":"","meta":{"_et_pb_use_builder":"","_et_pb_old_content":"","_et_gb_content_width":""},"product_brand":[],"product_cat":[1494],"product_tag":[1495,1496],"class_list":{"0":"post-15480","1":"product","2":"type-product","3":"status-publish","4":"has-post-thumbnail","6":"product_cat-bucket-cylinders","7":"product_tag-bucket-cylinders","8":"product_tag-hydraulic-cylinders","10":"first","11":"instock","12":"shipping-taxable","13":"product-type-simple"},"amp_enabled":true,"_links":{"self":[{"href":"https:\/\/www.hydraulic-cylinders.net\/de\/wp-json\/wp\/v2\/product\/15480","targetHints":{"allow":["GET"]}}],"collection":[{"href":"https:\/\/www.hydraulic-cylinders.net\/de\/wp-json\/wp\/v2\/product"}],"about":[{"href":"https:\/\/www.hydraulic-cylinders.net\/de\/wp-json\/wp\/v2\/types\/product"}],"replies":[{"embeddable":true,"href":"https:\/\/www.hydraulic-cylinders.net\/de\/wp-json\/wp\/v2\/comments?post=15480"}],"wp:featuredmedia":[{"embeddable":true,"href":"https:\/\/www.hydraulic-cylinders.net\/de\/wp-json\/wp\/v2\/media\/14785"}],"wp:attachment":[{"href":"https:\/\/www.hydraulic-cylinders.net\/de\/wp-json\/wp\/v2\/media?parent=15480"}],"wp:term":[{"taxonomy":"product_brand","embeddable":true,"href":"https:\/\/www.hydraulic-cylinders.net\/de\/wp-json\/wp\/v2\/product_brand?post=15480"},{"taxonomy":"product_cat","embeddable":true,"href":"https:\/\/www.hydraulic-cylinders.net\/de\/wp-json\/wp\/v2\/product_cat?post=15480"},{"taxonomy":"product_tag","embeddable":true,"href":"https:\/\/www.hydraulic-cylinders.net\/de\/wp-json\/wp\/v2\/product_tag?post=15480"}],"curies":[{"name":"wp","href":"https:\/\/api.w.org\/{rel}","templated":true}]}}