{"id":15486,"date":"2025-01-19T14:35:24","date_gmt":"2025-01-19T14:35:24","guid":{"rendered":"https:\/\/www.hydraulic-cylinders.net\/product\/bucket-cylinder-for-xcmg-large-excavator-xe490ck\/"},"modified":"2025-01-19T14:35:26","modified_gmt":"2025-01-19T14:35:26","slug":"bucket-cylinder-for-xcmg-large-excavator-xe490ck","status":"publish","type":"product","link":"https:\/\/www.hydraulic-cylinders.net\/de\/produkt\/bucket-cylinder-for-xcmg-large-excavator-xe490ck\/","title":{"rendered":"L\u00f6ffelzylinder f\u00fcr XCMG Gro\u00dfbagger XE490CK"},"content":{"rendered":"<h1>L\u00f6ffelzylinder f\u00fcr XCMG Gro\u00dfbagger XE490CK<\/h1>\n<h2>Einf\u00fchrung<\/h2>\n<h3>Definition des Schaufelzylinders<\/h3>\n<p>Ein Schaufelzylinder ist ein speziell entwickelter Hydraulikzylinder, der haupts\u00e4chlich zur Steuerung der Schaufelbewegung in Baumaschinen wie Baggern, Radladern und Baggerladern eingesetzt wird. Seine Hauptfunktion besteht darin, das Heben, Senken und Neigen der Schaufel zu erm\u00f6glichen und so verschiedene Materialumschlagsaufgaben zu erleichtern. Im Hydrauliksystem gew\u00e4hrleistet der Schaufelzylinder durch die Anpassung des Hydraulik\u00f6ldrucks eine pr\u00e4zise Steuerung der Schaufel. Dies erm\u00f6glicht es dem Bediener, schwere Lasten effizient zu handhaben und sich an komplexe Arbeitsumgebungen und vielf\u00e4ltige Betriebsanforderungen anzupassen.<\/p>\n<p><img decoding=\"async\" src=\"https:\/\/www.hydraulic-cylinders.net\/wp-content\/uploads\/2025\/01\/songte-company-2.webp\" alt=\"Schaufelzylinder\"><\/p>\n<h3>Merkmale<\/h3>\n<ul>\n<li>Hohe Festigkeit und Langlebigkeit: Typischerweise aus hochfestem Stahl oder Aluminium gefertigt, h\u00e4lt es hohem Druck und schweren Belastungen stand, ist f\u00fcr raue Arbeitsumgebungen geeignet und wurde mit Blick auf Verschlei\u00df- und Korrosionsbest\u00e4ndigkeit entwickelt, was die Lebensdauer verl\u00e4ngert.<\/li>\n<li>Effiziente Hydraulik: Sanftes Aus- und Einfahren wird durch den Einsatz von Hydraulik\u00f6ldruck erreicht, der schnell auf Steuerbefehle reagiert und starke Schub- und Zugkr\u00e4fte bereitstellt. Dadurch eignet er sich f\u00fcr die Handhabung schwerer Lasten und komplexer Arbeitsaufgaben.<\/li>\n<li>Verschiedene Typen: Je nach Bedarf k\u00f6nnen einfachwirkende (Hydraulik wirkt nur in eine Richtung) oder doppeltwirkende (Hydraulik wirkt in beide Richtungen) Zylinder ausgew\u00e4hlt werden. Einige Modelle sind teleskopierbar und erm\u00f6glichen so eine gr\u00f6\u00dfere Auszugsl\u00e4nge ohne Vergr\u00f6\u00dferung der Au\u00dfenabmessungen. Dadurch eignen sie sich besonders f\u00fcr Anwendungen mit begrenztem Platzangebot.<\/li>\n<li>Austauschbar: Unsere Produkte k\u00f6nnen diese Hydraulikzylinder perfekt ersetzen.<\/li>\n<li>Anpassbar: Unsere Produkte k\u00f6nnen an die Kundenw\u00fcnsche angepasst werden, um deren spezifische Bed\u00fcrfnisse zu erf\u00fcllen.<\/li>\n<\/ul>\n<p><img decoding=\"async\" src=\"https:\/\/www.hydraulic-cylinders.net\/wp-content\/uploads\/2025\/01\/songte-cylinder-head-with-all-kinds-excavator-models.webp\" alt=\"Anpassbarer Eimerzylinder\"><\/p>\n<h3>Anwendungen<\/h3>\n<p>Eimerzylinder werden in verschiedenen Branchen weit verbreitet eingesetzt, darunter:<\/p>\n<h4>Baumaschinen<\/h4>\n<p>Bei Baggern sind sie unverzichtbar zum Ausheben, Laden und Bewegen von Erde oder Bauschutt. Bei Tiefladern unterst\u00fctzt der Schaufelzylinder sowohl das Ausheben als auch das Heben. Bei Frontladern helfen sie beim effizienten Heben und Abladen von Ladung.<\/p>\n<h4>Landmaschinen<\/h4>\n<p>Wird in Radladern zum Schaufeln, Anheben und Transportieren von Erde, Heu und anderen Materialien verwendet. In Baggern erm\u00f6glicht der Schaufelzylinder das Graben, indem er das Eindringen der Schaufel in den Boden erlaubt.<\/p>\n<h4>Weitere Anwendungen<\/h4>\n<p>Eimerzylinder werden auch in anderen Anwendungsbereichen eingesetzt, beispielsweise im Bergbau, in der Forstwirtschaft und in der Abfallwirtschaft.<\/p>\n<h3>Design\u00fcberlegungen und Auswahlkriterien<\/h3>\n<h4>Tragf\u00e4higkeit<\/h4>\n<p>Die Tragf\u00e4higkeit des Schaufelzylinders ist ein entscheidender Faktor. Er muss das Gewicht des zu hebenden Materials tragen k\u00f6nnen, ohne zu versagen oder sich dauerhaft zu verformen.<\/p>\n<h4>Abdichtung und Schmierung<\/h4>\n<p>Abdichtung und Schmierung sind f\u00fcr den ordnungsgem\u00e4\u00dfen Betrieb und die Wartung eines Schaufelzylinders unerl\u00e4sslich. Verschiedene Dichtungskomponenten, wie Kolben- und Stangendichtungen, verhindern Leckagen. Regelm\u00e4\u00dfige Schmierung mit Hydraulik\u00f6l reduziert Verschlei\u00df und verl\u00e4ngert die Lebensdauer des Zylinders.<\/p>\n<h4>Haltbarkeit und Wartung<\/h4>\n<p>Der Zylinder des Schaufelrads muss den rauen Arbeitsbedingungen und der h\u00e4ufigen Nutzung standhalten. Er sollte wartungs- und reparaturfreundlich sein, um Ausfallzeiten zu minimieren.<\/p>\n<p><img decoding=\"async\" src=\"https:\/\/www.hydraulic-cylinders.net\/wp-content\/uploads\/2025\/01\/songte-oil-pipes-and-spare-parts.webp\" alt=\"Teile f\u00fcr Schaufelzylinder\"><\/p>\n<h3>Wartung<\/h3>\n<p>Eine ordnungsgem\u00e4\u00dfe Wartung ist unerl\u00e4sslich, um die Langlebigkeit und den zuverl\u00e4ssigen Betrieb des Schaufelzylinders zu gew\u00e4hrleisten. Zu den regelm\u00e4\u00dfigen Wartungsarbeiten geh\u00f6ren:<\/p>\n<ul>\n<li>Pr\u00fcfen Sie auf Undichtigkeiten und andere Anzeichen von Verschlei\u00df.<\/li>\n<li>Regelm\u00e4\u00dfige Schmierung<\/li>\n<li>Dichtungswechsel<\/li>\n<li>Kalibrierungspr\u00fcfungen<\/li>\n<\/ul>\n<p><img decoding=\"async\" src=\"https:\/\/www.hydraulic-cylinders.net\/wp-content\/uploads\/2025\/01\/songte-chushion-collar.webp\" alt=\"Chushion-Halsband\"><\/p>\n<h3>Sicherheits- und Umweltaspekte<\/h3>\n<p>Da Schaufelzylinder unter hohem Druck und schweren Lasten arbeiten, ist es unerl\u00e4sslich, bei Installation, Betrieb und Wartung die entsprechenden Sicherheitsvorkehrungen zu treffen. Die Bediener m\u00fcssen die vorgeschriebene Schutzausr\u00fcstung tragen und alle Sicherheitsvorkehrungen beachten, um Unf\u00e4lle zu vermeiden.<\/p>\n<h3>H\u00e4ufige Probleme und Fehlerbehebung<\/h3>\n<p>H\u00e4ufige Probleme mit Schaufelzylindern sind Leckagen, Fehlfunktionen und Funktionsst\u00f6rungen beim Aus- und Einfahren. Die Fehlersuche umfasst die Ermittlung der Problemursache und die Durchf\u00fchrung von Korrekturma\u00dfnahmen, wie beispielsweise den Austausch besch\u00e4digter Dichtungen oder anderer Bauteile.<\/p>\n<p><img decoding=\"async\" src=\"https:\/\/www.hydraulic-cylinders.net\/wp-content\/uploads\/2025\/01\/songte-bushings-with-all-kinds-of-excavator-models.webp\" alt=\"Buchsen f\u00fcr Schaufelzylinder\"><\/p>\n<h2>\u00dcber uns<\/h2>\n<p>Wir sind ein f\u00fchrender Hersteller und Gro\u00dfh\u00e4ndler von Hydraulikzylindern auf dem nationalen und internationalen Markt. Unser Produktsortiment ist vielf\u00e4ltig und umfassend, und wir legen Wert auf h\u00f6chste Qualit\u00e4t und effiziente Produktionsabl\u00e4ufe.<\/p>\n<h3>Professionalit\u00e4t<\/h3>\n<p>Unsere Produkte werden von einem Team erfahrener Fachleute entwickelt und hergestellt, die modernste Technologien und Ausr\u00fcstungen einsetzen, um hochwertige Hydraulikzylinder zu produzieren, die den Bed\u00fcrfnissen unserer Kunden entsprechen.<\/p>\n<h3>Internationale Zertifizierung<\/h3>\n<p>Unsere Produkte haben internationale Zertifizierungen wie ISO9001 und CE bestanden, wodurch sichergestellt wird, dass sie h\u00f6chsten Qualit\u00e4tsstandards entsprechen.<\/p>\n<h3>Anpassungsdienste<\/h3>\n<p>Wir bieten ma\u00dfgeschneiderte L\u00f6sungen an, um den spezifischen Bed\u00fcrfnissen unserer Kunden gerecht zu werden.<\/p>\n<h3>Produktionsausr\u00fcstung<\/h3>\n<p>Wir verwenden fortschrittliche, hochwertige Produktionsanlagen, um die Qualit\u00e4t und Zuverl\u00e4ssigkeit unserer Produkte zu gew\u00e4hrleisten und die Produktionseffizienz zu steigern.<\/p>\n<h3>Kundendienst<\/h3>\n<p>Wir bieten unseren Kunden einen umfassenden Kundendienst, einschlie\u00dflich Ersatzteilen und \u00dcberholungsdienstleistungen, um ihnen dabei zu helfen, die Lebensdauer ihrer Hydraulikzylinder zu verl\u00e4ngern.<\/p>\n<p><img decoding=\"async\" src=\"https:\/\/hzpt.com\/wp-content\/uploads\/2024\/11\/songte-company-1.webp\" alt=\"\u00dcber uns\"><\/p>\n<h4>Autor: lyl.<\/h4>","protected":false},"excerpt":{"rendered":"<p>Bucket Cylinder For XCMG Large Excavator XE490CK Introduction Definition of Bucket Cylinder A Bucket Cylinder is a specially designed hydraulic cylinder mainly used to control the movement of buckets in heavy machinery such as excavators, backhoe excavators, and front loaders. Its main function is to enable the bucket to lift, lower, and tilt, making it [&hellip;]<\/p>","protected":false},"featured_media":14773,"comment_status":"open","ping_status":"closed","template":"","meta":{"_et_pb_use_builder":"","_et_pb_old_content":"","_et_gb_content_width":""},"product_brand":[],"product_cat":[1494],"product_tag":[1495,1496],"class_list":{"0":"post-15486","1":"product","2":"type-product","3":"status-publish","4":"has-post-thumbnail","6":"product_cat-bucket-cylinders","7":"product_tag-bucket-cylinders","8":"product_tag-hydraulic-cylinders","10":"first","11":"instock","12":"shipping-taxable","13":"product-type-simple"},"amp_enabled":true,"_links":{"self":[{"href":"https:\/\/www.hydraulic-cylinders.net\/de\/wp-json\/wp\/v2\/product\/15486","targetHints":{"allow":["GET"]}}],"collection":[{"href":"https:\/\/www.hydraulic-cylinders.net\/de\/wp-json\/wp\/v2\/product"}],"about":[{"href":"https:\/\/www.hydraulic-cylinders.net\/de\/wp-json\/wp\/v2\/types\/product"}],"replies":[{"embeddable":true,"href":"https:\/\/www.hydraulic-cylinders.net\/de\/wp-json\/wp\/v2\/comments?post=15486"}],"wp:featuredmedia":[{"embeddable":true,"href":"https:\/\/www.hydraulic-cylinders.net\/de\/wp-json\/wp\/v2\/media\/14773"}],"wp:attachment":[{"href":"https:\/\/www.hydraulic-cylinders.net\/de\/wp-json\/wp\/v2\/media?parent=15486"}],"wp:term":[{"taxonomy":"product_brand","embeddable":true,"href":"https:\/\/www.hydraulic-cylinders.net\/de\/wp-json\/wp\/v2\/product_brand?post=15486"},{"taxonomy":"product_cat","embeddable":true,"href":"https:\/\/www.hydraulic-cylinders.net\/de\/wp-json\/wp\/v2\/product_cat?post=15486"},{"taxonomy":"product_tag","embeddable":true,"href":"https:\/\/www.hydraulic-cylinders.net\/de\/wp-json\/wp\/v2\/product_tag?post=15486"}],"curies":[{"name":"wp","href":"https:\/\/api.w.org\/{rel}","templated":true}]}}