{"id":15491,"date":"2025-01-19T14:35:51","date_gmt":"2025-01-19T14:35:51","guid":{"rendered":"https:\/\/www.hydraulic-cylinders.net\/product\/bucket-cylinder-for-xcmg-wheel-excavator-et110\/"},"modified":"2025-01-19T14:35:53","modified_gmt":"2025-01-19T14:35:53","slug":"bucket-cylinder-for-xcmg-wheel-excavator-et110","status":"publish","type":"product","link":"https:\/\/www.hydraulic-cylinders.net\/de\/produkt\/bucket-cylinder-for-xcmg-wheel-excavator-et110\/","title":{"rendered":"L\u00f6ffelzylinder f\u00fcr XCMG Radbagger ET110"},"content":{"rendered":"<h1>L\u00f6ffelzylinder f\u00fcr XCMG Radbagger ET110<\/h1>\n<h2>Einf\u00fchrung<\/h2>\n<p>Ein Schaufelzylinder ist ein Hydraulikzylinder, der speziell f\u00fcr die Steuerung der Schaufelbewegung in Baumaschinen wie Baggern, Baggerladern und Radladern entwickelt wurde. Seine Hauptfunktion besteht darin, das Heben, Senken und Neigen der Schaufel zu erm\u00f6glichen und so den Transport verschiedenster Materialien zu erleichtern. In einem Hydrauliksystem erm\u00f6glicht der Schaufelzylinder die pr\u00e4zise Steuerung der Schaufel durch \u00c4nderungen des Hydraulik\u00f6ldrucks. Dadurch k\u00f6nnen Bediener schwere Lasten effizient handhaben und sich an komplexe Arbeitsumgebungen und vielf\u00e4ltige Aufgaben anpassen.<\/p>\n<p><img decoding=\"async\" src=\"https:\/\/www.hydraulic-cylinders.net\/wp-content\/uploads\/2025\/01\/songte-company-2.webp\" alt=\"Schaufelzylinder\"><\/p>\n<h2>Merkmale<\/h2>\n<ul>\n<li>Hohe Festigkeit und Langlebigkeit: Typischerweise aus hochfestem Stahl oder Aluminium gefertigt, h\u00e4lt es hohem Druck und schweren Belastungen stand und eignet sich f\u00fcr raue Arbeitsumgebungen. Die Konstruktion ber\u00fccksichtigt Verschlei\u00df- und Korrosionsbest\u00e4ndigkeit und verl\u00e4ngert so die Lebensdauer.<\/li>\n<li>Effizienter Hydraulikbetrieb: Durch die Nutzung des Hydraulik\u00f6ldrucks wird eine gleichm\u00e4\u00dfige Ausdehnung und Zusammenziehung erreicht. Dadurch kann das System schnell auf Steuerbefehle reagieren und kraftvolle Schub- und Zugkr\u00e4fte bereitstellen. Es eignet sich f\u00fcr die Handhabung schwerer Lasten und komplexer Arbeitsaufgaben.<\/li>\n<li>Verschiedene Zylindertypen stehen zur Auswahl: Einfachwirkende (hydraulisch nur in eine Richtung wirkende) oder doppeltwirkende (hydraulisch in beide Richtungen wirkende) Zylinder k\u00f6nnen je nach Bedarf und unterschiedlichen Betriebsanforderungen ausgew\u00e4hlt werden. Einige Modelle sind teleskopierbar und erm\u00f6glichen so eine gr\u00f6\u00dfere Ausdehnung ohne Vergr\u00f6\u00dferung der Au\u00dfenabmessungen \u2013 ideal f\u00fcr Anwendungen mit begrenztem Platzangebot.<\/li>\n<li>Perfekter Ersatz: Unser Produkt kann diese Hydraulikzylinder perfekt ersetzen.<\/li>\n<li>Kundenspezifisches Design: Wir bieten ma\u00dfgeschneiderte L\u00f6sungen gem\u00e4\u00df den Anforderungen und Spezifikationen unserer Kunden an, einschlie\u00dflich Gr\u00f6\u00dfe, Hub, Nenndruck, Montageart und mehr.<\/li>\n<\/ul>\n<p><img decoding=\"async\" src=\"https:\/\/www.hydraulic-cylinders.net\/wp-content\/uploads\/2025\/01\/songte-cylinder-head-with-all-kinds-excavator-models.webp\" alt=\"Zylinderkopf\"><\/p>\n<h2>Anmeldung<\/h2>\n<p>Der Schaufelzylinder findet breite Anwendung in verschiedenen schweren Maschinen, darunter:<\/p>\n<h3>Baumaschinen<\/h3>\n<p>Bei Baggern sind sie unverzichtbar zum Graben, Laden und Bewegen von Erde oder Schutt. Bei Baggerladern unterst\u00fctzt der Schaufelzylinder das Graben und Heben. <\/p>\n<h3>Landmaschinen<\/h3>\n<p>Sie werden in Radladern zum Schaufeln, Heben und Transportieren von Erde, Heu und anderen Materialien eingesetzt. In Baggern erm\u00f6glichen Schaufelzylinder das Graben, indem sie das Eindringen der Schaufel in den Boden erlauben. In Radladern tragen sie zum effizienten Heben und Abladen von Ladung bei.<\/p>\n<p><img decoding=\"async\" src=\"https:\/\/www.hydraulic-cylinders.net\/wp-content\/uploads\/2025\/01\/songte-bushings-with-all-kinds-of-excavator-models.webp\" alt=\"Buchsen\"><\/p>\n<h2>Design\u00fcberlegungen und Auswahlkriterien<\/h2>\n<p>Bei der Konstruktion und Auswahl von Schaufelzylindern m\u00fcssen verschiedene Faktoren ber\u00fccksichtigt werden, darunter:<\/p>\n<h3>Tragf\u00e4higkeit<\/h3>\n<p>Der Zylinder muss der maximalen Belastung, der er ausgesetzt ist, standhalten k\u00f6nnen, ohne zu versagen.<\/p>\n<h3>Versiegelung<\/h3>\n<p>Verschiedene Dichtungen, wie Kolben- und Stangendichtungen, verhindern das Austreten und Verunreinigen von Hydraulikfl\u00fcssigkeit. Dichtungsmaterialien wie Polyurethan und Nitrilkautschuk werden aufgrund ihrer Verschlei\u00dffestigkeit und Langlebigkeit ausgew\u00e4hlt.<\/p>\n<h3>Haltbarkeit<\/h3>\n<p>Das Zylindermaterial sollte so ausgew\u00e4hlt werden, dass es St\u00f6\u00dfen, Verschlei\u00df und Korrosion standh\u00e4lt.<\/p>\n<h3>Sicherheit<\/h3>\n<p>Bei der Konstruktion m\u00fcssen Sicherheitsaspekte ber\u00fccksichtigt werden, einschlie\u00dflich der M\u00f6glichkeit eines Zylinderversagens und der Folgen eines solchen Versagens.<\/p>\n<h3>Wartung<\/h3>\n<p>Die Konstruktion sollte wartungsfreundlich sein, mit Teilen, die leicht zug\u00e4nglich und austauschbar sind.<\/p>\n<p><img decoding=\"async\" src=\"https:\/\/www.hydraulic-cylinders.net\/wp-content\/uploads\/2025\/01\/songte-oil-pipes-and-spare-parts.webp\" alt=\"\u00d6lleitungen und Ersatzteile\"><\/p>\n<h2>Abdichtung und Schmierung<\/h2>\n<p>Der Schaufelzylinder ist mit verschiedenen Dichtungen ausgestattet, um Hydraulikfl\u00fcssigkeitsverluste zu verhindern und Verunreinigungen zu minimieren. Kolben- und Stangendichtungen bestehen typischerweise aus verschlei\u00dffesten Materialien wie Polyurethan und Nitrilkautschuk. Zylinderk\u00f6rper und Gewindeendfl\u00e4che sind pr\u00e4zise bearbeitet, um die Verschlei\u00dffestigkeit zu verbessern. Regelm\u00e4\u00dfige Schmierung mit geeignetem Hydraulik\u00f6l ist erforderlich, um einen reibungslosen Betrieb zu gew\u00e4hrleisten und die Lebensdauer zu verl\u00e4ngern.<\/p>\n<h2>Inspektion und vorbeugende Wartung<\/h2>\n<p>Regelm\u00e4\u00dfige Inspektionen und vorbeugende Wartungsarbeiten helfen, potenzielle Probleme zu erkennen und zu beheben, bevor sie Sch\u00e4den oder Ausf\u00e4lle verursachen. Drei g\u00e4ngige Wartungsaufgaben sind:<\/p>\n<ul>\n<li>Regelm\u00e4\u00dfige Kontrolluntersuchungen<\/li>\n<li>Richtige Schmierung<\/li>\n<li>Dichtungswechsel und Kalibrierungspr\u00fcfung<\/li>\n<\/ul>\n<p>Eine fachgerechte Installation ist entscheidend f\u00fcr die Lebensdauer des Baggerzylinders. Es wird empfohlen, den Zylinder bei der Installation korrekt auszurichten und geeignete Montagehalterungen zur Befestigung zu verwenden. Ein empfohlenes Verfahren f\u00fcr Inspektion, Reparatur und Austausch wird bereitgestellt. Dieses umfasst auch den Austausch von Teilen und \u00dcberholungsarbeiten zur Verl\u00e4ngerung der Lebensdauer des Zylinders.<\/p>\n<p><img decoding=\"async\" src=\"https:\/\/www.hydraulic-cylinders.net\/wp-content\/uploads\/2025\/01\/songte-chushion-collar.webp\" alt=\"Chushion-Halsband\"><\/p>\n<h2>Sicherheitsaspekte und Umweltfaktoren<\/h2>\n<p>Beim Einsatz des Hubzylinders m\u00fcssen Sicherheitsvorkehrungen getroffen werden, um Unf\u00e4lle zu vermeiden. Dazu geh\u00f6ren das Tragen geeigneter Schutzausr\u00fcstung, die Einhaltung der korrekten Betriebsanweisungen und regelm\u00e4\u00dfige Inspektionen, um den einwandfreien Zustand der Anlage zu gew\u00e4hrleisten. Umweltfaktoren wie Temperatur und Luftfeuchtigkeit k\u00f6nnen die Leistung von Hydraulikzylindern beeinflussen. Der Betrieb innerhalb des empfohlenen Temperatur- und Feuchtigkeitsbereichs tr\u00e4gt zu optimaler Leistung bei und beugt Sch\u00e4den vor.<\/p>\n<h2>Fehlerbehebung und h\u00e4ufige Probleme<\/h2>\n<p>H\u00e4ufige Probleme mit dem Baggerzylinder sind Leckagen, Besch\u00e4digungen und Fehlfunktionen. Tipps und L\u00f6sungen zur Fehlerbehebung helfen Ihnen, Probleme effektiv zu diagnostizieren und zu beheben. Zudem werden vorbeugende Ma\u00dfnahmen empfohlen, um potenzielle Probleme zu minimieren und eine ordnungsgem\u00e4\u00dfe Wartung sicherzustellen.<\/p>\n<p><img decoding=\"async\" src=\"https:\/\/hzpt.com\/wp-content\/uploads\/2024\/11\/songte-company-1.webp\" alt=\"Unternehmen\"><\/p>\n<h2>\u00dcber uns<\/h2>\n<p>Wir sind Hersteller von Hydraulikzylindern als Ersatzteil. Unser umfassendes Produktsortiment macht uns zu einem der f\u00fchrenden Hersteller und Gro\u00dfh\u00e4ndler von Hydraulikzylindern auf dem nationalen und internationalen Markt. Wir setzen auf h\u00f6chste Qualit\u00e4t und eine industrialisierte Produktionsstrategie, basierend auf qualifizierten Fachkr\u00e4ften, modernster digitaler Fertigungstechnik und professionellen Testsystemen. Kontinuierlich optimieren wir unsere Fertigungsprozesse, verbessern die Produktqualit\u00e4t und verf\u00fcgen \u00fcber ausgepr\u00e4gte Innovationskraft, um die vielf\u00e4ltigen Kundenbed\u00fcrfnisse mit h\u00f6chster Effizienz, Pr\u00e4zision und Qualit\u00e4t zu erf\u00fcllen. <\/p>\n<p>Wir bieten ma\u00dfgeschneiderte Dienstleistungen, internationale Zertifizierungen und spezialisierte Kundendienstleistungen. Unsere Produktionsanlagen sind auf dem neuesten Stand der Technik, und wir bieten ein umfassendes Angebot an Wartungs- und Reparaturleistungen. <\/p>\n<p><img decoding=\"async\" src=\"https:\/\/www.hydraulic-cylinders.net\/wp-content\/uploads\/2025\/01\/songte-company-3.webp\" alt=\"Unternehmen\"><\/p>\n<p><em>Autor: lyl<\/em><\/p>","protected":false},"excerpt":{"rendered":"<p>Bucket Cylinder For XCMG Wheel Excavator ET110 Introduction A bucket cylinder is a hydraulic cylinder specially designed to control the movement of the bucket in heavy machinery such as excavators, backhoes, and front-end loaders. Its main function is to allow the bucket to lift, lower, and tilt, making it easier to handle a variety of [&hellip;]<\/p>","protected":false},"featured_media":14761,"comment_status":"open","ping_status":"closed","template":"","meta":{"_et_pb_use_builder":"","_et_pb_old_content":"","_et_gb_content_width":""},"product_brand":[],"product_cat":[1494],"product_tag":[1495,1496],"class_list":{"0":"post-15491","1":"product","2":"type-product","3":"status-publish","4":"has-post-thumbnail","6":"product_cat-bucket-cylinders","7":"product_tag-bucket-cylinders","8":"product_tag-hydraulic-cylinders","10":"first","11":"instock","12":"shipping-taxable","13":"product-type-simple"},"amp_enabled":true,"_links":{"self":[{"href":"https:\/\/www.hydraulic-cylinders.net\/de\/wp-json\/wp\/v2\/product\/15491","targetHints":{"allow":["GET"]}}],"collection":[{"href":"https:\/\/www.hydraulic-cylinders.net\/de\/wp-json\/wp\/v2\/product"}],"about":[{"href":"https:\/\/www.hydraulic-cylinders.net\/de\/wp-json\/wp\/v2\/types\/product"}],"replies":[{"embeddable":true,"href":"https:\/\/www.hydraulic-cylinders.net\/de\/wp-json\/wp\/v2\/comments?post=15491"}],"wp:featuredmedia":[{"embeddable":true,"href":"https:\/\/www.hydraulic-cylinders.net\/de\/wp-json\/wp\/v2\/media\/14761"}],"wp:attachment":[{"href":"https:\/\/www.hydraulic-cylinders.net\/de\/wp-json\/wp\/v2\/media?parent=15491"}],"wp:term":[{"taxonomy":"product_brand","embeddable":true,"href":"https:\/\/www.hydraulic-cylinders.net\/de\/wp-json\/wp\/v2\/product_brand?post=15491"},{"taxonomy":"product_cat","embeddable":true,"href":"https:\/\/www.hydraulic-cylinders.net\/de\/wp-json\/wp\/v2\/product_cat?post=15491"},{"taxonomy":"product_tag","embeddable":true,"href":"https:\/\/www.hydraulic-cylinders.net\/de\/wp-json\/wp\/v2\/product_tag?post=15491"}],"curies":[{"name":"wp","href":"https:\/\/api.w.org\/{rel}","templated":true}]}}