{"id":15493,"date":"2025-01-19T14:35:58","date_gmt":"2025-01-19T14:35:58","guid":{"rendered":"https:\/\/www.hydraulic-cylinders.net\/product\/bucket-cylinder-for-zoomlion-small-excavator-ze85e\/"},"modified":"2025-01-19T14:36:00","modified_gmt":"2025-01-19T14:36:00","slug":"bucket-cylinder-for-zoomlion-small-excavator-ze85e","status":"publish","type":"product","link":"https:\/\/www.hydraulic-cylinders.net\/de\/produkt\/bucket-cylinder-for-zoomlion-small-excavator-ze85e\/","title":{"rendered":"L\u00f6ffelzylinder f\u00fcr Zoomlion Kleinbagger ZE85E"},"content":{"rendered":"<h1>L\u00f6ffelzylinder f\u00fcr Zoomlion Kleinbagger ZE85E<\/h1>\n<h2>Einf\u00fchrung<\/h2>\n<p>Ein Schaufelzylinder ist ein speziell entwickelter Hydraulikzylinder, der die Bewegung von Schaufeln in Baumaschinen wie Baggern, Baggerladern und Radladern steuert. Seine Hauptfunktion besteht darin, die Schaufel zu heben, zu senken und zu kippen, wodurch verschiedene Materialumschlagsaufgaben erleichtert werden. Im Hydrauliksystem erm\u00f6glicht der Schaufelzylinder die pr\u00e4zise Steuerung der Schaufelbewegung durch die Ver\u00e4nderung des Hydraulik\u00f6ldrucks. Dies erlaubt es dem Bediener, schwere Lasten effizient zu handhaben und sich an komplexe Arbeitsumgebungen und vielf\u00e4ltige Betriebsanforderungen anzupassen.<\/p>\n<p><img decoding=\"async\" src=\"https:\/\/www.hydraulic-cylinders.net\/wp-content\/uploads\/2025\/01\/songte-company-2.webp\"><\/p>\n<h2>Merkmale<\/h2>\n<ul>\n<li>Hohe Festigkeit und Langlebigkeit: \u00dcblicherweise aus hochfestem Stahl oder Aluminium gefertigt, halten sie hohem Druck und hohen Belastungen stand und sind auf Verschlei\u00df- und Korrosionsbest\u00e4ndigkeit ausgelegt, um die Lebensdauer zu verl\u00e4ngern.<\/li>\n<li>Effizienter Hydraulikbetrieb: Erm\u00f6glicht sanfte Aus- und Einfahrbewegungen durch Hydraulik\u00f6ldruck, reagiert schnell auf Steuerbefehle, bietet eine starke Schub- und Zugkraft und eignet sich f\u00fcr schwere Lasten und komplexe Arbeitsaufgaben.<\/li>\n<li>Verschiedene Zylindertypen stehen zur Auswahl: Einfachwirkende (hydraulisch nur in eine Richtung wirkende) oder doppeltwirkende (hydraulisch in zwei Richtungen wirkende) Zylinder k\u00f6nnen je nach Bedarf ausgew\u00e4hlt werden. Einige Modelle sind teleskopierbar und erm\u00f6glichen so eine gr\u00f6\u00dfere Auszugsl\u00e4nge ohne Vergr\u00f6\u00dferung der Au\u00dfenabmessungen \u2013 ideal f\u00fcr Anwendungen mit beengten Platzverh\u00e4ltnissen.<\/li>\n<li>Einfacher Austausch: Unsere Produkte k\u00f6nnen diese Hydraulikzylinder perfekt ersetzen.<\/li>\n<\/ul>\n<p><img decoding=\"async\" src=\"https:\/\/www.hydraulic-cylinders.net\/wp-content\/uploads\/2025\/01\/songte-cylinder-head-with-all-kinds-excavator-models.webp\"><\/p>\n<h2>Anwendungen<\/h2>\n<p>Schaufelzylinder werden h\u00e4ufig in verschiedenen Bau- und Landwirtschaftsmaschinen eingesetzt, wie zum Beispiel:<\/p>\n<ul>\n<li>Bagger: Erm\u00f6glichen das Graben, indem die Schaufel in den Boden eindringen kann.<\/li>\n<li>Lader: Helfen beim effektiven Anheben und Kippen von Ladung.<\/li>\n<li>Baggerlader: Der Schaufelzylinder erleichtert das Graben und Heben.<\/li>\n<li>Landwirtschaftliche Maschinen: Werden in Frontladern zum Ausheben, Heben und Transportieren von Erde, Heu und anderen Materialien eingesetzt.<\/li>\n<\/ul>\n<h2>Design\u00fcberlegungen<\/h2>\n<p>F\u00fcr Schaufelzylinder sind folgende Konstruktions\u00fcberlegungen wichtig:<\/p>\n<h3>Tragf\u00e4higkeit<\/h3>\n<p>Der Zylinder muss dem Gewicht und der Last der Schaufel und des darin transportierten Materials standhalten k\u00f6nnen.<\/p>\n<h3>Versiegelung<\/h3>\n<p>Der Zylinder sollte mit hochwertigen Dichtungen ausgestattet sein, um Hydraulikfl\u00fcssigkeitslecks zu verhindern und die Wartungskosten zu senken.<\/p>\n<h3>Haltbarkeit<\/h3>\n<p>Der Zylinder muss so konstruiert sein, dass er starker Beanspruchung standh\u00e4lt und auch unter rauen Umgebungsbedingungen funktioniert.<\/p>\n<h3>Sicherheit<\/h3>\n<p>Der Zylinder muss mit Sicherheitsmerkmalen ausgestattet sein, um Unf\u00e4lle zu verhindern und die Personen, die in seiner N\u00e4he arbeiten, zu sch\u00fctzen.<\/p>\n<h3>Wartung<\/h3>\n<p>Der Zylinder muss so konstruiert sein, dass er leicht gewartet und repariert werden kann, um eine lange Lebensdauer zu gew\u00e4hrleisten.<\/p>\n<p><img decoding=\"async\" src=\"https:\/\/www.hydraulic-cylinders.net\/wp-content\/uploads\/2025\/01\/songte-oil-pipes-and-spare-parts.webp\"><\/p>\n<h2>Abdichtung und Schmierung<\/h2>\n<p>Die Zylinder von Schaufelradf\u00f6rderanlagen verwenden verschiedene Dichtungselemente wie Kolben- und Stangendichtungen aus verschlei\u00dffesten Materialien wie Polyurethan, Nitrilkautschuk usw. Zylinderk\u00f6rper und Gewindeendfl\u00e4chen sind pr\u00e4zisionsbearbeitet, um die Verschlei\u00dffestigkeit zu verbessern. F\u00fcr eine optimale Schmierung ist das regelm\u00e4\u00dfige Nachf\u00fcllen der erforderlichen Hydraulik\u00f6lmenge notwendig.<\/p>\n<h2>Wartung und Reparatur<\/h2>\n<p>Folgende Wartungsarbeiten sind f\u00fcr den langfristigen Einsatz von Schaufelzylindern unerl\u00e4sslich:<\/p>\n<h3>Regelm\u00e4\u00dfige Inspektion<\/h3>\n<p>Eine regelm\u00e4\u00dfige Inspektion des Zylinders und seiner Komponenten ist notwendig, um sicherzustellen, dass er ordnungsgem\u00e4\u00df funktioniert und um m\u00f6gliche Probleme zu erkennen.<\/p>\n<h3>Schmierung<\/h3>\n<p>Eine ordnungsgem\u00e4\u00dfe Schmierung des Zylinders und seiner Komponenten kann dazu beitragen, Verschlei\u00df zu reduzieren und die Lebensdauer zu verl\u00e4ngern.<\/p>\n<h3>Dichtungsaustausch<\/h3>\n<p>Der Austausch verschlissener Dichtungen ist notwendig, um Hydraulikfl\u00fcssigkeitslecks zu verhindern und die Wartungskosten zu senken.<\/p>\n<p>Eine fachgerechte Installation ist f\u00fcr die Funktion und Sicherheit von Baggerzylindern unerl\u00e4sslich. Die korrekte Ausrichtung des Zylinders ist f\u00fcr seinen einwandfreien Betrieb entscheidend. Es wird empfohlen, geeignete Montagehalterungen zur Befestigung des Zylinders zu verwenden. Regelm\u00e4\u00dfige Inspektion, Reparatur und der Austausch von Teilen werden empfohlen, um die Lebensdauer zu verl\u00e4ngern.<\/p>\n<p><img decoding=\"async\" src=\"https:\/\/www.hydraulic-cylinders.net\/wp-content\/uploads\/2025\/01\/songte-chushion-collar.webp\"><\/p>\n<h2>Sicherheit und Umwelt<\/h2>\n<p>F\u00fcr den Betrieb von Hydraulikzylindern sind geeignete Sicherheitsvorkehrungen erforderlich, um Unf\u00e4lle zu vermeiden. Die Einhaltung dieser Sicherheitsma\u00dfnahmen ist von gr\u00f6\u00dfter Wichtigkeit. Die ordnungsgem\u00e4\u00dfe Entsorgung von gebrauchtem Hydraulik\u00f6l ist zum Schutz der Umwelt unerl\u00e4sslich.<\/p>\n<h2>Diagnose und Fehlerbehebung<\/h2>\n<p>H\u00e4ufige Probleme mit Baggerzylindern sind Leckagen, Fehlfunktionen und besch\u00e4digte Dichtungen. Regelm\u00e4\u00dfige Inspektionen, Wartung und ordnungsgem\u00e4\u00dfe Schmierung k\u00f6nnen diesen Problemen vorbeugen. Treten dennoch Probleme auf, empfiehlt es sich, einen Fachmann zur Diagnose und Reparatur hinzuzuziehen.<\/p>\n<p><img decoding=\"async\" src=\"https:\/\/www.hydraulic-cylinders.net\/wp-content\/uploads\/2025\/01\/songte-bushings-with-all-kinds-of-excavator-models.webp\"><\/p>\n<h2>\u00dcber uns<\/h2>\n<p>Wir sind ein f\u00fchrender Hersteller und Gro\u00dfh\u00e4ndler von Hydraulikzylindern auf nationalen und internationalen M\u00e4rkten. Unser vielf\u00e4ltiges Produktangebot und unsere Produktionsstrategie basieren auf exzellenter Qualit\u00e4t, qualifizierten Fachkr\u00e4ften, modernster digitaler Fertigungstechnik und professionellen Testsystemen. Die Fertigung unserer Produkte erfolgt auf einer hochentwickelten Plattform mit Fokus auf h\u00f6chste Effizienz, Pr\u00e4zision und Qualit\u00e4t, um den vielf\u00e4ltigen Bed\u00fcrfnissen unserer Kunden gerecht zu werden.<\/p>\n<p>Unser Unternehmen bietet professionelle Dienstleistungen an, darunter internationale Zertifizierung, kundenspezifische Anpassung, Produktionsanlagen und Kundendienst.<\/p>\n<p><img decoding=\"async\" src=\"https:\/\/hzpt.com\/wp-content\/uploads\/2024\/11\/songte-company-1.webp\"><\/p>\n<p>Autor: lyl<\/p>","protected":false},"excerpt":{"rendered":"<p>Bucket Cylinder For Zoomlion Small Excavator ZE85E Introduction A bucket cylinder is a specially designed hydraulic cylinder used to control the movement of buckets in heavy machinery such as excavators, backhoes, and front-end loaders. Its main function is to lift, lower, and tilt the bucket, making it easy to handle various material handling tasks. In [&hellip;]<\/p>","protected":false},"featured_media":14788,"comment_status":"open","ping_status":"closed","template":"","meta":{"_et_pb_use_builder":"","_et_pb_old_content":"","_et_gb_content_width":""},"product_brand":[],"product_cat":[1494],"product_tag":[1495,1496],"class_list":{"0":"post-15493","1":"product","2":"type-product","3":"status-publish","4":"has-post-thumbnail","6":"product_cat-bucket-cylinders","7":"product_tag-bucket-cylinders","8":"product_tag-hydraulic-cylinders","10":"first","11":"instock","12":"shipping-taxable","13":"product-type-simple"},"amp_enabled":true,"_links":{"self":[{"href":"https:\/\/www.hydraulic-cylinders.net\/de\/wp-json\/wp\/v2\/product\/15493","targetHints":{"allow":["GET"]}}],"collection":[{"href":"https:\/\/www.hydraulic-cylinders.net\/de\/wp-json\/wp\/v2\/product"}],"about":[{"href":"https:\/\/www.hydraulic-cylinders.net\/de\/wp-json\/wp\/v2\/types\/product"}],"replies":[{"embeddable":true,"href":"https:\/\/www.hydraulic-cylinders.net\/de\/wp-json\/wp\/v2\/comments?post=15493"}],"wp:featuredmedia":[{"embeddable":true,"href":"https:\/\/www.hydraulic-cylinders.net\/de\/wp-json\/wp\/v2\/media\/14788"}],"wp:attachment":[{"href":"https:\/\/www.hydraulic-cylinders.net\/de\/wp-json\/wp\/v2\/media?parent=15493"}],"wp:term":[{"taxonomy":"product_brand","embeddable":true,"href":"https:\/\/www.hydraulic-cylinders.net\/de\/wp-json\/wp\/v2\/product_brand?post=15493"},{"taxonomy":"product_cat","embeddable":true,"href":"https:\/\/www.hydraulic-cylinders.net\/de\/wp-json\/wp\/v2\/product_cat?post=15493"},{"taxonomy":"product_tag","embeddable":true,"href":"https:\/\/www.hydraulic-cylinders.net\/de\/wp-json\/wp\/v2\/product_tag?post=15493"}],"curies":[{"name":"wp","href":"https:\/\/api.w.org\/{rel}","templated":true}]}}