{"id":15502,"date":"2025-01-19T14:36:35","date_gmt":"2025-01-19T14:36:35","guid":{"rendered":"https:\/\/www.hydraulic-cylinders.net\/product\/bucket-cylinder-for-zoomlion-middle-excavator-ze210e-9\/"},"modified":"2025-01-19T14:36:42","modified_gmt":"2025-01-19T14:36:42","slug":"bucket-cylinder-for-zoomlion-middle-excavator-ze210e-9","status":"publish","type":"product","link":"https:\/\/www.hydraulic-cylinders.net\/de\/produkt\/bucket-cylinder-for-zoomlion-middle-excavator-ze210e-9\/","title":{"rendered":"L\u00f6ffelzylinder f\u00fcr Zoomlion Mittelbagger ZE210E-9"},"content":{"rendered":"<p>L\u00f6ffelzylinder f\u00fcr Zoomlion Mittelbagger ZE210E-9<\/p>\n<h2>Einf\u00fchrung<\/h2>\n<h3>Definition des Schaufelzylinders<\/h3>\n<p>Ein Schaufelzylinder ist ein spezieller Hydraulikzylinder, der die Bewegung einer Schaufel in Baumaschinen wie Baggern, Radladern und Baggerladern steuert. Seine Hauptfunktion besteht darin, das Heben, Senken und Neigen der Schaufel zu erm\u00f6glichen und so verschiedene Materialumschlagsaufgaben zu erleichtern. Im Hydrauliksystem gew\u00e4hrleistet der Schaufelzylinder durch die Anpassung des Hydraulik\u00f6ldrucks eine pr\u00e4zise Steuerung der Schaufel. Dadurch k\u00f6nnen Bediener schwere Lasten effizient handhaben und sich an komplexe Arbeitsumgebungen und vielf\u00e4ltige Arbeitsanforderungen anpassen.<\/p>\n<p><img decoding=\"async\" src=\"https:\/\/www.hydraulic-cylinders.net\/wp-content\/uploads\/2025\/01\/songte-company-2.webp\" alt=\"Bild des Schaufelzylinders\"><\/p>\n<h2>Produkteigenschaften<\/h2>\n<h3>Hohe Festigkeit und Haltbarkeit<\/h3>\n<ul>\n<li>Typischerweise aus hochfestem Stahl oder Aluminium gefertigt, sind sie in der Lage, hohem Druck und schweren Belastungen standzuhalten, passen sich rauen Arbeitsumgebungen an und sind auf Verschlei\u00df- und Korrosionsbest\u00e4ndigkeit ausgelegt, was die Lebensdauer verl\u00e4ngert.<\/li>\n<\/ul>\n<h3>Effizienter Hydraulikbetrieb<\/h3>\n<ul>\n<li>Nutzt den Druck von Hydraulik\u00f6l f\u00fcr ein reibungsloses Aus- und Einfahren, reagiert schnell auf Bedienbefehle und bietet eine starke Schub- und Zugkraft, geeignet f\u00fcr die Handhabung schwerer Lasten und komplexer Aufgaben.<\/li>\n<\/ul>\n<h3>Verschiedene Typen<\/h3>\n<ul>\n<li>Je nach Bedarf k\u00f6nnen einfachwirkende (hydraulisch in eine Richtung wirkende) oder doppeltwirkende (hydraulisch in beide Richtungen wirkende) Zylinder gew\u00e4hlt werden. Einige Modelle sind teleskopierbar und erm\u00f6glichen so eine gr\u00f6\u00dfere Ausfahrl\u00e4nge ohne Vergr\u00f6\u00dferung der Au\u00dfenabmessungen \u2013 ideal f\u00fcr Anwendungen mit begrenztem Platzangebot.<\/li>\n<\/ul>\n<h3>Direkter Ersatz<\/h3>\n<ul>\n<li>Unser Produkt kann diese Hydraulikzylinder perfekt ersetzen.<\/li>\n<\/ul>\n<p><img decoding=\"async\" src=\"https:\/\/www.hydraulic-cylinders.net\/wp-content\/uploads\/2025\/01\/songte-cylinder-head-with-all-kinds-excavator-models.webp\" alt=\"Ersatzbild\"><\/p>\n<h2>Anwendungsszenarien<\/h2>\n<p>Der Schaufelzylinder wird vorwiegend in Bau- und Landmaschinen eingesetzt, beispielsweise in folgenden Bereichen:<\/p>\n<ul>\n<li>Bagger: Der L\u00f6ffelzylinder erm\u00f6glicht das Ausheben von Erdreich, indem er das Eindringen des L\u00f6ffels in den Boden erlaubt.<\/li>\n<li>Lader: Bei Frontladern hilft es beim effektiven Heben und Kippen von Lasten.<\/li>\n<li>Landwirtschaftliche Maschinen: Wird f\u00fcr Frontlader verwendet und hilft beim Anheben und Transportieren von Erde, Heu und anderen Materialien.<\/li>\n<\/ul>\n<p>Die einzelnen Anwendungen werden im Folgenden detailliert beschrieben:<\/p>\n<h3>Baumaschinen<\/h3>\n<p>Bei Baggern sind sie unverzichtbar zum Graben, Laden und Bewegen von Erde oder Bauschutt. Bei Tiefladern unterst\u00fctzt der L\u00f6ffelzylinder das Ausheben und Heben. Bei Radladern helfen sie beim effektiven Heben und Kippen von Lasten.<\/p>\n<h3>Landmaschinen<\/h3>\n<p>Es wird f\u00fcr Frontlader verwendet und hilft beim Anheben und Transportieren von Erde, Heu und anderen Materialien.<\/p>\n<h3>Bagger<\/h3>\n<p>Der Zylinder des L\u00f6ffels erm\u00f6glicht das Ausheben von Erdreich, indem er das Eindringen des L\u00f6ffels in den Boden erlaubt.<\/p>\n<h2>Design- und Auswahlkriterien<\/h2>\n<p>Zu den Konstruktions\u00fcberlegungen f\u00fcr Schaufelzylinder geh\u00f6ren Tragf\u00e4higkeit, Abdichtung, Langlebigkeit, Sicherheit und Wartungsfreundlichkeit. Jeder Punkt wird im Folgenden erl\u00e4utert:<\/p>\n<h3>Tragf\u00e4higkeit<\/h3>\n<p>Der Zylinder des Schaufelrads sollte so konstruiert sein, dass er hohen Belastungen und hohem Druck standh\u00e4lt, sich an raue Arbeitsbedingungen anpasst und eine lange Lebensdauer aufweist.<\/p>\n<h3>Versiegelung<\/h3>\n<p>Verschiedene Dichtungselemente, wie Kolben- und Stangendichtungen, verhindern das Austreten von Hydraulik\u00f6l. Die Dichtungen bestehen aus verschlei\u00dffesten Materialien wie Polyurethan und Nitrilkautschuk, w\u00e4hrend Zylinderk\u00f6rper und Gewindeendfl\u00e4che einer pr\u00e4zisen Bearbeitung unterzogen werden, um die Verschlei\u00dffestigkeit zu verbessern.<\/p>\n<h3>Haltbarkeit<\/h3>\n<p>Der Zylinderk\u00f6rper sollte aus hochfesten Werkstoffen wie Stahl oder Aluminium gefertigt sein, die verschlei\u00df- und korrosionsbest\u00e4ndig sind und somit eine lange Lebensdauer gew\u00e4hrleisten.<\/p>\n<h3>Sicherheit<\/h3>\n<p>Der Eimerzylinder sollte unter Ber\u00fccksichtigung der Sicherheit konstruiert sein und \u00fcber Merkmale wie Sicherheitsventile verf\u00fcgen, um \u00dcberlastung und \u00dcberdruck zu verhindern.<\/p>\n<h3>Wartbarkeit<\/h3>\n<p>Der Schaufelzylinder sollte so konstruiert sein, dass er wartungsfreundlich ist und Merkmale wie eine einfache Demontage f\u00fcr Reparatur, Austausch und Inspektion aufweist.<\/p>\n<p><img decoding=\"async\" src=\"https:\/\/www.hydraulic-cylinders.net\/wp-content\/uploads\/2025\/01\/songte-oil-pipes-and-spare-parts.webp\" alt=\"Ersatzteilbild\"><\/p>\n<h2>Abdichtung und Schmierung<\/h2>\n<p>Verschiedene Dichtungselemente, wie Kolben- und Stangendichtungen, verhindern das Austreten von Hydraulik\u00f6l. Die Dichtungen bestehen aus verschlei\u00dffesten Materialien wie Polyurethan und Nitrilkautschuk, w\u00e4hrend Zylinderk\u00f6rper und Gewindeendfl\u00e4che einer pr\u00e4zisen Bearbeitung unterzogen werden, um die Verschlei\u00dffestigkeit zu erh\u00f6hen. Regelm\u00e4\u00dfige Schmierung ist erforderlich, um einen reibungslosen Betrieb des Zylinders zu gew\u00e4hrleisten.<\/p>\n<h2>Wartung<\/h2>\n<p>Die regelm\u00e4\u00dfige Wartung des Schaufelzylinders ist unerl\u00e4sslich, um eine optimale Leistung zu gew\u00e4hrleisten und die Lebensdauer zu verl\u00e4ngern. Drei g\u00e4ngige Wartungsarbeiten werden im Folgenden erl\u00e4utert:<\/p>\n<h3>Regelm\u00e4\u00dfige Inspektion<\/h3>\n<p>Eine regelm\u00e4\u00dfige Inspektion des Zylinders und seiner Komponenten ist wichtig, um Verschlei\u00df und Besch\u00e4digungen, die seine Funktion beeintr\u00e4chtigen k\u00f6nnten, zu erkennen und so einen rechtzeitigen Austausch und eine Reparatur zu gew\u00e4hrleisten.<\/p>\n<h3>Schmierung<\/h3>\n<p>Der Zylinder muss regelm\u00e4\u00dfig geschmiert werden, um einen reibungslosen Betrieb zu gew\u00e4hrleisten. Achten Sie darauf, alle beweglichen Teile gr\u00fcndlich zu schmieren.<\/p>\n<h3>Dichtungsaustausch und Kalibrierungspr\u00fcfung<\/h3>\n<p>Die Dichtungen sollten regelm\u00e4\u00dfig ausgetauscht werden, um ein Austreten von Hydraulik\u00f6l zu verhindern. Es ist au\u00dferdem wichtig, die Kalibrierung des Zylinders zu \u00fcberpr\u00fcfen, um seine einwandfreie Funktion sicherzustellen.<\/p>\n<p><img decoding=\"async\" src=\"https:\/\/www.hydraulic-cylinders.net\/wp-content\/uploads\/2025\/01\/songte-chushion-collar.webp\" alt=\"Wartungsbild\"><\/p>\n<h2>Sicherheits- und Umweltaspekte<\/h2>\n<p>Beim Betrieb des Hubzylinders sind Sicherheitsma\u00dfnahmen unerl\u00e4sslich. Durch angemessene Schulung und die Einhaltung der Sicherheitsrichtlinien l\u00e4sst sich das Risiko von Unf\u00e4llen und Verletzungen verringern. Auch Umweltaspekte wie die sachgem\u00e4\u00dfe Entsorgung von Hydraulikfl\u00fcssigkeiten und die Minimierung des Risikos von \u00d6lverschmutzungen sind beim Einsatz des Zylinders zu ber\u00fccksichtigen.<\/p>\n<p><img decoding=\"async\" src=\"https:\/\/hzpt.com\/wp-content\/uploads\/2024\/11\/songte-company-1.webp\" alt=\"Umweltbild\"><\/p>\n<h2>Fehlerdiagnose und Fehlerbehebung<\/h2>\n<p>H\u00e4ufige Fehler am Schaufelzylinder sind Leckagen, Verunreinigungen und defekte Dichtungen. Diese Fehler k\u00f6nnen zu Leistungseinbu\u00dfen und sogar zum Ausfall der Maschine f\u00fchren. Die Fehlersuche, also die Ermittlung der Fehlerursache und die Einleitung von Korrekturma\u00dfnahmen, tr\u00e4gt dazu bei, diese Probleme schnell und effektiv zu beheben.<\/p>\n<p><img decoding=\"async\" src=\"https:\/\/www.hydraulic-cylinders.net\/wp-content\/uploads\/2025\/01\/songte-bushings-with-all-kinds-of-excavator-models.webp\" alt=\"Fehlerbehebung beim Bild\"><\/p>\n<h2>Unternehmensvorstellung<\/h2>\n<p>Wir sind ein Hersteller von Hydraulikzylindern mit Spezialisierung auf Ersatzzylinder. Dank unseres umfassenden Produktsortiments z\u00e4hlen wir zu den f\u00fchrenden Herstellern und Gro\u00dfh\u00e4ndlern von Hydraulikzylindern auf dem nationalen und internationalen Markt. Wir setzen auf h\u00f6chste Qualit\u00e4t, industrialisierte Produktionsmanagementstrategien in modernsten Fertigungsanlagen und optimieren kontinuierlich unsere Fertigungsplattformen und Produktionslinien. Unsere Innovationskraft erm\u00f6glicht es uns, die vielf\u00e4ltigen Bed\u00fcrfnisse unserer Kunden mit hocheffizienten, pr\u00e4zisen und qualitativ hochwertigen Produkten zu erf\u00fcllen.<\/p>\n<p><img decoding=\"async\" src=\"https:\/\/www.hydraulic-cylinders.net\/wp-content\/uploads\/2025\/01\/songte-company-3.webp\" alt=\"Firmenimage\"><\/p>\n<h3>Professionalit\u00e4t<\/h3>\n<p>Unser Unternehmen verf\u00fcgt \u00fcber ein professionelles Team mit umfassender Erfahrung in der Konstruktion und Fertigung von Hydraulikzylindern, wodurch hohe Qualit\u00e4t und Zuverl\u00e4ssigkeit gew\u00e4hrleistet werden.<\/p>\n<h3>Internationale Zertifizierung<\/h3>\n<p>Wir haben internationale Zertifizierungen wie ISO 9001 und CE erhalten, die die Produktqualit\u00e4t und -sicherheit gew\u00e4hrleisten.<\/p>\n<h3>Anpassungsdienste<\/h3>\n<p>Wir bieten Individualisierungsdienste an und passen unsere Produkte an die spezifischen Bed\u00fcrfnisse unserer Kunden an.<\/p>\n<h3>Produktionsausr\u00fcstung<\/h3>\n<p>Unser Unternehmen verwendet fortschrittliche digitale Fertigungsanlagen, wie z. B. CNC-Dreh- und Fr\u00e4smaschinen, um Produktqualit\u00e4t und Pr\u00e4zision zu gew\u00e4hrleisten.<\/p>\n<h3>Kundendienst<\/h3>\n<p>Wir bieten umfassende Kundendienstleistungen an, wie z. B. Ersatzteile und \u00dcberholungsleistungen, um die Lebensdauer unserer Produkte zu verl\u00e4ngern.<\/p>\n<p>Autor: lyl.<\/p>","protected":false},"excerpt":{"rendered":"<p>Bucket Cylinder For Zoomlion Middle Excavator ZE210E-9 Introduction Defining the Bucket Cylinder A bucket cylinder is a specialized hydraulic cylinder designed to control the movement of a bucket in heavy machinery such as excavators, backhoe excavators, and front-end loaders. Its main function is to enable the bucket to lift, lower, and tilt, making it easier [&hellip;]<\/p>","protected":false},"featured_media":14771,"comment_status":"open","ping_status":"closed","template":"","meta":{"_et_pb_use_builder":"","_et_pb_old_content":"","_et_gb_content_width":""},"product_brand":[],"product_cat":[1494],"product_tag":[1495,1496],"class_list":{"0":"post-15502","1":"product","2":"type-product","3":"status-publish","4":"has-post-thumbnail","6":"product_cat-bucket-cylinders","7":"product_tag-bucket-cylinders","8":"product_tag-hydraulic-cylinders","10":"first","11":"instock","12":"shipping-taxable","13":"product-type-simple"},"amp_enabled":true,"_links":{"self":[{"href":"https:\/\/www.hydraulic-cylinders.net\/de\/wp-json\/wp\/v2\/product\/15502","targetHints":{"allow":["GET"]}}],"collection":[{"href":"https:\/\/www.hydraulic-cylinders.net\/de\/wp-json\/wp\/v2\/product"}],"about":[{"href":"https:\/\/www.hydraulic-cylinders.net\/de\/wp-json\/wp\/v2\/types\/product"}],"replies":[{"embeddable":true,"href":"https:\/\/www.hydraulic-cylinders.net\/de\/wp-json\/wp\/v2\/comments?post=15502"}],"wp:featuredmedia":[{"embeddable":true,"href":"https:\/\/www.hydraulic-cylinders.net\/de\/wp-json\/wp\/v2\/media\/14771"}],"wp:attachment":[{"href":"https:\/\/www.hydraulic-cylinders.net\/de\/wp-json\/wp\/v2\/media?parent=15502"}],"wp:term":[{"taxonomy":"product_brand","embeddable":true,"href":"https:\/\/www.hydraulic-cylinders.net\/de\/wp-json\/wp\/v2\/product_brand?post=15502"},{"taxonomy":"product_cat","embeddable":true,"href":"https:\/\/www.hydraulic-cylinders.net\/de\/wp-json\/wp\/v2\/product_cat?post=15502"},{"taxonomy":"product_tag","embeddable":true,"href":"https:\/\/www.hydraulic-cylinders.net\/de\/wp-json\/wp\/v2\/product_tag?post=15502"}],"curies":[{"name":"wp","href":"https:\/\/api.w.org\/{rel}","templated":true}]}}