{"id":15505,"date":"2025-01-19T14:36:53","date_gmt":"2025-01-19T14:36:53","guid":{"rendered":"https:\/\/www.hydraulic-cylinders.net\/product\/bucket-cylinder-for-zoomlion-large-excavator-ze330e\/"},"modified":"2025-01-19T14:36:55","modified_gmt":"2025-01-19T14:36:55","slug":"bucket-cylinder-for-zoomlion-large-excavator-ze330e","status":"publish","type":"product","link":"https:\/\/www.hydraulic-cylinders.net\/de\/produkt\/bucket-cylinder-for-zoomlion-large-excavator-ze330e\/","title":{"rendered":"L\u00f6ffelzylinder f\u00fcr Zoomlion Gro\u00dfbagger ZE330E"},"content":{"rendered":"<h1>L\u00f6ffelzylinder f\u00fcr Zoomlion Gro\u00dfbagger ZE330E<\/h1>\n<h2>Einf\u00fchrung<\/h2>\n<p>Der L\u00f6ffelzylinder f\u00fcr den Zoomlion-Gro\u00dfbagger ZE330E ist ein speziell entwickelter Hydraulikzylinder, der haupts\u00e4chlich zur Steuerung der L\u00f6ffelbewegung in Baumaschinen wie Baggern, Baggerladern und Radladern eingesetzt wird. Seine Hauptfunktion besteht darin, das Heben, Senken und Neigen des L\u00f6ffels zu erm\u00f6glichen und so verschiedene Materialumschlagsaufgaben zu erleichtern. Im Hydrauliksystem gew\u00e4hrleistet der L\u00f6ffelzylinder durch die Anpassung des Hydraulik\u00f6ldrucks eine pr\u00e4zise Steuerung der L\u00f6ffelbewegung. Dies erm\u00f6glicht es dem Bediener, schwere Lasten effizient zu handhaben und sich an komplexe Arbeitsumgebungen und vielf\u00e4ltige Aufgaben anzupassen.<\/p>\n<p><img decoding=\"async\" src=\"https:\/\/www.hydraulic-cylinders.net\/wp-content\/uploads\/2025\/01\/songte-company-2.webp\" alt=\"Schaufelzylinder\" \/><\/p>\n<h2>Produkteigenschaften<\/h2>\n<ul>\n<li>\n<h3>Hohe Festigkeit und Haltbarkeit<\/h3>\n<p>Die Zylinder von Schaufelradf\u00f6rderanlagen bestehen typischerweise aus hochfestem Stahl oder Aluminium, sind in der Lage, hohem Druck und schweren Lasten standzuhalten, sich an raue Arbeitsumgebungen anzupassen und sind auf Verschlei\u00df- und Korrosionsbest\u00e4ndigkeit ausgelegt, was ihre Lebensdauer verl\u00e4ngert.<\/p>\n<\/li>\n<li>\n<h3>Effizienter Hydraulikbetrieb<\/h3>\n<p>Die Zylinder der Schaufel nutzen den Druck des Hydraulik\u00f6ls, um eine gleichm\u00e4\u00dfige Teleskopierbewegung zu erreichen, schnell auf Steuerbefehle zu reagieren, eine starke Schub- und Zugkraft bereitzustellen und eignen sich f\u00fcr die Handhabung schwerer Lasten und komplexer Arbeitsaufgaben.<\/p>\n<\/li>\n<li>\n<h3>Verschiedene Typen<\/h3>\n<p>Je nach Anforderung k\u00f6nnen die Zylinder von Schaufeln einfachwirkend (Hydraulik wirkt nur in eine Richtung) oder doppeltwirkend (Hydraulik wirkt in beide Richtungen) sein. Einige Modelle sind teleskopierbar, was eine gr\u00f6\u00dfere Ausdehnung ohne Vergr\u00f6\u00dferung der Au\u00dfenabmessungen erm\u00f6glicht und sie somit f\u00fcr Anwendungen mit begrenztem Platzangebot geeignet macht.<\/p>\n<\/li>\n<li>\n<h3>Produktersatz<\/h3>\n<p>Unsere Produkte k\u00f6nnen diese Hydraulikzylinder perfekt ersetzen.<\/p>\n<\/li>\n<\/ul>\n<p><img decoding=\"async\" src=\"https:\/\/www.hydraulic-cylinders.net\/wp-content\/uploads\/2025\/01\/songte-cylinder-head-with-all-kinds-excavator-models.webp\" alt=\"Zylinderkopf\" \/><\/p>\n<h2>Anwendungen von Schaufelzylindern<\/h2>\n<p>Der Schaufelzylinder wird h\u00e4ufig in verschiedenen Baumaschinen eingesetzt, darunter:<\/p>\n<ul>\n<li>\n<h3>Bagger<\/h3>\n<p>Der Zylinder des L\u00f6ffels erm\u00f6glicht das Graben, indem er das Eindringen des L\u00f6ffels in den Boden erlaubt.<\/p>\n<\/li>\n<li>\n<h3>Baggerlader<\/h3>\n<p>Der Schaufelzylinder hilft sowohl beim Graben als auch beim Heben.<\/p>\n<\/li>\n<li>\n<h3>Frontlader<\/h3>\n<p>Der Zylinder der Ladeschaufel unterst\u00fctzt das Anheben und Neigen der Ladeschaufel und erm\u00f6glicht so ein effizientes Entladen und Abkippen von Materialien.<\/p>\n<\/li>\n<\/ul>\n<h2>Design\u00fcberlegungen und Auswahlkriterien<\/h2>\n<p>Bei der Auswahl und Konstruktion von Schaufelzylindern ist es wichtig, Schl\u00fcsselfaktoren wie Tragf\u00e4higkeit, Dichtheit, Langlebigkeit, Sicherheit und Wartungsfreundlichkeit zu ber\u00fccksichtigen. Hier einige wichtige Punkte:<\/p>\n<ul>\n<li>\n<h3>Belastbarkeit<\/h3>\n<p>Der Zylinder des Schaufelrads muss so konstruiert sein, dass er der zu tragenden Last standh\u00e4lt. Diese wird durch das Gewicht des zu f\u00f6rdernden Materials und die bei dessen Bewegung auftretenden Kr\u00e4fte bestimmt.<\/p>\n<\/li>\n<li>\n<h3>Versiegelung und Haltbarkeit<\/h3>\n<p>F\u00fcr die Zylinder von Schaufelradpumpen werden hochwertige Dichtungsmaterialien ben\u00f6tigt, wie z. B. Kolben- und Stangendichtungen aus verschlei\u00dffesten Werkstoffen wie Polyurethan und Nitrilkautschuk. Zudem ist eine sorgf\u00e4ltige Oberfl\u00e4chenbehandlung des Zylinderk\u00f6rpers und des Gewindeendes unerl\u00e4sslich, um die Verschlei\u00dffestigkeit zu verbessern. Die regelm\u00e4\u00dfige Nachf\u00fcllung mit der richtigen Menge Hydraulik\u00f6l zur Schmierung ist notwendig.<\/p>\n<\/li>\n<li>\n<h3>Sicherheit und Wartungsfreundlichkeit<\/h3>\n<p>Bei der Konstruktion von Eimerzylindern steht die Sicherheit im Vordergrund. Sie m\u00fcssen mit eingebauten Sicherheitsmerkmalen wie Druckentlastungsventilen und Absperrventilen ausgestattet sein und zudem leicht zu warten und zu reparieren sein. Dies wird durch die Bereitstellung leicht austauschbarer und \u00fcberholbarer Teile sowie geeigneter Wartungsverfahren erreicht, um ihre Lebensdauer zu verl\u00e4ngern. <\/p>\n<\/li>\n<\/ul>\n<p><img decoding=\"async\" src=\"https:\/\/www.hydraulic-cylinders.net\/wp-content\/uploads\/2025\/01\/songte-oil-pipes-and-spare-parts.webp\" alt=\"\u00d6lleitungen\"\/><\/p>\n<h2>Wartung und Fehlerbehebung<\/h2>\n<p>Regelm\u00e4\u00dfige Inspektion und vorbeugende Wartung sind unerl\u00e4sslich, um den einwandfreien Betriebszustand des Schaufelzylinders zu gew\u00e4hrleisten. Hier einige g\u00e4ngige Wartungsarbeiten:<\/p>\n<ul>\n<li>\n<h3>Regelm\u00e4\u00dfige Inspektion<\/h3>\n<p>Pr\u00fcfen Sie auf Undichtigkeiten, Dellen oder Kratzer, stellen Sie sicher, dass der Zylinder ordnungsgem\u00e4\u00df geschmiert und sauber ist, und pr\u00fcfen Sie die Hydraulikschl\u00e4uche und -anschl\u00fcsse auf Besch\u00e4digungen oder Verschlei\u00df.<\/p>\n<\/li>\n<li>\n<h3>Schmierung<\/h3>\n<p>Es ist wichtig, die richtige Art und Menge an Hydraulik\u00f6l zu verwenden, um einen reibungslosen und effizienten Betrieb zu gew\u00e4hrleisten und vor Verschlei\u00df zu sch\u00fctzen.<\/p>\n<\/li>\n<li>\n<h3>Dichtungswechsel und Kalibrierungspr\u00fcfung<\/h3>\n<p>Ersetzen Sie verschlissene Dichtungsteile und \u00fcberpr\u00fcfen Sie die Kalibrierung. Nehmen Sie gegebenenfalls Anpassungen vor, um eine pr\u00e4zise Bewegung des Zylinders zu gew\u00e4hrleisten.<\/p>\n<\/li>\n<\/ul>\n<p>Bei der Wartung des Baggerzylinders ist es wichtig, auf die korrekte Montage, Schmierung und Justierung zu achten, um potenzielle Probleme wie Leckagen, Leistungseinbu\u00dfen oder Totalausfall zu vermeiden. Eine fachgerechte Montageanleitung, die Verwendung geeigneter Montagehalterungen zur Befestigung des Zylinders, Empfehlungen zu Pr\u00fcf-, Reparatur- und Austauschverfahren sowie Tipps zur Verl\u00e4ngerung der Lebensdauer des Baggerzylinders sind daher unerl\u00e4sslich.<\/p>\n<p><img decoding=\"async\" src=\"https:\/\/www.hydraulic-cylinders.net\/wp-content\/uploads\/2025\/01\/songte-chushion-collar.webp\" alt=\"Chushion-Halsband\"\/><\/p>\n<h2>Sicherheitsaspekte und Umweltfaktoren<\/h2>\n<p>Beim Arbeiten mit Hubzylindern ist es wichtig, Sicherheitsma\u00dfnahmen zu beachten, wie z. B. das Tragen geeigneter Schutzausr\u00fcstung, das Fernhalten von H\u00e4nden und Kleidung von beweglichen Teilen und die Sicherstellung des einwandfreien Betriebszustands der Ger\u00e4te. Auch die ordnungsgem\u00e4\u00dfe Entsorgung von Hydraulik\u00f6l ist zum Schutz der Umwelt wichtig.<\/p>\n<p><img decoding=\"async\" src=\"https:\/\/www.hydraulic-cylinders.net\/wp-content\/uploads\/2025\/01\/songte-bushings-with-all-kinds-of-excavator-models.webp\" alt=\"Buchsen\"\/><\/p>\n<h2>\u00dcber unser Unternehmen<\/h2>\n<p>We are a manufacturer of replacement hydraulic cylinders with a complete range of products, becoming one of the leading manufacturers and wholesalers of hydraulic cylinders in the domestic and international markets. We adhere to the principle of excellent quality, rely on industrialized production management strategies in fine-manufacturing workshops, continuously improve the manufacturing platform, improve the product quality production line, and have strong innovation capabilities. We satisfy customers&#8217; diverse needs with the principles of high efficiency, high accuracy, and high quality.<\/p>\n<p>Unser Unternehmen bietet professionelle Dienstleistungen, internationale Zertifizierungen, kundenspezifische L\u00f6sungen, moderne Produktionsanlagen und Kundendienstleistungen.<\/p>\n<p><img decoding=\"async\" src=\"https:\/\/hzpt.com\/wp-content\/uploads\/2024\/11\/songte-company-1.webp\" alt=\"Unternehmensprofil\"\/><\/p>\n<p>Autor: lyl<\/p>","protected":false},"excerpt":{"rendered":"<p>Bucket Cylinder For Zoomlion Large Excavator ZE330E Introduction The bucket cylinder for Zoomlion large excavator ZE330E is a specially designed hydraulic cylinder mainly used to control the movement of the bucket in heavy machinery such as excavators, backhoe loaders, and front loaders. Its main function is to enable the bucket to lift, lower, and tilt, [&hellip;]<\/p>","protected":false},"featured_media":14762,"comment_status":"open","ping_status":"closed","template":"","meta":{"_et_pb_use_builder":"","_et_pb_old_content":"","_et_gb_content_width":""},"product_brand":[],"product_cat":[1494],"product_tag":[1495,1496],"class_list":{"0":"post-15505","1":"product","2":"type-product","3":"status-publish","4":"has-post-thumbnail","6":"product_cat-bucket-cylinders","7":"product_tag-bucket-cylinders","8":"product_tag-hydraulic-cylinders","10":"first","11":"instock","12":"shipping-taxable","13":"product-type-simple"},"amp_enabled":true,"_links":{"self":[{"href":"https:\/\/www.hydraulic-cylinders.net\/de\/wp-json\/wp\/v2\/product\/15505","targetHints":{"allow":["GET"]}}],"collection":[{"href":"https:\/\/www.hydraulic-cylinders.net\/de\/wp-json\/wp\/v2\/product"}],"about":[{"href":"https:\/\/www.hydraulic-cylinders.net\/de\/wp-json\/wp\/v2\/types\/product"}],"replies":[{"embeddable":true,"href":"https:\/\/www.hydraulic-cylinders.net\/de\/wp-json\/wp\/v2\/comments?post=15505"}],"wp:featuredmedia":[{"embeddable":true,"href":"https:\/\/www.hydraulic-cylinders.net\/de\/wp-json\/wp\/v2\/media\/14762"}],"wp:attachment":[{"href":"https:\/\/www.hydraulic-cylinders.net\/de\/wp-json\/wp\/v2\/media?parent=15505"}],"wp:term":[{"taxonomy":"product_brand","embeddable":true,"href":"https:\/\/www.hydraulic-cylinders.net\/de\/wp-json\/wp\/v2\/product_brand?post=15505"},{"taxonomy":"product_cat","embeddable":true,"href":"https:\/\/www.hydraulic-cylinders.net\/de\/wp-json\/wp\/v2\/product_cat?post=15505"},{"taxonomy":"product_tag","embeddable":true,"href":"https:\/\/www.hydraulic-cylinders.net\/de\/wp-json\/wp\/v2\/product_tag?post=15505"}],"curies":[{"name":"wp","href":"https:\/\/api.w.org\/{rel}","templated":true}]}}