{"id":15509,"date":"2025-01-19T14:37:08","date_gmt":"2025-01-19T14:37:08","guid":{"rendered":"https:\/\/www.hydraulic-cylinders.net\/product\/bucket-cylinder-for-zoomlion-large-excavator-ze520esp\/"},"modified":"2025-01-19T14:37:10","modified_gmt":"2025-01-19T14:37:10","slug":"bucket-cylinder-for-zoomlion-large-excavator-ze520esp","status":"publish","type":"product","link":"https:\/\/www.hydraulic-cylinders.net\/de\/produkt\/bucket-cylinder-for-zoomlion-large-excavator-ze520esp\/","title":{"rendered":"L\u00f6ffelzylinder f\u00fcr Zoomlion Gro\u00dfbagger ZE520ESP"},"content":{"rendered":"<p><!DOCTYPE html><br \/>\n<html><br \/>\n<head><br \/>\n<title>L\u00f6ffelzylinder f\u00fcr Zoomlion Gro\u00dfbagger ZE520ESP<\/title><br \/>\n<\/head><br \/>\n<body><\/p>\n<h1>L\u00f6ffelzylinder f\u00fcr Zoomlion Gro\u00dfbagger ZE520ESP<\/h1>\n<h2>Einf\u00fchrung<\/h2>\n<p>Der L\u00f6ffelzylinder f\u00fcr den Zoomlion-Gro\u00dfbagger ZE520ESP ist ein speziell entwickelter Hydraulikzylinder zur Steuerung der L\u00f6ffelbewegung in Baumaschinen wie Baggern, Radladern und Baggerladern. Seine Hauptfunktion besteht darin, das Heben, Senken und Neigen des L\u00f6ffels zu erm\u00f6glichen und so verschiedene Materialumschlagsaufgaben zu erleichtern. Im Hydrauliksystem erzielt der L\u00f6ffelzylinder eine pr\u00e4zise Steuerung des L\u00f6ffels durch die Nutzung von Druck\u00e4nderungen im Hydraulik\u00f6l. Dies erm\u00f6glicht dem Bediener, schwere Lasten effizient zu handhaben und sich an komplexe Arbeitsumgebungen und vielf\u00e4ltige Betriebsanforderungen anzupassen.<\/p>\n<p><img decoding=\"async\" src=\"https:\/\/www.hydraulic-cylinders.net\/wp-content\/uploads\/2025\/01\/songte-company-2.webp\"><\/p>\n<h2>Merkmale<\/h2>\n<ul>\n<li>Hohe Festigkeit und Langlebigkeit: Gefertigt aus hochfestem Stahl oder Aluminium, h\u00e4lt es hohem Druck und schweren Belastungen stand und eignet sich f\u00fcr anspruchsvolle Arbeitsumgebungen. Die Konstruktion ber\u00fccksichtigt Verschlei\u00df- und Korrosionsbest\u00e4ndigkeit und verl\u00e4ngert so die Lebensdauer.<\/li>\n<li>Effizienter Hydraulikbetrieb: Durch die Nutzung des Hydraulik\u00f6ldrucks f\u00fcr ein sanftes Aus- und Einfahren reagiert das System schnell auf Steuerbefehle und bietet kraftvolle Schub- und Zugkr\u00e4fte, die f\u00fcr den Umgang mit schweren Lasten und komplexen Arbeitsaufgaben geeignet sind.<\/li>\n<li>Verschiedene Ausf\u00fchrungen: Erh\u00e4ltlich als einfachwirkende (Hydraulikdruck nur in eine Richtung) oder doppeltwirkende (Hydraulikdruck in beide Richtungen) Zylinder f\u00fcr unterschiedliche Betriebsanforderungen. Einige Modelle sind teleskopierbar und erm\u00f6glichen so eine gr\u00f6\u00dfere Auszugsl\u00e4nge ohne Vergr\u00f6\u00dferung der Au\u00dfenabmessungen \u2013 ideal f\u00fcr Anwendungen mit begrenztem Platzangebot.<\/li>\n<li>Perfekter Ersatz: Unsere Produkte k\u00f6nnen diese Hydraulikzylinder perfekt ersetzen. <\/li>\n<\/ul>\n<p><img decoding=\"async\" src=\"https:\/\/www.hydraulic-cylinders.net\/wp-content\/uploads\/2025\/01\/songte-cylinder-head-with-all-kinds-excavator-models.webp\"><\/p>\n<h2>Anwendungen<\/h2>\n<p>Der Schaufelzylinder findet in verschiedenen Industrien und Ger\u00e4ten Anwendung:<\/p>\n<ul>\n<li>Baumaschinen: Sie sind in Baggern zu finden und unverzichtbar zum Ausheben, Laden und Bewegen von Erde oder Bauschutt. Bei Baggerladern unterst\u00fctzt der Schaufelzylinder sowohl das Ausheben als auch das Heben.<\/li>\n<li>Landwirtschaftliche Maschinen: Wird in Frontladern zum Schaufeln, Heben und Transportieren von Erde, Heu und anderen Materialien verwendet.<\/li>\n<li>Bagger: Der L\u00f6ffelzylinder erm\u00f6glicht das Ausheben, indem er dem L\u00f6ffel das Eindringen in den Boden erm\u00f6glicht.<\/li>\n<li>Radlader: In Radladern helfen sie beim effizienten Anheben und Abladen von G\u00fctern.<\/li>\n<\/ul>\n<h2>Design\u00fcberlegungen und Auswahlkriterien<\/h2>\n<p>Bei der Konstruktion des Schaufelzylinders werden verschiedene Faktoren ber\u00fccksichtigt:<\/p>\n<ul>\n<li>Belastbarkeit<\/li>\n<li>Versiegelung<\/li>\n<li>Haltbarkeit<\/li>\n<li>Sicherheit<\/li>\n<li>Wartbarkeit<\/li>\n<\/ul>\n<p><img decoding=\"async\" src=\"https:\/\/www.hydraulic-cylinders.net\/wp-content\/uploads\/2025\/01\/songte-oil-pipes-and-spare-parts.webp\"><\/p>\n<h2>Abdichtung und Schmierung<\/h2>\n<p>Der Schaufelzylinder verwendet verschiedene Dichtungselemente, wie Kolben- und Stangendichtungen, die aus verschlei\u00dffesten Materialien wie Polyurethan und Nitrilkautschuk gefertigt sind. Zylinderk\u00f6rper und Gewindeenden sind feinbearbeitet, um die Verschlei\u00dffestigkeit zu erh\u00f6hen. Regelm\u00e4\u00dfige Schmierung mit der richtigen Menge Hydraulik\u00f6l ist f\u00fcr einen reibungslosen Betrieb unerl\u00e4sslich.<\/p>\n<h2>Inspektion und vorbeugende Wartung<\/h2>\n<p>Regelm\u00e4\u00dfige Inspektionen und vorbeugende Wartungsarbeiten sind entscheidend f\u00fcr die optimale Leistung und Lebensdauer des Schaufelzylinders. Zu den Ma\u00dfnahmen geh\u00f6ren unter anderem:<\/p>\n<ul>\n<li>\u00dcberpr\u00fcfung auf Anzeichen von Abnutzung oder Besch\u00e4digung<\/li>\n<li>Richtige Schmierung<\/li>\n<li>Dichtungen bei Bedarf austauschen<\/li>\n<li>Kalibrierungspr\u00fcfungen<\/li>\n<\/ul>\n<h2>Installationsanleitung<\/h2>\n<p>Eine fachgerechte Installation ist unerl\u00e4sslich f\u00fcr die einwandfreie Funktion des Schaufelzylinders. Dabei sind einige Richtlinien zu beachten:<\/p>\n<ul>\n<li>Den Zylinder korrekt ausrichten<\/li>\n<li>Zur Befestigung des Zylinders geeignete Montagehalterungen verwenden.<\/li>\n<li>Empfohlene Inspektions-, Reparatur- und Austauschverfahren<\/li>\n<li>Tipps zur Verl\u00e4ngerung der Lebensdauer des Schaufelzylinders<\/li>\n<\/ul>\n<p><img decoding=\"async\" src=\"https:\/\/www.hydraulic-cylinders.net\/wp-content\/uploads\/2025\/01\/songte-chushion-collar.webp\"><\/p>\n<h2>Sicherheitsaspekte und Umweltfaktoren<\/h2>\n<p>Bei der Verwendung des Eimerzylinders ist es wichtig, die Sicherheitsma\u00dfnahmen einzuhalten, um Unf\u00e4lle zu vermeiden und die Umwelt zu sch\u00fctzen.<\/p>\n<h2>Fehlerbehebung und h\u00e4ufige Probleme<\/h2>\n<p>Hier finden Sie einige g\u00e4ngige Tipps und L\u00f6sungen zur Fehlerbehebung bei h\u00e4ufig auftretenden Problemen:<\/p>\n<ul>\n<li>Bereitstellung von Tipps und L\u00f6sungen zur Fehlerbehebung<\/li>\n<li>Vorschl\u00e4ge f\u00fcr Pr\u00e4ventivma\u00dfnahmen zur Minimierung potenzieller Probleme<\/li>\n<\/ul>\n<p><img decoding=\"async\" src=\"https:\/\/www.hydraulic-cylinders.net\/wp-content\/uploads\/2025\/01\/songte-bushings-with-all-kinds-of-excavator-models.webp\"><\/p>\n<h2>\u00dcber unser Unternehmen<\/h2>\n<p>Wir sind ein auf den Austausch von Hydraulikzylindern spezialisierter Hersteller. Mit unserem breiten Produktsortiment z\u00e4hlen wir zu den f\u00fchrenden Herstellern und Gro\u00dfh\u00e4ndlern von Hydraulikzylindern auf nationalen und internationalen M\u00e4rkten. Wir verfolgen eine Strategie des industriellen Produktionsmanagements, die auf exzellenter Qualit\u00e4t, modernster Fertigungstechnik und professionellen Pr\u00fcfsystemen basiert. Kontinuierlich optimieren wir unsere Fertigungsplattform und unsere Produktionsprozesse zur Produktqualit\u00e4t und verf\u00fcgen \u00fcber ausgepr\u00e4gte Innovationskraft. Unser Ziel ist es, die vielf\u00e4ltigen Kundenbed\u00fcrfnisse mit h\u00f6chster Effizienz, Pr\u00e4zision und Qualit\u00e4t zu erf\u00fcllen.<\/p>\n<p><img decoding=\"async\" src=\"https:\/\/www.hydraulic-cylinders.net\/wp-content\/uploads\/2025\/01\/songte-company-3.webp\"><\/p>\n<p>Unser Unternehmen ist bekannt f\u00fcr:<\/p>\n<ul>\n<li>Professionalit\u00e4t<\/li>\n<li>Internationale Zertifizierungen<\/li>\n<li>Anpassungsdienste<\/li>\n<li>Moderne Produktionsanlagen<\/li>\n<li>Kundendienst<\/li>\n<\/ul>\n<p>Autor: lyl<\/p>\n<p><\/body><br \/>\n<\/html><\/p>","protected":false},"excerpt":{"rendered":"<p>Bucket Cylinder For Zoomlion Large Excavator ZE520ESP Bucket Cylinder For Zoomlion Large Excavator ZE520ESP Introduction The bucket cylinder for Zoomlion large excavator ZE520ESP is a specially designed hydraulic cylinder used to control the movement of the bucket in heavy machinery such as excavators, backhoe loaders, and wheel loaders. Its main function is to allow the [&hellip;]<\/p>","protected":false},"featured_media":14787,"comment_status":"open","ping_status":"closed","template":"","meta":{"_et_pb_use_builder":"","_et_pb_old_content":"","_et_gb_content_width":""},"product_brand":[],"product_cat":[1494],"product_tag":[1495,1496],"class_list":{"0":"post-15509","1":"product","2":"type-product","3":"status-publish","4":"has-post-thumbnail","6":"product_cat-bucket-cylinders","7":"product_tag-bucket-cylinders","8":"product_tag-hydraulic-cylinders","10":"first","11":"instock","12":"shipping-taxable","13":"product-type-simple"},"amp_enabled":true,"_links":{"self":[{"href":"https:\/\/www.hydraulic-cylinders.net\/de\/wp-json\/wp\/v2\/product\/15509","targetHints":{"allow":["GET"]}}],"collection":[{"href":"https:\/\/www.hydraulic-cylinders.net\/de\/wp-json\/wp\/v2\/product"}],"about":[{"href":"https:\/\/www.hydraulic-cylinders.net\/de\/wp-json\/wp\/v2\/types\/product"}],"replies":[{"embeddable":true,"href":"https:\/\/www.hydraulic-cylinders.net\/de\/wp-json\/wp\/v2\/comments?post=15509"}],"wp:featuredmedia":[{"embeddable":true,"href":"https:\/\/www.hydraulic-cylinders.net\/de\/wp-json\/wp\/v2\/media\/14787"}],"wp:attachment":[{"href":"https:\/\/www.hydraulic-cylinders.net\/de\/wp-json\/wp\/v2\/media?parent=15509"}],"wp:term":[{"taxonomy":"product_brand","embeddable":true,"href":"https:\/\/www.hydraulic-cylinders.net\/de\/wp-json\/wp\/v2\/product_brand?post=15509"},{"taxonomy":"product_cat","embeddable":true,"href":"https:\/\/www.hydraulic-cylinders.net\/de\/wp-json\/wp\/v2\/product_cat?post=15509"},{"taxonomy":"product_tag","embeddable":true,"href":"https:\/\/www.hydraulic-cylinders.net\/de\/wp-json\/wp\/v2\/product_tag?post=15509"}],"curies":[{"name":"wp","href":"https:\/\/api.w.org\/{rel}","templated":true}]}}