{"id":15514,"date":"2025-01-19T14:37:28","date_gmt":"2025-01-19T14:37:28","guid":{"rendered":"https:\/\/www.hydraulic-cylinders.net\/product\/bucket-cylinder-for-sunward-small-excavator-swe90e\/"},"modified":"2025-01-19T14:37:30","modified_gmt":"2025-01-19T14:37:30","slug":"bucket-cylinder-for-sunward-small-excavator-swe90e","status":"publish","type":"product","link":"https:\/\/www.hydraulic-cylinders.net\/de\/produkt\/bucket-cylinder-for-sunward-small-excavator-swe90e\/","title":{"rendered":"L\u00f6ffelzylinder f\u00fcr Sunward Kleinbagger SWE90E"},"content":{"rendered":"<p><!DOCTYPE html><br \/>\n<html><br \/>\n<head><br \/>\n  <title>L\u00f6ffelzylinder f\u00fcr Sunward Kleinbagger SWE90E<\/title><br \/>\n<\/head><br \/>\n<body><\/p>\n<h1>L\u00f6ffelzylinder f\u00fcr Sunward Kleinbagger SWE90E<\/h1>\n<h2>Einf\u00fchrung<\/h2>\n<p>Ein Schaufelzylinder ist ein speziell entwickelter Hydraulikzylinder, der die Bewegung der Schaufel in Baumaschinen wie Baggern, Baggerladern und Radladern steuert. Seine Hauptfunktion besteht darin, das Heben, Senken und Neigen der Schaufel zu erm\u00f6glichen und so verschiedene Materialumschlagsaufgaben zu erleichtern. In einem Hydrauliksystem erreicht der Schaufelzylinder durch die Druck\u00e4nderung des Hydraulik\u00f6ls eine pr\u00e4zise Steuerung der Schaufel. Dies erlaubt es dem Bediener, schwere Lasten effizient zu handhaben und sich an komplexe Arbeitsumgebungen und vielf\u00e4ltige Betriebsanforderungen anzupassen.<\/p>\n<p>  <img decoding=\"async\" src=\"https:\/\/www.hydraulic-cylinders.net\/wp-content\/uploads\/2025\/01\/songte-company-2.webp\" alt=\"Bild des Schaufelzylinders\"><\/p>\n<h2>Merkmale<\/h2>\n<ul>\n<li>Hohe Festigkeit und Langlebigkeit: Typischerweise aus hochfestem Stahl oder Aluminium gefertigt, widersteht es hohem Druck und schweren Belastungen und eignet sich f\u00fcr raue Arbeitsumgebungen. Es wurde unter Ber\u00fccksichtigung von Verschlei\u00df- und Korrosionsbest\u00e4ndigkeit entwickelt, was seine Lebensdauer verl\u00e4ngert.<\/li>\n<li>Effizienter Hydraulikbetrieb: Durch die Nutzung des Hydraulik\u00f6ldrucks werden sanfte Aus- und Einfahrvorg\u00e4nge erreicht, die schnell auf Steuerbefehle reagieren und kraftvolle Schub- und Zugkr\u00e4fte bereitstellen, die f\u00fcr die Handhabung schwerer Lasten und komplexer Arbeitsaufgaben geeignet sind.<\/li>\n<li>Verschiedene Ausf\u00fchrungen: Die Zylinder sind als einfachwirkende (hydraulisch nur in eine Richtung wirkende) oder doppeltwirkende (hydraulisch in beide Richtungen wirkende) Zylinder erh\u00e4ltlich, um unterschiedlichen Betriebsanforderungen gerecht zu werden. Einige Modelle sind teleskopierbar und erm\u00f6glichen so eine gr\u00f6\u00dfere Auszugsl\u00e4nge ohne Vergr\u00f6\u00dferung der Au\u00dfenabmessungen \u2013 ideal f\u00fcr Anwendungen mit begrenztem Platzangebot.<\/li>\n<li>Vielseitige Einsatzm\u00f6glichkeiten: Schaufelzylinder spielen eine entscheidende Rolle in verschiedenen Baumaschinen wie Baggern, Radladern und Baggerladern. Sie unterst\u00fctzen diese Maschinen bei Aushub-, Hebe-, Lade- und Abladearbeiten.<\/li>\n<li>Perfekter Ersatz: Unsere Produkte k\u00f6nnen diese Hydraulikzylinder perfekt ersetzen. <\/li>\n<\/ul>\n<p>  <img decoding=\"async\" src=\"https:\/\/www.hydraulic-cylinders.net\/wp-content\/uploads\/2025\/01\/songte-cylinder-head-with-all-kinds-excavator-models.webp\" alt=\"Bild zum Austausch des Schaufelzylinders\"><\/p>\n<h2>Anwendungen<\/h2>\n<h3>Baumaschinen<\/h3>\n<p>Bei Baggern sind sie unverzichtbar zum Graben, Laden und Bewegen von Erde oder Bauschutt. Bei Baggerladern unterst\u00fctzen die Schaufelzylinder sowohl das Graben als auch das Heben. <\/p>\n<h3>Landmaschinen<\/h3>\n<p>Sie werden f\u00fcr Frontlader verwendet und helfen beim Schaufeln, Anheben und Transportieren von Erde, Heu und anderen Materialien.<\/p>\n<h3>Bagger<\/h3>\n<p>Die Zylinder des L\u00f6ffels erm\u00f6glichen Aushubarbeiten, indem sie es dem L\u00f6ffel erlauben, in den Boden einzudringen. <\/p>\n<h3>Lader<\/h3>\n<p>Bei Frontladern helfen sie beim effizienten Anheben und Kippen von G\u00fctern.<\/p>\n<p>  <img decoding=\"async\" src=\"https:\/\/www.hydraulic-cylinders.net\/wp-content\/uploads\/2025\/01\/songte-bushings-with-all-kinds-of-excavator-models.webp\" alt=\"Bild der Anwendungen von Schaufelzylindern\"><\/p>\n<h2>Design\u00fcberlegungen und Auswahlkriterien<\/h2>\n<ul>\n<li>Tragf\u00e4higkeit: Bei der Zylinderkonstruktion sollte die Tragf\u00e4higkeit ber\u00fccksichtigt werden, um einen effizienten und sicheren Betrieb zu gew\u00e4hrleisten.<\/li>\n<li>Abdichtung: Verschiedene Dichtungskomponenten wie Kolben- und Stangendichtungen aus verschlei\u00dffesten Materialien wie Polyurethan und Nitrilkautschuk kommen zum Einsatz. Zylinderk\u00f6rper und Gewindeenden werden sorgf\u00e4ltig behandelt, um die Verschlei\u00dffestigkeit zu erh\u00f6hen.<\/li>\n<li>Langlebigkeit: Bei der Konstruktion sollte der Fokus auf Langlebigkeit liegen, wobei Faktoren wie Korrosionsbest\u00e4ndigkeit und die F\u00e4higkeit, rauen Arbeitsbedingungen standzuhalten, zu ber\u00fccksichtigen sind.<\/li>\n<li>Sicherheit: Um einen sicheren Betrieb zu gew\u00e4hrleisten, werden Sicherheitsmerkmale wie Druckentlastungsventile und ordnungsgem\u00e4\u00dfe Installationsrichtlinien ber\u00fccksichtigt.<\/li>\n<li>Wartung: Die Konstruktion sollte eine einfache Wartung und Reparatur erm\u00f6glichen, mit Empfehlungen f\u00fcr regelm\u00e4\u00dfige Inspektionen, Schmierung und Dichtungsaustausch.<\/li>\n<\/ul>\n<p>  <img decoding=\"async\" src=\"https:\/\/www.hydraulic-cylinders.net\/wp-content\/uploads\/2025\/01\/songte-oil-pipes-and-spare-parts.webp\" alt=\"Abbildung der Konstruktion eines Eimerzylinders\"><\/p>\n<h2>Abdichtung und Schmierung<\/h2>\n<p>Verschiedene Dichtungselemente, wie Kolben- und Stangendichtungen, kommen zum Einsatz. Diese Dichtungselemente bestehen aus verschlei\u00dffesten Materialien wie Polyurethan und Nitrilkautschuk. Zylinderk\u00f6rper und Gewindeenden werden pr\u00e4zise bearbeitet, um die Verschlei\u00dffestigkeit zu verbessern. F\u00fcr einen einwandfreien Betrieb ist eine regelm\u00e4\u00dfige Schmierung mit der richtigen Menge Hydraulik\u00f6l erforderlich.<\/p>\n<h2>Regelm\u00e4\u00dfige Inspektionen und vorbeugende Wartung<\/h2>\n<p>Regelm\u00e4\u00dfige Inspektionen und vorbeugende Wartungsarbeiten sind entscheidend f\u00fcr die Langlebigkeit des Baggerzylinders. Folgende Ma\u00dfnahmen sollten getroffen werden:<\/p>\n<ul>\n<li>Pr\u00fcfen Sie den Zylinder auf Anzeichen von Verschlei\u00df, Leckagen oder Besch\u00e4digungen.<\/li>\n<li>Alle beweglichen Teile ordnungsgem\u00e4\u00df schmieren.<\/li>\n<li>Um eine optimale Leistung zu gew\u00e4hrleisten, sollten Dichtungen regelm\u00e4\u00dfig ausgetauscht werden.<\/li>\n<li>F\u00fchren Sie Kalibrierungspr\u00fcfungen durch, um einen genauen Betrieb zu gew\u00e4hrleisten.<\/li>\n<\/ul>\n<p>  <img decoding=\"async\" src=\"https:\/\/www.hydraulic-cylinders.net\/wp-content\/uploads\/2025\/01\/songte-chushion-collar.webp\" alt=\"Bild zur Wartung des Schaufelzylinders\"><\/p>\n<h2>Sicherheitsaspekte und Umweltfaktoren<\/h2>\n<p>Beim Einsatz von Hubzylindern ist es wichtig, Sicherheitsma\u00dfnahmen zu beachten, um Unf\u00e4lle zu vermeiden und einen sicheren Betrieb zu gew\u00e4hrleisten. Eine angemessene Schulung und die Einhaltung der Sicherheitsrichtlinien sind entscheidend, um Risiken zu minimieren. Auch Umweltfaktoren wie die ordnungsgem\u00e4\u00dfe Entsorgung von gebrauchtem Hydraulik\u00f6l und die Einhaltung von Umweltauflagen m\u00fcssen ber\u00fccksichtigt werden.<\/p>\n<h2>Fehlerbehebung und h\u00e4ufige Probleme<\/h2>\n<p>H\u00e4ufige Probleme bei Schaufelzylindern sind Leckagen, unzureichende Kraft und unregelm\u00e4\u00dfige Bewegungen. Um diese Probleme zu beheben:<\/p>\n<ul>\n<li>Pr\u00fcfen Sie, ob sichtbare Lecks vorhanden sind, und beheben Sie diese umgehend.<\/li>\n<li>Stellen Sie sicher, dass das Hydrauliksystem den korrekten Druck und Fl\u00fcssigkeitsstand aufweist.<\/li>\n<li>\u00dcberpr\u00fcfen und reinigen Sie die Zylinderkomponenten regelm\u00e4\u00dfig, um Ablagerungen oder Verunreinigungen zu entfernen.<\/li>\n<li>Sollten die Probleme weiterhin bestehen, wenden Sie sich zur weiteren Fehlerbehebung und Reparatur an einen Fachmann.<\/li>\n<\/ul>\n<p>  <img decoding=\"async\" src=\"https:\/\/hzpt.com\/wp-content\/uploads\/2024\/11\/songte-company-1.webp\" alt=\"Bild zur Fehlerbehebung beim Schaufelzylinder\"><\/p>\n<h2>Unternehmens\u00fcbersicht<\/h2>\n<p>  <img decoding=\"async\" src=\"https:\/\/www.hydraulic-cylinders.net\/wp-content\/uploads\/2025\/01\/songte-company-3.webp\" alt=\"Bild zur Unternehmens\u00fcbersicht\"><\/p>\n<p>Wir sind Hersteller von Hydraulikzylindern und einer der f\u00fchrenden Hersteller und Gro\u00dfh\u00e4ndler auf dem nationalen und internationalen Markt. In unseren modernen Fertigungshallen setzen wir auf h\u00f6chste Qualit\u00e4t und industrialisierte Produktionsprozesse, um unsere Fertigungsplattform und Produktqualit\u00e4t kontinuierlich zu verbessern. Unser Unternehmen zeichnet sich durch hohe Innovationskraft aus und hat sich zum Ziel gesetzt, die vielf\u00e4ltigen Bed\u00fcrfnisse unserer Kunden mit h\u00f6chster Effizienz, Pr\u00e4zision und Qualit\u00e4t zu erf\u00fcllen.<\/p>\n<h3>Unsere St\u00e4rken:<\/h3>\n<ul>\n<li>Professionalit\u00e4t<\/li>\n<li>Internationale Zertifizierungen<\/li>\n<li>Anpassungsdienste<\/li>\n<li>Moderne Produktionsanlagen<\/li>\n<li>Kundendienst<\/li>\n<\/ul>\n<p>Bitte beachten Sie, dass der Autor dieses Artikels lyl ist.<\/p>\n<p><\/body><br \/>\n<\/html><\/p>","protected":false},"excerpt":{"rendered":"<p>Bucket Cylinder For Sunward Small Excavator SWE90E Bucket Cylinder For Sunward Small Excavator SWE90E Introduction A bucket cylinder is a specially designed hydraulic cylinder used to control the movement of the bucket in heavy machinery such as excavators, backhoes, and loaders. Its main function is to enable the bucket to lift, lower, and tilt, making [&hellip;]<\/p>","protected":false},"featured_media":14778,"comment_status":"open","ping_status":"closed","template":"","meta":{"_et_pb_use_builder":"","_et_pb_old_content":"","_et_gb_content_width":""},"product_brand":[],"product_cat":[1494],"product_tag":[1495,1496],"class_list":{"0":"post-15514","1":"product","2":"type-product","3":"status-publish","4":"has-post-thumbnail","6":"product_cat-bucket-cylinders","7":"product_tag-bucket-cylinders","8":"product_tag-hydraulic-cylinders","10":"first","11":"instock","12":"shipping-taxable","13":"product-type-simple"},"amp_enabled":true,"_links":{"self":[{"href":"https:\/\/www.hydraulic-cylinders.net\/de\/wp-json\/wp\/v2\/product\/15514","targetHints":{"allow":["GET"]}}],"collection":[{"href":"https:\/\/www.hydraulic-cylinders.net\/de\/wp-json\/wp\/v2\/product"}],"about":[{"href":"https:\/\/www.hydraulic-cylinders.net\/de\/wp-json\/wp\/v2\/types\/product"}],"replies":[{"embeddable":true,"href":"https:\/\/www.hydraulic-cylinders.net\/de\/wp-json\/wp\/v2\/comments?post=15514"}],"wp:featuredmedia":[{"embeddable":true,"href":"https:\/\/www.hydraulic-cylinders.net\/de\/wp-json\/wp\/v2\/media\/14778"}],"wp:attachment":[{"href":"https:\/\/www.hydraulic-cylinders.net\/de\/wp-json\/wp\/v2\/media?parent=15514"}],"wp:term":[{"taxonomy":"product_brand","embeddable":true,"href":"https:\/\/www.hydraulic-cylinders.net\/de\/wp-json\/wp\/v2\/product_brand?post=15514"},{"taxonomy":"product_cat","embeddable":true,"href":"https:\/\/www.hydraulic-cylinders.net\/de\/wp-json\/wp\/v2\/product_cat?post=15514"},{"taxonomy":"product_tag","embeddable":true,"href":"https:\/\/www.hydraulic-cylinders.net\/de\/wp-json\/wp\/v2\/product_tag?post=15514"}],"curies":[{"name":"wp","href":"https:\/\/api.w.org\/{rel}","templated":true}]}}