{"id":15520,"date":"2025-01-19T14:37:58","date_gmt":"2025-01-19T14:37:58","guid":{"rendered":"https:\/\/www.hydraulic-cylinders.net\/product\/bucket-cylinder-for-sunward-middle-excavator-swe26olc\/"},"modified":"2025-01-19T14:38:00","modified_gmt":"2025-01-19T14:38:00","slug":"bucket-cylinder-for-sunward-middle-excavator-swe26olc","status":"publish","type":"product","link":"https:\/\/www.hydraulic-cylinders.net\/de\/produkt\/bucket-cylinder-for-sunward-middle-excavator-swe26olc\/","title":{"rendered":"L\u00f6ffelzylinder f\u00fcr Sunward Mittelbagger SWE26OLC"},"content":{"rendered":"<h1>L\u00f6ffelzylinder f\u00fcr Sunward Mittelbagger SWE26OLC<\/h1>\n<h2>Einf\u00fchrung<\/h2>\n<p>Ein Schaufelzylinder ist ein speziell entwickelter Hydraulikzylinder, der haupts\u00e4chlich zur Steuerung der Schaufelbewegung in Baumaschinen wie Baggern, Radladern und Baggerladern eingesetzt wird. Seine Hauptfunktion besteht darin, das Heben, Senken und Neigen der Schaufel zu erm\u00f6glichen und so verschiedene Materialumschlagsaufgaben zu erleichtern. Im Hydrauliksystem gew\u00e4hrleistet der Schaufelzylinder die pr\u00e4zise Steuerung der Schaufelbewegung durch die Variation des Hydraulik\u00f6ldrucks. Dies erm\u00f6glicht es dem Bediener, schwere Lasten effizient zu handhaben und sich an komplexe Arbeitsumgebungen und vielf\u00e4ltige Arbeitsanforderungen anzupassen.<\/p>\n<p><img decoding=\"async\" src=\"https:\/\/www.hydraulic-cylinders.net\/wp-content\/uploads\/2025\/01\/songte-company-2.webp\" alt=\"Bild des Schaufelzylinders\"><\/p>\n<h2>Merkmale<\/h2>\n<ul>\n<li>Hohe Festigkeit und Langlebigkeit: Typischerweise aus hochfestem Stahl oder Aluminium gefertigt, h\u00e4lt es hohem Druck und schweren Belastungen stand, ist f\u00fcr raue Arbeitsumgebungen geeignet und wurde mit Blick auf Verschlei\u00df- und Korrosionsbest\u00e4ndigkeit entwickelt, um seine Lebensdauer zu verl\u00e4ngern.<\/li>\n<li>Effizienter Hydraulikbetrieb: Nutzt Hydraulik\u00f6ldruck f\u00fcr ein sanftes Aus- und Einfahren, reagiert schnell auf Steuerbefehle, bietet starke Schub- und Zugkr\u00e4fte und eignet sich f\u00fcr die Handhabung schwerer Gegenst\u00e4nde und komplexe Arbeitsaufgaben.<\/li>\n<li>Verschiedene Zylindertypen: Je nach Bedarf k\u00f6nnen einfachwirkende (Hydraulik nur in eine Richtung) oder doppeltwirkende (Hydraulik in beide Richtungen) Zylinder gew\u00e4hlt werden. Einige Modelle sind teleskopierbar und erm\u00f6glichen so eine gr\u00f6\u00dfere Auszugsl\u00e4nge ohne Vergr\u00f6\u00dferung der Au\u00dfenabmessungen. Dadurch eignen sie sich besonders f\u00fcr beengte Platzverh\u00e4ltnisse.<\/li>\n<li>Produktion: Unser Unternehmen kann dieses Produkt herstellen, und unser Produkt kann ein perfekter Ersatz f\u00fcr diese Hydraulikzylinder sein.<\/li>\n<\/ul>\n<p><img decoding=\"async\" src=\"https:\/\/www.hydraulic-cylinders.net\/wp-content\/uploads\/2025\/01\/songte-cylinder-head-with-all-kinds-excavator-models.webp\" alt=\"Bild zum Austausch des Schaufelzylinders\"><\/p>\n<h2>Anwendungen<\/h2>\n<p>Der Schaufelzylinder findet in verschiedenen Branchen vielf\u00e4ltige Anwendung, zum Beispiel:<\/p>\n<ul>\n<li>Baumaschinen: Bei Baggern sind sie unverzichtbar zum Graben, Laden und Bewegen von Erde oder Bauschutt. Bei Tiefladern unterst\u00fctzt der Schaufelzylinder sowohl das Graben als auch das Heben. <\/li>\n<li>Landwirtschaftliche Maschinen: Werden f\u00fcr Frontlader verwendet, um Erde, Heu und andere Materialien aufzunehmen, anzuheben und zu transportieren. <\/li>\n<li>Bagger: Der Schaufelzylinder bewirkt die Grabbewegung, indem er es der Schaufel erm\u00f6glicht, in den Boden einzudringen. <\/li>\n<li>Frontlader: Bei Frontladern helfen sie beim effektiven Anheben und Kippen von G\u00fctern.<\/li>\n<\/ul>\n<p>Der Schaufelzylinder kann f\u00fcr verschiedene Aufgaben in unterschiedlichen Branchen eingesetzt werden und ist somit ein vielseitiges Ger\u00e4t.<\/p>\n<h2>Design\u00fcberlegungen und Auswahlkriterien<\/h2>\n<p>Bei der Konstruktion von Schaufelzylindern spielen Tragf\u00e4higkeit, Dichtheit, Langlebigkeit, Sicherheit und Wartungsfreundlichkeit eine wichtige Rolle. Unsere Schaufelzylinder sind f\u00fcr hohe Belastungen ausgelegt und verf\u00fcgen \u00fcber eine hervorragende Abdichtung, die Leckagen verhindert und eine lange Lebensdauer gew\u00e4hrleistet. Sie bestehen aus robusten Materialien und wurden mit Blick auf Sicherheit und Wartungsfreundlichkeit entwickelt. <\/p>\n<p>Zu den Auswahlkriterien f\u00fcr Schaufelzylinder geh\u00f6ren Zylinderbohrung und Hubl\u00e4nge, Betriebsdruck- und Temperaturbereich sowie der Bauraum. Unsere Produkte bieten ein breites Spektrum an Spezifikationen, um unterschiedlichen Anforderungen gerecht zu werden.<\/p>\n<p><img decoding=\"async\" src=\"https:\/\/www.hydraulic-cylinders.net\/wp-content\/uploads\/2025\/01\/songte-oil-pipes-and-spare-parts.webp\" alt=\"Bild von Ersatzteilen f\u00fcr Schaufelzylinder\"><\/p>\n<h2>Abdichtung und Schmierung<\/h2>\n<p>Unsere Schaufelzylinder verwenden verschiedene Dichtungen, wie z. B. Kolben- und Stangendichtungen, aus verschlei\u00dffesten Materialien wie Polyurethan und Nitrilkautschuk. Zylinderk\u00f6rper und Gewindeendfl\u00e4che sind pr\u00e4zisionsbearbeitet, um die Verschlei\u00dffestigkeit zu erh\u00f6hen. Regelm\u00e4\u00dfige Schmierung mit geeignetem Hydraulik\u00f6l ist f\u00fcr einen reibungslosen Betrieb erforderlich.<\/p>\n<h2>Wartung und Reparatur<\/h2>\n<p>Regelm\u00e4\u00dfige Inspektionen, sachgem\u00e4\u00dfe Schmierung, Dichtungsaustausch und Kalibrierungspr\u00fcfungen sind g\u00e4ngige Wartungsarbeiten an Baggerzylindern. Korrekte Montage, Schmierung und Justierung sind unerl\u00e4sslich f\u00fcr die Langlebigkeit der Baggerzylinder. Bei der Montage ist die korrekte Ausrichtung des Zylinders entscheidend; zur Befestigung sollten geeignete Montagehalterungen verwendet werden. Wir empfehlen regelm\u00e4\u00dfige Inspektionen, Reparaturen und gegebenenfalls den Austausch von Verschlei\u00dfteilen, um die Lebensdauer der Baggerzylinder zu verl\u00e4ngern.<\/p>\n<p><img decoding=\"async\" src=\"https:\/\/www.hydraulic-cylinders.net\/wp-content\/uploads\/2025\/01\/songte-chushion-collar.webp\" alt=\"Abbildung der Ersatzteile f\u00fcr Schaufelzylinder\"><\/p>\n<h2>Sicherheitsaspekte und Umweltfaktoren<\/h2>\n<p>Zu den Sicherheitsma\u00dfnahmen f\u00fcr Hubzylinder geh\u00f6ren die fachgerechte Installation, Wartung und Bedienung, um Unf\u00e4lle zu vermeiden. Umwelteinfl\u00fcsse wie Temperatur, Luftfeuchtigkeit und Verunreinigungen k\u00f6nnen die Leistung von Hubzylindern beeintr\u00e4chtigen; daher sollten geeignete Ma\u00dfnahmen ergriffen werden, um diesen Problemen zu begegnen.<\/p>\n<h2>Fehlerbehebung und h\u00e4ufige Probleme<\/h2>\n<p>H\u00e4ufige Probleme mit Baggerzylindern sind Leckagen, unzureichende Leistung und ungew\u00f6hnliche Ger\u00e4usche. Bei Auftreten dieser Probleme empfiehlt es sich, einen Fachmann zu konsultieren. Regelm\u00e4\u00dfige Wartung und Inspektion k\u00f6nnen helfen, diese Probleme zu vermeiden.<\/p>\n<p><img decoding=\"async\" src=\"https:\/\/www.hydraulic-cylinders.net\/wp-content\/uploads\/2025\/01\/songte-bushings-with-all-kinds-of-excavator-models.webp\" alt=\"Bild der Buchse f\u00fcr den Schaufelzylinder\"><\/p>\n<h2>\u00dcber unser Unternehmen<\/h2>\n<p>Wir sind Hersteller von Hydraulikzylindern und bieten ein umfassendes Produktsortiment. Als f\u00fchrender Hersteller und Gro\u00dfh\u00e4ndler von Hydraulikzylindern auf dem nationalen und internationalen Markt setzen wir auf h\u00f6chste Qualit\u00e4t und industrialisierte Produktionsprozesse in modernsten Werkst\u00e4tten. Unser Ziel ist es, unsere Fertigungsplattform kontinuierlich zu verbessern, unsere Produktionslinien zu optimieren und mit unserer Innovationskraft die vielf\u00e4ltigen Kundenbed\u00fcrfnisse effizient, pr\u00e4zise und in h\u00f6chster Qualit\u00e4t zu erf\u00fcllen. <\/p>\n<p>Wir bieten unseren Kunden professionelle Dienstleistungen, internationale Zertifizierungen, kundenspezifische L\u00f6sungen, moderne Produktionsanlagen und Kundendienstleistungen.<\/p>\n<p><img decoding=\"async\" src=\"https:\/\/hzpt.com\/wp-content\/uploads\/2024\/11\/songte-company-1.webp\" alt=\"Firmenimage\"><\/p>\n<p>Autor: lyl.<\/p>","protected":false},"excerpt":{"rendered":"<p>Bucket Cylinder For Sunward Middle Excavator SWE26OLC Introduction A bucket cylinder is a specially designed hydraulic cylinder mainly used for controlling the movement of buckets in heavy machinery such as excavators, backhoe excavators, and front-end loaders. Its main function is to enable the bucket to lift, lower, and tilt, thus facilitating various material handling tasks. [&hellip;]<\/p>","protected":false},"featured_media":14762,"comment_status":"open","ping_status":"closed","template":"","meta":{"_et_pb_use_builder":"","_et_pb_old_content":"","_et_gb_content_width":""},"product_brand":[],"product_cat":[1494],"product_tag":[1495,1496],"class_list":{"0":"post-15520","1":"product","2":"type-product","3":"status-publish","4":"has-post-thumbnail","6":"product_cat-bucket-cylinders","7":"product_tag-bucket-cylinders","8":"product_tag-hydraulic-cylinders","10":"first","11":"instock","12":"shipping-taxable","13":"product-type-simple"},"amp_enabled":true,"_links":{"self":[{"href":"https:\/\/www.hydraulic-cylinders.net\/de\/wp-json\/wp\/v2\/product\/15520","targetHints":{"allow":["GET"]}}],"collection":[{"href":"https:\/\/www.hydraulic-cylinders.net\/de\/wp-json\/wp\/v2\/product"}],"about":[{"href":"https:\/\/www.hydraulic-cylinders.net\/de\/wp-json\/wp\/v2\/types\/product"}],"replies":[{"embeddable":true,"href":"https:\/\/www.hydraulic-cylinders.net\/de\/wp-json\/wp\/v2\/comments?post=15520"}],"wp:featuredmedia":[{"embeddable":true,"href":"https:\/\/www.hydraulic-cylinders.net\/de\/wp-json\/wp\/v2\/media\/14762"}],"wp:attachment":[{"href":"https:\/\/www.hydraulic-cylinders.net\/de\/wp-json\/wp\/v2\/media?parent=15520"}],"wp:term":[{"taxonomy":"product_brand","embeddable":true,"href":"https:\/\/www.hydraulic-cylinders.net\/de\/wp-json\/wp\/v2\/product_brand?post=15520"},{"taxonomy":"product_cat","embeddable":true,"href":"https:\/\/www.hydraulic-cylinders.net\/de\/wp-json\/wp\/v2\/product_cat?post=15520"},{"taxonomy":"product_tag","embeddable":true,"href":"https:\/\/www.hydraulic-cylinders.net\/de\/wp-json\/wp\/v2\/product_tag?post=15520"}],"curies":[{"name":"wp","href":"https:\/\/api.w.org\/{rel}","templated":true}]}}