{"id":15525,"date":"2025-01-19T14:38:19","date_gmt":"2025-01-19T14:38:19","guid":{"rendered":"https:\/\/www.hydraulic-cylinders.net\/product\/bucket-cylinder-for-sunward-large-excavator-swe365e\/"},"modified":"2025-01-19T14:38:21","modified_gmt":"2025-01-19T14:38:21","slug":"bucket-cylinder-for-sunward-large-excavator-swe365e","status":"publish","type":"product","link":"https:\/\/www.hydraulic-cylinders.net\/de\/produkt\/bucket-cylinder-for-sunward-large-excavator-swe365e\/","title":{"rendered":"Schaufelzylinder f\u00fcr Sunward Gro\u00dfbagger SWE365E"},"content":{"rendered":"<p><!DOCTYPE html><br \/>\n<html><br \/>\n<head><br \/>\n<title>Schaufelzylinder f\u00fcr Sunward Gro\u00dfbagger SWE365E<\/title><br \/>\n<\/head><br \/>\n<body><\/p>\n<h1>Schaufelzylinder f\u00fcr Sunward Gro\u00dfbagger SWE365E<\/h1>\n<h2>Einf\u00fchrung<\/h2>\n<p>Ein Schaufelzylinder ist ein speziell entwickelter Hydraulikzylinder zur Steuerung der Schaufelbewegung in schweren Maschinen wie Baggern, Baggerladern und Frontladern. Seine Hauptfunktion besteht darin, das Heben, Senken und Kippen der Schaufel zu erm\u00f6glichen und so verschiedene Materialtransportaufgaben zu erm\u00f6glichen. In einem Hydrauliksystem erm\u00f6glicht der Schaufelzylinder durch Druck\u00e4nderungen im Hydraulik\u00f6l eine pr\u00e4zise Steuerung der Schaufel. So k\u00f6nnen Bediener schwere Lasten effizient handhaben und sich an komplexe Arbeitsumgebungen und unterschiedliche Arbeitsanforderungen anpassen.<\/p>\n<p><img decoding=\"async\" src=\"https:\/\/www.hydraulic-cylinders.net\/wp-content\/uploads\/2025\/01\/songte-company-2.webp\" alt=\"Bild des Schaufelzylinders\"><\/p>\n<h2>Merkmale<\/h2>\n<ul>\n<li>Hohe Festigkeit und Langlebigkeit: Die typischerweise aus hochfestem Stahl oder Aluminium gefertigte Konstruktion h\u00e4lt hohem Druck und hohen Belastungen stand und eignet sich f\u00fcr raue Arbeitsumgebungen. Das Design ber\u00fccksichtigt Verschlei\u00dffestigkeit und Korrosionsbest\u00e4ndigkeit und verl\u00e4ngert so die Lebensdauer.<\/li>\n<li>Effizienter Hydraulikbetrieb: Durch den Druck des Hydraulik\u00f6ls werden sanfte Ausfahr- und Einfahrbewegungen erreicht, die starke Schub- und Zugkr\u00e4fte erzeugen. Geeignet f\u00fcr die Handhabung schwerer Lasten und komplexe Arbeitsaufgaben.<\/li>\n<li>Verschiedene Typen: Erh\u00e4ltlich als einfachwirkende (Hydraulikdruck wird nur in eine Richtung verwendet) oder doppeltwirkende (Hydraulikdruck wird in beide Richtungen verwendet) Zylinder f\u00fcr unterschiedliche Betriebsanforderungen. Einige Modelle sind teleskopisch und erm\u00f6glichen so eine gr\u00f6\u00dfere Ausdehnung ohne Vergr\u00f6\u00dferung der Au\u00dfenma\u00dfe. Dadurch eignen sie sich f\u00fcr Anwendungen mit begrenztem Platzangebot.<\/li>\n<li>Perfekter Ersatz: Unsere Produkte k\u00f6nnen diese Hydraulikzylinder perfekt ersetzen.<\/li>\n<\/ul>\n<p><img decoding=\"async\" src=\"https:\/\/www.hydraulic-cylinders.net\/wp-content\/uploads\/2025\/01\/songte-cylinder-head-with-all-kinds-excavator-models.webp\" alt=\"Hydraulikzylinderbild\"><\/p>\n<h2>Anwendungen<\/h2>\n<p>Der Schaufelzylinder findet in verschiedenen Ger\u00e4ten wichtige Anwendung:<\/p>\n<ul>\n<li>Baumaschinen: Bei Baggern sind sie f\u00fcr das Graben, Laden und Bewegen von Erde oder Schutt unerl\u00e4sslich. Bei Baggerladern unterst\u00fctzt der Schaufelzylinder sowohl das Graben als auch das Heben.<\/li>\n<li>Landwirtschaftliche Maschinen: Wird in Frontladern zum Schaufeln, Heben und Transportieren von Erde, Heu und anderen Materialien verwendet.<\/li>\n<li>Bagger: Der Schaufelzylinder erm\u00f6glicht Grabvorg\u00e4nge, indem er der Schaufel das Eindringen in den Boden erm\u00f6glicht.<\/li>\n<li>Lader: Bei Frontladern helfen sie beim effektiven Anheben und Kippen von G\u00fctern.<\/li>\n<\/ul>\n<h2>Design\u00fcberlegungen und Auswahlkriterien<\/h2>\n<p>Bei der Konstruktion von Schaufelzylindern m\u00fcssen mehrere Schl\u00fcsselfaktoren ber\u00fccksichtigt werden:<\/p>\n<ul>\n<li>Belastbarkeit<\/li>\n<li>Dichtungsleistung<\/li>\n<li>Haltbarkeit<\/li>\n<li>Sicherheit<\/li>\n<li>Wartbarkeit<\/li>\n<\/ul>\n<p><img decoding=\"async\" src=\"https:\/\/www.hydraulic-cylinders.net\/wp-content\/uploads\/2025\/01\/songte-oil-pipes-and-spare-parts.webp\" alt=\"Bild der Hydraulikzylinderkomponenten\"><\/p>\n<h2>Abdichtung und Schmierung<\/h2>\n<p>F\u00fcr eine optimale Abdichtung sorgen verschiedene Dichtungen, wie Kolben- und Stangendichtungen. Diese Dichtungen bestehen aus verschlei\u00dffesten Materialien wie Polyurethan und Nitrilkautschuk. Zylinderk\u00f6rper und Gewindefl\u00e4chen sind fein bearbeitet, um die Verschlei\u00dffestigkeit zu verbessern. Regelm\u00e4\u00dfige Schmierung mit der entsprechenden Menge Hydraulik\u00f6l ist erforderlich.<\/p>\n<h2>Regelm\u00e4\u00dfige Inspektionen und vorbeugende Wartung<\/h2>\n<p>Um optimale Leistung und Langlebigkeit zu gew\u00e4hrleisten, sollten regelm\u00e4\u00dfige Inspektionen und vorbeugende Wartungsma\u00dfnahmen durchgef\u00fchrt werden:<\/p>\n<ul>\n<li>\u00dcberpr\u00fcfen und Anpassen der Ausrichtung w\u00e4hrend der Installation<\/li>\n<li>Regelm\u00e4\u00dfige Schmierung<\/li>\n<li>Dichtungswechsel<\/li>\n<li>Kalibrierungspr\u00fcfungen<\/li>\n<\/ul>\n<p><img decoding=\"async\" src=\"https:\/\/www.hydraulic-cylinders.net\/wp-content\/uploads\/2025\/01\/songte-chushion-collar.webp\" alt=\"Hydraulikzylinder-Installationsbild\"><\/p>\n<h2>Sicherheitsaspekte und Umweltfaktoren<\/h2>\n<p>Beim Einsatz von Hydraulikzylindern sind Sicherheitsvorkehrungen von gr\u00f6\u00dfter Bedeutung. Sachgem\u00e4\u00dfe Installation, regelm\u00e4\u00dfige Wartung und die Einhaltung der Sicherheitsrichtlinien gew\u00e4hrleisten einen sicheren Betrieb. Auch Umweltfaktoren sollten ber\u00fccksichtigt werden, um negative Auswirkungen zu minimieren.<\/p>\n<h2>Fehlerbehebung und h\u00e4ufige Probleme<\/h2>\n<p>H\u00e4ufige Probleme mit Schaufelzylindern sind Leckagen, Leistungseinbu\u00dfen und ungew\u00f6hnliche Ger\u00e4usche. Hier finden Sie einige Tipps und L\u00f6sungen zur Fehlerbehebung:<\/p>\n<ul>\n<li>Regelm\u00e4\u00dfige \u00dcberpr\u00fcfung und Wartung des Zylinders<\/li>\n<li>Richten Sie den Zylinder w\u00e4hrend der Installation richtig aus<\/li>\n<li>Sorgen Sie f\u00fcr ausreichende Schmierung<\/li>\n<li>Ersetzen Sie verschlissene Komponenten<\/li>\n<\/ul>\n<p><img decoding=\"async\" src=\"https:\/\/www.hydraulic-cylinders.net\/wp-content\/uploads\/2025\/01\/songte-bushings-with-all-kinds-of-excavator-models.webp\" alt=\"Bild der Hydraulikzylinderbuchsen\"><\/p>\n<h2>\u00dcber unser Unternehmen<\/h2>\n<p>Wir sind ein f\u00fchrender Hersteller und Gro\u00dfh\u00e4ndler von Hydraulikzylindern auf dem nationalen und internationalen Markt. Mit einer breiten Produktpalette folgen wir den Prinzipien der Exzellenz und erf\u00fcllen vielf\u00e4ltige Kundenbed\u00fcrfnisse mit hoher Effizienz, Pr\u00e4zision und Qualit\u00e4t. Unser Unternehmen verf\u00fcgt \u00fcber moderne Produktionsanlagen, ein Team von technischen Experten und ein professionelles Pr\u00fcfsystem, um die Produktion erstklassiger Hydraulikzylinder zu gew\u00e4hrleisten.<\/p>\n<p><img decoding=\"async\" src=\"https:\/\/www.hydraulic-cylinders.net\/wp-content\/uploads\/2025\/01\/songte-company-3.webp\" alt=\"Firmenimage\"><\/p>\n<p><em>Autor: lyl<\/em><\/p>\n<p><img decoding=\"async\" src=\"https:\/\/hzpt.com\/wp-content\/uploads\/2024\/11\/songte-company-1.webp\" alt=\"Firmenimage\"><\/p>\n<p><\/body><br \/>\n<\/html><\/p>","protected":false},"excerpt":{"rendered":"<p>Bucket Cylinder For Sunward Large Excavator SWE365E Bucket Cylinder For Sunward Large Excavator SWE365E Introduction A bucket cylinder is a specifically designed hydraulic cylinder used to control the movement of buckets in heavy machinery such as excavators, backhoe loaders, and front loaders. Its main function is to enable the lifting, lowering, and tilting of the [&hellip;]<\/p>","protected":false},"featured_media":14785,"comment_status":"open","ping_status":"closed","template":"","meta":{"_et_pb_use_builder":"","_et_pb_old_content":"","_et_gb_content_width":""},"product_brand":[],"product_cat":[1494],"product_tag":[1495,1496],"class_list":{"0":"post-15525","1":"product","2":"type-product","3":"status-publish","4":"has-post-thumbnail","6":"product_cat-bucket-cylinders","7":"product_tag-bucket-cylinders","8":"product_tag-hydraulic-cylinders","10":"first","11":"instock","12":"shipping-taxable","13":"product-type-simple"},"amp_enabled":true,"_links":{"self":[{"href":"https:\/\/www.hydraulic-cylinders.net\/de\/wp-json\/wp\/v2\/product\/15525","targetHints":{"allow":["GET"]}}],"collection":[{"href":"https:\/\/www.hydraulic-cylinders.net\/de\/wp-json\/wp\/v2\/product"}],"about":[{"href":"https:\/\/www.hydraulic-cylinders.net\/de\/wp-json\/wp\/v2\/types\/product"}],"replies":[{"embeddable":true,"href":"https:\/\/www.hydraulic-cylinders.net\/de\/wp-json\/wp\/v2\/comments?post=15525"}],"wp:featuredmedia":[{"embeddable":true,"href":"https:\/\/www.hydraulic-cylinders.net\/de\/wp-json\/wp\/v2\/media\/14785"}],"wp:attachment":[{"href":"https:\/\/www.hydraulic-cylinders.net\/de\/wp-json\/wp\/v2\/media?parent=15525"}],"wp:term":[{"taxonomy":"product_brand","embeddable":true,"href":"https:\/\/www.hydraulic-cylinders.net\/de\/wp-json\/wp\/v2\/product_brand?post=15525"},{"taxonomy":"product_cat","embeddable":true,"href":"https:\/\/www.hydraulic-cylinders.net\/de\/wp-json\/wp\/v2\/product_cat?post=15525"},{"taxonomy":"product_tag","embeddable":true,"href":"https:\/\/www.hydraulic-cylinders.net\/de\/wp-json\/wp\/v2\/product_tag?post=15525"}],"curies":[{"name":"wp","href":"https:\/\/api.w.org\/{rel}","templated":true}]}}