{"id":15531,"date":"2025-01-19T14:38:49","date_gmt":"2025-01-19T14:38:49","guid":{"rendered":"https:\/\/www.hydraulic-cylinders.net\/product\/bucket-cylinder-for-sunward-hybrid-excavator-swe230s\/"},"modified":"2025-01-19T14:38:51","modified_gmt":"2025-01-19T14:38:51","slug":"bucket-cylinder-for-sunward-hybrid-excavator-swe230s","status":"publish","type":"product","link":"https:\/\/www.hydraulic-cylinders.net\/de\/produkt\/bucket-cylinder-for-sunward-hybrid-excavator-swe230s\/","title":{"rendered":"L\u00f6ffelzylinder f\u00fcr Sunward Hybridbagger SWE230S"},"content":{"rendered":"<h1>L\u00f6ffelzylinder f\u00fcr Sunward Hybridbagger SWE230S<\/h1>\n<h2>Einf\u00fchrung<\/h2>\n<p>Der Schaufelzylinder, auch Hydraulikzylinder genannt, ist ein Spezialzylinder zur Steuerung der Schaufelbewegung in Baumaschinen wie Baggern, Baggerladern und Radladern. Seine Hauptfunktion besteht darin, das Heben, Senken und Neigen der Schaufel zu erm\u00f6glichen und so verschiedene Materialumschlagsaufgaben zu erleichtern. Im Hydrauliksystem steuert der Schaufelzylinder die Schaufelbewegung pr\u00e4zise durch die Ver\u00e4nderung des Hydraulik\u00f6ldrucks. Dadurch k\u00f6nnen Bediener schwere Lasten effizient handhaben und sich an komplexe Arbeitsumgebungen und vielf\u00e4ltige Aufgaben anpassen.<\/p>\n<p><img decoding=\"async\" src=\"https:\/\/www.hydraulic-cylinders.net\/wp-content\/uploads\/2025\/01\/songte-company-2.webp\" alt=\"Bild des Schaufelzylinders\"><\/p>\n<h2>Merkmale<\/h2>\n<ul>\n<li>\n<h3>Hohe Festigkeit und Haltbarkeit<\/h3>\n<p>Der Schaufelzylinder besteht typischerweise aus hochfestem Stahl oder Aluminium, das hohem Druck und hohen Belastungen standh\u00e4lt, und ist unter Ber\u00fccksichtigung der Verschlei\u00df- und Korrosionsbest\u00e4ndigkeit konstruiert, um seine Lebensdauer zu verl\u00e4ngern.<\/p>\n<\/li>\n<li>\n<h3>Effizienter Hydraulikbetrieb<\/h3>\n<p>Der Zylinder des L\u00f6ffels nutzt den Druck von Hydraulik\u00f6l, um eine gleichm\u00e4\u00dfige Teleskopbewegung zu erzielen. Dadurch kann er schnell auf Steuerbefehle reagieren, eine starke Schub- und Zugkraft bereitstellen und eignet sich f\u00fcr die Handhabung schwerer Lasten und komplexer Arbeitsaufgaben.<\/p>\n<\/li>\n<li>\n<h3>Vielfalt der Typen<\/h3>\n<p>Der Schaufelzylinder kann je nach Bedarf als einfachwirkender (hydraulisch nur in eine Richtung wirkender) oder doppeltwirkender (hydraulisch in beide Richtungen wirkender) Zylinder ausgew\u00e4hlt werden, um unterschiedlichen Einsatzanforderungen gerecht zu werden. Einige Modelle sind teleskopierbar und erm\u00f6glichen so eine gr\u00f6\u00dfere Ausladung ohne Vergr\u00f6\u00dferung der Au\u00dfenabmessungen. Dadurch eignen sie sich besonders f\u00fcr Anwendungen mit begrenztem Platzangebot.<\/p>\n<\/li>\n<li>\n<h3>Ersatz f\u00fcr andere Hydraulikzylinder<\/h3>\n<p>Unser Produkt kann diese Hydraulikzylinder perfekt ersetzen und bietet eine hohe Leistungsf\u00e4higkeit zu geringeren Kosten.<\/p>\n<\/li>\n<\/ul>\n<p><img decoding=\"async\" src=\"https:\/\/www.hydraulic-cylinders.net\/wp-content\/uploads\/2025\/01\/songte-cylinder-head-with-all-kinds-excavator-models.webp\" alt=\"Bild zum Austausch des Schaufelzylinders\"><\/p>\n<h2>Anwendungen<\/h2>\n<p>Der Schaufelzylinder findet breite Anwendung in verschiedenen schweren Maschinen und Ger\u00e4ten:<\/p>\n<ul>\n<li>\n<h3>Baumaschinen<\/h3>\n<p>Sie sind in Baggern unverzichtbar zum Graben, Laden und Bewegen von Erde oder Schutt. Bei Baggerladern unterst\u00fctzt der Schaufelzylinder sowohl das Ausheben als auch das Heben. <\/p>\n<\/li>\n<li>\n<h3>Landmaschinen<\/h3>\n<p>Wird in Radladern zum Schaufeln, Heben und Transportieren von Erde, Heu und anderen Materialien verwendet. In Baggern erm\u00f6glicht der Schaufelzylinder das Graben, indem er das Eindringen der Schaufel in den Boden erlaubt.<\/p>\n<\/li>\n<li>\n<h3>Laderausr\u00fcstung<\/h3>\n<p>Bei Frontladern helfen sie beim effektiven Anheben und Kippen von G\u00fctern.<\/p>\n<\/li>\n<\/ul>\n<h2>Design\u00fcberlegungen und Auswahlkriterien<\/h2>\n<p>Bei der Auswahl und Konstruktion von Schaufelzylindern sollten folgende Faktoren ber\u00fccksichtigt werden:<\/p>\n<ul>\n<li>\n<h3>Tragf\u00e4higkeit<\/h3>\n<p>Der Zylinder des Schaufelblatts muss in der Lage sein, das Gewicht der transportierten Last zu tragen und \u00e4u\u00dferen Kr\u00e4ften wie Beschleunigung, Sto\u00df und Vibration standzuhalten.<\/p>\n<\/li>\n<li>\n<h3>Versiegelung<\/h3>\n<p>Der Schaufelzylinder sollte mit einer effektiven Abdichtung versehen sein, um Hydraulik\u00f6lverluste zu verhindern und den Verschlei\u00df der Zylinderkomponenten zu minimieren. F\u00fcr die Kolben- und Stangendichtungen wird die Verwendung verschlei\u00dffester Materialien wie Polyurethan und Nitrilkautschuk empfohlen. Zylinderk\u00f6rper und Gewindeendfl\u00e4chen sollten sorgf\u00e4ltig behandelt werden, um die Verschlei\u00dffestigkeit zu erh\u00f6hen. Zur Schmierung ist regelm\u00e4\u00dfiges Nachf\u00fcllen der erforderlichen Hydraulik\u00f6lmenge notwendig.<\/p>\n<\/li>\n<li>\n<h3>Haltbarkeit<\/h3>\n<p>Der Zylinder des Schaufelrads muss rauen Arbeitsbedingungen standhalten, korrosionsbest\u00e4ndig sein und eine lange Lebensdauer aufweisen. Die Verwendung hochfester Werkstoffe, eine sorgf\u00e4ltige W\u00e4rmebehandlung und eine pr\u00e4zise Bearbeitung k\u00f6nnen die Haltbarkeit des Zylinders erh\u00f6hen.<\/p>\n<\/li>\n<li>\n<h3>Sicherheit und Instandhaltung<\/h3>\n<p>Der Schaufelzylinder sollte mit Sicherheitsmerkmalen wie Not-Aus-Ventilen und \u00dcberlastschutz ausgestattet sein, um einen sicheren Betrieb zu gew\u00e4hrleisten. Regelm\u00e4\u00dfige Inspektion und Wartung sind erforderlich, um die einwandfreie Funktion sicherzustellen und potenzielle Probleme fr\u00fchzeitig zu erkennen und zu beheben. Der Austausch verschlissener Teile und die Durchf\u00fchrung von General\u00fcberholungen werden empfohlen, um die Lebensdauer des Schaufelzylinders zu verl\u00e4ngern.<\/p>\n<\/li>\n<\/ul>\n<p><img decoding=\"async\" src=\"https:\/\/www.hydraulic-cylinders.net\/wp-content\/uploads\/2025\/01\/songte-oil-pipes-and-spare-parts.webp\" alt=\"Abbildung der Teile des Schaufelzylinders\"><\/p>\n<h2>Installationsanleitung<\/h2>\n<p>F\u00fcr einen sicheren und effektiven Betrieb ist die korrekte Installation des Schaufelzylinders unerl\u00e4sslich. Folgende Richtlinien sind zu beachten:<\/p>\n<ul>\n<li>\n<h3>Richten Sie den Zylinder korrekt aus.<\/h3>\n<p>Richten Sie den Zylinder und die Montagehalterungen so aus, dass die korrekte Einbauposition gew\u00e4hrleistet ist.<\/p>\n<\/li>\n<li>\n<h3>Verwenden Sie geeignete Montagehalterungen.<\/h3>\n<p>Verwenden Sie geeignete Montagehalterungen, um den Zylinder zu befestigen.<\/p>\n<\/li>\n<li>\n<h3>Regelm\u00e4\u00dfige Inspektion und Wartung<\/h3>\n<p>Um die ordnungsgem\u00e4\u00dfe Funktion des Schaufelzylinders sicherzustellen, sind regelm\u00e4\u00dfige Inspektionen und Wartungsarbeiten durchzuf\u00fchren, einschlie\u00dflich Schmierung, Austausch der Dichtungen und Kalibrierungspr\u00fcfungen.<\/p>\n<\/li>\n<\/ul>\n<p><img decoding=\"async\" src=\"https:\/\/www.hydraulic-cylinders.net\/wp-content\/uploads\/2025\/01\/songte-chushion-collar.webp\" alt=\"Montagebild f\u00fcr den Eimerzylinder\"><\/p>\n<h2>Sicherheitsaspekte und Umweltfaktoren<\/h2>\n<p>Bei der Verwendung des Hubzylinders sind Sicherheitsvorkehrungen zu treffen, um Unf\u00e4lle und Verletzungen zu vermeiden. Die sachgem\u00e4\u00dfe Verwendung und Wartung des Zylinders tr\u00e4gt au\u00dferdem dazu bei, seine Umweltbelastung zu reduzieren.<\/p>\n<h2>Fehlerbehebung und h\u00e4ufige Probleme<\/h2>\n<p>H\u00e4ufige Probleme mit dem Baggerzylinder sind \u00d6llecks, Besch\u00e4digungen am Zylinderk\u00f6rper, Kolben, Kolbenstange und Dichtungen sowie Funktionsst\u00f6rungen des Hydrauliksystems. Fehlersuche und Reparatur sollten schnellstm\u00f6glich durchgef\u00fchrt werden, um Folgesch\u00e4den und Unf\u00e4lle zu vermeiden.<\/p>\n<h2>Abschluss<\/h2>\n<p>Unser Unternehmen ist ein f\u00fchrender Hersteller und Gro\u00dfh\u00e4ndler von Hydraulikzylindern auf dem nationalen und internationalen Markt und bietet eine breite Produktpalette in exzellenter Qualit\u00e4t. Wir streben danach, hocheffiziente, pr\u00e4zise und qualitativ hochwertige Produkte und Dienstleistungen anzubieten, um den vielf\u00e4ltigen Bed\u00fcrfnissen unserer Kunden gerecht zu werden.<\/p>\n<p><img decoding=\"async\" src=\"https:\/\/hzpt.com\/wp-content\/uploads\/2024\/11\/songte-company-1.webp\" alt=\"Firmenbild f\u00fcr Eimerzylinder\"><\/p>\n<h3>Autor: lyl<\/h3>","protected":false},"excerpt":{"rendered":"<p>Bucket Cylinder For Sunward Hybrid Excavator SWE230S Introduction The bucket cylinder, also known as a hydraulic cylinder, is a specialized cylinder designed to control the movement of the bucket in heavy machinery such as excavators, backhoes, and front loaders. Its main function is to enable the bucket to lift, lower, and tilt, making it easier [&hellip;]<\/p>","protected":false},"featured_media":14773,"comment_status":"open","ping_status":"closed","template":"","meta":{"_et_pb_use_builder":"","_et_pb_old_content":"","_et_gb_content_width":""},"product_brand":[],"product_cat":[1494],"product_tag":[1495,1496],"class_list":{"0":"post-15531","1":"product","2":"type-product","3":"status-publish","4":"has-post-thumbnail","6":"product_cat-bucket-cylinders","7":"product_tag-bucket-cylinders","8":"product_tag-hydraulic-cylinders","10":"first","11":"instock","12":"shipping-taxable","13":"product-type-simple"},"amp_enabled":true,"_links":{"self":[{"href":"https:\/\/www.hydraulic-cylinders.net\/de\/wp-json\/wp\/v2\/product\/15531","targetHints":{"allow":["GET"]}}],"collection":[{"href":"https:\/\/www.hydraulic-cylinders.net\/de\/wp-json\/wp\/v2\/product"}],"about":[{"href":"https:\/\/www.hydraulic-cylinders.net\/de\/wp-json\/wp\/v2\/types\/product"}],"replies":[{"embeddable":true,"href":"https:\/\/www.hydraulic-cylinders.net\/de\/wp-json\/wp\/v2\/comments?post=15531"}],"wp:featuredmedia":[{"embeddable":true,"href":"https:\/\/www.hydraulic-cylinders.net\/de\/wp-json\/wp\/v2\/media\/14773"}],"wp:attachment":[{"href":"https:\/\/www.hydraulic-cylinders.net\/de\/wp-json\/wp\/v2\/media?parent=15531"}],"wp:term":[{"taxonomy":"product_brand","embeddable":true,"href":"https:\/\/www.hydraulic-cylinders.net\/de\/wp-json\/wp\/v2\/product_brand?post=15531"},{"taxonomy":"product_cat","embeddable":true,"href":"https:\/\/www.hydraulic-cylinders.net\/de\/wp-json\/wp\/v2\/product_cat?post=15531"},{"taxonomy":"product_tag","embeddable":true,"href":"https:\/\/www.hydraulic-cylinders.net\/de\/wp-json\/wp\/v2\/product_tag?post=15531"}],"curies":[{"name":"wp","href":"https:\/\/api.w.org\/{rel}","templated":true}]}}