{"id":15542,"date":"2025-01-19T14:39:37","date_gmt":"2025-01-19T14:39:37","guid":{"rendered":"https:\/\/www.hydraulic-cylinders.net\/product\/bucket-cylinder-for-lishide-middle-excavator-sc220-8\/"},"modified":"2025-01-19T14:39:39","modified_gmt":"2025-01-19T14:39:39","slug":"bucket-cylinder-for-lishide-middle-excavator-sc220-8","status":"publish","type":"product","link":"https:\/\/www.hydraulic-cylinders.net\/de\/produkt\/bucket-cylinder-for-lishide-middle-excavator-sc220-8\/","title":{"rendered":"L\u00f6ffelzylinder f\u00fcr Lishide Mittelbagger SC220.8"},"content":{"rendered":"<h2>L\u00f6ffelzylinder f\u00fcr Lishide Mittelbagger SC220.8<\/h2>\n<h3>Einf\u00fchrung<\/h3>\n<p>Ein Schaufelzylinder ist ein spezieller Hydraulikzylinder, der die Bewegung von Schaufeln in Baumaschinen wie Baggern, Baggerladern und Radladern steuert. Seine Hauptfunktion besteht darin, das Heben, Senken und Neigen der Schaufel f\u00fcr ein einfaches Materialhandling zu erm\u00f6glichen. Im Hydrauliksystem steuert der Schaufelzylinder die Schaufelbewegung pr\u00e4zise durch die Variation des Hydraulik\u00f6ldrucks. Dadurch kann der Bediener schwere Lasten effizient handhaben und sich an komplexe Arbeitsumgebungen und vielf\u00e4ltige Arbeitsanforderungen anpassen.<\/p>\n<p><img decoding=\"async\" src=\"https:\/\/www.hydraulic-cylinders.net\/wp-content\/uploads\/2025\/01\/songte-company-2.webp\"><\/p>\n<h3>Merkmale<\/h3>\n<ul>\n<li>Hohe Festigkeit und Langlebigkeit: Typischerweise aus hochfestem Stahl oder Aluminium gefertigt, halten sie hohem Druck und hohen Belastungen stand, sind f\u00fcr raue Arbeitsumgebungen geeignet und auf Verschlei\u00df- und Korrosionsbest\u00e4ndigkeit ausgelegt, was die Lebensdauer verl\u00e4ngert.<\/li>\n<li>Effizienter Hydraulikbetrieb: Durch die Nutzung von Hydraulik\u00f6ldruck wird eine gleichm\u00e4\u00dfige Ausdehnung und Kontraktion erreicht; die Hydraulik reagiert schnell auf Steuerbefehle, bietet eine starke Schub- und Zugkraft und eignet sich f\u00fcr die Handhabung schwerer Lasten und komplexer Arbeitsaufgaben.<\/li>\n<li>Verschiedene Typen: Je nach Bedarf und Betriebsanforderungen k\u00f6nnen einfachwirkende (hydraulisch nur in eine Richtung wirkende) oder doppeltwirkende (hydraulisch in zwei Richtungen wirkende) Zylinder ausgew\u00e4hlt werden. Einige Modelle sind teleskopierbar und erm\u00f6glichen so eine gr\u00f6\u00dfere Auszugsl\u00e4nge ohne Vergr\u00f6\u00dferung der Au\u00dfenabmessungen \u2013 ideal f\u00fcr Anwendungen mit begrenztem Platzangebot.<\/li>\n<li>Einfacher Austausch: Unser Produkt kann diese Hydraulikzylinder perfekt ersetzen.<\/li>\n<\/ul>\n<p><img decoding=\"async\" src=\"https:\/\/www.hydraulic-cylinders.net\/wp-content\/uploads\/2025\/01\/songte-cylinder-head-with-all-kinds-excavator-models.webp\"><\/p>\n<h3>Anwendungen<\/h3>\n<ul>\n<li>Baumaschinen: In Baggern sind sie unverzichtbar zum Ausheben, Laden und Bewegen von Erde oder Bauschutt. In Baggerladern unterst\u00fctzen Schaufelzylinder sowohl das Ausheben als auch das Heben. In Radladern helfen sie beim effektiven Anheben und Kippen von G\u00fctern.<\/li>\n<li>Landwirtschaftliche Maschinen: Sie werden in Frontladern zum Schaufeln, Heben und Transportieren von Erde, Heu und anderen Materialien eingesetzt. In Baggern erm\u00f6glichen die Schaufelzylinder das Graben, indem sie die Schaufel in den Boden eindringen lassen. <\/li>\n<\/ul>\n<h3>Design\u00fcberlegungen und Auswahlstandards<\/h3>\n<ul>\n<li>Tragf\u00e4higkeit: Der Hydraulikzylinder muss hohen Belastungen und hohem Druck standhalten k\u00f6nnen.<\/li>\n<li>Abdichtung: Es sollten verschiedene Dichtungen verwendet werden, z. B. Kolbendichtungen und Stangendichtungen, die aus verschlei\u00dffesten Materialien wie Polyurethan und Nitrilkautschuk bestehen.<\/li>\n<li>Haltbarkeit: Der Zylinderk\u00f6rper und die Gewindeendfl\u00e4che sollten einer Feinbearbeitung unterzogen werden, um die Verschlei\u00dffestigkeit zu verbessern.<\/li>\n<li>Sicherheit: Der Hydraulikzylinder sollte mit Sicherheitsmerkmalen ausgestattet sein, um Unf\u00e4lle zu vermeiden.<\/li>\n<li>Wartungsfreundlichkeit: Der Hydraulikzylinder sollte wartungs- und reparaturfreundlich sein.<\/li>\n<\/ul>\n<p><img decoding=\"async\" src=\"https:\/\/www.hydraulic-cylinders.net\/wp-content\/uploads\/2025\/01\/songte-oil-pipes-and-spare-parts.webp\"><\/p>\n<h3>Abdichtung und Schmierung<\/h3>\n<p>Der Hydraulikzylinder sollte mit verschiedenen Dichtungen, wie Kolben- und Stangendichtungen, aus verschlei\u00dffesten Materialien wie Polyurethan und Nitrilkautschuk ausgestattet sein. Zylinderk\u00f6rper und Gewindeendfl\u00e4che m\u00fcssen feinbearbeitet werden, um die Verschlei\u00dffestigkeit zu verbessern. Der Hydraulikzylinder muss regelm\u00e4\u00dfig mit einer geeigneten Menge Hydraulik\u00f6l geschmiert werden.<\/p>\n<h3>Wartung und Reparatur<\/h3>\n<ul>\n<li>Regelm\u00e4\u00dfige Inspektion: \u00dcberpr\u00fcfen Sie den Hydraulikzylinder regelm\u00e4\u00dfig auf Undichtigkeiten, Risse oder Besch\u00e4digungen.<\/li>\n<li>Schmierung: Schmieren Sie den Hydraulikzylinder regelm\u00e4\u00dfig, um einen reibungslosen Betrieb zu gew\u00e4hrleisten.<\/li>\n<li>Dichtungswechsel: Ersetzen Sie die Dichtungen, wenn sie verschlissen, besch\u00e4digt oder undicht sind.<\/li>\n<\/ul>\n<p><img decoding=\"async\" src=\"https:\/\/www.hydraulic-cylinders.net\/wp-content\/uploads\/2025\/01\/songte-chushion-collar.webp\"><\/p>\n<h3>Sicherheitsaspekte und Umweltfaktoren<\/h3>\n<p>Beim Umgang mit dem Hydraulikzylinder m\u00fcssen unbedingt die Sicherheitsma\u00dfnahmen eingehalten werden, um Unf\u00e4lle zu vermeiden. Auch Umweltaspekte sollten bei der Entsorgung oder dem Recycling des Hydraulikzylinders ber\u00fccksichtigt werden.<\/p>\n<h3>Fehlerbehebung und h\u00e4ufige Probleme<\/h3>\n<ul>\n<li>Zylinderdrift: Hydraulikfl\u00fcssigkeitsstand, Ventilsitz und interne Leckagen pr\u00fcfen.<\/li>\n<li>Ruckelige Zylinderbewegung: Pr\u00fcfen Sie auf Verunreinigungen im Hydraulik\u00f6l, besch\u00e4digte Dichtungen oder verbogene Kolbenstangen.<\/li>\n<li>Langsame Zylinderbewegung: Pr\u00fcfen Sie auf niedrigen Hydraulikfl\u00fcssigkeitsstand, Systemlecks oder besch\u00e4digte Dichtungen.<\/li>\n<\/ul>\n<h3>Unternehmensvorstellung<\/h3>\n<p>Wir sind Hersteller von Hydraulikzylindern, die herk\u00f6mmliche Zylinder ersetzen k\u00f6nnen. Unser Unternehmen bietet ein umfassendes Produktsortiment und z\u00e4hlt zu den f\u00fchrenden Herstellern und Gro\u00dfh\u00e4ndlern von Hydraulikzylindern auf dem nationalen und internationalen Markt. Wir setzen auf h\u00f6chste Qualit\u00e4t, nutzen eine moderne Fertigungsstrategie mit fortschrittlichen Produktionsanlagen, optimieren kontinuierlich unsere Fertigungsplattform und perfektionieren unsere Produktionslinie f\u00fcr h\u00f6chste Produktqualit\u00e4t. Dabei zeichnen wir uns durch gro\u00dfe Innovationskraft aus. Unser Ziel ist es, die vielf\u00e4ltigen Kundenbed\u00fcrfnisse mit hocheffizienten, pr\u00e4zisen und qualitativ hochwertigen Produkten zu erf\u00fcllen. <\/p>\n<p><img decoding=\"async\" src=\"https:\/\/hzpt.com\/wp-content\/uploads\/2024\/11\/songte-company-1.webp\"><\/p>\n<h3>Unsere Dienste<\/h3>\n<ul>\n<li>Professionalit\u00e4t: Wir verf\u00fcgen \u00fcber ein Expertenteam, das unseren Kunden professionelle Dienstleistungen bietet.<\/li>\n<li>Internationale Zertifizierung: Unsere Produkte haben internationale Zertifizierungen wie ISO9001, CE und SGS bestanden.<\/li>\n<li>Anpassung: Wir k\u00f6nnen Hydraulikzylinder nach den spezifischen Bed\u00fcrfnissen unserer Kunden anpassen.<\/li>\n<li>Produktionsanlagen: Wir verf\u00fcgen \u00fcber moderne Produktionsanlagen, um die Qualit\u00e4t unserer Produkte zu gew\u00e4hrleisten.<\/li>\n<li>Kundendienst: Wir bieten einen exzellenten Kundendienst, um die Kundenzufriedenheit zu gew\u00e4hrleisten.<\/li>\n<\/ul>\n<p>Autor: lyl<\/p>\n<p><img decoding=\"async\" src=\"https:\/\/www.hydraulic-cylinders.net\/wp-content\/uploads\/2025\/01\/songte-bushings-with-all-kinds-of-excavator-models.webp\"><\/p>","protected":false},"excerpt":{"rendered":"<p>Bucket Cylinder for Lishide Middle Excavator SC220.8 Introduction A bucket cylinder is a specialized hydraulic cylinder designed to control the movement of shovels in heavy machinery such as excavators, backhoe loaders, and front-end loaders. Its primary function is to allow shovels to lift, lower and tilt for easy material handling. In the hydraulic system, the [&hellip;]<\/p>","protected":false},"featured_media":14782,"comment_status":"open","ping_status":"closed","template":"","meta":{"_et_pb_use_builder":"","_et_pb_old_content":"","_et_gb_content_width":""},"product_brand":[],"product_cat":[1494],"product_tag":[1495,1496],"class_list":{"0":"post-15542","1":"product","2":"type-product","3":"status-publish","4":"has-post-thumbnail","6":"product_cat-bucket-cylinders","7":"product_tag-bucket-cylinders","8":"product_tag-hydraulic-cylinders","10":"first","11":"instock","12":"shipping-taxable","13":"product-type-simple"},"amp_enabled":true,"_links":{"self":[{"href":"https:\/\/www.hydraulic-cylinders.net\/de\/wp-json\/wp\/v2\/product\/15542","targetHints":{"allow":["GET"]}}],"collection":[{"href":"https:\/\/www.hydraulic-cylinders.net\/de\/wp-json\/wp\/v2\/product"}],"about":[{"href":"https:\/\/www.hydraulic-cylinders.net\/de\/wp-json\/wp\/v2\/types\/product"}],"replies":[{"embeddable":true,"href":"https:\/\/www.hydraulic-cylinders.net\/de\/wp-json\/wp\/v2\/comments?post=15542"}],"wp:featuredmedia":[{"embeddable":true,"href":"https:\/\/www.hydraulic-cylinders.net\/de\/wp-json\/wp\/v2\/media\/14782"}],"wp:attachment":[{"href":"https:\/\/www.hydraulic-cylinders.net\/de\/wp-json\/wp\/v2\/media?parent=15542"}],"wp:term":[{"taxonomy":"product_brand","embeddable":true,"href":"https:\/\/www.hydraulic-cylinders.net\/de\/wp-json\/wp\/v2\/product_brand?post=15542"},{"taxonomy":"product_cat","embeddable":true,"href":"https:\/\/www.hydraulic-cylinders.net\/de\/wp-json\/wp\/v2\/product_cat?post=15542"},{"taxonomy":"product_tag","embeddable":true,"href":"https:\/\/www.hydraulic-cylinders.net\/de\/wp-json\/wp\/v2\/product_tag?post=15542"}],"curies":[{"name":"wp","href":"https:\/\/api.w.org\/{rel}","templated":true}]}}