{"id":15545,"date":"2025-01-19T14:39:56","date_gmt":"2025-01-19T14:39:56","guid":{"rendered":"https:\/\/www.hydraulic-cylinders.net\/product\/bucket-cylinder-for-lishide-large-excavator-sc360-8\/"},"modified":"2025-01-19T14:39:58","modified_gmt":"2025-01-19T14:39:58","slug":"bucket-cylinder-for-lishide-large-excavator-sc360-8","status":"publish","type":"product","link":"https:\/\/www.hydraulic-cylinders.net\/de\/produkt\/bucket-cylinder-for-lishide-large-excavator-sc360-8\/","title":{"rendered":"L\u00f6ffelzylinder f\u00fcr Lishide Gro\u00dfbagger SC360.8"},"content":{"rendered":"<p><!DOCTYPE html><br \/>\n<html><br \/>\n<head><br \/>\n  <title>L\u00f6ffelzylinder f\u00fcr Lishide Gro\u00dfbagger SC360.8<\/title><br \/>\n<\/head><br \/>\n<body><\/p>\n<h1>L\u00f6ffelzylinder f\u00fcr Lishide Gro\u00dfbagger SC360.8<\/h1>\n<h2>Einf\u00fchrung<\/h2>\n<p>Der Schaufelzylinder ist ein speziell entwickelter Hydraulikzylinder, der die Bewegung der Schaufel in Baumaschinen wie Baggern, Baggerladern und Radladern steuert. Seine Hauptfunktion besteht darin, das Heben, Senken und Neigen der Schaufel zu erm\u00f6glichen und so vielf\u00e4ltige Materialumschlagsaufgaben zu erleichtern. Im Hydrauliksystem gew\u00e4hrleistet der Schaufelzylinder die pr\u00e4zise Steuerung der Schaufel durch die Nutzung von Druck\u00e4nderungen im Hydraulik\u00f6l. Dies erm\u00f6glicht es dem Bediener, schwere Lasten effizient zu handhaben und sich an komplexe Arbeitsumgebungen und unterschiedliche Betriebsanforderungen anzupassen.<\/p>\n<p>  <img decoding=\"async\" src=\"https:\/\/www.hydraulic-cylinders.net\/wp-content\/uploads\/2025\/01\/songte-company-2.webp\" alt=\"Bild des Schaufelzylinders\"><\/p>\n<h2>Merkmale<\/h2>\n<ul>\n<li>Hohe Festigkeit und Langlebigkeit: Gefertigt aus hochfestem Stahl oder Aluminium, h\u00e4lt es hohem Druck und schweren Belastungen stand und eignet sich f\u00fcr anspruchsvolle Arbeitsumgebungen. Die Konstruktion ber\u00fccksichtigt Verschlei\u00df- und Korrosionsbest\u00e4ndigkeit und verl\u00e4ngert so die Lebensdauer.<\/li>\n<li>Effizienter Hydraulikbetrieb: Nutzt den Hydraulik\u00f6ldruck f\u00fcr gleichm\u00e4\u00dfige Teleskopbewegungen, erm\u00f6glicht eine schnelle Reaktion auf Steuerbefehle und bietet starke Schub- und Zugkr\u00e4fte, geeignet f\u00fcr die Handhabung schwerer Lasten und komplexer Arbeitsaufgaben.<\/li>\n<li>Verschiedene Typen: W\u00e4hlen Sie je nach Bedarf zwischen einfachwirkenden (hydraulisch nur in eine Richtung wirkenden) oder doppeltwirkenden (hydraulisch in beide Richtungen wirkenden) Zylindern. Einige Modelle sind teleskopierbar und erm\u00f6glichen so eine gr\u00f6\u00dfere Ausdehnung ohne Vergr\u00f6\u00dferung der Au\u00dfenabmessungen. Sie eignen sich daher f\u00fcr Anwendungen mit begrenztem Platzangebot.<\/li>\n<li>Perfekter Ersatz: Unsere Produkte k\u00f6nnen diese Hydraulikzylinder perfekt ersetzen.<\/li>\n<\/ul>\n<p>  <img decoding=\"async\" src=\"https:\/\/www.hydraulic-cylinders.net\/wp-content\/uploads\/2025\/01\/songte-cylinder-head-with-all-kinds-excavator-models.webp\" alt=\"Abbildung des Ersatzzylinders\"><\/p>\n<h2>Anwendungen<\/h2>\n<ul>\n<li>Baumaschinen: Sie sind in Baggern zu finden und unerl\u00e4sslich f\u00fcr Aushubarbeiten, das Laden und den Transport von Erde oder Bauschutt. Bei Baggerladern unterst\u00fctzt der Schaufelzylinder sowohl das Ausheben als auch das Heben.<\/li>\n<li>Landwirtschaftliche Maschinen: Wird in Frontladern zum Schaufeln, Heben und Transportieren von Erde, Heu und anderen Materialien verwendet.<\/li>\n<li>Bagger: Der Schaufelzylinder erm\u00f6glicht Grabvorg\u00e4nge, indem er der Schaufel das Eindringen in den Boden erm\u00f6glicht.<\/li>\n<li>Lader: Bei Frontladern helfen sie beim effektiven Anheben und Kippen von G\u00fctern.<\/li>\n<\/ul>\n<h2>Design\u00fcberlegungen und Auswahlkriterien<\/h2>\n<ul>\n<li>Tragf\u00e4higkeit: Erl\u00e4utern Sie die F\u00e4higkeit des Zylinders, Lasten zu tragen.<\/li>\n<li>Abdichtung: Erl\u00e4utern Sie die Bedeutung einer ordnungsgem\u00e4\u00dfen Abdichtung, um Leckagen zu vermeiden und einen effizienten Betrieb zu gew\u00e4hrleisten.<\/li>\n<li>Langlebigkeit: Er\u00f6rtern Sie die Konstruktionsaspekte im Hinblick auf Langlebigkeit, einschlie\u00dflich Verschlei\u00dffestigkeit und Korrosionsbest\u00e4ndigkeit.<\/li>\n<li>Sicherheit: Er\u00f6rtern Sie die Sicherheitsaspekte bei der Konstruktion des Zylinders.<\/li>\n<li>Wartung: Besprechen Sie die Wartungsaspekte, einschlie\u00dflich Reparatur und Austausch von Bauteilen.<\/li>\n<\/ul>\n<p>  <img decoding=\"async\" src=\"https:\/\/www.hydraulic-cylinders.net\/wp-content\/uploads\/2025\/01\/songte-oil-pipes-and-spare-parts.webp\" alt=\"Hydraulikzylinderkomponenten\"><\/p>\n<h2>Abdichtung und Schmierung<\/h2>\n<p>Zur Abdichtung werden verschiedene Dichtungen, wie Kolben- und Stangendichtungen, verwendet. Diese Dichtungen bestehen aus verschlei\u00dffesten Materialien wie Polyurethan und Nitrilkautschuk. Zylinderk\u00f6rper und Gewindeendfl\u00e4chen sind feinbearbeitet, um die Verschlei\u00dffestigkeit zu verbessern. Regelm\u00e4\u00dfige Schmierung mit der richtigen Menge Hydraulik\u00f6l ist f\u00fcr einen reibungslosen Betrieb unerl\u00e4sslich.<\/p>\n<h2>Regelm\u00e4\u00dfige Inspektion und vorbeugende Wartungsma\u00dfnahmen<\/h2>\n<ul>\n<li>Regelm\u00e4\u00dfige \u00dcberpr\u00fcfung des Zustands und der Leistung des Zylinders.<\/li>\n<li>Ausreichende Schmierung f\u00fcr einen reibungslosen Betrieb.<\/li>\n<li>Dichtungsaustausch und Kalibrierungspr\u00fcfungen nach Bedarf.<\/li>\n<\/ul>\n<p>  <img decoding=\"async\" src=\"https:\/\/www.hydraulic-cylinders.net\/wp-content\/uploads\/2025\/01\/songte-chushion-collar.webp\" alt=\"Kissenkragenbild\"><\/p>\n<h2>Sicherheitsaspekte und Umweltfaktoren<\/h2>\n<p>Er\u00f6rtern Sie die Bedeutung von Sicherheitsma\u00dfnahmen beim Umgang mit Hydraulikzylindern und ber\u00fccksichtigen Sie dabei auch Umweltfaktoren.<\/p>\n<p>  <img decoding=\"async\" src=\"https:\/\/www.hydraulic-cylinders.net\/wp-content\/uploads\/2025\/01\/songte-bushings-with-all-kinds-of-excavator-models.webp\" alt=\"Buchsen Bild\"><\/p>\n<h2>Fehlerbehebung und h\u00e4ufige Probleme<\/h2>\n<p>Er\u00f6rtern Sie h\u00e4ufig auftretende Probleme mit dem Baggerzylinder und geben Sie Tipps und L\u00f6sungen zur Fehlerbehebung, damit die Leser Probleme effektiv diagnostizieren und beheben k\u00f6nnen. Zudem werden vorbeugende Ma\u00dfnahmen zur Minimierung potenzieller Probleme vorgestellt.<\/p>\n<h2>Unternehmens\u00fcbersicht<\/h2>\n<p>Wir sind Hersteller von Hydraulikzylindern und bieten ein breites Produktsortiment an. Wir z\u00e4hlen zu den f\u00fchrenden Herstellern und Gro\u00dfh\u00e4ndlern von Hydraulikzylindern auf dem nationalen und internationalen Markt. In unseren modernen Fertigungsst\u00e4tten setzen wir auf h\u00f6chste Qualit\u00e4t und industrialisierte Produktionsmanagementstrategien. Dank unserer qualifizierten Fachkr\u00e4fte, modernster digitaler Fertigungsanlagen und professioneller Testsysteme optimieren wir kontinuierlich unsere Fertigungsprozesse, verbessern die Produktqualit\u00e4t und verf\u00fcgen \u00fcber ausgepr\u00e4gte Innovationskraft. Unser Ziel ist es, die vielf\u00e4ltigen Bed\u00fcrfnisse unserer Kunden effizient, pr\u00e4zise und in h\u00f6chster Qualit\u00e4t zu erf\u00fcllen.<\/p>\n<p>  <img decoding=\"async\" src=\"https:\/\/www.hydraulic-cylinders.net\/wp-content\/uploads\/2025\/01\/songte-company-3.webp\" alt=\"Firmenimage\"><\/p>\n<h2>Unternehmensdetails<\/h2>\n<ul>\n<li>Professionalit\u00e4t: Betonen Sie die Professionalit\u00e4t des Unternehmens.<\/li>\n<li>Internationale Zertifizierungen: Erl\u00e4utern Sie alle internationalen Zertifizierungen, die das Unternehmen erhalten hat.<\/li>\n<li>Anpassungsservices: Heben Sie die F\u00e4higkeit des Unternehmens hervor, kundenspezifische Dienstleistungen anzubieten.<\/li>\n<li>Produktionsanlagen: Beschreiben Sie die vom Unternehmen eingesetzten modernen Produktionsanlagen.<\/li>\n<li>Kundendienst: Beschreiben Sie den Kundendienst und die Unterst\u00fctzung des Unternehmens.<\/li>\n<\/ul>\n<p><\/body><br \/>\n<\/html><\/p>","protected":false},"excerpt":{"rendered":"<p>Bucket Cylinder For Lishide Large Excavator SC360.8 Bucket Cylinder For Lishide Large Excavator SC360.8 Introduction The bucket cylinder is a specially designed hydraulic cylinder used to control the movement of the bucket in heavy machinery such as excavators, backhoe loaders, and front-end loaders. Its main function is to allow the bucket to lift, lower, and [&hellip;]<\/p>","protected":false},"featured_media":14776,"comment_status":"open","ping_status":"closed","template":"","meta":{"_et_pb_use_builder":"","_et_pb_old_content":"","_et_gb_content_width":""},"product_brand":[],"product_cat":[1494],"product_tag":[1495,1496],"class_list":{"0":"post-15545","1":"product","2":"type-product","3":"status-publish","4":"has-post-thumbnail","6":"product_cat-bucket-cylinders","7":"product_tag-bucket-cylinders","8":"product_tag-hydraulic-cylinders","10":"first","11":"instock","12":"shipping-taxable","13":"product-type-simple"},"amp_enabled":true,"_links":{"self":[{"href":"https:\/\/www.hydraulic-cylinders.net\/de\/wp-json\/wp\/v2\/product\/15545","targetHints":{"allow":["GET"]}}],"collection":[{"href":"https:\/\/www.hydraulic-cylinders.net\/de\/wp-json\/wp\/v2\/product"}],"about":[{"href":"https:\/\/www.hydraulic-cylinders.net\/de\/wp-json\/wp\/v2\/types\/product"}],"replies":[{"embeddable":true,"href":"https:\/\/www.hydraulic-cylinders.net\/de\/wp-json\/wp\/v2\/comments?post=15545"}],"wp:featuredmedia":[{"embeddable":true,"href":"https:\/\/www.hydraulic-cylinders.net\/de\/wp-json\/wp\/v2\/media\/14776"}],"wp:attachment":[{"href":"https:\/\/www.hydraulic-cylinders.net\/de\/wp-json\/wp\/v2\/media?parent=15545"}],"wp:term":[{"taxonomy":"product_brand","embeddable":true,"href":"https:\/\/www.hydraulic-cylinders.net\/de\/wp-json\/wp\/v2\/product_brand?post=15545"},{"taxonomy":"product_cat","embeddable":true,"href":"https:\/\/www.hydraulic-cylinders.net\/de\/wp-json\/wp\/v2\/product_cat?post=15545"},{"taxonomy":"product_tag","embeddable":true,"href":"https:\/\/www.hydraulic-cylinders.net\/de\/wp-json\/wp\/v2\/product_tag?post=15545"}],"curies":[{"name":"wp","href":"https:\/\/api.w.org\/{rel}","templated":true}]}}