{"id":15557,"date":"2025-01-19T14:40:52","date_gmt":"2025-01-19T14:40:52","guid":{"rendered":"https:\/\/www.hydraulic-cylinders.net\/product\/bucket-cylinder-for-lovol-middle-excavator-fr200\/"},"modified":"2025-01-19T14:40:54","modified_gmt":"2025-01-19T14:40:54","slug":"bucket-cylinder-for-lovol-middle-excavator-fr200","status":"publish","type":"product","link":"https:\/\/www.hydraulic-cylinders.net\/de\/produkt\/bucket-cylinder-for-lovol-middle-excavator-fr200\/","title":{"rendered":"L\u00f6ffelzylinder f\u00fcr Lovol Mittelbagger FR200"},"content":{"rendered":"<h1>L\u00f6ffelzylinder f\u00fcr Lovol Mittelbagger FR200<\/h1>\n<h2>Produktdefinition<\/h2>\n<p>Der Schaufelzylinder ist ein speziell entwickelter Hydraulikzylinder, der die Bewegung der Schaufel in Baumaschinen wie Baggern, Baggerladern und Radladern steuert. Seine Hauptfunktion besteht darin, das Heben, Senken und Neigen der Schaufel zu erm\u00f6glichen und so vielf\u00e4ltige Materialumschlagsaufgaben zu erleichtern. Im Hydrauliksystem gew\u00e4hrleistet der Schaufelzylinder durch die Nutzung von Druck\u00e4nderungen im Hydraulik\u00f6l eine pr\u00e4zise Steuerung der Schaufel. Dies erlaubt dem Bediener, schwere Lasten effizient zu handhaben und sich an komplexe Arbeitsumgebungen und unterschiedliche Betriebsanforderungen anzupassen.<\/p>\n<p><img decoding=\"async\" src=\"https:\/\/www.hydraulic-cylinders.net\/wp-content\/uploads\/2025\/01\/songte-company-2.webp\" alt=\"Abbildung des Produkts\"><\/p>\n<h2>Produkteigenschaften<\/h2>\n<ul>\n<li><strong>Hohe Festigkeit und Haltbarkeit:<\/strong> Der typischerweise aus hochfestem Stahl oder Aluminium gefertigte Schaufelzylinder ist in der Lage, hohem Druck und schweren Lasten standzuhalten und sich so an raue Arbeitsbedingungen anzupassen. Seine Konstruktion ber\u00fccksichtigt Verschlei\u00df- und Korrosionsbest\u00e4ndigkeit, was seine Lebensdauer verl\u00e4ngert.<\/li>\n<li><strong>Effizienter Hydraulikbetrieb:<\/strong> Durch die Nutzung des Drucks von Hydraulik\u00f6l erreicht der Zylinder der Schaufel ein gleichm\u00e4\u00dfiges Aus- und Einfahren, was eine schnelle Reaktion auf Steuerbefehle erm\u00f6glicht und starke Schub- und Zugkr\u00e4fte bereitstellt, die f\u00fcr den Umgang mit schweren Lasten und komplexen Arbeitsaufgaben geeignet sind.<\/li>\n<li><strong>Verschiedene Typen:<\/strong> Der Schaufelzylinder ist je nach Bedarf als einfachwirkender (Hydraulik wirkt nur in eine Richtung) oder doppeltwirkender (Hydraulik wirkt in beide Richtungen) Zylinder erh\u00e4ltlich und erf\u00fcllt somit unterschiedliche Einsatzanforderungen. Einige Modelle sind teleskopierbar und erm\u00f6glichen so eine gr\u00f6\u00dfere Ausladung ohne Vergr\u00f6\u00dferung der Au\u00dfenabmessungen \u2013 ideal f\u00fcr Anwendungen mit begrenztem Platzangebot.<\/li>\n<li><strong>Perfekter Ersatz:<\/strong> Unsere Produkte k\u00f6nnen diese Hydraulikzylinder perfekt ersetzen.<\/li>\n<\/ul>\n<p><img decoding=\"async\" src=\"https:\/\/www.hydraulic-cylinders.net\/wp-content\/uploads\/2025\/01\/songte-cylinder-head-with-all-kinds-excavator-models.webp\" alt=\"Abbildung des Produkts\"><\/p>\n<h2>Anwendungen<\/h2>\n<p>Der Schaufelzylinder findet in verschiedenen Industrien und Ger\u00e4ten Anwendung:<\/p>\n<ul>\n<li><strong>Baumaschinen:<\/strong> Sie sind in Baggern unverzichtbar zum Ausheben, Laden und Bewegen von Erde oder Schutt. Bei Baggerladern unterst\u00fctzt der Schaufelzylinder sowohl das Ausheben als auch das Heben.<\/li>\n<li><strong>Landmaschinen:<\/strong> Wird in Frontladern zum Schaufeln, Anheben und Transportieren von Erde, Heu und anderen Materialien verwendet.<\/li>\n<li><strong>Bagger:<\/strong> Der Zylinder des L\u00f6ffels erm\u00f6glicht Grabvorg\u00e4nge, indem er das Eindringen des L\u00f6ffels in den Boden erlaubt.<\/li>\n<li><strong>Lader:<\/strong> Bei Frontladern unterst\u00fctzen sie das effiziente Anheben und Abladen von G\u00fctern.<\/li>\n<\/ul>\n<h2>Design\u00fcberlegungen und Auswahlkriterien<\/h2>\n<p>Bei der Konstruktion von Schaufelzylindern werden verschiedene Faktoren ber\u00fccksichtigt:<\/p>\n<ul>\n<li><strong>Belastbarkeit:<\/strong> Der Zylinder muss den zu erwartenden Belastungen standhalten k\u00f6nnen, ohne zu versagen.<\/li>\n<li><strong>Versiegelung:<\/strong> Um eine ordnungsgem\u00e4\u00dfe Abdichtung zu gew\u00e4hrleisten und Leckagen zu verhindern, werden verschiedene Dichtungskomponenten wie Kolbendichtungen und Pleuelstangendichtungen verwendet.<\/li>\n<li><strong>Haltbarkeit:<\/strong> Der Zylinder ist so konstruiert, dass er den rauen Betriebsbedingungen standh\u00e4lt und eine dauerhafte Leistung erbringt.<\/li>\n<li><strong>Sicherheit:<\/strong> Sicherheitsvorkehrungen sind integriert, um Unf\u00e4lle zu verhindern und den Schutz von Bedienern und Ausr\u00fcstung zu gew\u00e4hrleisten.<\/li>\n<li><strong>Wartbarkeit:<\/strong> Es wurden Vorkehrungen getroffen, um die Wartung und Reparatur des Zylinders zu erleichtern.<\/li>\n<\/ul>\n<p><img decoding=\"async\" src=\"https:\/\/www.hydraulic-cylinders.net\/wp-content\/uploads\/2025\/01\/songte-oil-pipes-and-spare-parts.webp\" alt=\"Abbildung des Produkts\"><\/p>\n<h2>Abdichtung und Schmierung<\/h2>\n<p>Der Schaufelzylinder verwendet verschiedene Dichtungen, wie Kolben- und Stangendichtungen, aus verschlei\u00dffesten Materialien wie Polyurethan und Nitrilkautschuk. Zylinderk\u00f6rper und Gewindeenden werden einer Feinbearbeitung unterzogen, um die Verschlei\u00dffestigkeit zu erh\u00f6hen. Regelm\u00e4\u00dfige Schmierung mit der richtigen Menge Hydraulik\u00f6l ist f\u00fcr einen reibungslosen Betrieb unerl\u00e4sslich.<\/p>\n<h2>Regelm\u00e4\u00dfige Inspektion und vorbeugende Wartung<\/h2>\n<p>Um eine optimale Leistung zu gew\u00e4hrleisten und die Lebensdauer des Schaufelzylinders zu verl\u00e4ngern, sollten regelm\u00e4\u00dfige Inspektionen und vorbeugende Wartungsarbeiten durchgef\u00fchrt werden. Folgende Ma\u00dfnahmen werden empfohlen:<\/p>\n<ul>\n<li>Pr\u00fcfen Sie den Zylinder auf Anzeichen von Besch\u00e4digungen, Lecks oder Verschlei\u00df.<\/li>\n<li>Schmieren Sie den Zylinder ordnungsgem\u00e4\u00df gem\u00e4\u00df den Richtlinien des Herstellers.<\/li>\n<li>Ersetzen Sie verschlissene Dichtungen und f\u00fchren Sie bei Bedarf Kalibrierungspr\u00fcfungen durch.<\/li>\n<\/ul>\n<p><img decoding=\"async\" src=\"https:\/\/www.hydraulic-cylinders.net\/wp-content\/uploads\/2025\/01\/songte-chushion-collar.webp\" alt=\"Abbildung des Produkts\"><\/p>\n<h2>Sicherheitsaspekte und Umweltfaktoren<\/h2>\n<p>Bei der Verwendung des Hubzylinders ist die Einhaltung der Sicherheitsma\u00dfnahmen von h\u00f6chster Wichtigkeit. Sicherheitsvorkehrungen sind unbedingt zu befolgen, um Unf\u00e4lle zu vermeiden und die Sicherheit von Bedienern und Umstehenden zu gew\u00e4hrleisten. Auch Umweltaspekte wie die ordnungsgem\u00e4\u00dfe Abfallentsorgung und die Einhaltung gesetzlicher Vorschriften sind zu ber\u00fccksichtigen.<\/p>\n<h2>Fehlerdiagnose und Fehlerbehebung<\/h2>\n<p>Bei St\u00f6rungen oder Problemen mit dem Schaufelzylinder k\u00f6nnen die folgenden Tipps und Methoden zur Fehlerbehebung helfen, die Probleme effektiv zu diagnostizieren und zu beheben. Es ist au\u00dferdem wichtig, vorbeugende Ma\u00dfnahmen zu ergreifen, um potenzielle Probleme zu minimieren.<\/p>\n<p><img decoding=\"async\" src=\"https:\/\/www.hydraulic-cylinders.net\/wp-content\/uploads\/2025\/01\/songte-bushings-with-all-kinds-of-excavator-models.webp\" alt=\"Abbildung des Produkts\"><\/p>\n<h2>Unternehmensvorstellung<\/h2>\n<p>Wir sind ein auf die Produktion von Hydraulikzylindern spezialisierter Hersteller. Mit unserem breiten Produktangebot z\u00e4hlen wir zu den f\u00fchrenden Herstellern und Gro\u00dfh\u00e4ndlern von Hydraulikzylindern auf nationalen und internationalen M\u00e4rkten. Wir setzen auf h\u00f6chste Qualit\u00e4t und industrialisierte Produktionsmanagementstrategien in unseren bestens ausgestatteten Fertigungshallen. Durch den Einsatz qualifizierter Fachkr\u00e4fte, fortschrittlicher Fertigungsanlagen und professioneller Pr\u00fcfsysteme optimieren wir kontinuierlich unsere Fertigungsprozesse, sichern die Produktqualit\u00e4t und verf\u00fcgen \u00fcber ausgepr\u00e4gte Innovationskraft, um die vielf\u00e4ltigen Kundenbed\u00fcrfnisse effizient, pr\u00e4zise und in h\u00f6chster Qualit\u00e4t zu erf\u00fcllen.<\/p>\n<p><img decoding=\"async\" src=\"https:\/\/www.hydraulic-cylinders.net\/wp-content\/uploads\/2025\/01\/songte-company-3.webp\" alt=\"Firmenimage\"><\/p>\n<p>Unser Unternehmen ist bekannt f\u00fcr:<\/p>\n<ul>\n<li>Professionalit\u00e4t<\/li>\n<li>Internationale Zertifizierungen<\/li>\n<li>Anpassungsdienste<\/li>\n<li>Produktionsausr\u00fcstung<\/li>\n<li>Kundendienst<\/li>\n<\/ul>\n<p><em>Autor: lyl<\/em><\/p>","protected":false},"excerpt":{"rendered":"<p>Bucket Cylinder For Lovol Middle Excavator FR200 Product Definition The bucket cylinder is a specifically designed hydraulic cylinder used to control the movement of the bucket in heavy machinery such as excavators, backhoe loaders, and front-end loaders. Its main function is to enable the lifting, lowering, and tilting of the bucket, making it convenient for [&hellip;]<\/p>","protected":false},"featured_media":14782,"comment_status":"open","ping_status":"closed","template":"","meta":{"_et_pb_use_builder":"","_et_pb_old_content":"","_et_gb_content_width":""},"product_brand":[],"product_cat":[1494],"product_tag":[1495,1496],"class_list":{"0":"post-15557","1":"product","2":"type-product","3":"status-publish","4":"has-post-thumbnail","6":"product_cat-bucket-cylinders","7":"product_tag-bucket-cylinders","8":"product_tag-hydraulic-cylinders","10":"first","11":"instock","12":"shipping-taxable","13":"product-type-simple"},"amp_enabled":true,"_links":{"self":[{"href":"https:\/\/www.hydraulic-cylinders.net\/de\/wp-json\/wp\/v2\/product\/15557","targetHints":{"allow":["GET"]}}],"collection":[{"href":"https:\/\/www.hydraulic-cylinders.net\/de\/wp-json\/wp\/v2\/product"}],"about":[{"href":"https:\/\/www.hydraulic-cylinders.net\/de\/wp-json\/wp\/v2\/types\/product"}],"replies":[{"embeddable":true,"href":"https:\/\/www.hydraulic-cylinders.net\/de\/wp-json\/wp\/v2\/comments?post=15557"}],"wp:featuredmedia":[{"embeddable":true,"href":"https:\/\/www.hydraulic-cylinders.net\/de\/wp-json\/wp\/v2\/media\/14782"}],"wp:attachment":[{"href":"https:\/\/www.hydraulic-cylinders.net\/de\/wp-json\/wp\/v2\/media?parent=15557"}],"wp:term":[{"taxonomy":"product_brand","embeddable":true,"href":"https:\/\/www.hydraulic-cylinders.net\/de\/wp-json\/wp\/v2\/product_brand?post=15557"},{"taxonomy":"product_cat","embeddable":true,"href":"https:\/\/www.hydraulic-cylinders.net\/de\/wp-json\/wp\/v2\/product_cat?post=15557"},{"taxonomy":"product_tag","embeddable":true,"href":"https:\/\/www.hydraulic-cylinders.net\/de\/wp-json\/wp\/v2\/product_tag?post=15557"}],"curies":[{"name":"wp","href":"https:\/\/api.w.org\/{rel}","templated":true}]}}