{"id":15560,"date":"2025-01-19T14:41:05","date_gmt":"2025-01-19T14:41:05","guid":{"rendered":"https:\/\/www.hydraulic-cylinders.net\/product\/bucket-cylinder-for-lovol-middle-excavator-fr225\/"},"modified":"2025-01-19T14:41:07","modified_gmt":"2025-01-19T14:41:07","slug":"bucket-cylinder-for-lovol-middle-excavator-fr225","status":"publish","type":"product","link":"https:\/\/www.hydraulic-cylinders.net\/de\/produkt\/bucket-cylinder-for-lovol-middle-excavator-fr225\/","title":{"rendered":"L\u00f6ffelzylinder f\u00fcr Lovol Mittelbagger FR225"},"content":{"rendered":"<h1>L\u00f6ffelzylinder f\u00fcr Lovol Mittelbagger FR225<\/h1>\n<h2>Einf\u00fchrung<\/h2>\n<p>Der L\u00f6ffelzylinder f\u00fcr den Lovol-Mittelbagger FR225 ist ein Spezialhydraulikzylinder zur Steuerung der L\u00f6ffelbewegung in Baumaschinen wie Baggern, Radladern und Baggerladern. Seine Hauptfunktion besteht darin, das Heben, Senken und Neigen des L\u00f6ffels zu erm\u00f6glichen und so verschiedene Materialumschlagsaufgaben zu erleichtern. Im Hydrauliksystem gew\u00e4hrleistet der L\u00f6ffelzylinder durch die Anpassung des Hydraulik\u00f6ldrucks eine pr\u00e4zise Steuerung der L\u00f6ffelbewegungen. Dies erm\u00f6glicht dem Bediener, schwere Lasten effizient zu handhaben und sich an komplexe Arbeitsumgebungen und vielf\u00e4ltige Aufgaben anzupassen.<\/p>\n<p><img decoding=\"async\" src=\"https:\/\/www.hydraulic-cylinders.net\/wp-content\/uploads\/2025\/01\/songte-company-2.webp\" alt=\"Schaufelzylinder\"><\/p>\n<h2>Merkmale<\/h2>\n<ul>\n<li>Hohe Festigkeit und Langlebigkeit: Typischerweise aus hochfestem Stahl oder Aluminium gefertigt, widerstandsf\u00e4hig gegen hohen Druck und schwere Lasten, anpassungsf\u00e4hig an raue Arbeitsumgebungen, auf Verschlei\u00df- und Korrosionsbest\u00e4ndigkeit ausgelegt, um die Lebensdauer zu verl\u00e4ngern.<\/li>\n<li>Effizienter Hydraulikbetrieb: Nutzt Hydraulik\u00f6ldruck f\u00fcr ein sanftes Aus- und Einfahren, reagiert schnell auf Steuerbefehle, bietet eine starke Schub- und Zugkraft und eignet sich f\u00fcr die Handhabung schwerer Lasten und komplexer Arbeitsaufgaben.<\/li>\n<li>Verschiedene Typen: Je nach Bedarf und unterschiedlichen Betriebsanforderungen kann zwischen einfachwirkenden (Hydraulik\u00f6l wird in eine Richtung verwendet) und doppeltwirkenden (Hydraulik\u00f6l wird in beide Richtungen verwendet) Zylindern gew\u00e4hlt werden. Einige Modelle sind teleskopierbar und erm\u00f6glichen so eine gr\u00f6\u00dfere Ausladung ohne Vergr\u00f6\u00dferung der Au\u00dfenabmessungen. Sie eignen sich daher f\u00fcr Anwendungen mit begrenztem Platzangebot.<\/li>\n<\/ul>\n<p>Wir k\u00f6nnen dieses Produkt herstellen, und unsere Produkte k\u00f6nnen diese Hydraulikzylinder perfekt ersetzen.<\/p>\n<p><img decoding=\"async\" src=\"https:\/\/www.hydraulic-cylinders.net\/wp-content\/uploads\/2025\/01\/songte-cylinder-head-with-all-kinds-excavator-models.webp\" alt=\"Zylinderkopf\"><\/p>\n<h2>Anwendungen<\/h2>\n<h3>Baumaschinen<\/h3>\n<p>Bei Baggern sind sie unverzichtbar zum Graben, Laden und Bewegen von Erde oder Bauschutt. Bei Tiefladern unterst\u00fctzen die Schaufelzylinder sowohl das Graben als auch das Heben. Bei Radladern helfen sie beim effizienten Heben und Abladen von G\u00fctern.<\/p>\n<h3>Landmaschinen<\/h3>\n<p>Sie werden in Radladern zum Schaufeln, Anheben und Transportieren von Erde, Heu und anderen Materialien eingesetzt. In Baggern erm\u00f6glichen die Zylinder der Schaufel das Graben, indem sie das Eindringen der Schaufel in den Boden erlauben.<\/p>\n<h3>Industriemaschinen<\/h3>\n<p>Schaufelzylinder werden in einer Vielzahl von Industriemaschinen eingesetzt, darunter Kr\u00e4ne, Gabelstapler und Materialtransportger\u00e4te.<\/p>\n<h2>Design\u00fcberlegungen und Auswahlkriterien<\/h2>\n<h3>Tragf\u00e4higkeit<\/h3>\n<p>Die Tragf\u00e4higkeit des Schaufelzylinders ist ein wesentlicher Konstruktionsfaktor. Er muss der Last des zu f\u00f6rdernden Materials standhalten und auch unter rauen Umgebungsbedingungen zuverl\u00e4ssig funktionieren.<\/p>\n<h3>Versiegelung<\/h3>\n<p>Eine effektive Abdichtung ist unerl\u00e4sslich, um das Auslaufen von Hydraulik\u00f6l zu verhindern und einen reibungslosen Betrieb zu gew\u00e4hrleisten.<\/p>\n<h3>Haltbarkeit<\/h3>\n<p>Der Zylinder des Eimers muss robust genug sein, um starker Beanspruchung standzuhalten und Verschlei\u00df und Korrosion zu widerstehen, um seine Lebensdauer zu verl\u00e4ngern.<\/p>\n<h3>Sicherheit<\/h3>\n<p>Sicherheit ist ein entscheidender Aspekt bei der Konstruktion von Hydraulikzylindern. Sie sollten so konstruiert sein, dass Unf\u00e4lle w\u00e4hrend des Betriebs verhindert werden.<\/p>\n<h3>Wartung<\/h3>\n<p>Regelm\u00e4\u00dfige Wartung ist unerl\u00e4sslich, um den zuverl\u00e4ssigen und sicheren Betrieb des Schaufelzylinders zu gew\u00e4hrleisten. Die Wartung sollte regelm\u00e4\u00dfige Kontrollen und Schmierungen der beweglichen Teile, den Austausch verschlissener oder besch\u00e4digter Dichtungen sowie Kalibrierungspr\u00fcfungen umfassen.<\/p>\n<p><img decoding=\"async\" src=\"https:\/\/www.hydraulic-cylinders.net\/wp-content\/uploads\/2025\/01\/songte-oil-pipes-and-spare-parts.webp\" alt=\"\u00d6lleitungen und Ersatzteile\"><\/p>\n<h2>Abdichtung und Schmierung<\/h2>\n<p>Der Schaufelzylinder verwendet verschiedene Dichtungen, wie Kolben- und Stangendichtungen, aus verschlei\u00dffesten Materialien wie Polyurethan und Nitrilkautschuk. Zylinderk\u00f6rper und Gewindeendfl\u00e4chen werden sorgf\u00e4ltig bearbeitet, um die Verschlei\u00dffestigkeit zu verbessern. Regelm\u00e4\u00dfige Schmierung mit einer angemessenen Menge Hydraulik\u00f6l ist notwendig, um einen reibungslosen Betrieb zu gew\u00e4hrleisten und Verschlei\u00df und Korrosion vorzubeugen.<\/p>\n<h2>Wartung und Reparatur<\/h2>\n<p>Regelm\u00e4\u00dfige Wartung ist unerl\u00e4sslich f\u00fcr den zuverl\u00e4ssigen und sicheren Betrieb des Baggerzylinders. Zu den Wartungsarbeiten geh\u00f6ren regelm\u00e4\u00dfige Kontrollen, Schmierung, der Austausch verschlissener oder besch\u00e4digter Dichtungen sowie Kalibrierungspr\u00fcfungen. Der korrekte Einbau und die pr\u00e4zise Ausrichtung des Zylinders sind von entscheidender Bedeutung. Zur sicheren Befestigung des Zylinders empfehlen wir die Verwendung geeigneter Montagehalterungen. Dar\u00fcber hinaus empfehlen wir die Einhaltung der empfohlenen Inspektions-, Reparatur- und Austauschverfahren und bieten Ersatzteile und \u00dcberholungsdienste an, um die Lebensdauer des Baggerzylinders zu verl\u00e4ngern.<\/p>\n<p><img decoding=\"async\" src=\"https:\/\/www.hydraulic-cylinders.net\/wp-content\/uploads\/2025\/01\/songte-chushion-collar.webp\" alt=\"Chushion-Halsband\"><\/p>\n<h2>Sicherheits- und Umweltaspekte<\/h2>\n<p>Bei der Verwendung von Hubzylindern ist es unerl\u00e4sslich, die Sicherheitsrichtlinien zu befolgen, um Unf\u00e4lle zu vermeiden und die Sicherheit des Bedieners zu gew\u00e4hrleisten. Wir empfehlen au\u00dferdem, die Umweltrichtlinien f\u00fcr die Entsorgung von gebrauchtem Hydraulik\u00f6l und anderen Abfallstoffen zu beachten.<\/p>\n<h2>Fehlerdiagnose und Fehlerbehebung<\/h2>\n<p>H\u00e4ufige Probleme mit Schaufelzylindern sind \u00d6lleckagen, unzureichender Druck und unregelm\u00e4\u00dfige Bewegungen. Zur Fehlerdiagnose sind eine sorgf\u00e4ltige Inspektion und Pr\u00fcfung erforderlich, um die Ursache des Problems zu ermitteln. Wir empfehlen, Probleme umgehend zu beheben, um weitere Sch\u00e4den am Zylinder und anderen Maschinenteilen zu vermeiden.<\/p>\n<h2>Unternehmensvorstellung<\/h2>\n<p>Wir sind ein Hersteller von Hydraulikzylindern mit einem umfassenden Produktsortiment und haben uns zu einem der f\u00fchrenden Hersteller und Gro\u00dfh\u00e4ndler von Hydraulikzylindern auf dem nationalen und internationalen Markt entwickelt. Wir folgen dem Prinzip h\u00f6chster Qualit\u00e4t, setzen auf eine industrialisierte Produktionsstrategie in unseren Pr\u00e4zisionsfertigungswerkst\u00e4tten, optimieren kontinuierlich unsere Fertigungsplattform, perfektionieren unsere Qualit\u00e4tsproduktionsprozesse und verf\u00fcgen \u00fcber ausgepr\u00e4gte Innovationskraft, um die vielf\u00e4ltigen Kundenbed\u00fcrfnisse mit hoher Effizienz, Pr\u00e4zision und Qualit\u00e4t zu erf\u00fcllen.<\/p>\n<p><img decoding=\"async\" src=\"https:\/\/hzpt.com\/wp-content\/uploads\/2024\/11\/songte-company-1.webp\" alt=\"Unternehmen\"><\/p>\n<h3>Professionalit\u00e4t<\/h3>\n<p>Wir verf\u00fcgen \u00fcber ein Team erfahrener Fachleute mit Expertise in der Konstruktion, Produktion und Pr\u00fcfung von Hydraulikzylindern.<\/p>\n<h3>Internationale Zertifizierung<\/h3>\n<p>Unsere Produkte haben internationale Zertifizierungen wie CE und ISO 9001 bestanden, wodurch sichergestellt wird, dass sie internationalen Qualit\u00e4tsstandards entsprechen.<\/p>\n<h3>Anpassungsdienste<\/h3>\n<p>Wir bieten ma\u00dfgeschneiderte L\u00f6sungen an, um den spezifischen Bed\u00fcrfnissen unserer Kunden gerecht zu werden.<\/p>\n<h3>Produktionsausr\u00fcstung<\/h3>\n<p>Wir verwenden moderne Produktionsanlagen, darunter CNC-Maschinen und Pr\u00e4zisionspr\u00fcfger\u00e4te, um die Genauigkeit und Qualit\u00e4t unserer Produkte zu gew\u00e4hrleisten.<\/p>\n<h3>Kundendienst<\/h3>\n<p>Wir bieten einen umfassenden Kundendienst, der Installationsanleitung, Wartungsschulungen sowie Austausch- und Reparaturleistungen umfasst.<\/p>\n<p>Autor: lyl.<\/p>","protected":false},"excerpt":{"rendered":"<p>Bucket Cylinder For Lovol Middle Excavator FR225 Introduction The bucket cylinder for Lovol middle excavator FR225 is a specialized hydraulic cylinder designed for controlling the movement of the bucket in heavy machinery such as excavators, backhoe excavators, and front-end loaders. Its primary function is to enable the bucket to lift, lower, and tilt, making it [&hellip;]<\/p>","protected":false},"featured_media":14776,"comment_status":"open","ping_status":"closed","template":"","meta":{"_et_pb_use_builder":"","_et_pb_old_content":"","_et_gb_content_width":""},"product_brand":[],"product_cat":[1494],"product_tag":[1495,1496],"class_list":{"0":"post-15560","1":"product","2":"type-product","3":"status-publish","4":"has-post-thumbnail","6":"product_cat-bucket-cylinders","7":"product_tag-bucket-cylinders","8":"product_tag-hydraulic-cylinders","10":"first","11":"instock","12":"shipping-taxable","13":"product-type-simple"},"amp_enabled":true,"_links":{"self":[{"href":"https:\/\/www.hydraulic-cylinders.net\/de\/wp-json\/wp\/v2\/product\/15560","targetHints":{"allow":["GET"]}}],"collection":[{"href":"https:\/\/www.hydraulic-cylinders.net\/de\/wp-json\/wp\/v2\/product"}],"about":[{"href":"https:\/\/www.hydraulic-cylinders.net\/de\/wp-json\/wp\/v2\/types\/product"}],"replies":[{"embeddable":true,"href":"https:\/\/www.hydraulic-cylinders.net\/de\/wp-json\/wp\/v2\/comments?post=15560"}],"wp:featuredmedia":[{"embeddable":true,"href":"https:\/\/www.hydraulic-cylinders.net\/de\/wp-json\/wp\/v2\/media\/14776"}],"wp:attachment":[{"href":"https:\/\/www.hydraulic-cylinders.net\/de\/wp-json\/wp\/v2\/media?parent=15560"}],"wp:term":[{"taxonomy":"product_brand","embeddable":true,"href":"https:\/\/www.hydraulic-cylinders.net\/de\/wp-json\/wp\/v2\/product_brand?post=15560"},{"taxonomy":"product_cat","embeddable":true,"href":"https:\/\/www.hydraulic-cylinders.net\/de\/wp-json\/wp\/v2\/product_cat?post=15560"},{"taxonomy":"product_tag","embeddable":true,"href":"https:\/\/www.hydraulic-cylinders.net\/de\/wp-json\/wp\/v2\/product_tag?post=15560"}],"curies":[{"name":"wp","href":"https:\/\/api.w.org\/{rel}","templated":true}]}}