{"id":15561,"date":"2025-01-19T14:41:09","date_gmt":"2025-01-19T14:41:09","guid":{"rendered":"https:\/\/www.hydraulic-cylinders.net\/product\/bucket-cylinder-for-lovol-middle-excavator-fr260\/"},"modified":"2025-01-19T14:41:11","modified_gmt":"2025-01-19T14:41:11","slug":"bucket-cylinder-for-lovol-middle-excavator-fr260","status":"publish","type":"product","link":"https:\/\/www.hydraulic-cylinders.net\/de\/produkt\/bucket-cylinder-for-lovol-middle-excavator-fr260\/","title":{"rendered":"L\u00f6ffelzylinder f\u00fcr Lovol Mittelbagger FR260"},"content":{"rendered":"<h1>L\u00f6ffelzylinder f\u00fcr Lovol Mittelbagger FR260<\/h1>\n<h2>Einf\u00fchrung<\/h2>\n<p>Der Schaufelzylinder f\u00fcr den Lovol Mittelbagger FR260 ist ein Spezialhydraulikzylinder zur Steuerung der Schaufelbewegung in Baumaschinen wie Baggern, Radladern und Baggerladern. Seine Hauptfunktion besteht darin, das Heben, Senken und Neigen der Schaufel zu erm\u00f6glichen und so verschiedene Materialumschlagsaufgaben zu erleichtern. Im Hydrauliksystem gew\u00e4hrleistet der Schaufelzylinder durch die Anpassung des Hydraulik\u00f6ldrucks eine pr\u00e4zise Steuerung der Schaufelbewegung. Dies erm\u00f6glicht es dem Bediener, schwere Lasten effizient zu handhaben und sich an komplexe Arbeitsumgebungen und vielf\u00e4ltige Betriebsanforderungen anzupassen.<\/p>\n<p><img loading=\"lazy\" decoding=\"async\" src=\"https:\/\/www.hydraulic-cylinders.net\/wp-content\/uploads\/2025\/01\/songte-company-2.webp\" alt=\"L\u00f6ffelzylinder f\u00fcr Lovol Mittelbagger FR260\" height=\"300\" width=\"400\"><\/p>\n<h2>Merkmale<\/h2>\n<ul>\n<li>Hohe Festigkeit und Langlebigkeit: Typischerweise aus hochfestem Stahl oder Aluminium gefertigt, h\u00e4lt es hohem Druck und schweren Belastungen stand und eignet sich f\u00fcr raue Arbeitsumgebungen. Seine Konstruktion ber\u00fccksichtigt Verschlei\u00df- und Korrosionsbest\u00e4ndigkeit und verl\u00e4ngert so seine Lebensdauer.<\/li>\n<li>Effizienter Hydraulikbetrieb: Sanfte Aus- und Einfahrbewegungen werden durch den Einsatz von Hydraulik\u00f6ldruck erreicht, der starke Schub- und Zugkr\u00e4fte sowie eine schnelle Reaktion auf Steuerbefehle erm\u00f6glicht. Dadurch eignet sich das System f\u00fcr die Handhabung schwerer Lasten und komplexer Arbeitsaufgaben.<\/li>\n<li>Verschiedene Typen: Je nach Bedarf k\u00f6nnen einfachwirkende (Hydraulik wirkt nur in eine Richtung) oder doppeltwirkende (Hydraulik wirkt in beide Richtungen) Zylinder ausgew\u00e4hlt werden. Einige Modelle sind teleskopierbar und erm\u00f6glichen so eine gr\u00f6\u00dfere Ausladung ohne Vergr\u00f6\u00dferung der Au\u00dfenabmessungen. Dadurch eignen sie sich besonders f\u00fcr Anwendungen mit beengten Platzverh\u00e4ltnissen.<\/li>\n<li>Kann andere Hydraulikzylinder ersetzen: Unsere Produkte k\u00f6nnen andere Hydraulikzylinder perfekt ersetzen.<\/li>\n<\/ul>\n<p><img loading=\"lazy\" decoding=\"async\" src=\"https:\/\/www.hydraulic-cylinders.net\/wp-content\/uploads\/2025\/01\/songte-cylinder-head-with-all-kinds-excavator-models.webp\" alt=\"L\u00f6ffelzylinder f\u00fcr Lovol Mittelbagger FR260\" height=\"300\" width=\"400\"><\/p>\n<h2>Anwendungen<\/h2>\n<p>Der L\u00f6ffelzylinder f\u00fcr den Lovol-Mittelbagger FR260 findet breite Anwendung in verschiedenen Baumaschinen, darunter:<\/p>\n<ul>\n<li>Baumaschinen: Bei Baggern sind sie unverzichtbar zum Graben, Laden und Bewegen von Erde oder Bauschutt. Bei Tiefladern unterst\u00fctzt der L\u00f6ffelzylinder sowohl das Graben als auch das Heben. <\/li>\n<li>Landwirtschaftliche Maschinen: Wird in Frontladern zum Schaufeln, Heben und Transportieren von Erde, Heu und anderen Materialien verwendet. <\/li>\n<li>Bagger: Der Schaufelzylinder erm\u00f6glicht das Ausheben von Erdarbeiten, indem er das Eindringen der Schaufel in den Boden erlaubt. <\/li>\n<li>Lader: Bei Frontladern helfen sie beim effektiven Anheben und Kippen von Lasten.<\/li>\n<\/ul>\n<h2>Design\u00fcberlegungen und Auswahlkriterien<\/h2>\n<p>Bei der Konstruktion des L\u00f6ffelzylinders f\u00fcr den Lovol-Mittelbagger FR260 wurden verschiedene Faktoren ber\u00fccksichtigt:<\/p>\n<ul>\n<li>Tragf\u00e4higkeit<\/li>\n<li>Dichtungsleistung<\/li>\n<li>Haltbarkeit<\/li>\n<li>Sicherheit<\/li>\n<li>Wartbarkeit<\/li>\n<\/ul>\n<p><img loading=\"lazy\" decoding=\"async\" src=\"https:\/\/www.hydraulic-cylinders.net\/wp-content\/uploads\/2025\/01\/songte-oil-pipes-and-spare-parts.webp\" alt=\"L\u00f6ffelzylinder f\u00fcr Lovol Mittelbagger FR260\" height=\"300\" width=\"400\"><\/p>\n<h2>Abdichtung und Schmierung<\/h2>\n<p>Verschiedene Dichtungskomponenten wie Kolben- und Pleueldichtungen werden sorgf\u00e4ltig ausgew\u00e4hlt und bestehen aus verschlei\u00dffesten Materialien wie Polyurethan und Nitrilkautschuk. Zylinderk\u00f6rper und Gewindeendfl\u00e4chen werden feinbearbeitet, um die Verschlei\u00dffestigkeit zu verbessern. Zur Schmierung ist regelm\u00e4\u00dfiges Nachf\u00fcllen von ausreichend Hydraulik\u00f6l erforderlich.<\/p>\n<h2>Inspektions- und vorbeugende Wartungsma\u00dfnahmen<\/h2>\n<p>Regelm\u00e4\u00dfige Inspektionen und vorbeugende Wartungsarbeiten wie Schmierung, Dichtungsaustausch und Kalibrierungspr\u00fcfungen sind erforderlich, um eine optimale Leistung zu gew\u00e4hrleisten. Die korrekte Ausrichtung und Montage des Zylinders sind unerl\u00e4sslich; zur sicheren Befestigung des Zylinders sind geeignete Halterungen zu verwenden. Empfohlene Inspektions-, Reparatur- und Austauschverfahren, der Austausch von Teilen sowie \u00dcberholungsarbeiten k\u00f6nnen die Lebensdauer des Zylinders verl\u00e4ngern.<\/p>\n<p><img loading=\"lazy\" decoding=\"async\" src=\"https:\/\/www.hydraulic-cylinders.net\/wp-content\/uploads\/2025\/01\/songte-chushion-collar.webp\" alt=\"L\u00f6ffelzylinder f\u00fcr Lovol Mittelbagger FR260\" height=\"300\" width=\"400\"><\/p>\n<h2>Sicherheits- und Umweltaspekte<\/h2>\n<p>Bei der Verwendung des L\u00f6ffelzylinders f\u00fcr den Lovol-Mittelbagger FR260 sind Sicherheitsma\u00dfnahmen zu beachten, um einen sicheren Betrieb zu gew\u00e4hrleisten. Der Zylinder ist nach Gebrauch umweltgerecht zu entsorgen.<\/p>\n<h2>Fehlerbehebung und h\u00e4ufige Probleme<\/h2>\n<p>H\u00e4ufige Probleme mit dem L\u00f6ffelzylinder des Lovol-Mittelbaggers FR260 sind Leckagen, unzureichende Schub- oder Zugkraft und Dichtungssch\u00e4den. Tipps und L\u00f6sungen zur Fehlerbehebung sollten bereitgestellt werden, um eine korrekte Diagnose und Probleml\u00f6sung zu erleichtern. Zudem sollten vorbeugende Ma\u00dfnahmen vorgeschlagen werden, um potenzielle Probleme zu minimieren.<\/p>\n<p><img loading=\"lazy\" decoding=\"async\" src=\"https:\/\/www.hydraulic-cylinders.net\/wp-content\/uploads\/2025\/01\/songte-bushings-with-all-kinds-of-excavator-models.webp\" alt=\"L\u00f6ffelzylinder f\u00fcr Lovol Mittelbagger FR260\" height=\"300\" width=\"400\"><\/p>\n<h2>\u00dcber uns<\/h2>\n<p>Wir sind Hersteller von Hydraulikzylinder-Ersatzteilen. Unser Unternehmen bietet eine breite Produktpalette und z\u00e4hlt damit zu den f\u00fchrenden Herstellern und Gro\u00dfh\u00e4ndlern von Hydraulikzylindern auf nationalen und internationalen M\u00e4rkten. Wir legen gr\u00f6\u00dften Wert auf Qualit\u00e4tskontrolle und setzen auf industrialisierte Produktionsmanagementstrategien in modernsten Fertigungswerkst\u00e4tten. Unsere Fertigungsplattformen und Produktionslinien werden kontinuierlich optimiert. Wir sind in der Lage, hocheffiziente, pr\u00e4zise und qualitativ hochwertige Produkte zu entwickeln, die den vielf\u00e4ltigen Bed\u00fcrfnissen unserer Kunden gerecht werden. <\/p>\n<p><img loading=\"lazy\" decoding=\"async\" src=\"https:\/\/hzpt.com\/wp-content\/uploads\/2024\/11\/songte-company-1.webp\" alt=\"L\u00f6ffelzylinder f\u00fcr Lovol Mittelbagger FR260\" height=\"300\" width=\"400\"><\/p>\n<h3>Professionalit\u00e4t<\/h3>\n<p>Unser Unternehmen verf\u00fcgt \u00fcber professionelle Techniker und fortschrittliche Technologie in der Hydraulikzylinderindustrie und gew\u00e4hrleistet so qualitativ hochwertige Produkte und Dienstleistungen, die den Bed\u00fcrfnissen unserer Kunden entsprechen.<\/p>\n<h3>Internationale Zertifizierung<\/h3>\n<p>Unser Unternehmen hat verschiedene internationale Zertifizierungssysteme durchlaufen, darunter ISO 9001, CE und T\u00dcV. Wir garantieren unseren Kunden qualitativ hochwertige Produkte und Dienstleistungen.<\/p>\n<h3>Anpassungsdienste<\/h3>\n<p>Wir bieten ma\u00dfgeschneiderte Serviceleistungen f\u00fcr unsere Produkte an, um den unterschiedlichen Kundenanforderungen gerecht zu werden.<\/p>\n<h3>Produktionsausr\u00fcstung<\/h3>\n<p>Unser Unternehmen verf\u00fcgt \u00fcber eine komplette Ausstattung mit hochmodernen digitalen Produktions- und Testger\u00e4ten, um die Qualit\u00e4t unserer Produkte zu gew\u00e4hrleisten.<\/p>\n<h3>Kundendienst<\/h3>\n<p>Unser Unternehmen bietet ein umfassendes Kundendienstsystem, um die Kundenzufriedenheit zu gew\u00e4hrleisten.<\/p>\n<p>Autor: lyl<\/p>","protected":false},"excerpt":{"rendered":"<p>Bucket Cylinder For Lovol Middle Excavator FR260 Introduction The Bucket Cylinder for Lovol Middle Excavator FR260 is a specialized hydraulic cylinder designed to control the movement of the shovel bucket in heavy machinery such as excavators, backhoe excavators, and front loaders. Its main function is to allow the bucket to lift, lower, and tilt, facilitating [&hellip;]<\/p>","protected":false},"featured_media":14773,"comment_status":"open","ping_status":"closed","template":"","meta":{"_et_pb_use_builder":"","_et_pb_old_content":"","_et_gb_content_width":""},"product_brand":[],"product_cat":[1494],"product_tag":[1495,1496],"class_list":{"0":"post-15561","1":"product","2":"type-product","3":"status-publish","4":"has-post-thumbnail","6":"product_cat-bucket-cylinders","7":"product_tag-bucket-cylinders","8":"product_tag-hydraulic-cylinders","10":"first","11":"instock","12":"shipping-taxable","13":"product-type-simple"},"amp_enabled":true,"_links":{"self":[{"href":"https:\/\/www.hydraulic-cylinders.net\/de\/wp-json\/wp\/v2\/product\/15561","targetHints":{"allow":["GET"]}}],"collection":[{"href":"https:\/\/www.hydraulic-cylinders.net\/de\/wp-json\/wp\/v2\/product"}],"about":[{"href":"https:\/\/www.hydraulic-cylinders.net\/de\/wp-json\/wp\/v2\/types\/product"}],"replies":[{"embeddable":true,"href":"https:\/\/www.hydraulic-cylinders.net\/de\/wp-json\/wp\/v2\/comments?post=15561"}],"wp:featuredmedia":[{"embeddable":true,"href":"https:\/\/www.hydraulic-cylinders.net\/de\/wp-json\/wp\/v2\/media\/14773"}],"wp:attachment":[{"href":"https:\/\/www.hydraulic-cylinders.net\/de\/wp-json\/wp\/v2\/media?parent=15561"}],"wp:term":[{"taxonomy":"product_brand","embeddable":true,"href":"https:\/\/www.hydraulic-cylinders.net\/de\/wp-json\/wp\/v2\/product_brand?post=15561"},{"taxonomy":"product_cat","embeddable":true,"href":"https:\/\/www.hydraulic-cylinders.net\/de\/wp-json\/wp\/v2\/product_cat?post=15561"},{"taxonomy":"product_tag","embeddable":true,"href":"https:\/\/www.hydraulic-cylinders.net\/de\/wp-json\/wp\/v2\/product_tag?post=15561"}],"curies":[{"name":"wp","href":"https:\/\/api.w.org\/{rel}","templated":true}]}}