{"id":15578,"date":"2025-01-19T14:42:24","date_gmt":"2025-01-19T14:42:24","guid":{"rendered":"https:\/\/www.hydraulic-cylinders.net\/product\/bucket-cylinder-for-liugong-middle-excavator-clg925d-925e\/"},"modified":"2025-01-19T14:42:26","modified_gmt":"2025-01-19T14:42:26","slug":"bucket-cylinder-for-liugong-middle-excavator-clg925d-925e","status":"publish","type":"product","link":"https:\/\/www.hydraulic-cylinders.net\/de\/produkt\/bucket-cylinder-for-liugong-middle-excavator-clg925d-925e\/","title":{"rendered":"L\u00f6ffelzylinder f\u00fcr Liugong Mittelbagger CLG925D\/925E"},"content":{"rendered":"<h1>L\u00f6ffelzylinder f\u00fcr Liugong Mittelbagger CLG925D\/925E<\/h1>\n<h2>Einf\u00fchrung<\/h2>\n<p>Der Schaufelzylinder ist ein speziell entwickelter Hydraulikzylinder, der prim\u00e4r zur Steuerung der Schaufelbewegung in Baumaschinen wie Baggern, Baggerladern und Radladern eingesetzt wird. Seine Hauptfunktion besteht darin, das Heben, Senken und Neigen der Schaufel zu erm\u00f6glichen und so verschiedene Materialumschlagsaufgaben zu erleichtern. Im Hydrauliksystem gew\u00e4hrleistet der Schaufelzylinder durch die Anpassung des Hydraulik\u00f6ldrucks eine pr\u00e4zise Steuerung der Schaufel. Dies erm\u00f6glicht es dem Bediener, schwere Lasten effizient zu handhaben, sich an komplexe Arbeitsumgebungen anzupassen und vielf\u00e4ltige Arbeitsanforderungen zu erf\u00fcllen.<\/p>\n<p><img decoding=\"async\" src=\"https:\/\/www.hydraulic-cylinders.net\/wp-content\/uploads\/2025\/01\/songte-company-2.webp\" alt=\"Schaufelzylinder\"><\/p>\n<h2>Merkmale<\/h2>\n<ul>\n<li>\n<h3>Hohe Festigkeit und Haltbarkeit:<\/h3>\n<p> Es besteht \u00fcblicherweise aus hochfestem Stahl oder Aluminium und h\u00e4lt hohem Druck und schweren Belastungen stand, wodurch es sich f\u00fcr raue Arbeitsumgebungen eignet. Es ist auf Verschlei\u00df- und Korrosionsbest\u00e4ndigkeit ausgelegt, was seine Lebensdauer verl\u00e4ngert.<\/li>\n<li>\n<h3>Effizienter Hydraulikbetrieb:<\/h3>\n<p> Durch den Einsatz von Hydraulik\u00f6ldruck wird ein reibungsloses Teleskopieren erm\u00f6glicht. Dadurch kann schnell auf Steuerbefehle reagiert werden, und es werden starke Schub- und Zugkr\u00e4fte erzeugt, die f\u00fcr die Handhabung schwerer Lasten und komplexer Arbeitsaufgaben geeignet sind.<\/li>\n<li>\n<h3>Verschiedene Typen:<\/h3>\n<p> Je nach Betriebsanforderungen k\u00f6nnen einfachwirkende (Hydraulik wirkt nur in eine Richtung) oder doppeltwirkende (Hydraulik wirkt in beide Richtungen) Zylinder ausgew\u00e4hlt werden. Einige Modelle sind teleskopierbar und erm\u00f6glichen so eine gr\u00f6\u00dfere Ausfahrl\u00e4nge ohne Vergr\u00f6\u00dferung der Au\u00dfenabmessungen \u2013 ideal f\u00fcr Anwendungen mit begrenztem Platzangebot.<\/li>\n<li>\n<h3>Unsere F\u00e4higkeit, dieses Produkt herzustellen:<\/h3>\n<p> Unser Produkt kann diese Hydraulikzylinder perfekt ersetzen.<\/li>\n<\/ul>\n<p><img decoding=\"async\" src=\"https:\/\/www.hydraulic-cylinders.net\/wp-content\/uploads\/2025\/01\/songte-cylinder-head-with-all-kinds-excavator-models.webp\" alt=\"Produkt\"><\/p>\n<h2>Anwendungen<\/h2>\n<p>Der Schaufelzylinder ist unerl\u00e4sslich f\u00fcr das Ausheben, Laden und Bewegen von Erde oder Bauschutt in Baumaschinen wie Baggern und Baggerladern. Dar\u00fcber hinaus wird er bei Radladern zum effizienten Heben und Abladen von G\u00fctern eingesetzt. Im Folgenden sind einige der spezifischen Anwendungsbereiche aufgef\u00fchrt:<\/p>\n<ul>\n<li>\n<h3>Baumaschinen:<\/h3>\n<p> Die Zylinder der Schaufel sind f\u00fcr das Ausheben, Laden und Bewegen von Erde oder Schutt in Baggern und Ladeschaufeln unerl\u00e4sslich. Bei Ladeschaufeln unterst\u00fctzt der Schaufelzylinder sowohl das Graben als auch das Heben.<\/li>\n<li>\n<h3>Landmaschinen:<\/h3>\n<p> Wird f\u00fcr Frontlader zum Heben und Transportieren von Erde, Heu und anderen Materialien verwendet.<\/li>\n<li>\n<h3>Bagger:<\/h3>\n<p> Der Zylinder des L\u00f6ffels erm\u00f6glicht das Graben, indem er das Eindringen des L\u00f6ffels in den Boden erlaubt.<\/li>\n<li>\n<h3>Frontlader:<\/h3>\n<p> Sie helfen dabei, Ladung effektiv anzuheben und zu kippen.<\/li>\n<\/ul>\n<h2>Design\u00fcberlegungen und Auswahlkriterien<\/h2>\n<h3>Design\u00fcberlegungen:<\/h3>\n<ul>\n<li>\n<h4>Tragf\u00e4higkeit:<\/h4>\n<p> Der Schaufelzylinder muss die erforderliche Tragf\u00e4higkeit ohne Ausfall bew\u00e4ltigen k\u00f6nnen.<\/li>\n<li>\n<h4>Versiegelung:<\/h4>\n<p> Der Zylinder muss ordnungsgem\u00e4\u00df abgedichtet sein, um ein Austreten von Hydraulikfl\u00fcssigkeit zu vermeiden.<\/li>\n<li>\n<h4>Haltbarkeit:<\/h4>\n<p> Der Zylinder sollte so konstruiert sein, dass er rauen Arbeitsbedingungen standh\u00e4lt und verschlei\u00df- und korrosionsbest\u00e4ndig ist.<\/li>\n<li>\n<h4>Sicherheit:<\/h4>\n<p> Der Zylinder sollte so konstruiert sein, dass die Sicherheit des Bedieners und der Umgebung gew\u00e4hrleistet ist.<\/li>\n<li>\n<h4>Wartung:<\/h4>\n<p> Der Zylinder sollte so konstruiert sein, dass er leicht zu warten und zu reparieren ist.<\/li>\n<\/ul>\n<p><img decoding=\"async\" src=\"https:\/\/www.hydraulic-cylinders.net\/wp-content\/uploads\/2025\/01\/songte-oil-pipes-and-spare-parts.webp\" alt=\"Produkte\"><\/p>\n<h3>Abdichtung und Schmierung:<\/h3>\n<p>Verschiedene Dichtungselemente, wie Kolben- und Stangendichtungen, verhindern den Austritt von Hydraulikfl\u00fcssigkeit. Die Dichtungen bestehen aus verschlei\u00dffesten Materialien wie Polyurethan und Nitrilkautschuk. Zylinderk\u00f6rper und Gewindeendfl\u00e4che sind pr\u00e4zisionsbearbeitet, um die Verschlei\u00dffestigkeit zu erh\u00f6hen. Regelm\u00e4\u00dfige Schmierung mit geeignetem Hydraulik\u00f6l ist f\u00fcr den einwandfreien Betrieb erforderlich.<\/p>\n<h3>Wartung und Reparatur:<\/h3>\n<p>Regelm\u00e4\u00dfige Inspektion, sachgem\u00e4\u00dfe Schmierung, Dichtungsaustausch und Kalibrierungspr\u00fcfungen geh\u00f6ren zu den g\u00e4ngigen Wartungsarbeiten. Korrekte Montage, Schmierung und Justierung sind entscheidend f\u00fcr die Lebensdauer des Schaufelzylinders. Die korrekte Ausrichtung des Zylinders ist bei der Montage wichtig, und zur Befestigung des Zylinders sollten geeignete Montagehalterungen verwendet werden. Empfohlene Inspektions-, Reparatur- und Austauschverfahren, der Austausch von Teilen und \u00dcberholungsdienstleistungen werden angeboten, um die Lebensdauer des Zylinders zu verl\u00e4ngern.<\/p>\n<p><img decoding=\"async\" src=\"https:\/\/www.hydraulic-cylinders.net\/wp-content\/uploads\/2025\/01\/songte-chushion-collar.webp\" alt=\"Produkte\"><\/p>\n<h2>Sicherheitsaspekte und Umweltfaktoren<\/h2>\n<p>Die Bedienung von Schaufelzylindern erfordert einen sicheren Umgang, und es sind entsprechende Sicherheitsma\u00dfnahmen zu treffen. Dazu geh\u00f6rt die Einhaltung von Sicherheitsrichtlinien, wie das Tragen pers\u00f6nlicher Schutzausr\u00fcstung und die Sicherstellung des einwandfreien Zustands der Hydraulikanlage. Auch Umwelteinfl\u00fcsse wie Temperatur, Luftfeuchtigkeit und Korrosion m\u00fcssen beim Betrieb von Schaufelzylindern ber\u00fccksichtigt werden.<\/p>\n<h2>Fehlerbehebung und h\u00e4ufige Probleme<\/h2>\n<p>Im Folgenden werden einige h\u00e4ufige Probleme aufgef\u00fchrt, die bei der Verwendung von Eimerzylindern auftreten k\u00f6nnen:<\/p>\n<ul>\n<li>\n<h3>Leckage von Hydraulikfl\u00fcssigkeit:<\/h3>\n<p> Dies kann auf Verschlei\u00df von Dichtungen oder anderen Bauteilen zur\u00fcckzuf\u00fchren sein.<\/li>\n<li>\n<h3>Fehlfunktion des Zylinders:<\/h3>\n<p> Der Zylinder kann aus verschiedenen Gr\u00fcnden nicht ordnungsgem\u00e4\u00df funktionieren, zum Beispiel aufgrund eines verminderten Hydraulikdrucks oder eines besch\u00e4digten Kolbens.<\/li>\n<li>\n<h3>L\u00e4rm und Vibrationen:<\/h3>\n<p> Dies kann durch unsachgem\u00e4\u00dfe Installation, verschlissene Bauteile oder Verunreinigungen der Hydraulikfl\u00fcssigkeit verursacht werden.<\/li>\n<\/ul>\n<p>Regelm\u00e4\u00dfige Inspektion und vorbeugende Wartung helfen, diese Probleme zu erkennen und zu vermeiden. Wird ein Problem festgestellt, sollten geeignete Ma\u00dfnahmen zur Fehlerbehebung und Reparatur ergriffen werden, um es zu beheben.<\/p>\n<p><img decoding=\"async\" src=\"https:\/\/www.hydraulic-cylinders.net\/wp-content\/uploads\/2025\/01\/songte-bushings-with-all-kinds-of-excavator-models.webp\" alt=\"Produkte\"><\/p>\n<h2>\u00dcber unser Unternehmen<\/h2>\n<p>Wir sind ein Hersteller von Hydraulikzylindern mit einem umfassenden Produktsortiment. Als einer der f\u00fchrenden Hersteller und Gro\u00dfh\u00e4ndler von Hydraulikzylindern auf dem nationalen und internationalen Markt setzen wir auf h\u00f6chste Qualit\u00e4t und nutzen die industrielle Produktionsf\u00fchrung unserer modernen Fertigungsanlagen. Durch den Einsatz qualifizierter Fachkr\u00e4fte, modernster digitaler Fertigungstechnik und professioneller Testsysteme haben wir unsere Fertigungsplattform kontinuierlich optimiert, unsere Produktqualit\u00e4tslinie perfektioniert und verf\u00fcgen \u00fcber eine hohe Innovationskraft. Wir bieten unseren Kunden hocheffiziente, pr\u00e4zise und qualitativ hochwertige Produkte, die ihren vielf\u00e4ltigen Anforderungen gerecht werden.<\/p>\n<p><img decoding=\"async\" src=\"https:\/\/hzpt.com\/wp-content\/uploads\/2024\/11\/songte-company-1.webp\" alt=\"Unternehmen\"><\/p>\n<h3>Professionalit\u00e4t:<\/h3>\n<p>Unser Unternehmen verf\u00fcgt \u00fcber ein Team erfahrener Fachleute, die Experten auf ihren jeweiligen Gebieten sind. Wir bieten unseren Kunden erstklassige technische Dienstleistungen und Support, um sicherzustellen, dass ihre Bed\u00fcrfnisse erf\u00fcllt werden.<\/p>\n<h3>Internationale Zertifizierung:<\/h3>\n<p>Unsere Produkte sind von internationalen Qualit\u00e4tskontrollorganisationen wie ISO und CE zertifiziert, was ein hohes Ma\u00df an Sicherheit und Qualit\u00e4t gew\u00e4hrleistet.<\/p>\n<h3>Anpassungsdienstleistungen:<\/h3>\n<p>Wir bieten unseren Kunden ma\u00dfgeschneiderte Hydraulikzylinder und unterst\u00fctzen sie w\u00e4hrend des gesamten Prozesses mit technischer Beratung und Hilfe.<\/p>\n<h3>Produktionsanlagen:<\/h3>\n<p>Unser Unternehmen verf\u00fcgt \u00fcber eine Reihe fortschrittlicher Produktionsanlagen, darunter CNC-Drehmaschinen, Bearbeitungszentren und Pr\u00fcfger\u00e4te.<\/p>\n<h3>Kundendienst:<\/h3>\n<p>Wir bieten unseren Kunden einen Kundendienst und Support, um ihre Zufriedenheit mit unseren Produkten zu gew\u00e4hrleisten.<\/p>\n<p><img decoding=\"async\" src=\"https:\/\/www.hydraulic-cylinders.net\/wp-content\/uploads\/2025\/01\/songte-company-3.webp\" alt=\"Unternehmen\"><\/p>\n<h2>Autor: lyl<\/h2>","protected":false},"excerpt":{"rendered":"<p>Bucket Cylinder for Liugong Middle Excavator CLG925D\/925E Introduction The bucket cylinder is a specially designed hydraulic cylinder primarily used to control the movement of the bucket in heavy machinery such as excavators, backhoe loaders, and front-end loaders. Its main function is to enable the bucket to lift, lower, and tilt, making it easier to perform [&hellip;]<\/p>","protected":false},"featured_media":14769,"comment_status":"open","ping_status":"closed","template":"","meta":{"_et_pb_use_builder":"","_et_pb_old_content":"","_et_gb_content_width":""},"product_brand":[],"product_cat":[1494],"product_tag":[1495,1496],"class_list":{"0":"post-15578","1":"product","2":"type-product","3":"status-publish","4":"has-post-thumbnail","6":"product_cat-bucket-cylinders","7":"product_tag-bucket-cylinders","8":"product_tag-hydraulic-cylinders","10":"first","11":"instock","12":"shipping-taxable","13":"product-type-simple"},"amp_enabled":true,"_links":{"self":[{"href":"https:\/\/www.hydraulic-cylinders.net\/de\/wp-json\/wp\/v2\/product\/15578","targetHints":{"allow":["GET"]}}],"collection":[{"href":"https:\/\/www.hydraulic-cylinders.net\/de\/wp-json\/wp\/v2\/product"}],"about":[{"href":"https:\/\/www.hydraulic-cylinders.net\/de\/wp-json\/wp\/v2\/types\/product"}],"replies":[{"embeddable":true,"href":"https:\/\/www.hydraulic-cylinders.net\/de\/wp-json\/wp\/v2\/comments?post=15578"}],"wp:featuredmedia":[{"embeddable":true,"href":"https:\/\/www.hydraulic-cylinders.net\/de\/wp-json\/wp\/v2\/media\/14769"}],"wp:attachment":[{"href":"https:\/\/www.hydraulic-cylinders.net\/de\/wp-json\/wp\/v2\/media?parent=15578"}],"wp:term":[{"taxonomy":"product_brand","embeddable":true,"href":"https:\/\/www.hydraulic-cylinders.net\/de\/wp-json\/wp\/v2\/product_brand?post=15578"},{"taxonomy":"product_cat","embeddable":true,"href":"https:\/\/www.hydraulic-cylinders.net\/de\/wp-json\/wp\/v2\/product_cat?post=15578"},{"taxonomy":"product_tag","embeddable":true,"href":"https:\/\/www.hydraulic-cylinders.net\/de\/wp-json\/wp\/v2\/product_tag?post=15578"}],"curies":[{"name":"wp","href":"https:\/\/api.w.org\/{rel}","templated":true}]}}