{"id":15590,"date":"2025-01-19T14:43:17","date_gmt":"2025-01-19T14:43:17","guid":{"rendered":"https:\/\/www.hydraulic-cylinders.net\/product\/bucket-cylinder-for-xgma-small-excavator-xg806\/"},"modified":"2025-01-19T14:43:19","modified_gmt":"2025-01-19T14:43:19","slug":"bucket-cylinder-for-xgma-small-excavator-xg806","status":"publish","type":"product","link":"https:\/\/www.hydraulic-cylinders.net\/de\/produkt\/bucket-cylinder-for-xgma-small-excavator-xg806\/","title":{"rendered":"L\u00f6ffelzylinder f\u00fcr XGMA Kleinbagger XG806"},"content":{"rendered":"<p><!DOCTYPE html><br \/>\n<html><br \/>\n<head><br \/>\n<title>L\u00f6ffelzylinder f\u00fcr XGMA Kleinbagger XG806<\/title><br \/>\n<\/head><br \/>\n<body><\/p>\n<h1>L\u00f6ffelzylinder f\u00fcr XGMA Kleinbagger XG806<\/h1>\n<h2>Einf\u00fchrung<\/h2>\n<p>Der Schaufelzylinder ist ein speziell entwickelter Hydraulikzylinder, der die Bewegung der Schaufel in Baumaschinen wie Baggern, Baggerladern und Radladern steuert. Seine Hauptfunktion besteht darin, das Heben, Senken und Neigen der Schaufel zu erm\u00f6glichen und so verschiedene Materialumschlagsaufgaben zu erleichtern. Im Hydrauliksystem erzielt der Schaufelzylinder durch die Nutzung von Druck\u00e4nderungen im Hydraulik\u00f6l eine pr\u00e4zise Steuerung der Schaufel. Dies erlaubt es dem Bediener, schwere Lasten effizient zu handhaben und sich an komplexe Arbeitsumgebungen und vielf\u00e4ltige Aufgaben anzupassen.<\/p>\n<p><img decoding=\"async\" src=\"https:\/\/www.hydraulic-cylinders.net\/wp-content\/uploads\/2025\/01\/songte-company-2.webp\" alt=\"Bild des Schaufelzylinders\"><\/p>\n<h2>Merkmale<\/h2>\n<ul>\n<li><strong>Hohe Festigkeit und Haltbarkeit:<\/strong> Der typischerweise aus hochfestem Stahl oder Aluminium gefertigte Schaufelzylinder h\u00e4lt hohen Dr\u00fccken und schweren Lasten stand und eignet sich f\u00fcr raue Arbeitsumgebungen. Seine Konstruktion ber\u00fccksichtigt Verschlei\u00df- und Korrosionsbest\u00e4ndigkeit und verl\u00e4ngert so die Lebensdauer.<\/li>\n<li><strong>Effizienter Hydraulikbetrieb:<\/strong> Durch die Nutzung des Hydraulik\u00f6ldrucks erm\u00f6glicht der Zylinder des L\u00f6ffels ein sanftes Aus- und Einfahren, reagiert schnell auf Steuerbefehle und liefert kraftvolle Schub- und Zugkr\u00e4fte. Er eignet sich f\u00fcr schwere Lasten und komplexe Arbeitsaufgaben.<\/li>\n<li><strong>Verschiedene Typen:<\/strong> Der Schaufelzylinder kann je nach Einsatzbedarf als einfachwirkender (hydraulisch nur in eine Richtung wirkender) oder doppeltwirkender (hydraulisch in beide Richtungen wirkender) Zylinder ausgew\u00e4hlt werden. Einige Modelle sind teleskopierbar und erm\u00f6glichen so eine gr\u00f6\u00dfere Ausladung ohne Vergr\u00f6\u00dferung der Au\u00dfenabmessungen. Dadurch eignen sie sich besonders f\u00fcr Anwendungen mit beengten Platzverh\u00e4ltnissen.<\/li>\n<li><strong>Perfekter Ersatz:<\/strong> Unsere Produkte k\u00f6nnen diese Hydraulikzylinder perfekt ersetzen.<\/li>\n<\/ul>\n<p><img decoding=\"async\" src=\"https:\/\/www.hydraulic-cylinders.net\/wp-content\/uploads\/2025\/01\/songte-cylinder-head-with-all-kinds-excavator-models.webp\" alt=\"Abbildung des Produkts\"><\/p>\n<h2>Anwendungen<\/h2>\n<h3>Baumaschinen:<\/h3>\n<p>Bei Baggern sind sie unverzichtbar f\u00fcr das Ausheben, Laden und Bewegen von Erde oder Schutt. Bei Baggerladern unterst\u00fctzt der Schaufelzylinder sowohl das Ausheben als auch das Heben.<\/p>\n<h3>Landmaschinen:<\/h3>\n<p>Wird in Frontladern zum Schaufeln, Anheben und Transportieren von Erde, Heu und anderen Materialien verwendet.<\/p>\n<h3>Bagger:<\/h3>\n<p>Der Zylinder des L\u00f6ffels erm\u00f6glicht Grabvorg\u00e4nge, indem er das Eindringen des L\u00f6ffels in den Boden erlaubt.<\/p>\n<h3>Lader:<\/h3>\n<p>Bei Frontladern helfen sie beim effektiven Anheben und Kippen von G\u00fctern.<\/p>\n<h2>Design\u00fcberlegungen und Auswahlkriterien<\/h2>\n<ul>\n<li><strong>Tragf\u00e4higkeit:<\/strong> The bucket cylinder&#8217;s ability to withstand high loads is an important design consideration.<\/li>\n<li><strong>Versiegelung:<\/strong> Verschiedene Dichtungen, wie Kolben- und Pleueldichtungen, werden aus verschlei\u00dffesten Materialien wie Polyurethan und Nitrilkautschuk gefertigt. Zylinderk\u00f6rper und Gewindeendfl\u00e4chen werden feinbearbeitet, um die Verschlei\u00dffestigkeit zu erh\u00f6hen.<\/li>\n<\/ul>\n<p><img decoding=\"async\" src=\"https:\/\/www.hydraulic-cylinders.net\/wp-content\/uploads\/2025\/01\/songte-oil-pipes-and-spare-parts.webp\" alt=\"Abbildung des Produkts\"><\/p>\n<h2>Abdichtung und Schmierung<\/h2>\n<p>Der Schaufelzylinder verwendet verschiedene Dichtungen, darunter Kolben- und Stangendichtungen, die aus verschlei\u00dffesten Materialien wie Polyurethan und Nitrilkautschuk gefertigt sind. Zylinderk\u00f6rper und Gewindeendfl\u00e4chen werden einer Feinbearbeitung unterzogen, um die Verschlei\u00dffestigkeit zu verbessern. F\u00fcr einen reibungslosen Betrieb ist regelm\u00e4\u00dfige Schmierung mit geeignetem Hydraulik\u00f6l erforderlich.<\/p>\n<h2>Regelm\u00e4\u00dfige Inspektion und vorbeugende Wartungsma\u00dfnahmen<\/h2>\n<ul>\n<li>Pr\u00fcfen Sie regelm\u00e4\u00dfig auf Anzeichen von Leckagen oder Besch\u00e4digungen.<\/li>\n<li>Sorgen Sie f\u00fcr eine ordnungsgem\u00e4\u00dfe Schmierung des Zylinders.<\/li>\n<li>Um eine optimale Leistung zu gew\u00e4hrleisten, sollten Dichtungen regelm\u00e4\u00dfig ausgetauscht werden.<\/li>\n<li>F\u00fchren Sie Kalibrierungspr\u00fcfungen durch, um einen genauen Betrieb zu gew\u00e4hrleisten.<\/li>\n<\/ul>\n<p><img decoding=\"async\" src=\"https:\/\/www.hydraulic-cylinders.net\/wp-content\/uploads\/2025\/01\/songte-chushion-collar.webp\" alt=\"Abbildung des Produkts\"><\/p>\n<h2>Sicherheitsaspekte und Umweltfaktoren<\/h2>\n<p>Bei der Verwendung des Eimerzylinders ist es wichtig, Sicherheitsma\u00dfnahmen zu befolgen, um das Wohlbefinden des Personals zu gew\u00e4hrleisten und die Umweltbelastung zu minimieren.<\/p>\n<h2>Fehlerdiagnose und h\u00e4ufige Probleme<\/h2>\n<p>H\u00e4ufige Fehler und Probleme mit dem Schaufelzylinder k\u00f6nnen Leckagen, unzureichende Leistung und ungew\u00f6hnliche Bewegungen sein. Um diese Probleme effektiv zu diagnostizieren und zu beheben, sind geeignete Fehlersuch- und Probleml\u00f6sungstechniken unerl\u00e4sslich. Die Umsetzung vorbeugender Ma\u00dfnahmen kann dazu beitragen, potenzielle Probleme zu minimieren.<\/p>\n<p><img decoding=\"async\" src=\"https:\/\/www.hydraulic-cylinders.net\/wp-content\/uploads\/2025\/01\/songte-bushings-with-all-kinds-of-excavator-models.webp\" alt=\"Abbildung des Produkts\"><\/p>\n<h2>Wartungsaufgaben<\/h2>\n<ul>\n<li>Regelm\u00e4\u00dfige Inspektionen<\/li>\n<li>Richtige Schmierung<\/li>\n<li>Dichtungsersatz<\/li>\n<li>Kalibrierungspr\u00fcfungen<\/li>\n<\/ul>\n<p>Proper installation, lubrication, and adjustment are crucial for the bucket cylinder&#8217;s optimal performance. Correct alignment guidance should be provided during installation, and the use of appropriate mounting brackets is recommended to secure the cylinder. Recommended inspection, repair, and replacement procedures, as well as tips to prolong the lifespan of the bucket cylinder, should be provided.<\/p>\n<p><img decoding=\"async\" src=\"https:\/\/hzpt.com\/wp-content\/uploads\/2024\/11\/songte-company-1.webp\" alt=\"Firmenimage\"><\/p>\n<h2>\u00dcber unser Unternehmen<\/h2>\n<p>Wir sind ein f\u00fchrender Hersteller und Gro\u00dfh\u00e4ndler von Hydraulikzylindern auf nationalen und internationalen M\u00e4rkten. Unser Unternehmen bietet eine breite Produktpalette und setzt auf h\u00f6chste Qualit\u00e4t. Wir verf\u00fcgen \u00fcber eine moderne Fertigungshalle, fortschrittliche digitale Fertigungsanlagen und professionelle Pr\u00fcfsysteme. Dies erm\u00f6glicht uns die kontinuierliche Verbesserung unserer Fertigungsprozesse, die Optimierung der Produktionsabl\u00e4ufe und eine hohe Innovationskraft. Wir streben danach, die vielf\u00e4ltigen Kundenbed\u00fcrfnisse mit h\u00f6chster Effizienz, Pr\u00e4zision und Qualit\u00e4t zu erf\u00fcllen.<\/p>\n<p><img decoding=\"async\" src=\"https:\/\/www.hydraulic-cylinders.net\/wp-content\/uploads\/2025\/01\/songte-company-3.webp\" alt=\"Firmenimage\"><\/p>\n<h3>Warum Sie sich f\u00fcr uns entscheiden sollten<\/h3>\n<ul>\n<li>Professionalit\u00e4t<\/li>\n<li>Internationale Zertifizierungen<\/li>\n<li>Anpassungsdienste<\/li>\n<li>Moderne Produktionsanlagen<\/li>\n<li>Kundendienst<\/li>\n<\/ul>\n<p>Autor: lyl<\/p>\n<p><\/body><br \/>\n<\/html><\/p>","protected":false},"excerpt":{"rendered":"<p>Bucket Cylinder For XGMA Small Excavator XG806 Bucket Cylinder For XGMA Small Excavator XG806 Introduction The bucket cylinder is a specially designed hydraulic cylinder used to control the movement of the bucket in heavy machinery such as excavators, backhoe loaders, and front-end loaders. Its main function is to enable the lifting, lowering, and tilting of [&hellip;]<\/p>","protected":false},"featured_media":14776,"comment_status":"open","ping_status":"closed","template":"","meta":{"_et_pb_use_builder":"","_et_pb_old_content":"","_et_gb_content_width":""},"product_brand":[],"product_cat":[1494],"product_tag":[1495,1496],"class_list":{"0":"post-15590","1":"product","2":"type-product","3":"status-publish","4":"has-post-thumbnail","6":"product_cat-bucket-cylinders","7":"product_tag-bucket-cylinders","8":"product_tag-hydraulic-cylinders","10":"first","11":"instock","12":"shipping-taxable","13":"product-type-simple"},"amp_enabled":true,"_links":{"self":[{"href":"https:\/\/www.hydraulic-cylinders.net\/de\/wp-json\/wp\/v2\/product\/15590","targetHints":{"allow":["GET"]}}],"collection":[{"href":"https:\/\/www.hydraulic-cylinders.net\/de\/wp-json\/wp\/v2\/product"}],"about":[{"href":"https:\/\/www.hydraulic-cylinders.net\/de\/wp-json\/wp\/v2\/types\/product"}],"replies":[{"embeddable":true,"href":"https:\/\/www.hydraulic-cylinders.net\/de\/wp-json\/wp\/v2\/comments?post=15590"}],"wp:featuredmedia":[{"embeddable":true,"href":"https:\/\/www.hydraulic-cylinders.net\/de\/wp-json\/wp\/v2\/media\/14776"}],"wp:attachment":[{"href":"https:\/\/www.hydraulic-cylinders.net\/de\/wp-json\/wp\/v2\/media?parent=15590"}],"wp:term":[{"taxonomy":"product_brand","embeddable":true,"href":"https:\/\/www.hydraulic-cylinders.net\/de\/wp-json\/wp\/v2\/product_brand?post=15590"},{"taxonomy":"product_cat","embeddable":true,"href":"https:\/\/www.hydraulic-cylinders.net\/de\/wp-json\/wp\/v2\/product_cat?post=15590"},{"taxonomy":"product_tag","embeddable":true,"href":"https:\/\/www.hydraulic-cylinders.net\/de\/wp-json\/wp\/v2\/product_tag?post=15590"}],"curies":[{"name":"wp","href":"https:\/\/api.w.org\/{rel}","templated":true}]}}