{"id":15592,"date":"2025-01-19T14:43:25","date_gmt":"2025-01-19T14:43:25","guid":{"rendered":"https:\/\/www.hydraulic-cylinders.net\/product\/bucket-cylinder-for-xgma-small-excavator-xg809e\/"},"modified":"2025-01-19T14:43:27","modified_gmt":"2025-01-19T14:43:27","slug":"bucket-cylinder-for-xgma-small-excavator-xg809e","status":"publish","type":"product","link":"https:\/\/www.hydraulic-cylinders.net\/de\/produkt\/bucket-cylinder-for-xgma-small-excavator-xg809e\/","title":{"rendered":"L\u00f6ffelzylinder f\u00fcr XGMA Kleinbagger XG809E"},"content":{"rendered":"<h1>L\u00f6ffelzylinder f\u00fcr XGMA Kleinbagger XG809E<\/h1>\n<h2>Einf\u00fchrung<\/h2>\n<p>Ein Schaufelzylinder ist ein speziell entwickelter Hydraulikzylinder, der prim\u00e4r zur Steuerung der Schaufelbewegung in Baumaschinen wie Baggern, Baggerladern und Radladern eingesetzt wird. Seine Hauptfunktion besteht darin, das Heben, Senken und Neigen der Schaufel zu erm\u00f6glichen und so verschiedene Materialumschlagsaufgaben zu erleichtern. Im Hydrauliksystem gew\u00e4hrleistet der Schaufelzylinder durch die Anpassung des Hydraulik\u00f6ldrucks eine pr\u00e4zise Steuerung der Schaufel. Dies erm\u00f6glicht dem Bediener, schwere Lasten effizient zu handhaben, sich an komplexe Arbeitsumgebungen anzupassen und vielf\u00e4ltige Betriebsanforderungen zu erf\u00fcllen.<\/p>\n<p><img decoding=\"async\" src=\"https:\/\/www.hydraulic-cylinders.net\/wp-content\/uploads\/2025\/01\/songte-company-2.webp\" alt=\"Bild eines Eimerzylinders\"><\/p>\n<h2>Merkmale<\/h2>\n<ul>\n<li>Hohe Festigkeit und Langlebigkeit: Typischerweise aus hochfestem Stahl oder Aluminium gefertigt, halten sie hohem Druck und hohen Belastungen stand und sind auf Verschlei\u00df- und Korrosionsbest\u00e4ndigkeit ausgelegt, was die Lebensdauer verl\u00e4ngert.<\/li>\n<li>Effizienter Hydraulikbetrieb: Durch die Nutzung des Hydraulik\u00f6ldrucks wird ein sanftes Aus- und Einfahren erreicht; es reagiert schnell auf Steuerbefehle und bietet eine starke Schub- und Zugkraft; geeignet f\u00fcr die Handhabung schwerer Lasten und komplexer Vorg\u00e4nge.<\/li>\n<li>Verschiedene Zylindertypen stehen zur Auswahl: Einfachwirkende (hydraulisch nur in eine Richtung wirkende) oder doppeltwirkende (hydraulisch in beide Richtungen wirkende) Zylinder k\u00f6nnen je nach Bedarf und unterschiedlichen Betriebsanforderungen ausgew\u00e4hlt werden. Einige Modelle sind teleskopierbar und erm\u00f6glichen so eine gr\u00f6\u00dfere Auszugsl\u00e4nge ohne Vergr\u00f6\u00dferung der Au\u00dfenabmessungen \u2013 ideal f\u00fcr Anwendungen mit begrenztem Platzangebot.<\/li>\n<li>Sonderanfertigung: Unsere Produkte k\u00f6nnen diese Hydraulikzylinder perfekt ersetzen.<\/li>\n<\/ul>\n<p><img decoding=\"async\" src=\"https:\/\/www.hydraulic-cylinders.net\/wp-content\/uploads\/2025\/01\/songte-cylinder-head-with-all-kinds-excavator-models.webp\" alt=\"benutzerdefiniertes Produktionsbild\"><\/p>\n<h2>Anwendungen<\/h2>\n<p><strong>Baumaschinen:<\/strong> Bei Baggern sind sie unverzichtbar f\u00fcr das Ausheben, Laden und Bewegen von Erde oder Bauschutt. Bei Tiefladern unterst\u00fctzen die Schaufelzylinder sowohl das Graben als auch das Heben. Bei Radladern tragen sie zum effizienten Heben und Abladen von G\u00fctern bei.<\/p>\n<p><strong>Landmaschinen:<\/strong> Bei Radladern dient der Schaufelzylinder zum Schaufeln, Heben und Transportieren von Erde, Heu und anderen Materialien. Bei Baggern erm\u00f6glicht er das Graben, indem er das Eindringen der Schaufel in den Boden erlaubt.<\/p>\n<h2>Design- und Auswahlstandards<\/h2>\n<ul>\n<li>Tragf\u00e4higkeit: Der Hydraulikzylinder muss \u00fcber ausreichende Festigkeit und Tragf\u00e4higkeit verf\u00fcgen, um der auftretenden Belastung standzuhalten.<\/li>\n<li>Abdichtung: Verschiedene Dichtungselemente, wie Kolben- und Stangendichtungen, verhindern Fl\u00fcssigkeitsverluste und Verunreinigungen. Die Dichtungen bestehen aus verschlei\u00dffesten Materialien wie Polyurethan und Nitrilkautschuk und gew\u00e4hrleisten so Langlebigkeit und Zuverl\u00e4ssigkeit.<\/li>\n<li>Langlebigkeit: Der Zylinderk\u00f6rper und die Gewindeendfl\u00e4chen sind fein bearbeitet, um Verschlei\u00dffestigkeit und eine lange Lebensdauer zu gew\u00e4hrleisten.<\/li>\n<li>Sicherheit: Der Hydraulikzylinder muss mit Sicherheitsmerkmalen ausgestattet sein, um Unf\u00e4lle zu verhindern, wie z. B. \u00dcberlastschutz und Druckbegrenzungsventile.<\/li>\n<li>Wartung: Der Hydraulikzylinder muss so konstruiert sein, dass routinem\u00e4\u00dfige Wartungs- und Reparaturarbeiten erleichtert werden, besch\u00e4digte Teile leicht ausgetauscht werden k\u00f6nnen und Ausfallzeiten reduziert werden.<\/li>\n<\/ul>\n<p><img decoding=\"async\" src=\"https:\/\/www.hydraulic-cylinders.net\/wp-content\/uploads\/2025\/01\/songte-oil-pipes-and-spare-parts.webp\" alt=\"Bild von Gestaltungs- und Auswahlstandards\"><\/p>\n<h2>Abdichtung und Schmierung<\/h2>\n<p>Der Hydraulikzylinder ist mit verschiedenen Dichtungselementen ausgestattet, um Fl\u00fcssigkeitsverluste und Verunreinigungen zu verhindern. Zu diesen Dichtungselementen geh\u00f6ren Kolben- und Stangendichtungen aus verschlei\u00dffesten Materialien wie Polyurethan und Nitrilkautschuk. Zylinderk\u00f6rper und Gewindeendfl\u00e4chen sind pr\u00e4zisionsbearbeitet, um die Verschlei\u00dffestigkeit zu verbessern. F\u00fcr einen reibungslosen Betrieb und eine lange Lebensdauer muss der Hydraulikzylinder mit der richtigen Menge Hydraulik\u00f6l geschmiert werden.<\/p>\n<h2>Vorbeugende Wartungs- und Reparaturma\u00dfnahmen<\/h2>\n<ul>\n<li>Regelm\u00e4\u00dfige Inspektion: Regelm\u00e4\u00dfige Inspektionen m\u00fcssen durchgef\u00fchrt werden, um m\u00f6gliche Probleme zu erkennen und zu verhindern, dass sie sich zu ernsthaften Problemen entwickeln.<\/li>\n<li>Schmierung: Der Hydraulikzylinder muss regelm\u00e4\u00dfig geschmiert werden, um einen reibungslosen Betrieb und eine lange Lebensdauer zu gew\u00e4hrleisten.<\/li>\n<li>Dichtungsaustausch: Dichtungen m\u00fcssen ausgetauscht werden, wenn sie Anzeichen von Verschlei\u00df, Besch\u00e4digung oder Undichtigkeit aufweisen.<\/li>\n<li>Kalibrierungspr\u00fcfung: Der Hydraulikzylinder sollte regelm\u00e4\u00dfig kalibriert werden, um einen genauen Betrieb zu gew\u00e4hrleisten.<\/li>\n<\/ul>\n<p><img decoding=\"async\" src=\"https:\/\/www.hydraulic-cylinders.net\/wp-content\/uploads\/2025\/01\/songte-chushion-collar.webp\" alt=\"Bild zur vorbeugenden Wartung\"><\/p>\n<h2>Sicherheitsaspekte und Umweltfaktoren<\/h2>\n<p>Beim Einsatz des Hydraulikzylinders m\u00fcssen Sicherheitsvorkehrungen getroffen werden, um Unf\u00e4lle zu vermeiden. Auch die Umweltauswirkungen des Hydraulikzylinders m\u00fcssen ber\u00fccksichtigt werden, um diese so gering wie m\u00f6glich zu halten.<\/p>\n<h2>Fehlerbehebung und h\u00e4ufige Probleme<\/h2>\n<ul>\n<li>Undichtigkeit: Durch besch\u00e4digte Dichtungen oder unsachgem\u00e4\u00dfe Montage kann es zu Undichtigkeiten kommen. Die Dichtungen m\u00fcssen ausgetauscht und der Hydraulikzylinder fachgerecht eingebaut werden.<\/li>\n<li>\u00dcberhitzung: \u00dcberhitzung kann durch \u00fcberm\u00e4\u00dfige Beanspruchung oder mangelnde Schmierung auftreten. Der Hydraulikzylinder muss regelm\u00e4\u00dfig geschmiert und sachgem\u00e4\u00df verwendet werden.<\/li>\n<li>Langsame Funktion: Eine langsame Funktion kann durch zu niedrigen Hydraulik\u00f6ldruck oder eine Verstopfung im Hydrauliksystem verursacht werden. Der Hydraulik\u00f6ldruck muss \u00fcberpr\u00fcft und das Hydrauliksystem auf Verstopfungen untersucht werden.<\/li>\n<\/ul>\n<p><img decoding=\"async\" src=\"https:\/\/www.hydraulic-cylinders.net\/wp-content\/uploads\/2025\/01\/songte-bushings-with-all-kinds-of-excavator-models.webp\" alt=\"Fehlerbehebungsbild\"><\/p>\n<h2>\u00dcber unser Unternehmen<\/h2>\n<p>Wir sind ein Hersteller von Hydraulikzylindern als Ersatzteil und bieten ein umfassendes Produktsortiment an. Wir z\u00e4hlen zu den f\u00fchrenden Herstellern und Gro\u00dfh\u00e4ndlern von Hydraulikzylindern auf dem nationalen und internationalen Markt. Unser Anspruch ist h\u00f6chste Qualit\u00e4t. In unseren modern ausgestatteten Fertigungswerkst\u00e4tten setzen wir auf industrialisierte Produktionsmanagementstrategien. Durch den Einsatz von qualifizierten Fachkr\u00e4ften, digitaler Spitzentechnologie und professionellen Testsystemen optimieren wir kontinuierlich unsere Fertigungsprozesse, sichern die Produktqualit\u00e4t und verf\u00fcgen \u00fcber eine hohe Innovationskraft. So k\u00f6nnen wir die vielf\u00e4ltigen Kundenbed\u00fcrfnisse mit h\u00f6chster Effizienz, Pr\u00e4zision und Qualit\u00e4t erf\u00fcllen.<\/p>\n<p>Wir bieten professionelle, international zertifizierte und ma\u00dfgeschneiderte Dienstleistungen, setzen moderne Fertigungsanlagen ein und bieten Kundendienstleistungen an.<\/p>\n<p><img decoding=\"async\" src=\"https:\/\/www.hydraulic-cylinders.net\/wp-content\/uploads\/2025\/01\/songte-company-3.webp\" alt=\"Firmenimage\"><\/p>\n<p>Autor: lyl.<\/p>","protected":false},"excerpt":{"rendered":"<p>Bucket Cylinder For XGMA Small Excavator XG809E Introduction A bucket cylinder is a specially designed hydraulic cylinder primarily used to control the movement of buckets in heavy machinery such as excavators, backhoe excavators, and front-end loaders. Its main function is to allow the bucket to lift, lower, and tilt, making it easier to handle various [&hellip;]<\/p>","protected":false},"featured_media":14771,"comment_status":"open","ping_status":"closed","template":"","meta":{"_et_pb_use_builder":"","_et_pb_old_content":"","_et_gb_content_width":""},"product_brand":[],"product_cat":[1494],"product_tag":[1495,1496],"class_list":{"0":"post-15592","1":"product","2":"type-product","3":"status-publish","4":"has-post-thumbnail","6":"product_cat-bucket-cylinders","7":"product_tag-bucket-cylinders","8":"product_tag-hydraulic-cylinders","10":"first","11":"instock","12":"shipping-taxable","13":"product-type-simple"},"amp_enabled":true,"_links":{"self":[{"href":"https:\/\/www.hydraulic-cylinders.net\/de\/wp-json\/wp\/v2\/product\/15592","targetHints":{"allow":["GET"]}}],"collection":[{"href":"https:\/\/www.hydraulic-cylinders.net\/de\/wp-json\/wp\/v2\/product"}],"about":[{"href":"https:\/\/www.hydraulic-cylinders.net\/de\/wp-json\/wp\/v2\/types\/product"}],"replies":[{"embeddable":true,"href":"https:\/\/www.hydraulic-cylinders.net\/de\/wp-json\/wp\/v2\/comments?post=15592"}],"wp:featuredmedia":[{"embeddable":true,"href":"https:\/\/www.hydraulic-cylinders.net\/de\/wp-json\/wp\/v2\/media\/14771"}],"wp:attachment":[{"href":"https:\/\/www.hydraulic-cylinders.net\/de\/wp-json\/wp\/v2\/media?parent=15592"}],"wp:term":[{"taxonomy":"product_brand","embeddable":true,"href":"https:\/\/www.hydraulic-cylinders.net\/de\/wp-json\/wp\/v2\/product_brand?post=15592"},{"taxonomy":"product_cat","embeddable":true,"href":"https:\/\/www.hydraulic-cylinders.net\/de\/wp-json\/wp\/v2\/product_cat?post=15592"},{"taxonomy":"product_tag","embeddable":true,"href":"https:\/\/www.hydraulic-cylinders.net\/de\/wp-json\/wp\/v2\/product_tag?post=15592"}],"curies":[{"name":"wp","href":"https:\/\/api.w.org\/{rel}","templated":true}]}}