{"id":15593,"date":"2025-01-19T14:43:29","date_gmt":"2025-01-19T14:43:29","guid":{"rendered":"https:\/\/www.hydraulic-cylinders.net\/product\/bucket-cylinder-for-xgma-small-excavator-xg815el\/"},"modified":"2025-01-19T14:43:31","modified_gmt":"2025-01-19T14:43:31","slug":"bucket-cylinder-for-xgma-small-excavator-xg815el","status":"publish","type":"product","link":"https:\/\/www.hydraulic-cylinders.net\/de\/produkt\/bucket-cylinder-for-xgma-small-excavator-xg815el\/","title":{"rendered":"L\u00f6ffelzylinder f\u00fcr XGMA Kleinbagger XG815EL"},"content":{"rendered":"<h1>L\u00f6ffelzylinder f\u00fcr XGMA Kleinbagger XG815EL<\/h1>\n<h2>Einf\u00fchrung<\/h2>\n<p>Der Schaufelzylinder f\u00fcr den XGMA-Kleinbagger XG815EL ist ein speziell entwickelter Hydraulikzylinder zur Steuerung der Schaufelbewegung in Baumaschinen wie Baggern, Baggerladern und Radladern. Seine Hauptfunktion besteht darin, das Heben, Senken und Neigen der Schaufel zu erm\u00f6glichen und so verschiedene Materialumschlagsaufgaben zu erleichtern. Im Hydrauliksystem gew\u00e4hrleistet der Schaufelzylinder durch die Druckver\u00e4nderungen des Hydraulik\u00f6ls eine pr\u00e4zise Steuerung der Schaufel. Dies erlaubt dem Bediener, schwere Lasten effizient zu handhaben und sich an komplexe Arbeitsumgebungen und vielf\u00e4ltige Betriebsanforderungen anzupassen.<\/p>\n<p><img decoding=\"async\" src=\"https:\/\/www.hydraulic-cylinders.net\/wp-content\/uploads\/2025\/01\/songte-company-2.webp\" alt=\"Bild des Schaufelzylinders\"><\/p>\n<h2>Merkmale<\/h2>\n<ul>\n<li>Hohe Festigkeit und Langlebigkeit: Typischerweise aus hochfestem Stahl oder Aluminium gefertigt, widerstehen sie hohem Druck und schweren Belastungen und eignen sich f\u00fcr raue Arbeitsumgebungen. Sie sind verschlei\u00df- und korrosionsbest\u00e4ndig konstruiert, um ihre Lebensdauer zu verl\u00e4ngern.<\/li>\n<li>Effizienter Hydraulikbetrieb: Nutzt den Druck des Hydraulik\u00f6ls, um sanfte Aus- und Einfahrbewegungen zu erzielen, was eine schnelle Reaktion auf Steuerbefehle erm\u00f6glicht und starke Schub- und Zugkr\u00e4fte bereitstellt, die f\u00fcr die Handhabung schwerer Lasten und komplexer Arbeitsaufgaben geeignet sind.<\/li>\n<li>Verschiedene Typen: W\u00e4hlen Sie je nach Bedarf zwischen einfachwirkenden (hydraulisch nur in eine Richtung wirkenden) und doppeltwirkenden (hydraulisch in beide Richtungen wirkenden) Zylindern. Einige Modelle sind teleskopierbar und erm\u00f6glichen so eine gr\u00f6\u00dfere Auszugsl\u00e4nge ohne Vergr\u00f6\u00dferung der Au\u00dfenabmessungen \u2013 ideal f\u00fcr Anwendungen mit begrenztem Platzangebot.<\/li>\n<li>Perfekter Ersatz: Unsere Produkte k\u00f6nnen diese Hydraulikzylinder perfekt ersetzen.<\/li>\n<\/ul>\n<p><img decoding=\"async\" src=\"https:\/\/www.hydraulic-cylinders.net\/wp-content\/uploads\/2025\/01\/songte-cylinder-head-with-all-kinds-excavator-models.webp\" alt=\"Abbildung des Produkts\"><\/p>\n<h2>Anwendungen<\/h2>\n<p>Der L\u00f6ffelzylinder f\u00fcr den XGMA-Kleinbagger XG815EL findet in verschiedenen Anwendungen breite Verwendung:<\/p>\n<ul>\n<li>Baumaschinen: Sie sind in Baggern zu finden und unerl\u00e4sslich f\u00fcr Aushubarbeiten, das Laden und den Transport von Erde oder Bauschutt. Bei Baggerladern unterst\u00fctzt der Schaufelzylinder sowohl das Ausheben als auch das Heben.<\/li>\n<li>Landwirtschaftliche Maschinen: Wird in Frontladern zum Schaufeln, Heben und Transportieren von Erde, Heu und anderen Materialien verwendet.<\/li>\n<li>Bagger: Der Schaufelzylinder erm\u00f6glicht Grabvorg\u00e4nge, indem er der Schaufel das Eindringen in den Boden erm\u00f6glicht.<\/li>\n<li>Lader: In Frontladern helfen sie beim effektiven Anheben und Abladen von G\u00fctern.<\/li>\n<\/ul>\n<h2>Design\u00fcberlegungen und Auswahlkriterien<\/h2>\n<p>Bei der Konstruktion des L\u00f6ffelzylinders f\u00fcr den XGMA-Kleinbagger XG815EL werden mehrere Schl\u00fcsselfaktoren ber\u00fccksichtigt:<\/p>\n<ul>\n<li>Tragf\u00e4higkeit: Der Zylinder ist so konstruiert, dass er den zu erwartenden Belastungen und Kr\u00e4ften w\u00e4hrend des Betriebs standh\u00e4lt.<\/li>\n<li>Abdichtung: Verschiedene Dichtungskomponenten, wie z. B. Kolbendichtungen und Stangendichtungen, werden verwendet, um eine ordnungsgem\u00e4\u00dfe Abdichtung zu gew\u00e4hrleisten und das Austreten von Hydraulikfl\u00fcssigkeit zu verhindern.<\/li>\n<li>Langlebigkeit: Der Zylinder ist so konstruiert, dass er den anspruchsvollen Arbeitsbedingungen standh\u00e4lt und eine dauerhafte Leistung erbringt.<\/li>\n<li>Sicherheit: Es sind Sicherheitsmerkmale integriert, um einen zuverl\u00e4ssigen Betrieb des Zylinders zu gew\u00e4hrleisten und die Risiken f\u00fcr die Bediener zu minimieren.<\/li>\n<li>Wartungsfreundlichkeit: Es wurden Vorkehrungen getroffen, um die Wartung und Reparatur des Zylinders zu erleichtern.<\/li>\n<\/ul>\n<p><img decoding=\"async\" src=\"https:\/\/www.hydraulic-cylinders.net\/wp-content\/uploads\/2025\/01\/songte-oil-pipes-and-spare-parts.webp\" alt=\"Abbildung des Produkts\"><\/p>\n<h2>Abdichtung und Schmierung<\/h2>\n<p>Der L\u00f6ffelzylinder f\u00fcr den XGMA-Kleinbagger XG815EL verwendet verschiedene Dichtungselemente, wie Kolben- und Stangendichtungen, aus verschlei\u00dffesten Materialien wie Polyurethan und Nitrilkautschuk. Zylinderk\u00f6rper und Gewindeenden sind feinbearbeitet, um die Verschlei\u00dffestigkeit zu erh\u00f6hen. Regelm\u00e4\u00dfige Schmierung mit der richtigen Menge Hydraulik\u00f6l ist erforderlich, um einen reibungslosen Betrieb zu gew\u00e4hrleisten.<\/p>\n<h2>Regelm\u00e4\u00dfige Inspektion und vorbeugende Wartung<\/h2>\n<p>Um die optimale Leistung des L\u00f6ffelzylinders f\u00fcr den XGMA Kleinbagger XG815EL aufrechtzuerhalten, werden regelm\u00e4\u00dfige Inspektionen und vorbeugende Wartungsarbeiten empfohlen:<\/p>\n<ul>\n<li>Pr\u00fcfen Sie den Zylinder auf Anzeichen von Verschlei\u00df, Besch\u00e4digung oder Undichtigkeiten.<\/li>\n<li>Sorgen Sie f\u00fcr eine ordnungsgem\u00e4\u00dfe Schmierung aller beweglichen Teile.<\/li>\n<li>Ersetzen Sie die Dichtungen, wenn Anzeichen von Verschlei\u00df oder Undichtigkeiten festgestellt werden.<\/li>\n<li>F\u00fchren Sie Kalibrierungspr\u00fcfungen durch, um einen genauen Betrieb zu gew\u00e4hrleisten.<\/li>\n<\/ul>\n<p><img decoding=\"async\" src=\"https:\/\/www.hydraulic-cylinders.net\/wp-content\/uploads\/2025\/01\/songte-chushion-collar.webp\" alt=\"Abbildung des Produkts\"><\/p>\n<h2>Sicherheitsaspekte und Umweltfaktoren<\/h2>\n<p>Bei der Verwendung des L\u00f6ffelzylinders f\u00fcr den XGMA-Kleinbagger XG815EL ist es wichtig, Sicherheitsma\u00dfnahmen zu beachten, um Unf\u00e4lle zu vermeiden und die Umweltbelastung zu minimieren. Sicherheitsvorkehrungen sollten getroffen werden, um die ordnungsgem\u00e4\u00dfe Installation, den Betrieb und die Wartung des Zylinders sicherzustellen.<\/p>\n<h2>Fehlerbehebung und h\u00e4ufige Probleme<\/h2>\n<p>Sollten Probleme mit dem L\u00f6ffelzylinder des XGMA-Kleinbaggers XG815EL auftreten, helfen Ihnen die folgenden Tipps und L\u00f6sungen zur Fehlerbehebung, die Probleme effektiv zu diagnostizieren und zu beheben. Zus\u00e4tzlich k\u00f6nnen vorbeugende Ma\u00dfnahmen ergriffen werden, um potenzielle Probleme zu minimieren.<\/p>\n<p><img decoding=\"async\" src=\"https:\/\/www.hydraulic-cylinders.net\/wp-content\/uploads\/2025\/01\/songte-bushings-with-all-kinds-of-excavator-models.webp\" alt=\"Abbildung des Produkts\"><\/p>\n<h2>\u00dcber unser Unternehmen<\/h2>\n<p>Wir sind Hersteller von Hydraulikzylindern und bieten ein umfassendes Produktsortiment. Als einer der f\u00fchrenden Hersteller und Gro\u00dfh\u00e4ndler von Hydraulikzylindern im In- und Ausland optimieren wir kontinuierlich unsere Fertigungsprozesse und setzen dabei auf h\u00f6chste Qualit\u00e4tsstandards. Unsere moderne Fertigungstechnik erm\u00f6glicht es uns, unsere Produktionsplattform stetig zu verbessern, die Produktqualit\u00e4t zu steigern und eine starke Innovationskraft zu entwickeln. Wir streben danach, die vielf\u00e4ltigen Kundenanforderungen mit h\u00f6chster Effizienz, Pr\u00e4zision und Qualit\u00e4t zu erf\u00fcllen.<\/p>\n<p><img decoding=\"async\" src=\"https:\/\/www.hydraulic-cylinders.net\/wp-content\/uploads\/2025\/01\/songte-company-3.webp\" alt=\"Firmenimage\"><\/p>\n<h3>Professionalit\u00e4t: <\/h3>\n<p>Wir verf\u00fcgen \u00fcber ein Team erfahrener Fachleute, die sich der Bereitstellung hochwertiger Produkte und Dienstleistungen verschrieben haben.<\/p>\n<h3>Internationale Zertifizierungen: <\/h3>\n<p>Unsere Produkte erf\u00fcllen internationale Qualit\u00e4tsstandards und sind hinsichtlich ihrer Zuverl\u00e4ssigkeit und Leistungsf\u00e4higkeit zertifiziert.<\/p>\n<h3>Anpassungsdienstleistungen: <\/h3>\n<p>Wir bieten Anpassungsdienstleistungen an, um Hydraulikzylinder nach spezifischen Anforderungen zu fertigen.<\/p>\n<h3>Produktionsanlagen: <\/h3>\n<p>Wir setzen modernste Fertigungsanlagen ein, um Pr\u00e4zision und Effizienz zu gew\u00e4hrleisten.<\/p>\n<h3>Kundendienst: <\/h3>\n<p>Wir bieten einen umfassenden Kundendienst, einschlie\u00dflich Teileaustausch und \u00dcberholungsdienstleistungen, um die Lebensdauer unserer Hydraulikzylinder zu verl\u00e4ngern.<\/p>\n<p><em>Autor: lyl<\/em><\/p>\n<p><img decoding=\"async\" src=\"https:\/\/hzpt.com\/wp-content\/uploads\/2024\/11\/songte-company-1.webp\" alt=\"Firmenimage\"><\/p>","protected":false},"excerpt":{"rendered":"<p>Bucket Cylinder For XGMA Small Excavator XG815EL Introduction The Bucket Cylinder for XGMA Small Excavator XG815EL is a specially designed hydraulic cylinder used to control the movement of the bucket in heavy machinery such as excavators, backhoe loaders, and front-end loaders. Its main function is to enable the bucket to lift, lower, and tilt, making [&hellip;]<\/p>","protected":false},"featured_media":14769,"comment_status":"open","ping_status":"closed","template":"","meta":{"_et_pb_use_builder":"","_et_pb_old_content":"","_et_gb_content_width":""},"product_brand":[],"product_cat":[1494],"product_tag":[1495,1496],"class_list":{"0":"post-15593","1":"product","2":"type-product","3":"status-publish","4":"has-post-thumbnail","6":"product_cat-bucket-cylinders","7":"product_tag-bucket-cylinders","8":"product_tag-hydraulic-cylinders","10":"first","11":"instock","12":"shipping-taxable","13":"product-type-simple"},"amp_enabled":true,"_links":{"self":[{"href":"https:\/\/www.hydraulic-cylinders.net\/de\/wp-json\/wp\/v2\/product\/15593","targetHints":{"allow":["GET"]}}],"collection":[{"href":"https:\/\/www.hydraulic-cylinders.net\/de\/wp-json\/wp\/v2\/product"}],"about":[{"href":"https:\/\/www.hydraulic-cylinders.net\/de\/wp-json\/wp\/v2\/types\/product"}],"replies":[{"embeddable":true,"href":"https:\/\/www.hydraulic-cylinders.net\/de\/wp-json\/wp\/v2\/comments?post=15593"}],"wp:featuredmedia":[{"embeddable":true,"href":"https:\/\/www.hydraulic-cylinders.net\/de\/wp-json\/wp\/v2\/media\/14769"}],"wp:attachment":[{"href":"https:\/\/www.hydraulic-cylinders.net\/de\/wp-json\/wp\/v2\/media?parent=15593"}],"wp:term":[{"taxonomy":"product_brand","embeddable":true,"href":"https:\/\/www.hydraulic-cylinders.net\/de\/wp-json\/wp\/v2\/product_brand?post=15593"},{"taxonomy":"product_cat","embeddable":true,"href":"https:\/\/www.hydraulic-cylinders.net\/de\/wp-json\/wp\/v2\/product_cat?post=15593"},{"taxonomy":"product_tag","embeddable":true,"href":"https:\/\/www.hydraulic-cylinders.net\/de\/wp-json\/wp\/v2\/product_tag?post=15593"}],"curies":[{"name":"wp","href":"https:\/\/api.w.org\/{rel}","templated":true}]}}