{"id":15606,"date":"2025-01-19T14:44:27","date_gmt":"2025-01-19T14:44:27","guid":{"rendered":"https:\/\/www.hydraulic-cylinders.net\/product\/bucket-cylinder-for-lonking-small-excavator-lg6065\/"},"modified":"2025-01-19T14:44:29","modified_gmt":"2025-01-19T14:44:29","slug":"bucket-cylinder-for-lonking-small-excavator-lg6065","status":"publish","type":"product","link":"https:\/\/www.hydraulic-cylinders.net\/de\/produkt\/bucket-cylinder-for-lonking-small-excavator-lg6065\/","title":{"rendered":"L\u00f6ffelzylinder f\u00fcr Ankerbagger LG6065"},"content":{"rendered":"<h1>L\u00f6ffelzylinder f\u00fcr Ankerbagger LG6065<\/h1>\n<h2>Einf\u00fchrung<\/h2>\n<h3>Definition des Schaufelzylinders<\/h3>\n<p>Ein Schaufelzylinder ist ein speziell entwickelter Hydraulikzylinder, der prim\u00e4r zur Steuerung der Schaufelbewegung in Baumaschinen wie Baggern, Baggerladern und Radladern eingesetzt wird. Seine Hauptfunktion besteht darin, das Heben, Senken und Neigen der Schaufel zu erm\u00f6glichen und so verschiedene Materialumschlagsaufgaben zu erleichtern. Im Hydrauliksystem steuert der Schaufelzylinder die Schaufelbewegung pr\u00e4zise durch \u00c4nderungen des Hydraulik\u00f6ldrucks. Dies erlaubt es dem Bediener, schwere Lasten effizient zu handhaben und sich an komplexe Arbeitsumgebungen und vielf\u00e4ltige Betriebsanforderungen anzupassen.<\/p>\n<p><img decoding=\"async\" src=\"https:\/\/www.hydraulic-cylinders.net\/wp-content\/uploads\/2025\/01\/songte-company-2.webp\"><\/p>\n<h3>Produkteigenschaften<\/h3>\n<ul>\n<li>Hohe Festigkeit und Langlebigkeit: Die in der Regel aus hochfestem Stahl oder Aluminium gefertigten Eimerzylinder sind in der Lage, hohem Druck und schweren Lasten standzuhalten, sich an raue Arbeitsumgebungen anzupassen und sind auf Verschlei\u00dffestigkeit und Korrosionsbest\u00e4ndigkeit ausgelegt, um ihre Lebensdauer zu verl\u00e4ngern.<\/li>\n<li>Effizienter Hydraulikbetrieb: Durch die Nutzung des Hydraulik\u00f6ldrucks f\u00fcr ein sanftes Aus- und Einfahren reagieren die Zylinder der Schaufel schnell auf Steuerbefehle und liefern kraftvolle Schub- und Zugkr\u00e4fte, die f\u00fcr den Umgang mit schweren Lasten und komplexen Arbeitsaufgaben geeignet sind.<\/li>\n<li>Verschiedene Ausf\u00fchrungen: Schaufelzylinder k\u00f6nnen einfachwirkend (hydraulisch nur in eine Richtung) oder doppeltwirkend (hydraulisch in zwei Richtungen) sein und je nach Einsatzbedarf ausgew\u00e4hlt werden. Einige Modelle sind teleskopierbar und erm\u00f6glichen so eine gr\u00f6\u00dfere Ausladung ohne Vergr\u00f6\u00dferung der Au\u00dfenabmessungen. Dadurch eignen sie sich besonders f\u00fcr Anwendungen mit beengten Platzverh\u00e4ltnissen.<\/li>\n<li>Kann andere Hydraulikzylinder ersetzen: Unsere Produkte k\u00f6nnen andere Hydraulikzylinder perfekt ersetzen. <\/li>\n<\/ul>\n<p><img decoding=\"async\" src=\"https:\/\/www.hydraulic-cylinders.net\/wp-content\/uploads\/2025\/01\/songte-cylinder-head-with-all-kinds-excavator-models.webp\"><\/p>\n<h3>Anwendungen<\/h3>\n<p>Eimerzylinder werden in verschiedenen Branchen weit verbreitet eingesetzt, darunter:<\/p>\n<ul>\n<li>Baumaschinen: Bei Baggern sind sie unverzichtbar zum Graben, Laden und Bewegen von Erde oder Bauschutt. Bei Baggerladern unterst\u00fctzen die Schaufelzylinder sowohl das Graben als auch das Heben. <\/li>\n<li>Landwirtschaftliche Maschinen: Wird in Frontladern zum Schaufeln, Heben und Transportieren von Erde, Heu und anderen Materialien verwendet.<\/li>\n<li>Bagger: Die Schaufelzylinder erm\u00f6glichen Aushubarbeiten, indem sie es der Schaufel erlauben, in den Boden einzudringen.<\/li>\n<li>Lader: Bei Frontladern helfen sie beim effektiven Anheben und Abladen von Ladung.<\/li>\n<\/ul>\n<h3>Design\u00fcberlegungen und Auswahlkriterien<\/h3>\n<p>Bei der Konstruktion von Schaufelzylindern werden mehrere wichtige Aspekte ber\u00fccksichtigt, darunter:<\/p>\n<ul>\n<li>Tragf\u00e4higkeit<\/li>\n<li>Versiegelung<\/li>\n<li>Haltbarkeit<\/li>\n<li>Sicherheit<\/li>\n<li>Wartbarkeit<\/li>\n<\/ul>\n<p><img decoding=\"async\" src=\"https:\/\/www.hydraulic-cylinders.net\/wp-content\/uploads\/2025\/01\/songte-oil-pipes-and-spare-parts.webp\"><\/p>\n<h3>Abdichtung und Schmierung<\/h3>\n<p>Die Zylinder von Schaufelradpumpen sind mit verschiedenen Dichtungskomponenten ausgestattet, darunter Kolben-, Stangen- und andere Dichtungen aus verschlei\u00dffesten Materialien wie Polyurethan und Nitrilkautschuk. Zylinderk\u00f6rper und Gewindeendfl\u00e4chen sind pr\u00e4zisionsbearbeitet, um die Verschlei\u00dffestigkeit zu erh\u00f6hen. Zur Schmierung ist regelm\u00e4\u00dfiges Nachf\u00fcllen von Hydraulik\u00f6l erforderlich.<\/p>\n<h3>Wartung und Reparatur<\/h3>\n<p>Regelm\u00e4\u00dfige Inspektionen und vorbeugende Wartungsarbeiten sind unerl\u00e4sslich, um die Lebensdauer des Schaufelzylinders zu gew\u00e4hrleisten. Zu den \u00fcblichen Wartungsarbeiten geh\u00f6ren:<\/p>\n<ul>\n<li>Regelm\u00e4\u00dfige Inspektion<\/li>\n<li>Richtige Schmierung<\/li>\n<li>Dichtungswechsel<\/li>\n<li>Kalibrierungspr\u00fcfungen<\/li>\n<\/ul>\n<p>Eine fachgerechte Installation ist entscheidend f\u00fcr die optimale Leistung und Langlebigkeit des Baggerzylinders. Es wird empfohlen, geeignete Montagehalterungen zur sicheren Befestigung des Zylinders zu verwenden. Empfohlene Inspektions-, Reparatur- und Austauschverfahren k\u00f6nnen die Lebensdauer des Zylinders verl\u00e4ngern.<\/p>\n<p><img decoding=\"async\" src=\"https:\/\/www.hydraulic-cylinders.net\/wp-content\/uploads\/2025\/01\/songte-chushion-collar.webp\"><\/p>\n<h3>Sicherheit und Umwelt<\/h3>\n<p>Eimerzylinder m\u00fcssen unter Einhaltung geeigneter Sicherheitsvorkehrungen verwendet werden, um Unf\u00e4lle zu vermeiden. Es ist unerl\u00e4sslich, die Sicherheitsrichtlinien zu befolgen und sichere Handhabungstechniken anzuwenden, um Verletzungen oder Sch\u00e4den beim Einsatz des Zylinders zu verhindern. Auch Umweltfaktoren wie L\u00e4rmbel\u00e4stigung und Abfallentsorgung sind bei der Verwendung von Eimerzylindern zu ber\u00fccksichtigen.<\/p>\n<h3>H\u00e4ufige Probleme und Fehlerbehebung<\/h3>\n<p>Zu den h\u00e4ufigsten Problemen mit Baggerzylindern z\u00e4hlen Leckagen, niedriger Druck und ungew\u00f6hnliche Ger\u00e4usche. Die Behebung dieser Probleme kann die Inspektion, Kalibrierung und den Austausch besch\u00e4digter Bauteile umfassen. Regelm\u00e4\u00dfige Wartung kann potenziellen Problemen vorbeugen.<\/p>\n<p><img decoding=\"async\" src=\"https:\/\/www.hydraulic-cylinders.net\/wp-content\/uploads\/2025\/01\/songte-bushings-with-all-kinds-of-excavator-models.webp\"><\/p>\n<h2>Unser Unternehmen<\/h2>\n<p>Wir sind ein Hersteller von Hydraulikzylindern und bieten ein umfassendes Produktsortiment. Wir z\u00e4hlen zu den f\u00fchrenden Herstellern und Gro\u00dfh\u00e4ndlern von Hydraulikzylindern auf nationalen und internationalen M\u00e4rkten. Unser Prinzip der h\u00f6chsten Qualit\u00e4t basiert auf einer industrialisierten Produktionsstrategie in modernsten Fertigungsanlagen. Durch den Einsatz fortschrittlicher digitaler Fertigungstechnik, professioneller Pr\u00fcfsysteme und erfahrener Fachkr\u00e4fte optimieren wir kontinuierlich unsere Fertigungsplattformen und Produktionslinien. Dies erm\u00f6glicht uns, hocheffizient, pr\u00e4zise und qualitativ hochwertig zu arbeiten und so die vielf\u00e4ltigen Bed\u00fcrfnisse unserer Kunden optimal zu erf\u00fcllen.<\/p>\n<h3>Professionalit\u00e4t<\/h3>\n<p>Unser Unternehmen verpflichtet sich zu h\u00f6chster Professionalit\u00e4t in allen Gesch\u00e4ftsbereichen. Wir wahren die Grunds\u00e4tze der Ehrlichkeit, Integrit\u00e4t und ethischen Handelns in all unseren Beziehungen zu Kunden, Lieferanten und Partnern.<\/p>\n<h3>Internationale Zertifizierung<\/h3>\n<p>Unsere Produkte sind nach h\u00f6chsten internationalen Standards zertifiziert, darunter ISO 9001, CE und T\u00dcV. Wir haben uns verpflichtet, unseren Kunden Produkte von h\u00f6chster Qualit\u00e4t anzubieten, die ihren Bed\u00fcrfnissen entsprechen.<\/p>\n<h3>Anpassungsdienste<\/h3>\n<p>Wir bieten kundenspezifische Anpassungsleistungen an, die auf die individuellen Bed\u00fcrfnisse unserer Kunden zugeschnitten werden k\u00f6nnen. Wir liefern ma\u00dfgeschneiderte Hydraulikzylinder, die den spezifischen Anforderungen ihrer Anwendungen entsprechen.<\/p>\n<h3>Produktionsausr\u00fcstung<\/h3>\n<p>Wir fertigen unsere Hydraulikzylinder mit hochmodernen digitalen Fertigungsanlagen. Zu unserem Maschinenpark geh\u00f6ren CNC-Maschinen, Metallbearbeitungsmaschinen, automatische Schwei\u00dfanlagen und Pr\u00fcfger\u00e4te. Wir setzen auf neueste Technologien, um Produkte h\u00f6chster Qualit\u00e4t herzustellen.<\/p>\n<h3>Kundendienst<\/h3>\n<p>Wir bieten Kundendienstleistungen an, darunter technischer Support, Produktwartung und Reparaturen. Wir setzen alles daran, unseren Kunden bestm\u00f6gliche Unterst\u00fctzung zu bieten.<\/p>\n<p><img decoding=\"async\" src=\"https:\/\/hzpt.com\/wp-content\/uploads\/2024\/11\/songte-company-1.webp\"><\/p>\n<p>Autor: lyl.<\/p>","protected":false},"excerpt":{"rendered":"<p>Bucket Cylinder For Lonking Small Excavator LG6065 Introduction Defining Bucket Cylinder A bucket cylinder is a specially-designed hydraulic cylinder used primarily to control the movement of the bucket in heavy machinery such as excavators, backhoes, and front-end loaders. Its main function is to enable the bucket to lift, lower, and tilt, making it easier to [&hellip;]<\/p>","protected":false},"featured_media":14773,"comment_status":"open","ping_status":"closed","template":"","meta":{"_et_pb_use_builder":"","_et_pb_old_content":"","_et_gb_content_width":""},"product_brand":[],"product_cat":[1494],"product_tag":[1495,1496],"class_list":{"0":"post-15606","1":"product","2":"type-product","3":"status-publish","4":"has-post-thumbnail","6":"product_cat-bucket-cylinders","7":"product_tag-bucket-cylinders","8":"product_tag-hydraulic-cylinders","10":"first","11":"instock","12":"shipping-taxable","13":"product-type-simple"},"amp_enabled":true,"_links":{"self":[{"href":"https:\/\/www.hydraulic-cylinders.net\/de\/wp-json\/wp\/v2\/product\/15606","targetHints":{"allow":["GET"]}}],"collection":[{"href":"https:\/\/www.hydraulic-cylinders.net\/de\/wp-json\/wp\/v2\/product"}],"about":[{"href":"https:\/\/www.hydraulic-cylinders.net\/de\/wp-json\/wp\/v2\/types\/product"}],"replies":[{"embeddable":true,"href":"https:\/\/www.hydraulic-cylinders.net\/de\/wp-json\/wp\/v2\/comments?post=15606"}],"wp:featuredmedia":[{"embeddable":true,"href":"https:\/\/www.hydraulic-cylinders.net\/de\/wp-json\/wp\/v2\/media\/14773"}],"wp:attachment":[{"href":"https:\/\/www.hydraulic-cylinders.net\/de\/wp-json\/wp\/v2\/media?parent=15606"}],"wp:term":[{"taxonomy":"product_brand","embeddable":true,"href":"https:\/\/www.hydraulic-cylinders.net\/de\/wp-json\/wp\/v2\/product_brand?post=15606"},{"taxonomy":"product_cat","embeddable":true,"href":"https:\/\/www.hydraulic-cylinders.net\/de\/wp-json\/wp\/v2\/product_cat?post=15606"},{"taxonomy":"product_tag","embeddable":true,"href":"https:\/\/www.hydraulic-cylinders.net\/de\/wp-json\/wp\/v2\/product_tag?post=15606"}],"curies":[{"name":"wp","href":"https:\/\/api.w.org\/{rel}","templated":true}]}}