{"id":15609,"date":"2025-01-19T14:44:39","date_gmt":"2025-01-19T14:44:39","guid":{"rendered":"https:\/\/www.hydraulic-cylinders.net\/product\/bucket-cylinder-for-lonking-small-excavator-lg606dd\/"},"modified":"2025-01-19T14:44:41","modified_gmt":"2025-01-19T14:44:41","slug":"bucket-cylinder-for-lonking-small-excavator-lg606dd","status":"publish","type":"product","link":"https:\/\/www.hydraulic-cylinders.net\/de\/produkt\/bucket-cylinder-for-lonking-small-excavator-lg606dd\/","title":{"rendered":"L\u00f6ffelzylinder f\u00fcr Ankerbagger LG606DD"},"content":{"rendered":"<h1>L\u00f6ffelzylinder f\u00fcr Ankerbagger LG606DD<\/h1>\n<h2>Einf\u00fchrung<\/h2>\n<p>Der Schaufelzylinder ist ein Hydraulikzylinder, der speziell f\u00fcr die Steuerung der Schaufelbewegung in Baumaschinen wie Baggern, Baggerladern und Radladern entwickelt wurde. Seine Hauptfunktion besteht darin, das Heben, Senken und Neigen der Schaufel zu erm\u00f6glichen und so verschiedene Materialumschlagsaufgaben zu erleichtern. Im Hydrauliksystem steuert der Schaufelzylinder die Schaufelbewegung pr\u00e4zise durch die Ver\u00e4nderung des Hydraulik\u00f6ldrucks. Dadurch k\u00f6nnen Bediener schwere Lasten effizient handhaben und sich an komplexe Arbeitsumgebungen und vielf\u00e4ltige Betriebsanforderungen anpassen.<\/p>\n<p><img decoding=\"async\" src=\"https:\/\/www.hydraulic-cylinders.net\/wp-content\/uploads\/2025\/01\/songte-company-2.webp\" alt=\"Schaufelzylinder\"><\/p>\n<h2>Merkmale<\/h2>\n<ul>\n<li><strong>Hohe Festigkeit und Langlebigkeit:<\/strong> Typischerweise aus hochfestem Stahl oder Aluminium gefertigt, h\u00e4lt es hohem Druck und schweren Belastungen stand, ist f\u00fcr raue Arbeitsumgebungen geeignet und ber\u00fccksichtigt bei der Konstruktion Verschlei\u00df- und Korrosionsbest\u00e4ndigkeit, um die Lebensdauer zu verl\u00e4ngern.<\/li>\n<li><strong>Effizienter Hydraulikbetrieb:<\/strong> Die reibungslose Aus- und Einfahrbewegung wird durch den Einsatz von Hydraulik\u00f6ldruck erreicht, wodurch starke Schub- und Zugkr\u00e4fte erzeugt werden, die sich f\u00fcr die Bew\u00e4ltigung schwerer Lasten und komplexer Arbeitsaufgaben eignen.<\/li>\n<li><strong>Mehrere Typen:<\/strong> Je nach Bedarf k\u00f6nnen einfachwirkende (hydraulisch nur in eine Richtung wirkende) oder doppeltwirkende (hydraulisch in zwei Richtungen wirkende) Zylinder ausgew\u00e4hlt werden. Einige Modelle sind teleskopierbar und erm\u00f6glichen so eine gr\u00f6\u00dfere Ausladung ohne Vergr\u00f6\u00dferung der Au\u00dfenabmessungen \u2013 ideal f\u00fcr Anwendungen mit beengten Platzverh\u00e4ltnissen.<\/li>\n<li><strong>Austauschbarkeit:<\/strong> Unsere Produkte k\u00f6nnen diese Hydraulikzylinder perfekt ersetzen. <\/li>\n<li><strong>Kosteng\u00fcnstig:<\/strong> Unsere Produkte sind kosteng\u00fcnstig und bieten eine l\u00e4ngere Lebensdauer im Vergleich zu anderen Hydraulikzylindern auf dem Markt.<\/li>\n<\/ul>\n<p><img decoding=\"async\" src=\"https:\/\/www.hydraulic-cylinders.net\/wp-content\/uploads\/2025\/01\/songte-cylinder-head-with-all-kinds-excavator-models.webp\" alt=\"Schaufelzylinder-Modelle\"><\/p>\n<h2>Anwendungen<\/h2>\n<p>Der Eimerzylinder findet in verschiedenen Branchen breite Anwendung, zum Beispiel:<\/p>\n<ul>\n<li><strong>Baumaschinen:<\/strong> Bei Baggern sind sie unverzichtbar zum Graben, Laden und Bewegen von Erde oder Bauschutt. Bei Baggerladern unterst\u00fctzen die Schaufelzylinder das Graben und Heben. <\/li>\n<li><strong>Landmaschinen:<\/strong> Wird in Frontladern zum Schaufeln, Anheben und Transportieren von Erde, Heu und anderen Materialien verwendet. <\/li>\n<li><strong>Bagger:<\/strong> Der Schaufelzylinder bewirkt die Grabwirkung, indem er es der Schaufel erm\u00f6glicht, in den Boden einzudringen. <\/li>\n<li><strong>Frontlader:<\/strong> Bei Frontladern helfen sie beim effizienten Anheben und Abladen von G\u00fctern.<\/li>\n<\/ul>\n<h2>Design\u00fcberlegungen und Auswahlkriterien<\/h2>\n<p>Im Hinblick auf die gestalterischen Aspekte sind folgende Punkte zu ber\u00fccksichtigen:<\/p>\n<ul>\n<li><strong>Tragf\u00e4higkeit:<\/strong> Der Zylinder des Schaufelrads muss das Gewicht des transportierten Materials tragen k\u00f6nnen. <\/li>\n<li><strong>Versiegelung:<\/strong> Verschiedene Dichtungskomponenten, wie z. B. Kolbendichtungen und Pleueldichtungen, sollten anhand ihrer verschlei\u00dffesten Werkstoffe wie Polyurethan und Nitrilkautschuk ausgew\u00e4hlt werden. <\/li>\n<li><strong>Haltbarkeit:<\/strong> Der Zylinderk\u00f6rper, der Kolben und die \u00fcbrigen Bauteile m\u00fcssen rauen Arbeitsbedingungen standhalten und korrosionsbest\u00e4ndig sein. <\/li>\n<li><strong>Sicherheit:<\/strong> Das Hydrauliksystem muss mit Sicherheitsmerkmalen wie \u00dcberdruckventilen und Manometern ausgestattet sein, um einen sicheren Betrieb zu gew\u00e4hrleisten. <\/li>\n<li><strong>Wartbarkeit:<\/strong> Der Zylinder sollte so konstruiert sein, dass er leicht zu warten und zu reparieren ist. <\/li>\n<\/ul>\n<p><img decoding=\"async\" src=\"https:\/\/www.hydraulic-cylinders.net\/wp-content\/uploads\/2025\/01\/songte-oil-pipes-and-spare-parts.webp\" alt=\"Teile f\u00fcr Schaufelzylinder\"><\/p>\n<h2>Abdichtung und Schmierung<\/h2>\n<p>Verschiedene Dichtungskomponenten, wie Kolben- und Stangendichtungen, sollten anhand ihrer verschlei\u00dffesten Werkstoffe, beispielsweise Polyurethan und Nitrilkautschuk, ausgew\u00e4hlt werden. Zylinderk\u00f6rper, Kolben und andere Bauteile m\u00fcssen regelm\u00e4\u00dfig mit Hydraulik\u00f6l geschmiert werden, um ihre Lebensdauer zu verl\u00e4ngern und die Reibung zwischen den beweglichen Teilen zu reduzieren.<\/p>\n<h2>Wartung und Reparatur<\/h2>\n<p>Folgende Wartungsarbeiten sollten regelm\u00e4\u00dfig durchgef\u00fchrt werden:<\/p>\n<ul>\n<li><strong>Regelm\u00e4\u00dfige Inspektion:<\/strong> \u00dcberpr\u00fcfen Sie den Zylinder regelm\u00e4\u00dfig auf Anzeichen von Verschlei\u00df, wie z. B. Undichtigkeiten, Risse und verbogene oder besch\u00e4digte Teile. <\/li>\n<li><strong>Schmierung:<\/strong> Schmieren Sie den Zylinder regelm\u00e4\u00dfig mit Hydraulik\u00f6l, um einen reibungslosen Betrieb zu gew\u00e4hrleisten. <\/li>\n<li><strong>Dichtungsaustausch:<\/strong> Ersetzen Sie abgenutzte oder besch\u00e4digte Dichtungen so schnell wie m\u00f6glich, um Leckagen zu vermeiden. <\/li>\n<\/ul>\n<p><img decoding=\"async\" src=\"https:\/\/www.hydraulic-cylinders.net\/wp-content\/uploads\/2025\/01\/songte-chushion-collar.webp\" alt=\"Einbau eines Schaufelzylinders\"><\/p>\n<h2>Sicherheitsaspekte und Umweltfaktoren<\/h2>\n<p>Beim Einsatz des Schaufelzylinders sind Sicherheitsvorkehrungen zu treffen, um Unf\u00e4lle zu vermeiden. Die Bediener m\u00fcssen geeignete Schutzausr\u00fcstung tragen, und das Hydrauliksystem muss mit Sicherheitsvorrichtungen wie \u00dcberdruckventilen und Manometern ausgestattet sein. Umgebungsfaktoren wie Temperatur und Luftfeuchtigkeit sind bei der Auswahl des geeigneten Hydraulik\u00f6ls f\u00fcr den Zylinder zu ber\u00fccksichtigen.<\/p>\n<h2>Fehlerbehebung und h\u00e4ufige Probleme<\/h2>\n<p>H\u00e4ufige Probleme mit dem Schaufelzylinder sind Leckagen, niedriger Druck und langsame Arbeitsweise. Diese lassen sich durch Fehlersuche im Hydrauliksystem, \u00dcberpr\u00fcfung auf verschlissene oder besch\u00e4digte Teile und gegebenenfalls Austausch von Dichtungen oder anderen Komponenten beheben.<\/p>\n<p><img decoding=\"async\" src=\"https:\/\/www.hydraulic-cylinders.net\/wp-content\/uploads\/2025\/01\/songte-bushings-with-all-kinds-of-excavator-models.webp\" alt=\"Buchsen f\u00fcr Schaufelzylinder\"><\/p>\n<h2>\u00dcber unser Unternehmen<\/h2>\n<p>Wir sind ein f\u00fchrender Hersteller und Gro\u00dfh\u00e4ndler von Hydraulikzylindern auf dem nationalen und internationalen Markt. Unsere Produkte sind f\u00fcr ihre hervorragende Qualit\u00e4t bekannt. In unseren modernen Fertigungsanlagen setzen wir auf industrialisierte Produktionsmanagementstrategien, um Produkte h\u00f6chster Qualit\u00e4t herzustellen. Unsere Werke sind mit modernster Ausr\u00fcstung ausgestattet, und unsere hochqualifizierten Fachkr\u00e4fte optimieren kontinuierlich unsere Fertigungsprozesse, um den vielf\u00e4ltigen Bed\u00fcrfnissen unserer Kunden gerecht zu werden. Wir bieten eine Reihe von kundenspezifischen Dienstleistungen an, und unsere Produkte sind nach internationalen Standards wie ISO und CE zertifiziert. Dar\u00fcber hinaus bieten wir einen exzellenten Kundendienst, um die Zufriedenheit unserer Kunden sicherzustellen.<\/p>\n<p><img decoding=\"async\" src=\"https:\/\/hzpt.com\/wp-content\/uploads\/2024\/11\/songte-company-1.webp\" alt=\"Unser Unternehmen\"><\/p>\n<p><em>Autor: lyl<\/em><\/p>","protected":false},"excerpt":{"rendered":"<p>Bucket Cylinder For Lonking Small Excavator LG606DD Introduction The bucket cylinder is a type of hydraulic cylinder specifically designed to control the movement of the bucket in heavy machinery such as excavators, backhoe loaders, and front-end loaders. Its main function is to allow the bucket to be lifted, lowered, and tilted, making it easier to [&hellip;]<\/p>","protected":false},"featured_media":14765,"comment_status":"open","ping_status":"closed","template":"","meta":{"_et_pb_use_builder":"","_et_pb_old_content":"","_et_gb_content_width":""},"product_brand":[],"product_cat":[1494],"product_tag":[1495,1496],"class_list":{"0":"post-15609","1":"product","2":"type-product","3":"status-publish","4":"has-post-thumbnail","6":"product_cat-bucket-cylinders","7":"product_tag-bucket-cylinders","8":"product_tag-hydraulic-cylinders","10":"first","11":"instock","12":"shipping-taxable","13":"product-type-simple"},"amp_enabled":true,"_links":{"self":[{"href":"https:\/\/www.hydraulic-cylinders.net\/de\/wp-json\/wp\/v2\/product\/15609","targetHints":{"allow":["GET"]}}],"collection":[{"href":"https:\/\/www.hydraulic-cylinders.net\/de\/wp-json\/wp\/v2\/product"}],"about":[{"href":"https:\/\/www.hydraulic-cylinders.net\/de\/wp-json\/wp\/v2\/types\/product"}],"replies":[{"embeddable":true,"href":"https:\/\/www.hydraulic-cylinders.net\/de\/wp-json\/wp\/v2\/comments?post=15609"}],"wp:featuredmedia":[{"embeddable":true,"href":"https:\/\/www.hydraulic-cylinders.net\/de\/wp-json\/wp\/v2\/media\/14765"}],"wp:attachment":[{"href":"https:\/\/www.hydraulic-cylinders.net\/de\/wp-json\/wp\/v2\/media?parent=15609"}],"wp:term":[{"taxonomy":"product_brand","embeddable":true,"href":"https:\/\/www.hydraulic-cylinders.net\/de\/wp-json\/wp\/v2\/product_brand?post=15609"},{"taxonomy":"product_cat","embeddable":true,"href":"https:\/\/www.hydraulic-cylinders.net\/de\/wp-json\/wp\/v2\/product_cat?post=15609"},{"taxonomy":"product_tag","embeddable":true,"href":"https:\/\/www.hydraulic-cylinders.net\/de\/wp-json\/wp\/v2\/product_tag?post=15609"}],"curies":[{"name":"wp","href":"https:\/\/api.w.org\/{rel}","templated":true}]}}