{"id":15616,"date":"2025-01-19T14:45:17","date_gmt":"2025-01-19T14:45:17","guid":{"rendered":"https:\/\/www.hydraulic-cylinders.net\/product\/bucket-cylinder-for-lonking-middle-excavator-lg6235\/"},"modified":"2025-01-19T14:45:19","modified_gmt":"2025-01-19T14:45:19","slug":"bucket-cylinder-for-lonking-middle-excavator-lg6235","status":"publish","type":"product","link":"https:\/\/www.hydraulic-cylinders.net\/de\/produkt\/bucket-cylinder-for-lonking-middle-excavator-lg6235\/","title":{"rendered":"L\u00f6ffelzylinder f\u00fcr Mittelbagger LG6235"},"content":{"rendered":"<h1>L\u00f6ffelzylinder f\u00fcr Mittelbagger LG6235<\/h1>\n<h2>Einf\u00fchrung<\/h2>\n<p>Der L\u00f6ffelzylinder f\u00fcr den Lonking-Mittelbagger LG6235 ist ein Hydraulikzylinder, der speziell f\u00fcr die Steuerung der L\u00f6ffelbewegung in Baumaschinen wie Baggern, Tiefladern und Radladern entwickelt wurde. Seine Hauptfunktion besteht im Heben, Senken und Neigen des L\u00f6ffels, wodurch der Umgang mit verschiedenen Materialien erleichtert wird. Im Hydrauliksystem erm\u00f6glicht der L\u00f6ffelzylinder durch die Anpassung des Hydraulik\u00f6ldrucks eine pr\u00e4zise Steuerung des L\u00f6ffels. Dies erlaubt dem Bediener, schwere Lasten effizient zu handhaben und sich an komplexe Arbeitsumgebungen und vielf\u00e4ltige Aufgaben anzupassen.<\/p>\n<p><img decoding=\"async\" src=\"https:\/\/www.hydraulic-cylinders.net\/wp-content\/uploads\/2025\/01\/songte-company-2.webp\" alt=\"L\u00f6ffelzylinder f\u00fcr Mittelbagger LG6235\"><\/p>\n<h2>Merkmale<\/h2>\n<ul>\n<li>Hohe Festigkeit und Langlebigkeit: Typischerweise aus hochfestem Stahl oder Aluminium gefertigt, widerstandsf\u00e4hig gegen hohen Druck und schwere Belastungen, geeignet f\u00fcr raue Arbeitsumgebungen, mit Blick auf Verschlei\u00df- und Korrosionsbest\u00e4ndigkeit entwickelt, um die Lebensdauer zu verl\u00e4ngern.<\/li>\n<li>Effizienter Hydraulikbetrieb: Sanftes Aus- und Einfahren durch Nutzung des Hydraulik\u00f6ldrucks, schnelle Reaktionsf\u00e4higkeit auf Bedienbefehle, Bereitstellung einer starken Schub- und Zugkraft, geeignet f\u00fcr die Handhabung schwerer Lasten und komplexer Arbeitsaufgaben.<\/li>\n<li>Je nach Bedarf k\u00f6nnen verschiedene Arten von Hydraulikzylindern ausgew\u00e4hlt werden: einfachwirkende (die nur in eine Richtung hydraulisch arbeiten) oder doppeltwirkende (die in beide Richtungen hydraulisch arbeiten). Einige Modelle sind teleskopierbar und erm\u00f6glichen so eine gr\u00f6\u00dfere Ausdehnung ohne Vergr\u00f6\u00dferung der Au\u00dfenabmessungen. Sie eignen sich daher f\u00fcr Anwendungen mit begrenztem Platzangebot.<\/li>\n<li>Austauschbar: Unser Produkt kann andere Hydraulikzylinder ersetzen.<\/li>\n<\/ul>\n<p><img decoding=\"async\" src=\"https:\/\/www.hydraulic-cylinders.net\/wp-content\/uploads\/2025\/01\/songte-cylinder-head-with-all-kinds-excavator-models.webp\" alt=\"L\u00f6ffelzylinder f\u00fcr Mittelbagger LG6235\"><\/p>\n<h2>Anwendungen<\/h2>\n<p>Der Schaufelzylinder findet breite Anwendung in verschiedenen Baumaschinen wie zum Beispiel:<\/p>\n<ul>\n<li>Bagger: Der Schaufelzylinder hilft beim Ausheben und Durchdringen des Bodens, indem er es der Schaufel erm\u00f6glicht, in den Boden einzudringen.<\/li>\n<li>Lader: Bei Frontladern helfen sie dabei, G\u00fcter effizient anzuheben und zu kippen.<\/li>\n<li>Baggerlader: Der L\u00f6ffelzylinder unterst\u00fctzt sowohl Aushub- als auch Hebearbeiten.<\/li>\n<li>Landwirtschaftliche Maschinen: werden in Frontladern zum Graben, Heben und Transportieren von Erde, Heu und anderen Materialien eingesetzt.<\/li>\n<\/ul>\n<h2>Design\u00fcberlegungen und Auswahlkriterien<\/h2>\n<p>Der Schaufelzylinder muss eine hohe Tragf\u00e4higkeit, gute Dichtleistung, Langlebigkeit, Sicherheit und Wartungsfreundlichkeit aufweisen. Folgende Punkte sind zu ber\u00fccksichtigen:<\/p>\n<ul>\n<li>Belastbarkeit: Der Zylinder muss hohem Druck und hohen Belastungen standhalten.<\/li>\n<li>Dichtungsleistung: Verwendung verschiedener Dichtungen, wie z. B. Kolbendichtungen und Stangendichtungen, aus verschlei\u00dffesten Materialien wie Polyurethan und Nitrilkautschuk.<\/li>\n<li>Langlebigkeit: Der Zylinderk\u00f6rper und die Gewindeendfl\u00e4che sollten fein bearbeitet sein, um die Verschlei\u00dffestigkeit zu verbessern, und das Hydraulik\u00f6l sollte regelm\u00e4\u00dfig nachgef\u00fcllt werden, um die Schmierung zu gew\u00e4hrleisten.<\/li>\n<li>Sicherheitshinweis: Der Zylinder muss bei der Montage korrekt ausgerichtet und mit geeigneten Montagehalterungen befestigt werden.<\/li>\n<li>Wartungsfreundlichkeit: Um die Lebensdauer des Zylinders zu verl\u00e4ngern, sollten regelm\u00e4\u00dfige Inspektionen, Schmierungen und der Austausch von Dichtungen durchgef\u00fchrt werden.<\/li>\n<\/ul>\n<p><img decoding=\"async\" src=\"https:\/\/www.hydraulic-cylinders.net\/wp-content\/uploads\/2025\/01\/songte-oil-pipes-and-spare-parts.webp\" alt=\"L\u00f6ffelzylinder f\u00fcr Mittelbagger LG6235\"><\/p>\n<h2>Abdichtung und Schmierung<\/h2>\n<p>Der Zylinder verwendet verschiedene Dichtungen, darunter Kolben- und Stangendichtungen, aus verschlei\u00dffesten Materialien wie Polyurethan und Nitrilkautschuk. Zylinderk\u00f6rper und Gewindeendfl\u00e4che sind pr\u00e4zisionsbearbeitet, um die Verschlei\u00dffestigkeit zu verbessern. Regelm\u00e4\u00dfiges Nachf\u00fcllen der richtigen Menge Hydraulik\u00f6l ist erforderlich, um eine optimale Schmierung zu gew\u00e4hrleisten.<\/p>\n<h2>Wartung und Reparatur<\/h2>\n<p>Regelm\u00e4\u00dfige Inspektion, Schmierung, Dichtungsaustausch und Kalibrierungspr\u00fcfungen sind g\u00e4ngige Wartungsarbeiten am Schaufelzylinder. Die korrekte Ausrichtung beim Einbau und die Verwendung geeigneter Montagehalterungen sind entscheidend. Empfohlene Inspektions-, Reparatur- und Austauschverfahren tragen zur Verl\u00e4ngerung der Lebensdauer und Optimierung der Leistung des Zylinders bei.<\/p>\n<p><img decoding=\"async\" src=\"https:\/\/www.hydraulic-cylinders.net\/wp-content\/uploads\/2025\/01\/songte-chushion-collar.webp\" alt=\"L\u00f6ffelzylinder f\u00fcr Mittelbagger LG6235\"><\/p>\n<h2>Sicherheits- und Umweltaspekte<\/h2>\n<p>Beim Betrieb des Schaufelzylinders sind Sicherheitsma\u00dfnahmen unerl\u00e4sslich, wie z. B. die korrekte Ausrichtung bei der Installation und die regelm\u00e4\u00dfige Inspektion des Zylinders, um die Sicherheit des Bedieners und der Umwelt zu gew\u00e4hrleisten.<\/p>\n<h2>Fehlerdiagnose und Fehlerbehebung<\/h2>\n<p>H\u00e4ufige Probleme mit dem Schaufelzylinder sind \u00d6lleckagen, unzureichender Druck und ungew\u00f6hnliche Ger\u00e4usche. Tipps und L\u00f6sungen zur Fehlerbehebung helfen bei der Diagnose und Behebung der Probleme. Au\u00dferdem werden vorbeugende Ma\u00dfnahmen zur Minimierung potenzieller Probleme vorgestellt.<\/p>\n<p><img decoding=\"async\" src=\"https:\/\/www.hydraulic-cylinders.net\/wp-content\/uploads\/2025\/01\/songte-bushings-with-all-kinds-of-excavator-models.webp\" alt=\"L\u00f6ffelzylinder f\u00fcr Mittelbagger LG6235\"><\/p>\n<h2>\u00dcber unser Unternehmen<\/h2>\n<p>Unser Unternehmen produziert eine Vielzahl von Hydraulikzylindern, darunter auch L\u00f6ffelzylinder f\u00fcr verschiedene Bagger. Als einer der f\u00fchrenden Hersteller und Gro\u00dfh\u00e4ndler von Hydraulikzylindern auf dem nationalen und internationalen Markt setzen wir auf h\u00f6chste Qualit\u00e4t und ein optimiertes Fertigungsmanagement, um die Produktqualit\u00e4t stetig zu verbessern und den vielf\u00e4ltigen Kundenbed\u00fcrfnissen gerecht zu werden. Wir verf\u00fcgen \u00fcber umfassende Fertigungskapazit\u00e4ten und verfolgen eine Produktionsphilosophie, die auf Effizienz, Pr\u00e4zision und Qualit\u00e4t basiert.<\/p>\n<ul>\n<li>Professionalit\u00e4t: Unser Unternehmen verf\u00fcgt \u00fcber ein Team von technischen Fachkr\u00e4ften, die professionelle Dienstleistungen und L\u00f6sungen anbieten.<\/li>\n<li>Internationale Zertifizierung: Unsere Produkte haben internationale Qualit\u00e4tszertifizierungen wie ISO9001 und CE bestanden.<\/li>\n<li>Anpassungsservice: Wir k\u00f6nnen Hydraulikzylinder nach Kundenwunsch anpassen, um deren spezifische Anforderungen zu erf\u00fcllen.<\/li>\n<li>Produktionsausr\u00fcstung: Wir verf\u00fcgen \u00fcber moderne digitale Fertigungsanlagen, wie z. B. CNC-Dreh- und Fr\u00e4smaschinen, um eine qualitativ hochwertige Produktion zu gew\u00e4hrleisten.<\/li>\n<li>Kundendienst: Wir bieten einen exzellenten Kundendienst, einschlie\u00dflich Ersatzteilen und \u00dcberholungsleistungen, um die Langlebigkeit unserer Produkte zu erh\u00f6hen.<\/li>\n<\/ul>\n<p><img decoding=\"async\" src=\"https:\/\/hzpt.com\/wp-content\/uploads\/2024\/11\/songte-company-1.webp\" alt=\"L\u00f6ffelzylinder f\u00fcr Mittelbagger LG6235\"><\/p>\n<p>Autor: lyl<\/p>","protected":false},"excerpt":{"rendered":"<p>Bucket Cylinder For Lonking Middle Excavator LG6235 Introduction The bucket cylinder for Lonking middle excavator LG6235 is a hydraulic cylinder specially designed to control the movement of the bucket in heavy machinery such as excavators, backhoe excavators, and front loaders. Its main function is to lift, lower, and tilt the bucket, making it easier to [&hellip;]<\/p>","protected":false},"featured_media":14784,"comment_status":"open","ping_status":"closed","template":"","meta":{"_et_pb_use_builder":"","_et_pb_old_content":"","_et_gb_content_width":""},"product_brand":[],"product_cat":[1494],"product_tag":[1495,1496],"class_list":{"0":"post-15616","1":"product","2":"type-product","3":"status-publish","4":"has-post-thumbnail","6":"product_cat-bucket-cylinders","7":"product_tag-bucket-cylinders","8":"product_tag-hydraulic-cylinders","10":"first","11":"instock","12":"shipping-taxable","13":"product-type-simple"},"amp_enabled":true,"_links":{"self":[{"href":"https:\/\/www.hydraulic-cylinders.net\/de\/wp-json\/wp\/v2\/product\/15616","targetHints":{"allow":["GET"]}}],"collection":[{"href":"https:\/\/www.hydraulic-cylinders.net\/de\/wp-json\/wp\/v2\/product"}],"about":[{"href":"https:\/\/www.hydraulic-cylinders.net\/de\/wp-json\/wp\/v2\/types\/product"}],"replies":[{"embeddable":true,"href":"https:\/\/www.hydraulic-cylinders.net\/de\/wp-json\/wp\/v2\/comments?post=15616"}],"wp:featuredmedia":[{"embeddable":true,"href":"https:\/\/www.hydraulic-cylinders.net\/de\/wp-json\/wp\/v2\/media\/14784"}],"wp:attachment":[{"href":"https:\/\/www.hydraulic-cylinders.net\/de\/wp-json\/wp\/v2\/media?parent=15616"}],"wp:term":[{"taxonomy":"product_brand","embeddable":true,"href":"https:\/\/www.hydraulic-cylinders.net\/de\/wp-json\/wp\/v2\/product_brand?post=15616"},{"taxonomy":"product_cat","embeddable":true,"href":"https:\/\/www.hydraulic-cylinders.net\/de\/wp-json\/wp\/v2\/product_cat?post=15616"},{"taxonomy":"product_tag","embeddable":true,"href":"https:\/\/www.hydraulic-cylinders.net\/de\/wp-json\/wp\/v2\/product_tag?post=15616"}],"curies":[{"name":"wp","href":"https:\/\/api.w.org\/{rel}","templated":true}]}}