{"id":15621,"date":"2025-01-19T14:45:37","date_gmt":"2025-01-19T14:45:37","guid":{"rendered":"https:\/\/www.hydraulic-cylinders.net\/product\/bucket-cylinder-for-jcm-small-excavator-jcm808\/"},"modified":"2025-01-19T14:45:39","modified_gmt":"2025-01-19T14:45:39","slug":"bucket-cylinder-for-jcm-small-excavator-jcm808","status":"publish","type":"product","link":"https:\/\/www.hydraulic-cylinders.net\/de\/produkt\/bucket-cylinder-for-jcm-small-excavator-jcm808\/","title":{"rendered":"L\u00f6ffelzylinder f\u00fcr JCM-Kleinbagger JCM808"},"content":{"rendered":"<h1>L\u00f6ffelzylinder f\u00fcr JCM-Kleinbagger JCM808<\/h1>\n<h2>Einf\u00fchrung<\/h2>\n<p>Ein Schaufelzylinder ist ein speziell entwickelter Hydraulikzylinder, der die Bewegung der Schaufel in Baumaschinen wie Baggern, Baggerladern und Radladern steuert. Seine Hauptfunktion besteht darin, das Heben, Senken und Neigen der Schaufel zu erm\u00f6glichen und so verschiedene Materialumschlagsaufgaben zu erleichtern. Im Hydrauliksystem gew\u00e4hrleistet der Schaufelzylinder durch die Anpassung des Hydraulik\u00f6ldrucks eine pr\u00e4zise Steuerung der Schaufelbewegung. Dies erlaubt es dem Bediener, schwere Lasten effizient zu handhaben und sich an komplexe Arbeitsumgebungen und vielf\u00e4ltige Aufgaben anzupassen.<\/p>\n<p><img decoding=\"async\" src=\"https:\/\/www.hydraulic-cylinders.net\/wp-content\/uploads\/2025\/01\/songte-company-2.webp\" alt=\"Schaufelzylinder\"><\/p>\n<h2>Merkmale<\/h2>\n<h3>Hohe Festigkeit und Haltbarkeit<\/h3>\n<ul>\n<li>Hergestellt aus hochfestem Stahl oder Aluminium, h\u00e4lt es hohem Druck und schweren Belastungen stand, ist f\u00fcr raue Arbeitsumgebungen geeignet und wurde mit Blick auf Verschlei\u00df- und Korrosionsbest\u00e4ndigkeit entwickelt, um die Lebensdauer zu verl\u00e4ngern.<\/li>\n<\/ul>\n<h3>Effizienter Hydraulikbetrieb<\/h3>\n<ul>\n<li>Durch die Nutzung des Drucks von Hydraulik\u00f6l werden gleichm\u00e4\u00dfige Aus- und Einfahrbewegungen erzielt, wodurch starke Schub- und Zugkr\u00e4fte entstehen, die f\u00fcr die Handhabung schwerer Lasten und komplexer Arbeitsaufgaben geeignet sind.<\/li>\n<\/ul>\n<h3>Vielfalt der Typen<\/h3>\n<ul>\n<li>Je nach Bedarf k\u00f6nnen einfachwirkende (hydraulisch nur in eine Richtung bet\u00e4tigbare) oder doppeltwirkende (hydraulisch in beide Richtungen bet\u00e4tigbare) Zylinder ausgew\u00e4hlt werden. Einige Modelle sind teleskopierbar und erm\u00f6glichen so eine gr\u00f6\u00dfere Ausladung ohne Vergr\u00f6\u00dferung der Au\u00dfenabmessungen \u2013 ideal f\u00fcr beengte Platzverh\u00e4ltnisse.<\/li>\n<\/ul>\n<h3>Produktionskapazit\u00e4t<\/h3>\n<p>Unser Produkt kann diese Hydraulikzylinder perfekt ersetzen.<\/p>\n<p><img decoding=\"async\" src=\"https:\/\/www.hydraulic-cylinders.net\/wp-content\/uploads\/2025\/01\/songte-cylinder-head-with-all-kinds-excavator-models.webp\" alt=\"Produktionskapazit\u00e4t\"><\/p>\n<h2>Anwendungen<\/h2>\n<h3>Baumaschinen<\/h3>\n<p>Bei Baggern sind sie unverzichtbar zum Graben, Laden und Bewegen von Erde oder Schutt. Bei Baggerladern unterst\u00fctzt der Schaufelzylinder sowohl das Graben als auch das Heben. <\/p>\n<h3>Landmaschinen<\/h3>\n<p>Wird in Frontladern zum Schaufeln, Anheben und Transportieren von Erde, Heu und anderen Materialien verwendet.<\/p>\n<h3>Bagger<\/h3>\n<p>Der Schaufelzylinder bewirkt die Grabwirkung, indem er es der Schaufel erm\u00f6glicht, in den Boden einzudringen.<\/p>\n<h3>Lader<\/h3>\n<p>Bei Frontladern helfen sie beim effizienten Anheben und Abladen von Ladung.<\/p>\n<h2>Design\u00fcberlegungen und Auswahlkriterien<\/h2>\n<h3>Tragf\u00e4higkeit<\/h3>\n<ul>\n<li>Der Zylinder muss sorgf\u00e4ltig ausgew\u00e4hlt werden, um sicherzustellen, dass er der zu tragenden Last standh\u00e4lt.<\/li>\n<\/ul>\n<h3>Versiegelung<\/h3>\n<ul>\n<li>Durch den Einsatz verschiedener Dichtungen, wie z. B. Kolbendichtungen und Stangendichtungen, unter Verwendung verschlei\u00dffester Materialien wie Polyurethan und Nitrilkautschuk sowie durch eine sorgf\u00e4ltige Oberfl\u00e4chenbehandlung der Zylinderk\u00f6rper und Gewindeenden wird die Verschlei\u00dffestigkeit verbessert und die Dichtungs- und Schmierungsanforderungen des Hydraulikzylinders sichergestellt.<\/li>\n<\/ul>\n<h3>Haltbarkeit<\/h3>\n<ul>\n<li>Um seine Lebensdauer zu verl\u00e4ngern, muss der Zylinder so konstruiert sein, dass er rauen Arbeitsbedingungen und hohen Belastungen standh\u00e4lt.<\/li>\n<\/ul>\n<h3>Sicherheit<\/h3>\n<ul>\n<li>Um Unf\u00e4lle zu vermeiden, m\u00fcssen beim Zylinderdesign Sicherheitsmerkmale wie Absperrventile und Sicherheitsmuttern ber\u00fccksichtigt werden.<\/li>\n<\/ul>\n<h3>Wartbarkeit<\/h3>\n<ul>\n<li>Der Zylinder muss so konstruiert sein, dass er leicht zu warten und zu reparieren ist, mit austauschbaren Teilen und klaren Anweisungen f\u00fcr die Demontage und Montage.<\/li>\n<\/ul>\n<p><img decoding=\"async\" src=\"https:\/\/www.hydraulic-cylinders.net\/wp-content\/uploads\/2025\/01\/songte-oil-pipes-and-spare-parts.webp\" alt=\"Design\u00fcberlegungen\"><\/p>\n<h2>Abdichtung und Schmierung<\/h2>\n<p>Verschiedene Dichtungstypen, wie Kolben- und Stangendichtungen, verwenden verschlei\u00dffeste Materialien wie Polyurethan und Nitrilkautschuk. Die sorgf\u00e4ltige Oberfl\u00e4chenbehandlung der Zylinderk\u00f6rper und Gewindeenden verbessert die Verschlei\u00dffestigkeit und gew\u00e4hrleistet die Dichtungs- und Schmierungsanforderungen des Hydraulikzylinders. Dieser muss regelm\u00e4\u00dfig mit der entsprechenden Menge Hydraulik\u00f6l geschmiert werden.<\/p>\n<h2>Vorbeugende Wartung und Inspektion<\/h2>\n<p>Regelm\u00e4\u00dfige Inspektion und vorbeugende Wartung sind entscheidend f\u00fcr die Langlebigkeit des Hydraulikzylinders. Drei g\u00e4ngige Wartungsarbeiten sind:<\/p>\n<h3>Regelm\u00e4\u00dfige Inspektion<\/h3>\n<p>\u00dcberpr\u00fcfen Sie regelm\u00e4\u00dfig auf Undichtigkeiten, Risse und andere Anzeichen von Verschlei\u00df.<\/p>\n<h3>Schmierung<\/h3>\n<p>Durch das Auftragen der richtigen Menge Schmierstoff auf den Zylinder wird ein reibungsloser Betrieb und eine lange Lebensdauer gew\u00e4hrleistet.<\/p>\n<h3>Dichtungen austauschen und Kalibrierungspr\u00fcfung<\/h3>\n<p>Besch\u00e4digte Dichtungen m\u00fcssen ersetzt werden, um die ordnungsgem\u00e4\u00dfe Dichtungsfunktion des Hydraulikzylinders sicherzustellen. Der Zylinder muss regelm\u00e4\u00dfig kalibriert werden, um einen ordnungsgem\u00e4\u00dfen Betrieb zu gew\u00e4hrleisten.<\/p>\n<p>Korrekte Montage, Schmierung und Justierung sind entscheidend f\u00fcr die Langlebigkeit des Hydraulikzylinders. Wichtige Aspekte sind daher die richtige Ausrichtung bei der Montage, die Verwendung geeigneter Montagehalterungen zur Befestigung des Zylinders, empfohlene Inspektions-, Reparatur- und Austauschverfahren sowie Tipps zur Verl\u00e4ngerung der Lebensdauer.<\/p>\n<p><img decoding=\"async\" src=\"https:\/\/www.hydraulic-cylinders.net\/wp-content\/uploads\/2025\/01\/songte-chushion-collar.webp\" alt=\"Vorbeugende Wartung\"><\/p>\n<h2>Sicherheits- und Umweltaspekte<\/h2>\n<p>Bei der Verwendung von Hydraulikzylindern sind Sicherheitsma\u00dfnahmen unerl\u00e4sslich, um Unf\u00e4lle zu vermeiden. Der sachgem\u00e4\u00dfe Einsatz von Sicherheitsventilen und -muttern tr\u00e4gt zu einem sicheren Betrieb bei. Auch Umweltaspekte m\u00fcssen bei der Verwendung und sachgem\u00e4\u00dfen Entsorgung von Hydraulikzylindern ber\u00fccksichtigt werden, um Sch\u00e4den an der Umwelt zu verhindern.<\/p>\n<h2>Fehlerdiagnose und h\u00e4ufige Probleme<\/h2>\n<p>H\u00e4ufige Fehler an Hydraulikzylindern sind \u00d6lleckagen, unzureichende oder behinderte Funktion und ungew\u00f6hnliche Ger\u00e4usche. Diese Probleme lassen sich in der Regel durch den Austausch besch\u00e4digter Dichtungen, die Anpassung des Hydraulikdrucks oder der Durchflussmenge sowie durch die Sicherstellung einer ausreichenden Schmierung beheben. Rechtzeitige Vorbeugema\u00dfnahmen k\u00f6nnen das Auftreten solcher Probleme deutlich reduzieren.<\/p>\n<p><img decoding=\"async\" src=\"https:\/\/www.hydraulic-cylinders.net\/wp-content\/uploads\/2025\/01\/songte-bushings-with-all-kinds-of-excavator-models.webp\" alt=\"Fehlerdiagnose\"><\/p>\n<p>Unser Unternehmen ist Hersteller von Hydraulikzylindern und bietet ein umfassendes Produktsortiment. Wir geh\u00f6ren zu den f\u00fchrenden Herstellern und Gro\u00dfh\u00e4ndlern von Hydraulikzylindern auf dem nationalen und internationalen Markt. Wir verfolgen den Grundsatz h\u00f6chster Qualit\u00e4t, setzen auf eine industrialisierte Produktionsstrategie in unseren modernen Fertigungswerkst\u00e4tten und optimieren unsere Fertigungsplattform kontinuierlich durch den Einsatz von Fachkr\u00e4ften, modernster digitaler Fertigungstechnik und professionellen Testsystemen. Dank unserer ausgepr\u00e4gten Innovationskraft erf\u00fcllen wir die vielf\u00e4ltigen Kundenbed\u00fcrfnisse mit h\u00f6chster Effizienz, Pr\u00e4zision und Qualit\u00e4t. <\/p>\n<p><img decoding=\"async\" src=\"https:\/\/hzpt.com\/wp-content\/uploads\/2024\/11\/songte-company-1.webp\" alt=\"Unternehmensvorstellung\"><\/p>\n<h3>Professionalit\u00e4t<\/h3>\n<p>Unser Unternehmen verf\u00fcgt \u00fcber ein Team von Fachleuten mit langj\u00e4hriger Erfahrung in der Herstellung und Wartung von Hydraulikzylindern, um unseren Kunden den bestm\u00f6glichen Service zu bieten.<\/p>\n<h3>Internationale Zertifizierung<\/h3>\n<p>Die Produkte unseres Unternehmens sind nach ISO9001 zertifiziert und erf\u00fcllen internationale Standards.<\/p>\n<h3>Kundenspezifischer Service<\/h3>\n<p>Wir k\u00f6nnen ma\u00dfgeschneiderte L\u00f6sungen anbieten, um den spezifischen Bed\u00fcrfnissen unserer Kunden gerecht zu werden, und wir bieten auch personalisierte Produktdienstleistungen wie Lackfarben und Logos an.<\/p>\n<h3>Produktionsausr\u00fcstung<\/h3>\n<p>Wir verf\u00fcgen \u00fcber hochmoderne digitale Fertigungsanlagen, um die hohe Qualit\u00e4t unserer Produkte zu gew\u00e4hrleisten.<\/p>\n<h3>Kundendienst<\/h3>\n<p>Wir bieten unseren Kunden ein komplettes Angebot an Kundendienstleistungen, einschlie\u00dflich technischem Support, Wartung, Reparatur und Austausch, um die Zuverl\u00e4ssigkeit und Langlebigkeit unserer Produkte zu gew\u00e4hrleisten.<\/p>\n<p>Autor: lyl<\/p>","protected":false},"excerpt":{"rendered":"<p>Bucket Cylinder For JCM Small Excavator JCM808 Introduction A bucket cylinder is a specially designed hydraulic cylinder used to control the movement of the bucket in heavy machinery such as excavators, backhoes, and front loaders. Its main function is to enable the bucket to lift, lower, and tilt, making it easier to handle various material [&hellip;]<\/p>","protected":false},"featured_media":14773,"comment_status":"open","ping_status":"closed","template":"","meta":{"_et_pb_use_builder":"","_et_pb_old_content":"","_et_gb_content_width":""},"product_brand":[],"product_cat":[1494],"product_tag":[1495,1496],"class_list":{"0":"post-15621","1":"product","2":"type-product","3":"status-publish","4":"has-post-thumbnail","6":"product_cat-bucket-cylinders","7":"product_tag-bucket-cylinders","8":"product_tag-hydraulic-cylinders","10":"first","11":"instock","12":"shipping-taxable","13":"product-type-simple"},"amp_enabled":true,"_links":{"self":[{"href":"https:\/\/www.hydraulic-cylinders.net\/de\/wp-json\/wp\/v2\/product\/15621","targetHints":{"allow":["GET"]}}],"collection":[{"href":"https:\/\/www.hydraulic-cylinders.net\/de\/wp-json\/wp\/v2\/product"}],"about":[{"href":"https:\/\/www.hydraulic-cylinders.net\/de\/wp-json\/wp\/v2\/types\/product"}],"replies":[{"embeddable":true,"href":"https:\/\/www.hydraulic-cylinders.net\/de\/wp-json\/wp\/v2\/comments?post=15621"}],"wp:featuredmedia":[{"embeddable":true,"href":"https:\/\/www.hydraulic-cylinders.net\/de\/wp-json\/wp\/v2\/media\/14773"}],"wp:attachment":[{"href":"https:\/\/www.hydraulic-cylinders.net\/de\/wp-json\/wp\/v2\/media?parent=15621"}],"wp:term":[{"taxonomy":"product_brand","embeddable":true,"href":"https:\/\/www.hydraulic-cylinders.net\/de\/wp-json\/wp\/v2\/product_brand?post=15621"},{"taxonomy":"product_cat","embeddable":true,"href":"https:\/\/www.hydraulic-cylinders.net\/de\/wp-json\/wp\/v2\/product_cat?post=15621"},{"taxonomy":"product_tag","embeddable":true,"href":"https:\/\/www.hydraulic-cylinders.net\/de\/wp-json\/wp\/v2\/product_tag?post=15621"}],"curies":[{"name":"wp","href":"https:\/\/api.w.org\/{rel}","templated":true}]}}