{"id":15628,"date":"2025-01-19T14:46:11","date_gmt":"2025-01-19T14:46:11","guid":{"rendered":"https:\/\/www.hydraulic-cylinders.net\/product\/bucket-cylinder-for-liebherr-small-excavator-r916l\/"},"modified":"2025-01-19T14:46:13","modified_gmt":"2025-01-19T14:46:13","slug":"bucket-cylinder-for-liebherr-small-excavator-r916l","status":"publish","type":"product","link":"https:\/\/www.hydraulic-cylinders.net\/de\/produkt\/bucket-cylinder-for-liebherr-small-excavator-r916l\/","title":{"rendered":"L\u00f6ffelzylinder f\u00fcr Liebherr Kleinbagger R916L"},"content":{"rendered":"<h1>L\u00f6ffelzylinder f\u00fcr Liebherr Kleinbagger R916L<\/h1>\n<h2>Einf\u00fchrung<\/h2>\n<p>Ein Schaufelzylinder ist ein speziell entwickelter Hydraulikzylinder, der haupts\u00e4chlich zur Steuerung der Schaufelbewegung in Baumaschinen wie Baggern, Baggerladern und Radladern eingesetzt wird. Seine Hauptfunktion besteht darin, das Heben, Senken und Neigen der Schaufel zu erm\u00f6glichen und so verschiedene Materialumschlagsaufgaben zu erleichtern. In einem Hydrauliksystem erzielt der Schaufelzylinder durch die Druckver\u00e4nderungen des Hydraulik\u00f6ls eine pr\u00e4zise Steuerung der Schaufel. Dies erm\u00f6glicht es dem Bediener, schwere Lasten effizient zu handhaben und sich an komplexe Arbeitsumgebungen und vielf\u00e4ltige Betriebsanforderungen anzupassen.<\/p>\n<p><img decoding=\"async\" src=\"https:\/\/www.hydraulic-cylinders.net\/wp-content\/uploads\/2025\/01\/songte-company-2.webp\" alt=\"Schaufelzylinder\" \/><\/p>\n<h2>Merkmale<\/h2>\n<ul>\n<li>Hohe Festigkeit und Langlebigkeit: Gefertigt aus hochfestem Stahl oder Aluminium, h\u00e4lt es hohem Druck und schweren Belastungen stand und eignet sich daher f\u00fcr anspruchsvolle Arbeitsumgebungen. Die Konstruktion ber\u00fccksichtigt Verschlei\u00df- und Korrosionsbest\u00e4ndigkeit und verl\u00e4ngert so die Lebensdauer.<\/li>\n<li>Effizienter Hydraulikbetrieb: Nutzt den Druck des Hydraulik\u00f6ls, um gleichm\u00e4\u00dfige Teleskopbewegungen zu erzielen und schnell auf Steuerbefehle zu reagieren. Bietet eine starke Schub- und Zugkraft und eignet sich f\u00fcr die Handhabung schwerer Lasten und komplexer Arbeitsaufgaben.<\/li>\n<li>Verschiedene Ausf\u00fchrungen: Je nach Bedarf k\u00f6nnen einfachwirkende (hydraulisch nur in eine Richtung wirkende) oder doppeltwirkende (hydraulisch in zwei Richtungen wirkende) Zylinder gew\u00e4hlt werden. Einige Modelle sind teleskopierbar und erm\u00f6glichen so eine gr\u00f6\u00dfere Auszugsl\u00e4nge ohne Vergr\u00f6\u00dferung der Au\u00dfenabmessungen \u2013 ideal f\u00fcr beengte Platzverh\u00e4ltnisse.<\/li>\n<li>Kann andere Hydraulikzylinder ersetzen: Unsere Produkte k\u00f6nnen diese Hydraulikzylinder perfekt ersetzen.<\/li>\n<\/ul>\n<p><img decoding=\"async\" src=\"https:\/\/www.hydraulic-cylinders.net\/wp-content\/uploads\/2025\/01\/songte-cylinder-head-with-all-kinds-excavator-models.webp\" alt=\"Schaufelzylinder-Modelle\" \/><\/p>\n<h2>Anwendungen<\/h2>\n<p>Der Eimerzylinder findet in verschiedenen Branchen breite Anwendung, unter anderem in folgenden Bereichen:<\/p>\n<h3>Baumaschinen<\/h3>\n<p>Bei Baggern sind sie unverzichtbar zum Graben, Laden und Bewegen von Erde oder Schutt. Bei Baggerladern unterst\u00fctzt der Schaufelzylinder sowohl das Graben als auch das Heben. <\/p>\n<h3>Landmaschinen<\/h3>\n<p>Sie werden in Radladern zum Schaufeln, Anheben und Transportieren von Erde, Heu und anderen Materialien eingesetzt. In Baggern erm\u00f6glicht der Schaufelzylinder das Graben, indem er das Eindringen der Schaufel in den Boden erlaubt. In Radladern tragen sie zum effektiven Kippen und Abladen von G\u00fctern bei.<\/p>\n<p><img decoding=\"async\" src=\"https:\/\/www.hydraulic-cylinders.net\/wp-content\/uploads\/2025\/01\/songte-chushion-collar.webp\" alt=\"Eimerzylinder-D\u00e4mpfungskragen\" \/><\/p>\n<h2>Design\u00fcberlegungen und Auswahlkriterien<\/h2>\n<p>Bei der Konstruktion des Schaufelzylinders werden verschiedene Faktoren ber\u00fccksichtigt, darunter Tragf\u00e4higkeit, Abdichtung, Haltbarkeit, Sicherheit und Wartungsfreundlichkeit.<\/p>\n<h3>Belastbarkeit<\/h3>\n<p>Die Tragf\u00e4higkeit ist das maximale Gewicht, das der Hydraulikzylinder tragen kann, ohne zu versagen. Sie h\u00e4ngt von Faktoren wie der Zylindergr\u00f6\u00dfe, dem Druck des Hydrauliksystems und dem verwendeten Material ab.<\/p>\n<h3>Versiegelung<\/h3>\n<p>Der Hydraulikzylinder muss \u00fcber eine effiziente Abdichtung verf\u00fcgen, um das Austreten von Hydraulikfl\u00fcssigkeit und das Eindringen von Verunreinigungen zu verhindern. Typischerweise werden verschiedene Dichtungen, wie Kolben- und Stangendichtungen, eingesetzt, um eine einwandfreie Abdichtung zu gew\u00e4hrleisten. Die Dichtungen bestehen aus verschlei\u00dffesten Materialien wie Polyurethan oder Nitrilkautschuk.<\/p>\n<h3>Haltbarkeit<\/h3>\n<p>Der Zylinder muss robust genug sein, um den rauen Umgebungsbedingungen standzuhalten und \u00fcber einen l\u00e4ngeren Zeitraum zuverl\u00e4ssig zu funktionieren. Seine Langlebigkeit h\u00e4ngt von Faktoren wie dem verwendeten Material, der Verarbeitungsqualit\u00e4t und der ordnungsgem\u00e4\u00dfen Wartung ab.<\/p>\n<h3>Sicherheit<\/h3>\n<p>Der Zylinder des Schaufelradladers muss unter Ber\u00fccksichtigung der Sicherheit konstruiert sein. Eine sachgem\u00e4\u00dfe Installation und Wartung tragen dazu bei, Unf\u00e4lle zu vermeiden und die Sicherheit zu erh\u00f6hen.<\/p>\n<h3>Wartbarkeit<\/h3>\n<p>Der Schaufelzylinder sollte wartungsfreundlich sein und \u00fcber leicht austauschbare Teile verf\u00fcgen. Regelm\u00e4\u00dfige Wartungsarbeiten, einschlie\u00dflich \u00d6lwechsel, Dichtungsaustausch und Kalibrierungspr\u00fcfungen, tragen zur Verl\u00e4ngerung der Lebensdauer des Zylinders bei.<\/p>\n<p><img decoding=\"async\" src=\"https:\/\/www.hydraulic-cylinders.net\/wp-content\/uploads\/2025\/01\/songte-oil-pipes-and-spare-parts.webp\" alt=\"Ersatzteile f\u00fcr Schaufelzylinder\" \/><\/p>\n<h2>Dichtung und Schmierung<\/h2>\n<p>Verschiedene Dichtungen, wie Kolben- und Stangendichtungen, gew\u00e4hrleisten die einwandfreie Abdichtung des Hydraulikzylinders. Diese Dichtungen bestehen aus verschlei\u00dffesten Materialien wie Polyurethan oder Nitrilkautschuk. F\u00fcr einen reibungslosen Betrieb ben\u00f6tigt der Zylinder regelm\u00e4\u00dfige Schmierung mit dem richtigen Hydraulik\u00f6l in der richtigen Menge. Auch die \u00d6lleitungen und Ersatzteile des Zylinders sollten regelm\u00e4\u00dfig auf Verschlei\u00df gepr\u00fcft und gegebenenfalls ausgetauscht werden.<\/p>\n<h2>Wartung und Reparatur<\/h2>\n<p>Um eine lange Lebensdauer des Schaufelzylinders zu gew\u00e4hrleisten, sind regelm\u00e4\u00dfige Wartung und Reparatur unerl\u00e4sslich. Im Folgenden sind einige g\u00e4ngige Wartungsarbeiten aufgef\u00fchrt:<\/p>\n<h3>Regelm\u00e4\u00dfige Inspektion<\/h3>\n<p>\u00dcberpr\u00fcfen Sie den Zylinder regelm\u00e4\u00dfig auf Verschlei\u00dferscheinungen oder Besch\u00e4digungen. Beheben Sie etwaige Probleme umgehend, bevor sie sich verschlimmern.<\/p>\n<h3>Schmierung<\/h3>\n<p>Eine ordnungsgem\u00e4\u00dfe Schmierung ist f\u00fcr den reibungslosen Betrieb und die lange Lebensdauer des Zylinders unerl\u00e4sslich. Verwenden Sie die richtige Art und Menge Hydraulik\u00f6l. F\u00fcllen Sie regelm\u00e4\u00dfig \u00d6l in den Zylinder nach.<\/p>\n<h3>Dichtungswechsel<\/h3>\n<p>Je nach Verwendungszweck und Betriebsumgebung des Zylinders m\u00fcssen die Dichtungen m\u00f6glicherweise ausgetauscht werden. Tauschen Sie die Dichtungen gegebenenfalls aus, um eine einwandfreie Abdichtung zu gew\u00e4hrleisten.<\/p>\n<p><img decoding=\"async\" src=\"https:\/\/www.hydraulic-cylinders.net\/wp-content\/uploads\/2025\/01\/songte-bushings-with-all-kinds-of-excavator-models.webp\" alt=\"Buchsen f\u00fcr Schaufelzylinder\" \/><\/p>\n<h2>Sicherheits- und Umweltaspekte<\/h2>\n<p>Bei Arbeiten an Hydraulikzylindern ist Sicherheit oberstes Gebot. Eine angemessene Schulung, Schutzausr\u00fcstung und die Einhaltung von Sicherheitsvorkehrungen tragen dazu bei, Unf\u00e4lle zu vermeiden. Dar\u00fcber hinaus k\u00f6nnen Umwelteinfl\u00fcsse wie Temperatur und Luftfeuchtigkeit die Leistung des Zylinders beeinflussen. Ber\u00fccksichtigen Sie diese Faktoren unbedingt bei der Auswahl und Installation des Zylinders.<\/p>\n<h2>Fehlerbehebung und h\u00e4ufige Probleme<\/h2>\n<p>Wie jedes mechanische Ger\u00e4t kann auch der Baggerzylinder w\u00e4hrend des Gebrauchs Probleme aufweisen. H\u00e4ufige Probleme sind Leckagen, Leistungseinbu\u00dfen und Besch\u00e4digungen. Um diese Probleme zu beheben, beachten Sie folgende Tipps:<\/p>\n<h3>Tipps zur Fehlerbehebung<\/h3>\n<ul>\n<li>Regelm\u00e4\u00dfig auf Undichtigkeiten und Verschlei\u00df pr\u00fcfen.<\/li>\n<li>Vergewissern Sie sich, dass die richtige Art und Menge an Hydraulik\u00f6l verwendet wird.<\/li>\n<li>Stellen Sie sicher, dass der Zylinder ausreichend geschmiert ist.<\/li>\n<li>Pr\u00fcfen Sie die Dichtungen auf Besch\u00e4digungen oder Verschlei\u00df und tauschen Sie sie gegebenenfalls aus.<\/li>\n<\/ul>\n<h3>Vorbeugende Ma\u00dfnahmen<\/h3>\n<ul>\n<li>Ordnungsgem\u00e4\u00dfe Installation und Wartung<\/li>\n<li>Regelm\u00e4\u00dfige Inspektion und Schmierung<\/li>\n<li>Dichtungsaustausch nach Bedarf<\/li>\n<li>Verwendung geeigneter Schutzausr\u00fcstung und -praktiken<\/li>\n<\/ul>\n<p><img decoding=\"async\" src=\"https:\/\/hzpt.com\/wp-content\/uploads\/2024\/11\/songte-company-1.webp\" alt=\"Songte Company\" \/><\/p>\n<h2>\u00dcber unser Unternehmen<\/h2>\n<p>Wir sind ein Hersteller von Hydraulikzylindern mit einem umfassenden Produktsortiment. Wir haben uns zu einem der f\u00fchrenden Hersteller und Gro\u00dfh\u00e4ndler von Hydraulikzylindern auf dem nationalen und internationalen Markt entwickelt. Wir setzen auf h\u00f6chste Qualit\u00e4t, nutzen modernste Fertigungsmethoden und optimieren kontinuierlich unsere Produktionsprozesse. Dank unserer ausgepr\u00e4gten Innovationskraft erf\u00fcllen wir die vielf\u00e4ltigen Bed\u00fcrfnisse unserer Kunden mit h\u00f6chster Effizienz, Pr\u00e4zision und Qualit\u00e4t.<\/p>\n<h3>Professionalit\u00e4t<\/h3>\n<p>Unser professionelles Team verf\u00fcgt \u00fcber langj\u00e4hrige Erfahrung in der Konstruktion, Fertigung, Pr\u00fcfung und Wartung von Hydraulikzylindern. Wir legen Wert darauf, unseren Kunden qualitativ hochwertige Produkte und Dienstleistungen anzubieten.<\/p>\n<h3>Internationale Zertifizierungen<\/h3>\n<p>Unsere Produkte haben internationale Zertifizierungen wie ISO 9001, CE und T\u00dcV bestanden, wodurch sichergestellt wird, dass unsere Produkte h\u00f6chsten Qualit\u00e4ts- und Sicherheitsstandards entsprechen.<\/p>\n<h3>Anpassungsdienste<\/h3>\n<p>Wir bieten eine breite Palette an Individualisierungsm\u00f6glichkeiten, um den vielf\u00e4ltigen Bed\u00fcrfnissen unserer Kunden gerecht zu werden, darunter Sondergr\u00f6\u00dfen, -formen, -materialien und -designs.<\/p>\n<h3>Produktionsausr\u00fcstung<\/h3>\n<p>Wir verwenden fortschrittliche digitale Fertigungsanlagen, um die Genauigkeit und Qualit\u00e4t unserer Produkte zu gew\u00e4hrleisten, darunter CNC-Drehmaschinen, Fr\u00e4smaschinen und hydraulische Pr\u00fcfst\u00e4nde.<\/p>\n<h3>Kundendienst<\/h3>\n<p>Wir bieten einen umfassenden Kundendienst, einschlie\u00dflich Teileaustausch und \u00dcberholungsservices, um Kunden bei der Behebung etwaiger Probleme mit ihren Hydraulikzylindern zu unterst\u00fctzen.<\/p>\n<p><img decoding=\"async\" src=\"https:\/\/www.hydraulic-cylinders.net\/wp-content\/uploads\/2025\/01\/songte-company-3.webp\" alt=\"Songte Company\" \/><\/p>\n<p>Autor: lyl<\/p>","protected":false},"excerpt":{"rendered":"<p>Bucket Cylinder For Liebherr Small Excavator R916L Introduction A bucket cylinder is a specifically designed hydraulic cylinder mainly used to control the movement of bucket in heavy machinery such as excavators, backhoe loaders, and front-end loaders. Its primary function is to enable the bucket to perform lifting, lowering, and tilting movements, thus facilitating various material [&hellip;]<\/p>","protected":false},"featured_media":14788,"comment_status":"open","ping_status":"closed","template":"","meta":{"_et_pb_use_builder":"","_et_pb_old_content":"","_et_gb_content_width":""},"product_brand":[],"product_cat":[1494],"product_tag":[1495,1496],"class_list":{"0":"post-15628","1":"product","2":"type-product","3":"status-publish","4":"has-post-thumbnail","6":"product_cat-bucket-cylinders","7":"product_tag-bucket-cylinders","8":"product_tag-hydraulic-cylinders","10":"first","11":"instock","12":"shipping-taxable","13":"product-type-simple"},"amp_enabled":true,"_links":{"self":[{"href":"https:\/\/www.hydraulic-cylinders.net\/de\/wp-json\/wp\/v2\/product\/15628","targetHints":{"allow":["GET"]}}],"collection":[{"href":"https:\/\/www.hydraulic-cylinders.net\/de\/wp-json\/wp\/v2\/product"}],"about":[{"href":"https:\/\/www.hydraulic-cylinders.net\/de\/wp-json\/wp\/v2\/types\/product"}],"replies":[{"embeddable":true,"href":"https:\/\/www.hydraulic-cylinders.net\/de\/wp-json\/wp\/v2\/comments?post=15628"}],"wp:featuredmedia":[{"embeddable":true,"href":"https:\/\/www.hydraulic-cylinders.net\/de\/wp-json\/wp\/v2\/media\/14788"}],"wp:attachment":[{"href":"https:\/\/www.hydraulic-cylinders.net\/de\/wp-json\/wp\/v2\/media?parent=15628"}],"wp:term":[{"taxonomy":"product_brand","embeddable":true,"href":"https:\/\/www.hydraulic-cylinders.net\/de\/wp-json\/wp\/v2\/product_brand?post=15628"},{"taxonomy":"product_cat","embeddable":true,"href":"https:\/\/www.hydraulic-cylinders.net\/de\/wp-json\/wp\/v2\/product_cat?post=15628"},{"taxonomy":"product_tag","embeddable":true,"href":"https:\/\/www.hydraulic-cylinders.net\/de\/wp-json\/wp\/v2\/product_tag?post=15628"}],"curies":[{"name":"wp","href":"https:\/\/api.w.org\/{rel}","templated":true}]}}