{"id":15644,"date":"2025-01-19T14:47:21","date_gmt":"2025-01-19T14:47:21","guid":{"rendered":"https:\/\/www.hydraulic-cylinders.net\/product\/bucket-cylinder-for-sdlg-small-excavator-lg665\/"},"modified":"2025-01-19T14:47:23","modified_gmt":"2025-01-19T14:47:23","slug":"bucket-cylinder-for-sdlg-small-excavator-lg665","status":"publish","type":"product","link":"https:\/\/www.hydraulic-cylinders.net\/de\/produkt\/bucket-cylinder-for-sdlg-small-excavator-lg665\/","title":{"rendered":"L\u00f6ffelzylinder f\u00fcr SDLG Kleinbagger LG665"},"content":{"rendered":"<h1>L\u00f6ffelzylinder f\u00fcr SDLG Kleinbagger LG665<\/h1>\n<h2>Einf\u00fchrung<\/h2>\n<p>Der L\u00f6ffelzylinder f\u00fcr den SDLG-Kleinbagger LG665 ist ein speziell entwickelter Hydraulikzylinder, der haupts\u00e4chlich zur Steuerung der L\u00f6ffelbewegung in Baumaschinen wie Baggern, Baggerladern und Radladern eingesetzt wird. Seine Hauptfunktion besteht darin, das Heben, Senken und Neigen des L\u00f6ffels zu erm\u00f6glichen und so verschiedene Materialumschlagsaufgaben zu erleichtern. Im Hydrauliksystem gew\u00e4hrleistet der L\u00f6ffelzylinder durch die Anpassung des Hydraulik\u00f6ldrucks eine pr\u00e4zise Steuerung des L\u00f6ffels. Dies erm\u00f6glicht dem Bediener, schwere Lasten effizient zu handhaben, sich an komplexe Arbeitsumgebungen anzupassen und vielf\u00e4ltige Betriebsanforderungen zu erf\u00fcllen.<\/p>\n<p><img decoding=\"async\" src=\"https:\/\/www.hydraulic-cylinders.net\/wp-content\/uploads\/2025\/01\/songte-company-2.webp\"><\/p>\n<h2>Merkmale<\/h2>\n<ul>\n<li>Hohe Festigkeit und Langlebigkeit: Hergestellt aus hochfestem Stahl oder Aluminium, halten sie hohem Druck und hohen Belastungen stand, sind f\u00fcr raue Arbeitsumgebungen geeignet und verschlei\u00df- sowie korrosionsbest\u00e4ndig, was die Lebensdauer verl\u00e4ngert.<\/li>\n<li>Effizienter Hydraulikbetrieb: Nutzt Hydraulik\u00f6ldruck f\u00fcr sanfte Aus- und Einfahrvorg\u00e4nge, reagiert schnell auf Bedienbefehle, bietet starke Schub- und Zugkr\u00e4fte und eignet sich f\u00fcr die Handhabung schwerer Lasten und komplexer Arbeitsaufgaben.<\/li>\n<li>Verschiedene Zylindertypen stehen zur Auswahl: Einfachwirkende (hydraulisch nur in eine Richtung wirkende) und doppeltwirkende (hydraulisch in beide Richtungen wirkende) Zylinder k\u00f6nnen je nach Bedarf und Einsatzanforderungen ausgew\u00e4hlt werden. Einige Modelle sind teleskopierbar und erm\u00f6glichen so eine gr\u00f6\u00dfere Auszugsl\u00e4nge ohne Vergr\u00f6\u00dferung der Au\u00dfenabmessungen \u2013 ideal f\u00fcr Anwendungen mit begrenztem Platzangebot.<\/li>\n<li>Kann andere Hydraulikzylinder ersetzen: Unser Produkt kann diese Hydraulikzylinder perfekt ersetzen.<\/li>\n<\/ul>\n<p><img decoding=\"async\" src=\"https:\/\/www.hydraulic-cylinders.net\/wp-content\/uploads\/2025\/01\/songte-cylinder-head-with-all-kinds-excavator-models.webp\"><\/p>\n<h2>Anwendungen<\/h2>\n<p>Der L\u00f6ffelzylinder f\u00fcr den SDLG-Kleinbagger LG665 hat ein breites Anwendungsspektrum, darunter:<\/p>\n<ul>\n<li>Baumaschinen: Bei Baggern sind sie unverzichtbar zum Graben, Laden und Bewegen von Erde oder Bauschutt. Bei Baggerladern unterst\u00fctzt der Schaufelzylinder sowohl das Graben als auch das Heben. <\/li>\n<li>Landwirtschaftliche Maschinen: werden f\u00fcr Frontlader zum Schaufeln, Heben und Transportieren von Erde, Heu und anderen Materialien verwendet; Bagger: Der Schaufelzylinder bewirkt die Grabwirkung, indem er das Eindringen der Schaufel in den Boden erm\u00f6glicht. <\/li>\n<li>Lader: Bei Frontladern helfen sie effektiv beim Anheben und Kippen von G\u00fctern.<\/li>\n<\/ul>\n<h2>Design\u00fcberlegungen und Auswahlkriterien<\/h2>\n<p>Der L\u00f6ffelzylinder f\u00fcr den SDLG-Kleinbagger LG665 weist verschiedene Konstruktions\u00fcberlegungen und Auswahlkriterien auf, darunter:<\/p>\n<ul>\n<li>Bearing capacity: The cylinder&#8217;s bearing capacity must be able to withstand the hydraulic pressure loads generated during its operation.<\/li>\n<li>Abdichtung: Um sicherzustellen, dass das Hydrauliksystem den richtigen Druck aufrechterh\u00e4lt und Leckagen verhindert werden, m\u00fcssen verschiedene Dichtungskomponenten wie Kolbendichtungen und Stangendichtungen verwendet werden.<\/li>\n<li>Langlebigkeit: Der Zylinder muss so konstruiert sein, dass er den rauen Arbeitsbedingungen und dem Verschlei\u00df bei regelm\u00e4\u00dfigem Gebrauch standh\u00e4lt.<\/li>\n<li>Sicherheit: Bei der Konstruktion und dem Bau des Zylinders m\u00fcssen alle Sicherheitsma\u00dfnahmen getroffen werden, um sicherzustellen, dass er allen Sicherheitsstandards und -vorschriften entspricht.<\/li>\n<li>Wartungsfreundlichkeit: Der Zylinder muss so konstruiert sein, dass er leicht gewartet und repariert werden kann, wobei alle Teile f\u00fcr Austausch oder Reparatur leicht zug\u00e4nglich sein m\u00fcssen.<\/li>\n<\/ul>\n<p><img decoding=\"async\" src=\"https:\/\/www.hydraulic-cylinders.net\/wp-content\/uploads\/2025\/01\/songte-oil-pipes-and-spare-parts.webp\"><\/p>\n<h2>Abdichtung und Schmierung<\/h2>\n<p>Der L\u00f6ffelzylinder des SDLG-Kleinbaggers LG665 erfordert verschiedene Abdichtungs- und Schmiermethoden, darunter:<\/p>\n<ul>\n<li>Durch die Verwendung verschiedener Dichtungskomponenten wie Kolbendichtungen, Pleueldichtungen und Abstreifdichtungen aus langlebigen Materialien wie Polyurethan, Nitrilkautschuk und anderen<\/li>\n<li>Feinbearbeitung des Zylinderk\u00f6rpers und der Gewindeendfl\u00e4che zur Erh\u00f6hung der Verschlei\u00dffestigkeit<\/li>\n<li>Regelm\u00e4\u00dfiges Nachf\u00fcllen einer angemessenen Menge Hydraulik\u00f6l zur Schmierung<\/li>\n<\/ul>\n<h2>Regelm\u00e4\u00dfige Inspektion und vorbeugende Wartungsma\u00dfnahmen<\/h2>\n<p>Zu den regelm\u00e4\u00dfigen Inspektions- und vorbeugenden Wartungsma\u00dfnahmen f\u00fcr den L\u00f6ffelzylinder des SDLG-Kleinbaggers LG665 geh\u00f6ren:<\/p>\n<ul>\n<li>Regelm\u00e4\u00dfige Schmierung<\/li>\n<li>Regelm\u00e4\u00dfiger Dichtungswechsel und Kalibrierungspr\u00fcfungen<\/li>\n<li>Regelm\u00e4\u00dfige \u00dcberpr\u00fcfung aller Hydraulikkomponenten und -anschl\u00fcsse<\/li>\n<\/ul>\n<p>Eine fachgerechte Installation, Schmierung und Justierung sind unerl\u00e4sslich f\u00fcr optimale Leistung und lange Lebensdauer. Bei der Installation empfiehlt es sich, geeignete Montagehalterungen zur Befestigung des Zylinders zu verwenden. Inspektion, Reparatur und Austausch sollten von geschulten Fachkr\u00e4ften durchgef\u00fchrt werden.<\/p>\n<p><img decoding=\"async\" src=\"https:\/\/www.hydraulic-cylinders.net\/wp-content\/uploads\/2025\/01\/songte-chushion-collar.webp\"><\/p>\n<h2>Sicherheitsaspekte und Umweltfaktoren<\/h2>\n<p>Bei der Verwendung des L\u00f6ffelzylinders f\u00fcr den SDLG-Kleinbagger LG665 ist es unerl\u00e4sslich, alle notwendigen Sicherheitsvorkehrungen zu beachten, wie z. B. das Tragen geeigneter Schutzausr\u00fcstung und die Einhaltung aller Bedienungsanweisungen.<\/p>\n<h2>Diagnose und h\u00e4ufige Probleme sowie L\u00f6sungen<\/h2>\n<p>H\u00e4ufige Probleme mit dem L\u00f6ffelzylinder des SDLG-Kleinbaggers LG665 k\u00f6nnen sein:<\/p>\n<ul>\n<li>Leckage oder unzureichender Druck im Hydrauliksystem<\/li>\n<li>Schlechte Zylinderleistung, einschlie\u00dflich langsamer oder schwacher Bewegung<\/li>\n<li>Besch\u00e4digte oder verschlissene Dichtungen f\u00fchren zu einem Austritt von Hydraulikfl\u00fcssigkeit.<\/li>\n<\/ul>\n<p>Durch sachgem\u00e4\u00dfe Wartung und Instandhaltung, einschlie\u00dflich regelm\u00e4\u00dfiger Inspektion und Wartung, lassen sich die meisten Probleme in der Regel vermeiden. Sollten dennoch Probleme auftreten, empfiehlt es sich, einen qualifizierten Hydraulikmechaniker zu konsultieren.<\/p>\n<p><img decoding=\"async\" src=\"https:\/\/www.hydraulic-cylinders.net\/wp-content\/uploads\/2025\/01\/songte-bushings-with-all-kinds-of-excavator-models.webp\"><\/p>\n<h2>\u00dcber unser Unternehmen<\/h2>\n<p>We are a leading manufacturer and wholesale distributor of hydraulic cylinders, and we produce a wide range of products that can replace other hydraulic cylinders. Our company&#8217;s production facilities focus on precision manufacturing and utilize the latest technology to create quality products that meet international standards. Our team consists of highly skilled professionals who are dedicated to providing exceptional service to our customers. We offer customized services to meet individual needs and provide a full range of after-sales services to ensure that our customers&#8217; needs are fully met.<\/p>\n<p><img decoding=\"async\" src=\"https:\/\/hzpt.com\/wp-content\/uploads\/2024\/11\/songte-company-1.webp\"><\/p>\n<h3>Professionalit\u00e4t<\/h3>\n<p>Our company prides itself on its professionalism, expertise, and commitment to customer service. We are dedicated to providing quality products and services that meet our customers&#8217; needs and exceed their expectations. We strive to maintain the highest standards of professionalism in everything we do.<\/p>\n<h3>Internationale Zertifizierung<\/h3>\n<p>Wir haben internationale Zertifizierungen, darunter ISO 9001, erhalten und gew\u00e4hrleisten damit, dass unsere Produkte h\u00f6chsten Qualit\u00e4tsstandards entsprechen. Unsere Zertifizierungen belegen unser Engagement f\u00fcr Qualit\u00e4t, Sicherheit und Umweltschutz.<\/p>\n<h3>Ma\u00dfgeschneiderte Dienstleistungen<\/h3>\n<p>Wir sind spezialisiert auf die Bereitstellung kundenspezifischer Hydraulikzylinderl\u00f6sungen, die auf die individuellen Bed\u00fcrfnisse unserer Kunden zugeschnitten sind. Unser Team aus erfahrenen Fachleuten arbeitet eng mit den Kunden zusammen, um deren Anforderungen zu ermitteln und passende L\u00f6sungen zu entwickeln.<\/p>\n<h3>Produktionsausr\u00fcstung<\/h3>\n<p>Wir setzen modernste Produktionsanlagen und -technologien ein, um sicherzustellen, dass unsere Produkte h\u00f6chsten Qualit\u00e4tsstandards entsprechen. Unsere Produktionsst\u00e4tten sind auf Pr\u00e4zisionsfertigung spezialisiert und nutzen neueste Technologien, um h\u00f6chste Genauigkeit und Qualit\u00e4t zu erreichen.<\/p>\n<h3>Kundendienst<\/h3>\n<p>We provide a full range of after-sales services to ensure that our customers&#8217; needs are fully met. Our team of highly trained professionals is dedicated to providing exceptional service and support to our customers.<\/p>\n<h4>Autor: lyl<\/h4>","protected":false},"excerpt":{"rendered":"<p>Bucket Cylinder For SDLG Small Excavator LG665 Introduction The bucket cylinder for SDLG small excavator LG665 is a specifically designed hydraulic cylinder mainly used for controlling the motion of the bucket in heavy machinery like excavators, backhoe loaders, and front-end loaders. Its primary function is to enable the bucket to lift, lower, and tilt, thereby [&hellip;]<\/p>","protected":false},"featured_media":14787,"comment_status":"open","ping_status":"closed","template":"","meta":{"_et_pb_use_builder":"","_et_pb_old_content":"","_et_gb_content_width":""},"product_brand":[],"product_cat":[1494],"product_tag":[1495,1496],"class_list":{"0":"post-15644","1":"product","2":"type-product","3":"status-publish","4":"has-post-thumbnail","6":"product_cat-bucket-cylinders","7":"product_tag-bucket-cylinders","8":"product_tag-hydraulic-cylinders","10":"first","11":"instock","12":"shipping-taxable","13":"product-type-simple"},"amp_enabled":true,"_links":{"self":[{"href":"https:\/\/www.hydraulic-cylinders.net\/de\/wp-json\/wp\/v2\/product\/15644","targetHints":{"allow":["GET"]}}],"collection":[{"href":"https:\/\/www.hydraulic-cylinders.net\/de\/wp-json\/wp\/v2\/product"}],"about":[{"href":"https:\/\/www.hydraulic-cylinders.net\/de\/wp-json\/wp\/v2\/types\/product"}],"replies":[{"embeddable":true,"href":"https:\/\/www.hydraulic-cylinders.net\/de\/wp-json\/wp\/v2\/comments?post=15644"}],"wp:featuredmedia":[{"embeddable":true,"href":"https:\/\/www.hydraulic-cylinders.net\/de\/wp-json\/wp\/v2\/media\/14787"}],"wp:attachment":[{"href":"https:\/\/www.hydraulic-cylinders.net\/de\/wp-json\/wp\/v2\/media?parent=15644"}],"wp:term":[{"taxonomy":"product_brand","embeddable":true,"href":"https:\/\/www.hydraulic-cylinders.net\/de\/wp-json\/wp\/v2\/product_brand?post=15644"},{"taxonomy":"product_cat","embeddable":true,"href":"https:\/\/www.hydraulic-cylinders.net\/de\/wp-json\/wp\/v2\/product_cat?post=15644"},{"taxonomy":"product_tag","embeddable":true,"href":"https:\/\/www.hydraulic-cylinders.net\/de\/wp-json\/wp\/v2\/product_tag?post=15644"}],"curies":[{"name":"wp","href":"https:\/\/api.w.org\/{rel}","templated":true}]}}