{"id":15648,"date":"2025-01-19T14:47:38","date_gmt":"2025-01-19T14:47:38","guid":{"rendered":"https:\/\/www.hydraulic-cylinders.net\/product\/bucket-cylinder-for-sdlg-small-excavator-lg665e\/"},"modified":"2025-01-19T14:47:40","modified_gmt":"2025-01-19T14:47:40","slug":"bucket-cylinder-for-sdlg-small-excavator-lg665e","status":"publish","type":"product","link":"https:\/\/www.hydraulic-cylinders.net\/de\/produkt\/bucket-cylinder-for-sdlg-small-excavator-lg665e\/","title":{"rendered":"L\u00f6ffelzylinder f\u00fcr SDLG Kleinbagger LG665E"},"content":{"rendered":"<h1>L\u00f6ffelzylinder f\u00fcr SDLG Kleinbagger LG665E<\/h1>\n<h2>Einf\u00fchrung<\/h2>\n<h3>Definition<\/h3>\n<p>Ein Schaufelzylinder ist ein speziell entwickelter Hydraulikzylinder, der haupts\u00e4chlich zur Steuerung der Schaufelbewegung in Baumaschinen wie Baggern, Baggerladern und Radladern eingesetzt wird. Seine Hauptfunktion besteht darin, das Heben, Senken und Neigen der Schaufel zu erm\u00f6glichen und so verschiedene Materialumschlagsaufgaben zu erleichtern. Im Hydrauliksystem steuert der Schaufelzylinder die Schaufelbewegung pr\u00e4zise durch Druck\u00e4nderungen im Hydraulik\u00f6l. Dies erm\u00f6glicht es dem Bediener, schwere Lasten effizient zu handhaben, sich an komplexe Arbeitsumgebungen anzupassen und vielf\u00e4ltige Betriebsanforderungen zu erf\u00fcllen.<\/p>\n<p><img decoding=\"async\" src=\"https:\/\/www.hydraulic-cylinders.net\/wp-content\/uploads\/2025\/01\/songte-company-2.webp\" alt=\"Schaufelzylinder\"><\/p>\n<h3>Merkmale<\/h3>\n<ul>\n<li>Hohe Festigkeit und Langlebigkeit: Typischerweise aus hochfestem Stahl oder Aluminium gefertigt, h\u00e4lt es hohem Druck und schweren Belastungen stand, ist f\u00fcr raue Arbeitsumgebungen geeignet und ist verschlei\u00df- und korrosionsbest\u00e4ndig, um die Lebensdauer zu verl\u00e4ngern.<\/li>\n<li>Effizienter Hydraulikbetrieb: Durch den Einsatz von Hydraulik\u00f6ldruck wird eine gleichm\u00e4\u00dfige Aus- und Einfahrbewegung erreicht, wodurch eine schnelle Reaktion auf Steuerbefehle erm\u00f6glicht und kraftvolle Schub- und Zugkr\u00e4fte erzeugt werden, die f\u00fcr die Handhabung schwerer Lasten und komplexer Arbeitsaufgaben geeignet sind.<\/li>\n<li>Verschiedene Zylindertypen: Je nach Bedarf k\u00f6nnen einfachwirkende (hydraulisch nur in eine Richtung wirkende) oder doppeltwirkende (hydraulisch in beide Richtungen wirkende) Zylinder ausgew\u00e4hlt werden. Einige Modelle sind teleskopierbar und erm\u00f6glichen so eine gr\u00f6\u00dfere Auszugsl\u00e4nge ohne Vergr\u00f6\u00dferung der Au\u00dfenabmessungen \u2013 ideal f\u00fcr beengte Platzverh\u00e4ltnisse.<\/li>\n<li>Perfekter Ersatz: Unsere Produkte k\u00f6nnen diese Hydraulikzylinder perfekt ersetzen. <\/li>\n<\/ul>\n<p><img decoding=\"async\" src=\"https:\/\/www.hydraulic-cylinders.net\/wp-content\/uploads\/2025\/01\/songte-cylinder-head-with-all-kinds-excavator-models.webp\" alt=\"Austausch des Schaufelzylinders\"><\/p>\n<h2>Anwendungen<\/h2>\n<h3>Baumaschinen<\/h3>\n<p>Bei Baggern sind sie unverzichtbar zum Graben, Laden und Bewegen von Erde oder Bauschutt. Bei Baggerladern unterst\u00fctzen die Schaufelzylinder sowohl das Graben als auch das Heben. Bei Radladern helfen sie beim effizienten Heben und Abladen von G\u00fctern.<\/p>\n<h3>Landmaschinen<\/h3>\n<p>Sie werden bei Radladern zum Aufnehmen, Anheben und Transportieren von Erde, Heu und anderen Materialien verwendet. Bei Baggern erm\u00f6glichen die Zylinder der Schaufel das Graben, indem sie das Eindringen der Schaufel in den Boden erlauben. <\/p>\n<h3>Weitere Anwendungen<\/h3>\n<p>Eimerzylinder werden in verschiedenen Branchen eingesetzt, beispielsweise im Bergbau, in der \u00d6l- und Gasindustrie, in der Forstwirtschaft und in der Abfallwirtschaft.<\/p>\n<h2>Design\u00fcberlegungen und Auswahlkriterien<\/h2>\n<h3>Tragf\u00e4higkeit<\/h3>\n<p>Die Tragf\u00e4higkeit ist ein wichtiger Faktor bei der Auswahl eines Schaufelzylinders. Er muss der maximalen Kraft standhalten k\u00f6nnen, die w\u00e4hrend des Betriebs auftritt.<\/p>\n<h3>Versiegelung<\/h3>\n<p>Die Abdichtung ist ein weiterer entscheidender Faktor bei der Auswahl eines Schaufelzylinders. Es ist wichtig, verschiedene Dichtungen wie Kolbendichtungen, Stangendichtungen usw. aus Materialien wie Polyurethan, Nitrilkautschuk usw. zu verwenden, um eine gute Verschlei\u00dffestigkeit des Schaufelzylinders zu gew\u00e4hrleisten. <\/p>\n<h3>Haltbarkeit<\/h3>\n<p>Die Langlebigkeit ist ein wichtiges Konstruktionskriterium f\u00fcr Schaufelzylinder. Zylinderk\u00f6rper und Gewindeendfl\u00e4che sollten sorgf\u00e4ltig bearbeitet werden, um die Verschlei\u00dffestigkeit zu erh\u00f6hen. Regelm\u00e4\u00dfige Schmierung mit der richtigen Menge Hydraulik\u00f6l ist ebenfalls notwendig, um eine lange Lebensdauer zu gew\u00e4hrleisten.<\/p>\n<h3>Sicherheit und Instandhaltung<\/h3>\n<p>Sicherheit und Wartung sind beim Einsatz von Hubzylindern von entscheidender Bedeutung. Regelm\u00e4\u00dfige Inspektionen und vorbeugende Wartungsarbeiten sind unerl\u00e4sslich, um potenzielle Probleme zu minimieren. Korrekte Installation, Schmierung und Ausrichtung sind f\u00fcr einen reibungslosen Betrieb notwendig. <\/p>\n<p><img decoding=\"async\" src=\"https:\/\/www.hydraulic-cylinders.net\/wp-content\/uploads\/2025\/01\/songte-oil-pipes-and-spare-parts.webp\" alt=\"Ersatzteile f\u00fcr Schaufelzylinder\"><\/p>\n<h2>Wartung<\/h2>\n<p>Regelm\u00e4\u00dfige Inspektion, ordnungsgem\u00e4\u00dfe Schmierung, Dichtungsaustausch und Kalibrierungspr\u00fcfungen geh\u00f6ren zu den g\u00e4ngigen Wartungsarbeiten an Schaufelzylindern, um einen effizienten Betrieb und eine lange Lebensdauer zu gew\u00e4hrleisten. Korrekte Montage, Schmierung und Ausrichtung sind f\u00fcr einen reibungslosen Betrieb unerl\u00e4sslich. Die Verwendung geeigneter Montagehalterungen zur Befestigung des Zylinders wird empfohlen. Wir bieten Komponentenaustausch und \u00dcberholungsdienste an, um die Lebensdauer des Zylinders zu verl\u00e4ngern.<\/p>\n<h2>Sicherheitsaspekte und Umweltfaktoren<\/h2>\n<p>Beim Umgang mit Eimerzylindern sind Sicherheitsma\u00dfnahmen unerl\u00e4sslich, um Verletzungen und Unf\u00e4lle zu vermeiden. Es ist wichtig, das richtige Werkzeug zu verwenden, die Sicherheitsrichtlinien zu befolgen und die notwendigen Vorsichtsma\u00dfnahmen zu treffen. Auch Umweltaspekte sollten beim Umgang mit Eimerzylindern ber\u00fccksichtigt werden. Sie m\u00fcssen umweltgerecht gehandhabt und entsorgt werden.<\/p>\n<h2>Fehlerdiagnose und h\u00e4ufige Probleme<\/h2>\n<p>Manchmal k\u00f6nnen an Hubzylindern Probleme wie Leckagen, unzureichende Leistung oder ungew\u00f6hnliche Ger\u00e4usche auftreten. Es ist wichtig, das Problem richtig zu diagnostizieren und geeignete Ma\u00dfnahmen zu ergreifen. Regelm\u00e4\u00dfige Inspektionen und vorbeugende Wartung tragen dazu bei, das Risiko potenzieller Probleme zu verringern und den Hubzylinder in einwandfreiem Zustand zu halten.<\/p>\n<p><img decoding=\"async\" src=\"https:\/\/www.hydraulic-cylinders.net\/wp-content\/uploads\/2025\/01\/songte-bushings-with-all-kinds-of-excavator-models.webp\" alt=\"Buchsen f\u00fcr Schaufelzylinder\"><\/p>\n<h2>\u00dcber unser Unternehmen<\/h2>\n<p>Wir sind ein f\u00fchrender Hersteller und Gro\u00dfh\u00e4ndler von Hydraulikzylindern. Mit unserem umfassenden Produktsortiment z\u00e4hlen wir zu den f\u00fchrenden Herstellern und Gro\u00dfh\u00e4ndlern von Hydraulikzylindern auf dem nationalen und internationalen Markt. Wir setzen auf exzellentes Qualit\u00e4tsmanagement und eine industrialisierte Produktionsstrategie in modernsten Fertigungswerkst\u00e4tten. Unser Unternehmen optimiert kontinuierlich seine Fertigungsplattform, perfektioniert die Produktionslinie f\u00fcr h\u00f6chste Produktqualit\u00e4t und zeichnet sich durch gro\u00dfe Innovationskraft aus. Mit h\u00f6chster Effizienz, Pr\u00e4zision und Qualit\u00e4t erf\u00fcllen wir die vielf\u00e4ltigen Bed\u00fcrfnisse unserer Kunden.<\/p>\n<ul>\n<li>Professionalit\u00e4t<\/li>\n<li>Internationale Zertifizierung<\/li>\n<li>Anpassungsdienste<\/li>\n<li>Fertigungsanlagen<\/li>\n<li>Kundendienst<\/li>\n<\/ul>\n<p>Wir sind bestrebt, unseren Kunden qualitativ hochwertige Produkte und Dienstleistungen anzubieten, und freuen uns auf die Zusammenarbeit mit Ihnen.<\/p>\n<p><img decoding=\"async\" src=\"https:\/\/hzpt.com\/wp-content\/uploads\/2024\/11\/songte-company-1.webp\" alt=\"Unternehmen\"><\/p>\n<p>Autor: lyl.<\/p>","protected":false},"excerpt":{"rendered":"<p>Bucket Cylinder For SDLG Small Excavator LG665E Introduction Definition A bucket cylinder is a specially designed hydraulic cylinder mainly used to control the movement of the bucket in heavy machinery such as excavators, backhoes, and front-end loaders. Its main function is to allow the bucket to lift, lower, and tilt, making it easier to handle [&hellip;]<\/p>","protected":false},"featured_media":14780,"comment_status":"open","ping_status":"closed","template":"","meta":{"_et_pb_use_builder":"","_et_pb_old_content":"","_et_gb_content_width":""},"product_brand":[],"product_cat":[1494],"product_tag":[1495,1496],"class_list":{"0":"post-15648","1":"product","2":"type-product","3":"status-publish","4":"has-post-thumbnail","6":"product_cat-bucket-cylinders","7":"product_tag-bucket-cylinders","8":"product_tag-hydraulic-cylinders","10":"first","11":"instock","12":"shipping-taxable","13":"product-type-simple"},"amp_enabled":true,"_links":{"self":[{"href":"https:\/\/www.hydraulic-cylinders.net\/de\/wp-json\/wp\/v2\/product\/15648","targetHints":{"allow":["GET"]}}],"collection":[{"href":"https:\/\/www.hydraulic-cylinders.net\/de\/wp-json\/wp\/v2\/product"}],"about":[{"href":"https:\/\/www.hydraulic-cylinders.net\/de\/wp-json\/wp\/v2\/types\/product"}],"replies":[{"embeddable":true,"href":"https:\/\/www.hydraulic-cylinders.net\/de\/wp-json\/wp\/v2\/comments?post=15648"}],"wp:featuredmedia":[{"embeddable":true,"href":"https:\/\/www.hydraulic-cylinders.net\/de\/wp-json\/wp\/v2\/media\/14780"}],"wp:attachment":[{"href":"https:\/\/www.hydraulic-cylinders.net\/de\/wp-json\/wp\/v2\/media?parent=15648"}],"wp:term":[{"taxonomy":"product_brand","embeddable":true,"href":"https:\/\/www.hydraulic-cylinders.net\/de\/wp-json\/wp\/v2\/product_brand?post=15648"},{"taxonomy":"product_cat","embeddable":true,"href":"https:\/\/www.hydraulic-cylinders.net\/de\/wp-json\/wp\/v2\/product_cat?post=15648"},{"taxonomy":"product_tag","embeddable":true,"href":"https:\/\/www.hydraulic-cylinders.net\/de\/wp-json\/wp\/v2\/product_tag?post=15648"}],"curies":[{"name":"wp","href":"https:\/\/api.w.org\/{rel}","templated":true}]}}