{"id":15667,"date":"2025-01-19T14:49:06","date_gmt":"2025-01-19T14:49:06","guid":{"rendered":"https:\/\/www.hydraulic-cylinders.net\/product\/bucket-cylinder-for-jcm-small-excavator-mc136-9\/"},"modified":"2025-01-19T14:49:08","modified_gmt":"2025-01-19T14:49:08","slug":"bucket-cylinder-for-jcm-small-excavator-mc136-9","status":"publish","type":"product","link":"https:\/\/www.hydraulic-cylinders.net\/de\/produkt\/bucket-cylinder-for-jcm-small-excavator-mc136-9\/","title":{"rendered":"L\u00f6ffelzylinder f\u00fcr JCM Kleinbagger MC136-9"},"content":{"rendered":"<h1>L\u00f6ffelzylinder f\u00fcr JCM Kleinbagger MC136-9<\/h1>\n<h2>Einf\u00fchrung<\/h2>\n<h3>Definition des Schaufelzylinders<\/h3>\n<p>Der Schaufelzylinder ist ein speziell entwickelter Hydraulikzylinder, der haupts\u00e4chlich zur Steuerung der Schaufelbewegung in Baumaschinen wie Baggern, Baggerladern und Radladern eingesetzt wird. Seine Hauptfunktion besteht darin, das Heben, Senken und Neigen der Schaufel zu erm\u00f6glichen und so verschiedene Materialumschlagsaufgaben zu erleichtern. Im Hydrauliksystem steuert der Schaufelzylinder die Schaufel pr\u00e4zise durch die Ver\u00e4nderung des Hydraulik\u00f6ldrucks. Dadurch kann der Bediener schwere Lasten effizient handhaben und sich an komplexe Arbeitsumgebungen und vielf\u00e4ltige Betriebsanforderungen anpassen.<\/p>\n<p><img decoding=\"async\" src=\"https:\/\/www.hydraulic-cylinders.net\/wp-content\/uploads\/2025\/01\/songte-company-2.webp\" alt=\"Bild des Schaufelzylinders\"><\/p>\n<h3>Merkmale des Schaufelzylinders<\/h3>\n<ul>\n<li>Hohe Festigkeit und Langlebigkeit: Typischerweise aus hochfestem Stahl oder Aluminium gefertigt, halten sie hohem Druck und hohen Belastungen stand, eignen sich f\u00fcr raue Arbeitsumgebungen und sind auf Verschlei\u00df- und Korrosionsbest\u00e4ndigkeit ausgelegt, was die Lebensdauer verl\u00e4ngert.<\/li>\n<li>Effizienter Hydraulikbetrieb: Durch die Nutzung des Hydraulik\u00f6ldrucks werden reibungslose Ausdehnungs- und Kontraktionsvorg\u00e4nge erreicht, was eine schnelle Reaktion auf Steuerbefehle erm\u00f6glicht, starke Schub- und Zugkr\u00e4fte bereitstellt und sich f\u00fcr die Handhabung schwerer Objekte und komplexer Arbeitsaufgaben eignet.<\/li>\n<li>Verschiedene Typen: Je nach Bedarf k\u00f6nnen einfachwirkende (hydraulisch nur in eine Richtung wirkende) oder doppeltwirkende (hydraulisch in zwei Richtungen wirkende) Zylinder ausgew\u00e4hlt werden, um unterschiedlichen Betriebsanforderungen gerecht zu werden. Einige Modelle sind teleskopierbar und erm\u00f6glichen so eine gr\u00f6\u00dfere Ausdehnung ohne Vergr\u00f6\u00dferung der Au\u00dfenabmessungen \u2013 ideal f\u00fcr Anwendungen mit beengten Platzverh\u00e4ltnissen.<\/li>\n<li>Ersatzverf\u00fcgbarkeit: Unsere Produkte k\u00f6nnen diese Hydraulikzylinder perfekt ersetzen.<\/li>\n<li>Anpassbarkeit: Unsere Zylinder k\u00f6nnen individuell an verschiedene Baggermodelle angepasst werden, um eine optimale Leistung zu gew\u00e4hrleisten.<\/li>\n<\/ul>\n<p><img decoding=\"async\" src=\"https:\/\/www.hydraulic-cylinders.net\/wp-content\/uploads\/2025\/01\/songte-cylinder-head-with-all-kinds-excavator-models.webp\" alt=\"Bild eines Baggerzylinders\"><\/p>\n<h3>Anwendungen von Schaufelzylindern<\/h3>\n<p>Der Schaufelzylinder findet breite Anwendung in verschiedenen Industrie- und Landwirtschaftsmaschinen, darunter:<\/p>\n<ul>\n<li>Baumaschinen: Bei Baggern sind sie unverzichtbar zum Graben, Laden und Bewegen von Erde oder Bauschutt. Bei Baggerladern unterst\u00fctzt der Schaufelzylinder das Graben und Heben.<\/li>\n<li>Landwirtschaftliche Maschinen: Sie werden in Frontladern eingesetzt und dienen zum Schaufeln, Anheben und Transportieren von Erde, Heu und anderen Materialien. <\/li>\n<li>Bagger: Die Zylinder der Schaufel erm\u00f6glichen Aushubarbeiten, indem sie es der Schaufel erlauben, in den Boden einzudringen. <\/li>\n<li>Lader: Bei Frontladern helfen sie beim effizienten Anheben und Abladen von G\u00fctern.<\/li>\n<\/ul>\n<h3>Design\u00fcberlegungen und Auswahlkriterien<\/h3>\n<p>F\u00fcr die Konstruktion von Schaufelzylindern sind sorgf\u00e4ltige \u00dcberlegungen und Auswahlkriterien erforderlich, um optimale Leistung, Langlebigkeit und Sicherheit zu gew\u00e4hrleisten. Zu den wichtigsten Konstruktionsaspekten geh\u00f6ren:<\/p>\n<h4>Tragf\u00e4higkeit<\/h4>\n<p>Der Zylinder des L\u00f6ffels muss der maximalen Belastung standhalten k\u00f6nnen, was f\u00fcr einen sicheren und effizienten Betrieb von entscheidender Bedeutung ist.<\/p>\n<h4>Versiegelung<\/h4>\n<p>Verschiedene Dichtungselemente, wie Kolben- und Pleueldichtungen, m\u00fcssen sorgf\u00e4ltig ausgew\u00e4hlt werden, um optimale Leistung und Langlebigkeit zu gew\u00e4hrleisten. Diese Dichtungen bestehen h\u00e4ufig aus verschlei\u00dffesten Polyurethan- und Nitrilkautschukmaterialien. Zylinderk\u00f6rper und Gewindeendfl\u00e4che werden feinbearbeitet, um die Verschlei\u00dffestigkeit zu verbessern, und regelm\u00e4\u00dfiges \u00d6len ist zur Schmierung erforderlich.<\/p>\n<h4>Haltbarkeit<\/h4>\n<p>Der Zylinder des Schaufelrads muss aus hochfesten Materialien gefertigt sein, um den rauen Arbeitsbedingungen und hohen Belastungen standzuhalten. Zudem sollte er hinsichtlich Verschlei\u00dffestigkeit, Korrosionsbest\u00e4ndigkeit und Langlebigkeit konstruiert sein.<\/p>\n<h4>Sicherheit<\/h4>\n<p>Sicherheit hat bei der Auswahl von Hubzylindern h\u00f6chste Priorit\u00e4t. Die Zylinder m\u00fcssen so konstruiert sein, dass Unf\u00e4lle verhindert und ein sicherer Betrieb gew\u00e4hrleistet wird.<\/p>\n<h4>Wartung<\/h4>\n<p>Die Wartung ist entscheidend f\u00fcr optimale Leistung und lange Lebensdauer. Regelm\u00e4\u00dfige Inspektionen, Schmierung und der Austausch von Teilen sind notwendig, um die Zylinder der Schaufel in gutem Zustand zu halten. <\/p>\n<p><img decoding=\"async\" src=\"https:\/\/www.hydraulic-cylinders.net\/wp-content\/uploads\/2025\/01\/songte-oil-pipes-and-spare-parts.webp\" alt=\"Abbildung von \u00d6lleitungen und Ersatzteilen\"><\/p>\n<h3>Installationshinweise<\/h3>\n<p>Eine fachgerechte Installation ist f\u00fcr optimale Leistung und Sicherheit unerl\u00e4sslich. Folgende Richtlinien sollten beachtet werden:<\/p>\n<ul>\n<li>Richten Sie den Zylinder vor dem Einbau korrekt aus.<\/li>\n<li>Verwenden Sie geeignete Montagehalterungen, um den Zylinder zu befestigen.<\/li>\n<li>Verwenden Sie geeignete Schmierstoffe f\u00fcr optimale Leistung.<\/li>\n<li>Regelm\u00e4\u00dfig die Dichtungen pr\u00fcfen und verschlissene Dichtungen austauschen.<\/li>\n<li>Den Zylinder regelm\u00e4\u00dfig pr\u00fcfen und kalibrieren, um eine optimale Leistung zu gew\u00e4hrleisten.<\/li>\n<\/ul>\n<p><img decoding=\"async\" src=\"https:\/\/www.hydraulic-cylinders.net\/wp-content\/uploads\/2025\/01\/songte-chushion-collar.webp\" alt=\"Kissenkragenbild\"><\/p>\n<h3>Sicherheitsaspekte und Umweltfaktoren<\/h3>\n<p>Eimerzylinder m\u00fcssen unter Einhaltung geeigneter Sicherheitsvorkehrungen verwendet werden, um Unf\u00e4lle zu vermeiden und einen sicheren Betrieb zu gew\u00e4hrleisten. Umweltfaktoren wie Temperatur und Luftfeuchtigkeit m\u00fcssen ebenfalls ber\u00fccksichtigt werden, um optimale Leistung und Langlebigkeit sicherzustellen.<\/p>\n<h3>Fehlerbehebung und h\u00e4ufige Probleme<\/h3>\n<p>Bei Schaufelzylindern k\u00f6nnen verschiedene Probleme auftreten, wie z. B. Leckagen, unzureichende Leistung und langsame Reaktionszeit. H\u00e4ufige Probleme und die Fehlerbehebung umfassen:<\/p>\n<ul>\n<li>Spezifische Anweisungen finden Sie in der Bedienungsanleitung des Herstellers.<\/li>\n<li>Pr\u00fcfen Sie regelm\u00e4\u00dfig auf Undichtigkeiten und verschlissene Dichtungen.<\/li>\n<li>Pr\u00fcfen Sie das Hydrauliksystem auf etwaige Probleme.<\/li>\n<li>Pr\u00fcfen Sie den Zylinder auf Besch\u00e4digungen.<\/li>\n<\/ul>\n<p>Vorbeugende Ma\u00dfnahmen wie regelm\u00e4\u00dfige Wartung und Inspektionen k\u00f6nnen dazu beitragen, potenzielle Probleme zu minimieren.<\/p>\n<p><img decoding=\"async\" src=\"https:\/\/www.hydraulic-cylinders.net\/wp-content\/uploads\/2025\/01\/songte-bushings-with-all-kinds-of-excavator-models.webp\" alt=\"Buchsen Bild\"><\/p>\n<h2>Unser Unternehmen<\/h2>\n<p>Wir sind ein f\u00fchrender Hersteller und Gro\u00dfh\u00e4ndler von Hydraulikzylindern mit Spezialisierung auf den Zylinderaustausch. Unsere Produkte sind auf die Bed\u00fcrfnisse des nationalen und internationalen Marktes zugeschnitten. Wir setzen auf h\u00f6chste Qualit\u00e4t und nutzen daf\u00fcr industrialisierte Produktionsmanagementstrategien mit modernsten Fertigungsanlagen, qualifizierten Fachkr\u00e4ften, digitaler Spitzentechnologie und professionellen Testsystemen. Durch die kontinuierliche Optimierung unserer Produktionsplattform verbessern wir die Qualit\u00e4t unserer Produkte und bieten unseren Kunden effiziente, pr\u00e4zise und qualitativ hochwertige L\u00f6sungen f\u00fcr ihre vielf\u00e4ltigen Anforderungen.<\/p>\n<p>Unser Unternehmen bietet:<\/p>\n<ul>\n<li>Professionalit\u00e4t: Wir verf\u00fcgen \u00fcber ein Team erfahrener Fachleute, die sich der Bereitstellung qualitativ hochwertiger Produkte und Dienstleistungen verschrieben haben.<\/li>\n<li>Internationale Zertifizierung: Unsere Produkte sind nach internationalen Standards zertifiziert, wodurch ihre Qualit\u00e4t und Sicherheit gew\u00e4hrleistet werden.<\/li>\n<li>Anpassung: Unsere Zylinder k\u00f6nnen individuell an verschiedene Baggermodelle angepasst werden, um eine optimale Leistung zu gew\u00e4hrleisten.<\/li>\n<li>Moderne Produktionsanlagen: Wir verwenden moderne Fertigungsanlagen, um qualitativ hochwertige Produkte herzustellen.<\/li>\n<li>Kundendienst: Wir bieten Wartungs-, Reparatur- und \u00dcberholungsdienste an, um unseren Kunden zu helfen, die Lebensdauer ihrer Hydraulikzylinder zu verl\u00e4ngern. <\/li>\n<\/ul>\n<p><img decoding=\"async\" src=\"https:\/\/hzpt.com\/wp-content\/uploads\/2024\/11\/songte-company-1.webp\" alt=\"Firmenimage\"><\/p>\n<p>Autor: lyl<\/p>","protected":false},"excerpt":{"rendered":"<p>Bucket Cylinder For JCM Small Excavator MC136-9 Introduction Definition of Bucket Cylinder The bucket cylinder is a specially designed hydraulic cylinder mainly used to control the movement of the shovel in heavy machinery, such as excavators, backhoe loaders, and front loaders. Its main function is to enable the shovel to lift, lower, and tilt, making [&hellip;]<\/p>","protected":false},"featured_media":14771,"comment_status":"open","ping_status":"closed","template":"","meta":{"_et_pb_use_builder":"","_et_pb_old_content":"","_et_gb_content_width":""},"product_brand":[],"product_cat":[1494],"product_tag":[1495,1496],"class_list":{"0":"post-15667","1":"product","2":"type-product","3":"status-publish","4":"has-post-thumbnail","6":"product_cat-bucket-cylinders","7":"product_tag-bucket-cylinders","8":"product_tag-hydraulic-cylinders","10":"first","11":"instock","12":"shipping-taxable","13":"product-type-simple"},"amp_enabled":true,"_links":{"self":[{"href":"https:\/\/www.hydraulic-cylinders.net\/de\/wp-json\/wp\/v2\/product\/15667","targetHints":{"allow":["GET"]}}],"collection":[{"href":"https:\/\/www.hydraulic-cylinders.net\/de\/wp-json\/wp\/v2\/product"}],"about":[{"href":"https:\/\/www.hydraulic-cylinders.net\/de\/wp-json\/wp\/v2\/types\/product"}],"replies":[{"embeddable":true,"href":"https:\/\/www.hydraulic-cylinders.net\/de\/wp-json\/wp\/v2\/comments?post=15667"}],"wp:featuredmedia":[{"embeddable":true,"href":"https:\/\/www.hydraulic-cylinders.net\/de\/wp-json\/wp\/v2\/media\/14771"}],"wp:attachment":[{"href":"https:\/\/www.hydraulic-cylinders.net\/de\/wp-json\/wp\/v2\/media?parent=15667"}],"wp:term":[{"taxonomy":"product_brand","embeddable":true,"href":"https:\/\/www.hydraulic-cylinders.net\/de\/wp-json\/wp\/v2\/product_brand?post=15667"},{"taxonomy":"product_cat","embeddable":true,"href":"https:\/\/www.hydraulic-cylinders.net\/de\/wp-json\/wp\/v2\/product_cat?post=15667"},{"taxonomy":"product_tag","embeddable":true,"href":"https:\/\/www.hydraulic-cylinders.net\/de\/wp-json\/wp\/v2\/product_tag?post=15667"}],"curies":[{"name":"wp","href":"https:\/\/api.w.org\/{rel}","templated":true}]}}