{"id":15669,"date":"2025-01-19T14:49:15","date_gmt":"2025-01-19T14:49:15","guid":{"rendered":"https:\/\/www.hydraulic-cylinders.net\/product\/bucket-cylinder-for-jcm-small-excavator-913d\/"},"modified":"2025-01-19T14:49:17","modified_gmt":"2025-01-19T14:49:17","slug":"bucket-cylinder-for-jcm-small-excavator-913d","status":"publish","type":"product","link":"https:\/\/www.hydraulic-cylinders.net\/de\/produkt\/bucket-cylinder-for-jcm-small-excavator-913d\/","title":{"rendered":"L\u00f6ffelzylinder f\u00fcr JCM Kleinbagger 913D"},"content":{"rendered":"<h1>L\u00f6ffelzylinder f\u00fcr JCM Kleinbagger 913D<\/h1>\n<h2>Einf\u00fchrung<\/h2>\n<p>Der L\u00f6ffelzylinder f\u00fcr den JCM-Kleinbagger 913D ist ein spezieller Hydraulikzylinder zur Steuerung der L\u00f6ffelbewegung in Baumaschinen wie Baggern, Baggerladern und Radladern. Seine Hauptfunktion besteht darin, das Heben, Senken und Neigen des L\u00f6ffels zu erm\u00f6glichen und so verschiedene Materialumschlagsaufgaben zu erleichtern. Im Hydrauliksystem nutzt der L\u00f6ffelzylinder \u00c4nderungen des Hydraulik\u00f6ldrucks, um eine pr\u00e4zise Steuerung des L\u00f6ffels zu erreichen. Dies erlaubt dem Bediener, schwere Lasten effizient zu handhaben und sich an komplexe Arbeitsumgebungen und vielf\u00e4ltige Aufgaben anzupassen.<\/p>\n<p><img src='https:\/\/www.hydraulic-cylinders.net\/wp-content\/uploads\/2025\/01\/songte-company-2.webp'><\/p>\n<h2>Merkmale<\/h2>\n<ul>\n<li>Hohe Festigkeit und Langlebigkeit: Typischerweise aus hochfestem Stahl oder Aluminium gefertigt, widerstandsf\u00e4hig gegen hohen Druck und schwere Belastungen, geeignet f\u00fcr raue Arbeitsumgebungen, mit Blick auf Verschlei\u00df- und Korrosionsbest\u00e4ndigkeit entwickelt, um die Lebensdauer zu verl\u00e4ngern.<\/li>\n<li>Effizienter Hydraulikbetrieb: Nutzt Hydraulik\u00f6ldruck f\u00fcr ein sanftes Aus- und Einfahren, reagiert schnell auf Steuerbefehle und bietet eine starke Schub- und Zugkraft, geeignet f\u00fcr die Handhabung schwerer Lasten und komplexer Arbeitsaufgaben.<\/li>\n<li>Verschiedene Zylindertypen stehen zur Auswahl: Einfachwirkende (hydraulisch nur in eine Richtung wirkende) oder doppeltwirkende (hydraulisch in beide Richtungen wirkende) Zylinder k\u00f6nnen je nach Bedarf und unterschiedlichen Betriebsanforderungen gew\u00e4hlt werden. Einige Modelle sind teleskopierbar und erm\u00f6glichen so eine gr\u00f6\u00dfere Auszugsl\u00e4nge ohne Vergr\u00f6\u00dferung der Au\u00dfenabmessungen \u2013 ideal f\u00fcr Anwendungen mit begrenztem Platzangebot.<\/li>\n<li>Austauschbar: Unsere Produkte k\u00f6nnen diese Hydraulikzylinder perfekt ersetzen.<\/li>\n<\/ul>\n<p><img src='https:\/\/www.hydraulic-cylinders.net\/wp-content\/uploads\/2025\/01\/songte-cylinder-head-with-all-kinds-excavator-models.webp'><\/p>\n<h2>Anwendungen<\/h2>\n<p>Der L\u00f6ffelzylinder f\u00fcr den JCM-Kleinbagger 913D kann in verschiedenen Szenarien eingesetzt werden, unter anderem:<\/p>\n<h3>Baumaschinen<\/h3>\n<ul>\n<li>Bagger: Schaufelzylinder erm\u00f6glichen Grabvorg\u00e4nge, indem sie es der Schaufel erm\u00f6glichen, in den Boden einzudringen.<\/li>\n<li>Baggerlader: Die Schaufelzylinder helfen sowohl beim Graben als auch beim Heben.<\/li>\n<li>Frontlader: Bei Frontladern helfen sie beim effektiven Anheben und Abladen von Ladung.<\/li>\n<\/ul>\n<h3>Landmaschinen<\/h3>\n<ul>\n<li>Frontlader: Werden zum Laden, Anheben und Transportieren von Erde, Heu und anderen Materialien verwendet.<\/li>\n<\/ul>\n<p>Jede Anwendung kann im Detail weiter ausgef\u00fchrt werden.<\/p>\n<h2>Design\u00fcberlegungen und Auswahlkriterien<\/h2>\n<ul>\n<li>Tragf\u00e4higkeit: Der Zylinder muss so ausgelegt sein, dass er der maximalen Belastung standh\u00e4lt.<\/li>\n<li>Abdichtung: Verschiedene Dichtungen, wie z. B. Kolbendichtungen und Pleueldichtungen, sollten aus verschlei\u00dffesten Materialien wie Polyurethan und Nitrilkautschuk gefertigt sein.<\/li>\n<li>Langlebigkeit: Der Zylinder sollte aus korrosionsbest\u00e4ndigen Materialien gefertigt und mit Oberfl\u00e4chenbehandlungen versehen sein, um die Lebensdauer zu verl\u00e4ngern.<\/li>\n<li>Sicherheit: Der Zylinder sollte mit geeigneten Sicherheitsmechanismen ausgestattet sein, um einen sicheren Betrieb zu gew\u00e4hrleisten.<\/li>\n<li>Wartungsfreundlichkeit: Bei der Konstruktion des Zylinders sollte auf einfache Wartung, einschlie\u00dflich Inspektion und Austausch von Teilen, geachtet werden.<\/li>\n<\/ul>\n<p><img src='https:\/\/www.hydraulic-cylinders.net\/wp-content\/uploads\/2025\/01\/songte-oil-pipes-and-spare-parts.webp'><\/p>\n<h2>Abdichtung und Schmierung<\/h2>\n<p>Der L\u00f6ffelzylinder des JCM-Kleinbaggers 913D verwendet verschiedene Dichtungen, darunter Kolben- und Stangendichtungen, die aus verschlei\u00dffesten Materialien wie Polyurethan und Nitrilkautschuk gefertigt sein sollten. Zylinderk\u00f6rper und Gewindeendfl\u00e4chen sind feinbearbeitet, um die Verschlei\u00dffestigkeit zu erh\u00f6hen. F\u00fcr einen reibungslosen Betrieb ist eine ausreichende Schmierung durch regelm\u00e4\u00dfiges Nachf\u00fcllen der erforderlichen Menge Hydraulik\u00f6l notwendig.<\/p>\n<h2>Regelm\u00e4\u00dfige Inspektion und vorbeugende Wartungsma\u00dfnahmen<\/h2>\n<p>Regelm\u00e4\u00dfige Inspektionen und vorbeugende Wartungsma\u00dfnahmen sind unerl\u00e4sslich, um den reibungslosen Betrieb und die lange Lebensdauer des L\u00f6ffelzylinders des JCM-Kleinbaggers 913D zu gew\u00e4hrleisten. Im Folgenden sind einige der g\u00e4ngigen Wartungsarbeiten aufgef\u00fchrt:<\/p>\n<ul>\n<li>Regelm\u00e4\u00dfige Inspektion: F\u00fchren Sie regelm\u00e4\u00dfige Inspektionen durch, um Probleme rechtzeitig zu erkennen.<\/li>\n<li>Richtige Schmierung: Schmieren Sie den Zylinder gem\u00e4\u00df den Empfehlungen des Herstellers, um einen reibungslosen Betrieb zu gew\u00e4hrleisten.<\/li>\n<li>Dichtungswechsel: Ersetzen Sie die Dichtungen nach Bedarf, um Leckagen zu vermeiden und einen ordnungsgem\u00e4\u00dfen Betrieb sicherzustellen.<\/li>\n<li>Kalibrierungspr\u00fcfung: F\u00fchren Sie Kalibrierungspr\u00fcfungen durch, um die korrekte Positionierung und Funktion sicherzustellen.<\/li>\n<\/ul>\n<p>Es ist wichtig, bei der Installation des Zylinders genaue Anweisungen zur Ausrichtung zu geben und die Verwendung geeigneter Montagehalterungen zur Befestigung des Zylinders zu empfehlen. Wir empfehlen au\u00dferdem, unsere empfohlenen Inspektions-, Reparatur- und Austauschverfahren anzuwenden und \u00dcberholungsdienste anzubieten, um die Lebensdauer des L\u00f6ffelzylinders f\u00fcr den JCM-Kleinbagger 913D zu verl\u00e4ngern.<\/p>\n<p><img src='https:\/\/www.hydraulic-cylinders.net\/wp-content\/uploads\/2025\/01\/songte-chushion-collar.webp'><\/p>\n<h2>Sicherheitsaspekte und Umweltfaktoren<\/h2>\n<p>Beim Umgang mit Hydraulikzylindern sind Sicherheitsma\u00dfnahmen unerl\u00e4sslich. Installation und Betrieb m\u00fcssen strikt nach Herstellervorgaben erfolgen. Zum Schutz vor Verletzungen ist geeignete Schutzausr\u00fcstung zu tragen. Umweltaspekte sind zu ber\u00fccksichtigen, und Hydraulik\u00f6l sowie andere Abfallprodukte sind fachgerecht zu entsorgen.<\/p>\n<h2>Fehlerbehebung und h\u00e4ufige Probleme<\/h2>\n<p>H\u00e4ufige Probleme beim Einsatz des L\u00f6ffelzylinders des JCM-Kleinbaggers 913D sind Leckagen, unzureichende oder \u00fcberm\u00e4\u00dfige Krafteinwirkung sowie Funktionsst\u00f6rungen beim Aus- oder Einfahren. Um diese Probleme zu beheben und zuk\u00fcnftigen Problemen vorzubeugen, sollten geeignete Fehlersuch- und Wartungsma\u00dfnahmen ergriffen werden.<\/p>\n<p><img src='https:\/\/www.hydraulic-cylinders.net\/wp-content\/uploads\/2025\/01\/songte-bushings-with-all-kinds-of-excavator-models.webp'><\/p>\n<h2>\u00dcber unser Unternehmen<\/h2>\n<p>Wir sind ein auf die Herstellung von Hydraulikzylindern spezialisierter Hersteller. Unser Unternehmen bietet ein umfassendes Produktsortiment und z\u00e4hlt zu den f\u00fchrenden Herstellern und Gro\u00dfh\u00e4ndlern von Hydraulikzylindern im In- und Ausland. Wir setzen auf h\u00f6chste Qualit\u00e4t und industrialisierte Produktionsprozesse in modernsten Fertigungshallen. Kontinuierlich optimieren wir unsere Fertigungsplattform, perfektionieren unsere Produktionsprozesse und verf\u00fcgen \u00fcber ausgepr\u00e4gte Innovationskraft. Hohe Effizienz, Pr\u00e4zision und Qualit\u00e4t sind unsere Prinzipien, und wir streben danach, die vielf\u00e4ltigen Bed\u00fcrfnisse unserer Kunden zu erf\u00fcllen.<\/p>\n<p>Unser Unternehmen bietet viele Vorteile, darunter:<\/p>\n<ul>\n<li>Professionalit\u00e4t: Unser Team besteht aus erfahrenen Ingenieuren, Facharbeitern und professionellen Vertriebsmitarbeitern.<\/li>\n<li>Internationale Zertifizierung: Unsere Produkte haben verschiedene internationale Zertifizierungen bestanden, darunter ISO9001, CE und SGS.<\/li>\n<li>Anpassungsservices: Wir bieten ma\u00dfgeschneiderte Services an, um den spezifischen Bed\u00fcrfnissen unserer Kunden gerecht zu werden.<\/li>\n<li>Produktionsanlagen: Wir verwenden moderne Produktionsanlagen, um die Qualit\u00e4t unserer Produkte zu gew\u00e4hrleisten.<\/li>\n<li>Kundendienst: Wir bieten einen umfassenden Kundendienst, um die Kundenzufriedenheit zu gew\u00e4hrleisten.<\/li>\n<\/ul>\n<p><img src='https:\/\/hzpt.com\/wp-content\/uploads\/2024\/11\/songte-company-1.webp'><\/p>\n<h3>Autor: lyl.<\/h3>","protected":false},"excerpt":{"rendered":"<p>Bucket Cylinder For JCM Small Excavator 913D Introduction The bucket cylinder for JCM small excavator 913D is a specialized hydraulic cylinder designed for controlling the movement of the bucket in heavy machinery such as excavators, backhoe loaders, and front-end loaders. Its main function is to allow the bucket to lift, lower, and tilt, making it [&hellip;]<\/p>","protected":false},"featured_media":14765,"comment_status":"open","ping_status":"closed","template":"","meta":{"_et_pb_use_builder":"","_et_pb_old_content":"","_et_gb_content_width":""},"product_brand":[],"product_cat":[1494],"product_tag":[1495,1496],"class_list":{"0":"post-15669","1":"product","2":"type-product","3":"status-publish","4":"has-post-thumbnail","6":"product_cat-bucket-cylinders","7":"product_tag-bucket-cylinders","8":"product_tag-hydraulic-cylinders","10":"first","11":"instock","12":"shipping-taxable","13":"product-type-simple"},"amp_enabled":true,"_links":{"self":[{"href":"https:\/\/www.hydraulic-cylinders.net\/de\/wp-json\/wp\/v2\/product\/15669","targetHints":{"allow":["GET"]}}],"collection":[{"href":"https:\/\/www.hydraulic-cylinders.net\/de\/wp-json\/wp\/v2\/product"}],"about":[{"href":"https:\/\/www.hydraulic-cylinders.net\/de\/wp-json\/wp\/v2\/types\/product"}],"replies":[{"embeddable":true,"href":"https:\/\/www.hydraulic-cylinders.net\/de\/wp-json\/wp\/v2\/comments?post=15669"}],"wp:featuredmedia":[{"embeddable":true,"href":"https:\/\/www.hydraulic-cylinders.net\/de\/wp-json\/wp\/v2\/media\/14765"}],"wp:attachment":[{"href":"https:\/\/www.hydraulic-cylinders.net\/de\/wp-json\/wp\/v2\/media?parent=15669"}],"wp:term":[{"taxonomy":"product_brand","embeddable":true,"href":"https:\/\/www.hydraulic-cylinders.net\/de\/wp-json\/wp\/v2\/product_brand?post=15669"},{"taxonomy":"product_cat","embeddable":true,"href":"https:\/\/www.hydraulic-cylinders.net\/de\/wp-json\/wp\/v2\/product_cat?post=15669"},{"taxonomy":"product_tag","embeddable":true,"href":"https:\/\/www.hydraulic-cylinders.net\/de\/wp-json\/wp\/v2\/product_tag?post=15669"}],"curies":[{"name":"wp","href":"https:\/\/api.w.org\/{rel}","templated":true}]}}