{"id":15687,"date":"2025-01-19T14:50:44","date_gmt":"2025-01-19T14:50:44","guid":{"rendered":"https:\/\/www.hydraulic-cylinders.net\/product\/bucket-cylinder-for-bobcat-small-excavator-e42\/"},"modified":"2025-01-19T14:50:46","modified_gmt":"2025-01-19T14:50:46","slug":"bucket-cylinder-for-bobcat-small-excavator-e42","status":"publish","type":"product","link":"https:\/\/www.hydraulic-cylinders.net\/de\/produkt\/bucket-cylinder-for-bobcat-small-excavator-e42\/","title":{"rendered":"L\u00f6ffelzylinder f\u00fcr Bobcat Kleinbagger E42"},"content":{"rendered":"<p><!DOCTYPE html><br \/>\n<html><br \/>\n<head><br \/>\n\t<title>L\u00f6ffelzylinder f\u00fcr Bobcat Kleinbagger E42<\/title><br \/>\n<\/head><br \/>\n<body><\/p>\n<h1>L\u00f6ffelzylinder f\u00fcr Bobcat Kleinbagger E42<\/h1>\n<h2>Einf\u00fchrung<\/h2>\n<p>Ein Schaufelzylinder, auch Hydraulikzylinder genannt, ist ein speziell entwickelter Zylinder zur Steuerung der Schaufelbewegung in Baumaschinen wie Baggern, Radladern und Baggerladern. Seine Hauptfunktion besteht darin, das Heben, Senken und Neigen der Schaufel zu erm\u00f6glichen und so vielf\u00e4ltige Materialumschlagsaufgaben zu erleichtern. In einem Hydrauliksystem erm\u00f6glicht der Schaufelzylinder die pr\u00e4zise Steuerung der Schaufel durch die Nutzung von Druck\u00e4nderungen im Hydraulik\u00f6l. Dadurch k\u00f6nnen Bediener schwere Lasten effizient handhaben und sich an komplexe Arbeitsumgebungen und unterschiedliche Arbeitsanforderungen anpassen.<\/p>\n<p>\t<img decoding=\"async\" src=\"https:\/\/www.hydraulic-cylinders.net\/wp-content\/uploads\/2025\/01\/songte-company-2.webp\" alt=\"Bild des Schaufelzylinders\"><\/p>\n<h2>Merkmale<\/h2>\n<ul>\n<li>Hohe Festigkeit und Langlebigkeit: Der aus hochfestem Stahl oder Aluminium gefertigte Schaufelzylinder h\u00e4lt hohem Druck und schweren Lasten stand und eignet sich f\u00fcr anspruchsvolle Arbeitsumgebungen. Seine Konstruktion ber\u00fccksichtigt Verschlei\u00df- und Korrosionsbest\u00e4ndigkeit, um seine Lebensdauer zu verl\u00e4ngern.<\/li>\n<li>Effizienter Hydraulikbetrieb: Durch die Nutzung des Hydraulik\u00f6ldrucks erreicht der Zylinder der Schaufel ein sanftes Aus- und Einfahren, was eine schnelle Reaktion auf Steuerbefehle erm\u00f6glicht und kraftvolle Schub- und Zugkr\u00e4fte bereitstellt, die f\u00fcr die Handhabung schwerer Lasten und komplexer Arbeitsaufgaben geeignet sind.<\/li>\n<li>Verschiedene Ausf\u00fchrungen: Der Schaufelzylinder ist wahlweise als einfachwirkender (Hydraulikdruck wirkt nur in eine Richtung) oder doppeltwirkender (Hydraulikdruck wirkt in beide Richtungen) Zylinder erh\u00e4ltlich, um unterschiedlichen Einsatzanforderungen gerecht zu werden. Einige Modelle sind teleskopierbar und erm\u00f6glichen so eine gr\u00f6\u00dfere Ausladung ohne Vergr\u00f6\u00dferung der Au\u00dfenabmessungen \u2013 ideal f\u00fcr Anwendungen mit begrenztem Platzangebot.<\/li>\n<li>Ersatz f\u00fcr andere Hydraulikzylinder: Unsere Produkte k\u00f6nnen vorhandene Hydraulikzylinder perfekt ersetzen.<\/li>\n<\/ul>\n<p>\t<img decoding=\"async\" src=\"https:\/\/www.hydraulic-cylinders.net\/wp-content\/uploads\/2025\/01\/songte-cylinder-head-with-all-kinds-excavator-models.webp\" alt=\"Bild zum Austausch des Schaufelzylinders\"><\/p>\n<h2>Anwendungen<\/h2>\n<p>Der Schaufelzylinder wird h\u00e4ufig in verschiedenen Anwendungen eingesetzt, unter anderem:<\/p>\n<ul>\n<li>Baumaschinen: Sie sind in Baggern zu finden und unverzichtbar zum Graben, Laden und Bewegen von Erde oder Bauschutt. Bei Tiefladern unterst\u00fctzt der Schaufelzylinder sowohl das Graben als auch das Heben.<\/li>\n<li>Landwirtschaftliche Maschinen: Werden in Frontladern zum Schaufeln, Anheben und Transportieren von Erde, Heu und anderen Materialien eingesetzt.<\/li>\n<li>Bagger: Der Schaufelzylinder erm\u00f6glicht Grabvorg\u00e4nge, indem er der Schaufel das Eindringen in den Boden erm\u00f6glicht.<\/li>\n<li>Lader: Bei Frontladern helfen sie beim effizienten Anheben und Kippen von G\u00fctern.<\/li>\n<\/ul>\n<h2>Design\u00fcberlegungen und Auswahlkriterien<\/h2>\n<p>Bei der Konstruktion werden wichtige Aspekte wie Tragf\u00e4higkeit, Dichtheit, Langlebigkeit, Sicherheit und Wartungsfreundlichkeit ber\u00fccksichtigt. Der Schaufelzylinder ist f\u00fcr hohe Lasten ausgelegt und gew\u00e4hrleistet gleichzeitig eine zuverl\u00e4ssige Abdichtung und dauerhafte Leistung. Hochwertige Materialien und pr\u00e4zise Fertigungsprozesse erh\u00f6hen seine Verschlei\u00dffestigkeit und Langlebigkeit.<\/p>\n<p>\t<img decoding=\"async\" src=\"https:\/\/www.hydraulic-cylinders.net\/wp-content\/uploads\/2025\/01\/songte-oil-pipes-and-spare-parts.webp\" alt=\"Abbildung der Konstruktion und der Ersatzteile f\u00fcr Schaufelzylinder\"><\/p>\n<h2>Abdichtung und Schmierung<\/h2>\n<p>Der Schaufelzylinder verwendet verschiedene Dichtungselemente, darunter Kolben- und Stangendichtungen aus verschlei\u00dffesten Materialien wie Polyurethan und Nitrilkautschuk. Zylinderk\u00f6rper und Gewindeenden werden einer Feinbearbeitung unterzogen, um die Verschlei\u00dffestigkeit zu verbessern. Regelm\u00e4\u00dfige Schmierung mit der richtigen Menge Hydraulik\u00f6l ist notwendig, um einen reibungslosen Betrieb zu gew\u00e4hrleisten und die Lebensdauer des Zylinders zu verl\u00e4ngern.<\/p>\n<h2>Regelm\u00e4\u00dfige Inspektion und vorbeugende Wartung<\/h2>\n<p>Regelm\u00e4\u00dfige Inspektionen und vorbeugende Wartungsarbeiten sind f\u00fcr die optimale Leistung und Langlebigkeit des Schaufelzylinders unerl\u00e4sslich. Hier einige empfohlene Ma\u00dfnahmen:<\/p>\n<ul>\n<li>\u00dcberpr\u00fcfen und korrigieren Sie die Ausrichtung w\u00e4hrend der Installation.<\/li>\n<li>F\u00fcr ausreichende Schmierung sorgen.<\/li>\n<li>Dichtungen regelm\u00e4\u00dfig austauschen und Kalibrierungspr\u00fcfungen durchf\u00fchren.<\/li>\n<\/ul>\n<p>\t<img decoding=\"async\" src=\"https:\/\/www.hydraulic-cylinders.net\/wp-content\/uploads\/2025\/01\/songte-chushion-collar.webp\" alt=\"Bild zur Wartung des Schaufelzylinders\"><\/p>\n<h2>Sicherheitsaspekte und Umweltfaktoren<\/h2>\n<p>Beim Einsatz des Schaufelzylinders ist es wichtig, die Sicherheitsma\u00dfnahmen einzuhalten, um Unf\u00e4lle zu vermeiden und ein sicheres Arbeitsumfeld zu gew\u00e4hrleisten. Sicherheitsvorkehrungen sollten beim Bedienen von schweren Maschinen stets beachtet werden.<\/p>\n<h2>Fehlerdiagnose und h\u00e4ufige Probleme<\/h2>\n<p>Um potenzielle Probleme mit dem Schaufelzylinder effektiv zu diagnostizieren und zu beheben, beachten Sie die folgenden Tipps und L\u00f6sungen:<\/p>\n<ul>\n<li>\u00dcberpr\u00fcfen Sie den Zylinder regelm\u00e4\u00dfig auf Anzeichen von Besch\u00e4digung oder Verschlei\u00df.<\/li>\n<li>Sorgen Sie f\u00fcr ausreichende Schmierung und pr\u00fcfen Sie auf Undichtigkeiten.<\/li>\n<li>Verschlei\u00dfteile sollten umgehend ausgetauscht werden.<\/li>\n<\/ul>\n<p>\t<img decoding=\"async\" src=\"https:\/\/www.hydraulic-cylinders.net\/wp-content\/uploads\/2025\/01\/songte-bushings-with-all-kinds-of-excavator-models.webp\" alt=\"Fehlerdiagnosebild f\u00fcr Schaufelzylinder\"><\/p>\n<h2>\u00dcber unser Unternehmen<\/h2>\n<p>Wir sind ein f\u00fchrender Hersteller und Gro\u00dfh\u00e4ndler von Hydraulikzylindern f\u00fcr den nationalen und internationalen Markt. Unser Unternehmen bietet eine breite Produktpalette und setzt auf industrialisiertes Produktionsmanagement in modernsten Fertigungsanlagen. Dank unserer qualifizierten Fachkr\u00e4fte, fortschrittlicher digitaler Fertigungstechnik und professioneller Testsysteme optimieren wir kontinuierlich unsere Fertigungsplattform, um qualitativ hochwertige Produkte f\u00fcr vielf\u00e4ltige Kundenbed\u00fcrfnisse herzustellen. Exzellenz, Professionalit\u00e4t, internationale Zertifizierungen, kundenspezifische L\u00f6sungen, modernste Produktionsanlagen und ein zuverl\u00e4ssiger Kundendienst zeichnen unser Unternehmen aus.<\/p>\n<p>\t<img decoding=\"async\" src=\"https:\/\/www.hydraulic-cylinders.net\/wp-content\/uploads\/2025\/01\/songte-company-3.webp\" alt=\"Bild zur Unternehmens\u00fcbersicht\"><\/p>\n<p>Autor: lyl.<\/p>\n<p><\/body><br \/>\n<\/html><\/p>","protected":false},"excerpt":{"rendered":"<p>Bucket Cylinder For Bobcat Small Excavator E42 Bucket Cylinder For Bobcat Small Excavator E42 Introduction A bucket cylinder, also known as a hydraulic cylinder, is a specially designed cylinder used to control the movement of the bucket in heavy machinery such as excavators, backhoe excavators, and front-end loaders. Its main function is to enable the [&hellip;]<\/p>","protected":false},"featured_media":14789,"comment_status":"open","ping_status":"closed","template":"","meta":{"_et_pb_use_builder":"","_et_pb_old_content":"","_et_gb_content_width":""},"product_brand":[],"product_cat":[1494],"product_tag":[1495,1496],"class_list":{"0":"post-15687","1":"product","2":"type-product","3":"status-publish","4":"has-post-thumbnail","6":"product_cat-bucket-cylinders","7":"product_tag-bucket-cylinders","8":"product_tag-hydraulic-cylinders","10":"first","11":"instock","12":"shipping-taxable","13":"product-type-simple"},"amp_enabled":true,"_links":{"self":[{"href":"https:\/\/www.hydraulic-cylinders.net\/de\/wp-json\/wp\/v2\/product\/15687","targetHints":{"allow":["GET"]}}],"collection":[{"href":"https:\/\/www.hydraulic-cylinders.net\/de\/wp-json\/wp\/v2\/product"}],"about":[{"href":"https:\/\/www.hydraulic-cylinders.net\/de\/wp-json\/wp\/v2\/types\/product"}],"replies":[{"embeddable":true,"href":"https:\/\/www.hydraulic-cylinders.net\/de\/wp-json\/wp\/v2\/comments?post=15687"}],"wp:featuredmedia":[{"embeddable":true,"href":"https:\/\/www.hydraulic-cylinders.net\/de\/wp-json\/wp\/v2\/media\/14789"}],"wp:attachment":[{"href":"https:\/\/www.hydraulic-cylinders.net\/de\/wp-json\/wp\/v2\/media?parent=15687"}],"wp:term":[{"taxonomy":"product_brand","embeddable":true,"href":"https:\/\/www.hydraulic-cylinders.net\/de\/wp-json\/wp\/v2\/product_brand?post=15687"},{"taxonomy":"product_cat","embeddable":true,"href":"https:\/\/www.hydraulic-cylinders.net\/de\/wp-json\/wp\/v2\/product_cat?post=15687"},{"taxonomy":"product_tag","embeddable":true,"href":"https:\/\/www.hydraulic-cylinders.net\/de\/wp-json\/wp\/v2\/product_tag?post=15687"}],"curies":[{"name":"wp","href":"https:\/\/api.w.org\/{rel}","templated":true}]}}