{"id":15696,"date":"2025-01-19T14:51:25","date_gmt":"2025-01-19T14:51:25","guid":{"rendered":"https:\/\/www.hydraulic-cylinders.net\/product\/bucket-cylinder-for-bobcat-small-excavator-e418\/"},"modified":"2025-01-19T14:51:27","modified_gmt":"2025-01-19T14:51:27","slug":"bucket-cylinder-for-bobcat-small-excavator-e418","status":"publish","type":"product","link":"https:\/\/www.hydraulic-cylinders.net\/de\/produkt\/bucket-cylinder-for-bobcat-small-excavator-e418\/","title":{"rendered":"L\u00f6ffelzylinder f\u00fcr Bobcat Kleinbagger E418"},"content":{"rendered":"<h1>L\u00f6ffelzylinder f\u00fcr Bobcat Kleinbagger E418<\/h1>\n<h2>Einf\u00fchrung<\/h2>\n<p>Der L\u00f6ffelzylinder f\u00fcr den Bobcat-Kleinbagger E418 ist ein speziell entwickelter Hydraulikzylinder, der prim\u00e4r zur Steuerung der L\u00f6ffelbewegung in Baumaschinen wie Baggern, Baggerladern und Radladern dient. Seine Hauptfunktion besteht darin, das Heben, Senken und Neigen des L\u00f6ffels zu erm\u00f6glichen und so vielf\u00e4ltige Materialumschlagsaufgaben zu erleichtern. Im Hydrauliksystem steuert der L\u00f6ffelzylinder die pr\u00e4zise Bewegung des L\u00f6ffels durch die Anpassung des Hydraulik\u00f6ldrucks. Dies erm\u00f6glicht es dem Bediener, schwere Lasten effizient zu handhaben und sich an komplexe Arbeitsumgebungen und unterschiedliche Arbeitsanforderungen anzupassen.<\/p>\n<p><img decoding=\"async\" src=\"https:\/\/www.hydraulic-cylinders.net\/wp-content\/uploads\/2025\/01\/songte-company-2.webp\" alt=\"Schaufelzylinder\" \/><\/p>\n<h2>Merkmale<\/h2>\n<ul>\n<li>Hohe Festigkeit und Langlebigkeit: Typischerweise aus hochfestem Stahl oder Aluminium gefertigt, halten sie hohem Druck und hohen Belastungen stand und sind auf Verschlei\u00df- und Korrosionsbest\u00e4ndigkeit ausgelegt, was die Lebensdauer verl\u00e4ngert.<\/li>\n<li>Effizienter Hydraulikbetrieb: Gleichm\u00e4\u00dfige Ausdehnungs- und Kontraktionsbewegungen werden durch den Druck des Hydraulik\u00f6ls erreicht, was eine schnelle Reaktion auf Steuerbefehle erm\u00f6glicht, starke Schub- und Zugkr\u00e4fte bereitstellt und sich ideal f\u00fcr die Handhabung schwerer Lasten und komplexer Arbeitsaufgaben eignet.<\/li>\n<li>Verschiedene Typen: W\u00e4hlen Sie je nach Betriebsanforderungen zwischen einfachwirkenden (Hydraulik wirkt nur in eine Richtung) und doppeltwirkenden (Hydraulik wirkt in beide Richtungen) Zylindern. Einige Modelle sind teleskopierbar und erm\u00f6glichen so eine gr\u00f6\u00dfere Ausladung ohne Vergr\u00f6\u00dferung der Au\u00dfenabmessungen \u2013 ideal f\u00fcr Anwendungen mit begrenztem Platzangebot.<\/li>\n<li>Anpassbar: Unsere Produkte k\u00f6nnen an Ihre spezifischen Bed\u00fcrfnisse angepasst werden und \u00e4hnliche Hydraulikzylinder anderer Hersteller ersetzen.<\/li>\n<\/ul>\n<p><img decoding=\"async\" src=\"https:\/\/www.hydraulic-cylinders.net\/wp-content\/uploads\/2025\/01\/songte-cylinder-head-with-all-kinds-excavator-models.webp\" alt=\"Anpassbarer Eimerzylinder\" \/><\/p>\n<h2>Anwendungen<\/h2>\n<p>Der Schaufelzylinder findet in verschiedenen Anwendungen Verwendung:<\/p>\n<ul>\n<li>Baumaschinen: Bei Baggern sind sie unverzichtbar zum Graben, Laden und Bewegen von Erde oder Bauschutt. Bei Tiefladern unterst\u00fctzt der Schaufelzylinder sowohl das Graben als auch das Heben. <\/li>\n<li>Landmaschinen: Sie werden in Frontladern eingesetzt und helfen beim Heben und Abladen von Erde, Heu und anderen Materialien. In Baggern erm\u00f6glicht der Schaufelzylinder das Graben, indem er das Eindringen der Schaufel in den Boden erlaubt. <\/li>\n<li>Lader: Bei Frontladern erleichtern sie das effiziente Anheben und Abladen von G\u00fctern.<\/li>\n<\/ul>\n<p>Die einzelnen Anwendungen werden im Folgenden detailliert beschrieben:<\/p>\n<h3>Baumaschinen<\/h3>\n<p>Der Schaufelzylinder spielt eine entscheidende Rolle f\u00fcr den reibungslosen Betrieb von Baggern. Beim Graben erleichtert er das Eindringen in den Boden sowie das Anheben und Abladen von Erde und Bauschutt. Bei Tiefladern unterst\u00fctzt der Zylinder das Graben und Anheben und erleichtert so das Laden und Transportieren von Material.<\/p>\n<h3>Landmaschinen<\/h3>\n<p>Die Schaufelzylinder an den Frontladern landwirtschaftlicher Maschinen erleichtern das effiziente Heben und Abladen von Materialien wie Erde, Heu, Futtermitteln und anderen landwirtschaftlichen Produkten. Bei in der Landwirtschaft eingesetzten Baggern erm\u00f6glicht der Schaufelzylinder das Graben, indem er das Eindringen der Schaufel in den Boden erleichtert.<\/p>\n<h3>Lader<\/h3>\n<p>Der Schaufelzylinder in Frontladern erm\u00f6glicht ein effizientes Anheben und Abladen von G\u00fctern und ist daher ideal zum Be- und Entladen schwerer Materialien geeignet.<\/p>\n<p><img decoding=\"async\" src=\"https:\/\/www.hydraulic-cylinders.net\/wp-content\/uploads\/2025\/01\/songte-bushings-with-all-kinds-of-excavator-models.webp\" alt=\"Eimerzylinder im Einsatz\" \/><\/p>\n<h2>Design\u00fcberlegungen und Auswahlkriterien<\/h2>\n<p>Bei der Auswahl eines Schaufelzylinders sollten verschiedene Faktoren ber\u00fccksichtigt werden, wie beispielsweise die Tragf\u00e4higkeit, die Abdichtung, die Haltbarkeit, die Sicherheit und die Wartungsfreundlichkeit des Zylinders. <\/p>\n<ul>\n<li>Tragf\u00e4higkeit: Der Zylinder der Schaufel muss je nach Anwendung die zu erwartende Last ohne Verbiegen oder Brechen aushalten k\u00f6nnen.<\/li>\n<li>Abdichtung: Der Zylinder des L\u00f6ffels muss ausreichend abgedichtet sein, um ein Austreten von Hydraulikfl\u00fcssigkeit und eine Verschmutzung der Umwelt zu verhindern.<\/li>\n<li>Langlebigkeit: Der Schaufelzylinder muss aus robusten Materialien gefertigt sein, um den rauen Betriebsbedingungen standzuhalten und so seine Lebensdauer zu verl\u00e4ngern.<\/li>\n<li>Sicherheit: Der Schaufelzylinder muss so konstruiert sein, dass die Sicherheit des Bedieners und der Personen in der Umgebung des Ger\u00e4ts gew\u00e4hrleistet ist.<\/li>\n<li>Wartungsfreundlichkeit: Der Schaufelzylinder muss so konstruiert sein, dass eine einfache Wartung m\u00f6glich ist, einschlie\u00dflich des Austauschs von Dichtungen, der Reinigung und der Schmierung.<\/li>\n<\/ul>\n<p><img decoding=\"async\" src=\"https:\/\/www.hydraulic-cylinders.net\/wp-content\/uploads\/2025\/01\/songte-oil-pipes-and-spare-parts.webp\" alt=\"Ersatzteile f\u00fcr den Schaufelzylinder\" \/><\/p>\n<h2>Abdichtung und Schmierung<\/h2>\n<p>Der Schaufelzylinder verwendet verschiedene Dichtungen, wie Kolben- und Stangendichtungen, aus verschlei\u00dffesten Materialien wie Polyurethan und Nitrilkautschuk, um eine einwandfreie Abdichtung zu gew\u00e4hrleisten und \u00d6lleckagen zu verhindern. Zylinderk\u00f6rper und Gewindeendfl\u00e4chen sind pr\u00e4zisionsbearbeitet, um die Verschlei\u00dffestigkeit zu verbessern. Regelm\u00e4\u00dfiges Einspritzen von Hydraulik\u00f6l ist erforderlich, um Zylinderwand und Kolben zu schmieren und vor Verschlei\u00df zu sch\u00fctzen.<\/p>\n<h2>Wartung und Reparatur<\/h2>\n<p>Regelm\u00e4\u00dfige Inspektion und vorbeugende Wartung des Schaufelzylinders sind unerl\u00e4sslich, um dessen optimale Leistung zu gew\u00e4hrleisten und kostspielige Ausfallzeiten und Reparaturen zu vermeiden. Zu den h\u00e4ufigsten Wartungsarbeiten geh\u00f6ren regelm\u00e4\u00dfige Inspektionen, sachgem\u00e4\u00dfe Schmierung und Kalibrierungspr\u00fcfungen. Korrekte Montage, Schmierung und Justierung sind entscheidend, und die korrekte Ausrichtung des Zylinders ist unerl\u00e4sslich. Zur sicheren Befestigung des Zylinders sind geeignete Montagehalterungen zu verwenden. Empfohlene Inspektions-, Reparatur- und Austauschverfahren werden bereitgestellt, um die Lebensdauer des Schaufelzylinders zu verl\u00e4ngern. <\/p>\n<p><img decoding=\"async\" src=\"https:\/\/www.hydraulic-cylinders.net\/wp-content\/uploads\/2025\/01\/songte-chushion-collar.webp\" alt=\"Wartung und Reparatur von Schaufelzylindern\" \/><\/p>\n<h2>Sicherheitsaspekte und Umweltfaktoren<\/h2>\n<p>Beim Einsatz von Hubzylindern ist es unerl\u00e4sslich, Sicherheitsvorkehrungen zu treffen, beispielsweise um zu verhindern, dass Arbeiter w\u00e4hrend des Betriebs vom Hubzylinder getroffen werden. Hydraulik\u00f6l und andere Gefahrstoffe m\u00fcssen ordnungsgem\u00e4\u00df entsorgt werden, um eine Umweltverschmutzung zu vermeiden.<\/p>\n<h2>Fehlerdiagnose und Fehlerbehebung<\/h2>\n<p>H\u00e4ufige Probleme mit Schaufelzylindern sind \u00d6lverlust, langsame Laufleistung oder verminderte Leistung. Regelm\u00e4\u00dfige Inspektion, vorbeugende Wartung und umgehende Reparatur sind unerl\u00e4sslich, um diese Probleme zu vermeiden. Treten Probleme auf, kann die Ursache ermittelt und die defekten Teile repariert oder ausgetauscht werden.<\/p>\n<p><img decoding=\"async\" src=\"https:\/\/hzpt.com\/wp-content\/uploads\/2024\/11\/songte-company-1.webp\" alt=\"Fehlerbehebung am Schaufelzylinder\" \/><\/p>\n<h2>\u00dcber uns<\/h2>\n<p>Wir sind ein Hersteller von Hydraulikzylindern und produzieren ein umfassendes Produktsortiment. Wir z\u00e4hlen zu den f\u00fchrenden Herstellern und Gro\u00dfh\u00e4ndlern von Hydraulikzylindern auf dem nationalen und internationalen Markt. Unsere Strategie basiert auf h\u00f6chster Qualit\u00e4t und der industriellen Produktionsf\u00fchrung unserer modernen Fertigungsst\u00e4tten. Wir optimieren kontinuierlich unsere Fertigungsplattformen und Produktionslinien f\u00fcr beste Produktqualit\u00e4t und verf\u00fcgen \u00fcber eine hohe Innovationskraft. So k\u00f6nnen wir die vielf\u00e4ltigen Kundenbed\u00fcrfnisse mit h\u00f6chster Effizienz, Pr\u00e4zision und Qualit\u00e4t erf\u00fcllen. <\/p>\n<p>Unser Unternehmen bietet professionelle Expertise, internationale Zertifizierung, ma\u00dfgeschneiderte Dienstleistungen, Produktionsanlagen und Kundendienst. <\/p>\n<p><img decoding=\"async\" src=\"https:\/\/www.hydraulic-cylinders.net\/wp-content\/uploads\/2025\/01\/songte-company-3.webp\" alt=\"\u00dcber uns\" \/><\/p>\n<p>Autor: lyl<\/p>","protected":false},"excerpt":{"rendered":"<p>Bucket Cylinder For Bobcat Small Excavator E418 Introduction The bucket cylinder for Bobcat small excavator E418 is a specially designed hydraulic cylinder primarily used to control the movement of the bucket in heavy machinery such as excavators, backhoe excavators, and front-end loaders. Its main function is to allow the bucket to lift, lower, and tilt, [&hellip;]<\/p>","protected":false},"featured_media":14773,"comment_status":"open","ping_status":"closed","template":"","meta":{"_et_pb_use_builder":"","_et_pb_old_content":"","_et_gb_content_width":""},"product_brand":[],"product_cat":[1494],"product_tag":[1495,1496],"class_list":{"0":"post-15696","1":"product","2":"type-product","3":"status-publish","4":"has-post-thumbnail","6":"product_cat-bucket-cylinders","7":"product_tag-bucket-cylinders","8":"product_tag-hydraulic-cylinders","10":"first","11":"instock","12":"shipping-taxable","13":"product-type-simple"},"amp_enabled":true,"_links":{"self":[{"href":"https:\/\/www.hydraulic-cylinders.net\/de\/wp-json\/wp\/v2\/product\/15696","targetHints":{"allow":["GET"]}}],"collection":[{"href":"https:\/\/www.hydraulic-cylinders.net\/de\/wp-json\/wp\/v2\/product"}],"about":[{"href":"https:\/\/www.hydraulic-cylinders.net\/de\/wp-json\/wp\/v2\/types\/product"}],"replies":[{"embeddable":true,"href":"https:\/\/www.hydraulic-cylinders.net\/de\/wp-json\/wp\/v2\/comments?post=15696"}],"wp:featuredmedia":[{"embeddable":true,"href":"https:\/\/www.hydraulic-cylinders.net\/de\/wp-json\/wp\/v2\/media\/14773"}],"wp:attachment":[{"href":"https:\/\/www.hydraulic-cylinders.net\/de\/wp-json\/wp\/v2\/media?parent=15696"}],"wp:term":[{"taxonomy":"product_brand","embeddable":true,"href":"https:\/\/www.hydraulic-cylinders.net\/de\/wp-json\/wp\/v2\/product_brand?post=15696"},{"taxonomy":"product_cat","embeddable":true,"href":"https:\/\/www.hydraulic-cylinders.net\/de\/wp-json\/wp\/v2\/product_cat?post=15696"},{"taxonomy":"product_tag","embeddable":true,"href":"https:\/\/www.hydraulic-cylinders.net\/de\/wp-json\/wp\/v2\/product_tag?post=15696"}],"curies":[{"name":"wp","href":"https:\/\/api.w.org\/{rel}","templated":true}]}}