{"id":15699,"date":"2025-01-19T14:51:37","date_gmt":"2025-01-19T14:51:37","guid":{"rendered":"https:\/\/www.hydraulic-cylinders.net\/product\/bucket-cylinder-for-der-der323-8\/"},"modified":"2025-01-19T14:51:39","modified_gmt":"2025-01-19T14:51:39","slug":"bucket-cylinder-for-der-der323-8","status":"publish","type":"product","link":"https:\/\/www.hydraulic-cylinders.net\/de\/produkt\/bucket-cylinder-for-der-der323-8\/","title":{"rendered":"Schaufelzylinder f\u00fcr DER DER323-8"},"content":{"rendered":"<h1>Schaufelzylinder f\u00fcr DER DER323-8<\/h1>\n<h2>Einf\u00fchrung<\/h2>\n<p>Der Schaufelzylinder f\u00fcr DER DER323-8 ist ein speziell entwickelter Hydraulikzylinder zur Steuerung der Schaufelbewegung in Baumaschinen wie Baggern, Baggerladern und Radladern. Seine Hauptfunktion besteht darin, das Heben, Senken und Neigen der Schaufel zu erm\u00f6glichen und so den effizienten Umschlag verschiedenster Materialien zu gew\u00e4hrleisten. Im Hydrauliksystem steuert der Schaufelzylinder die Schaufel pr\u00e4zise durch die Nutzung von Druck\u00e4nderungen im Hydraulik\u00f6l. Dadurch k\u00f6nnen Bediener schwere Lasten effizient handhaben und sich an komplexe Arbeitsumgebungen und vielf\u00e4ltige Aufgaben anpassen.<\/p>\n<p><img decoding=\"async\" src=\"https:\/\/www.hydraulic-cylinders.net\/wp-content\/uploads\/2025\/01\/songte-company-2.webp\"><\/p>\n<h2>Merkmale<\/h2>\n<ul>\n<li>Hohe Festigkeit und Langlebigkeit: Der aus hochfestem Stahl oder Aluminium gefertigte Schaufelzylinder h\u00e4lt hohem Druck und schweren Lasten stand und eignet sich f\u00fcr anspruchsvolle Arbeitsumgebungen. Die Konstruktion ber\u00fccksichtigt Verschlei\u00df- und Korrosionsbest\u00e4ndigkeit und verl\u00e4ngert so seine Lebensdauer.<\/li>\n<li>Effizienter Hydraulikbetrieb: Durch die Nutzung des Hydraulik\u00f6ldrucks erreicht der Zylinder der Schaufel ein sanftes Aus- und Einfahren, was eine schnelle Reaktion auf Steuerbefehle erm\u00f6glicht und starke Schub- und Zugkr\u00e4fte bereitstellt. Dadurch eignet er sich f\u00fcr die Handhabung schwerer Lasten und komplexer Aufgaben.<\/li>\n<li>Verschiedene Ausf\u00fchrungen: Der Schaufelzylinder ist als einfachwirkende (Hydraulikdruck nur in eine Richtung) oder doppeltwirkende (Hydraulikdruck in beide Richtungen) Ausf\u00fchrung erh\u00e4ltlich, um unterschiedlichen Einsatzanforderungen gerecht zu werden. Einige Modelle sind teleskopierbar und erm\u00f6glichen so eine gr\u00f6\u00dfere Ausladung ohne Vergr\u00f6\u00dferung der Au\u00dfenabmessungen. Dadurch eignen sie sich besonders f\u00fcr Anwendungen mit begrenztem Platzangebot.<\/li>\n<li>Perfekter Ersatz: Unsere Produkte sind in der Lage, diese Hydraulikzylinder perfekt zu ersetzen. <\/li>\n<\/ul>\n<p><img decoding=\"async\" src=\"https:\/\/www.hydraulic-cylinders.net\/wp-content\/uploads\/2025\/01\/songte-cylinder-head-with-all-kinds-excavator-models.webp\"><\/p>\n<h2>Anwendungen<\/h2>\n<p>Der Schaufelzylinder f\u00fcr DER DER323-8 findet in verschiedenen Ger\u00e4tetypen vielf\u00e4ltige Anwendung:<\/p>\n<ul>\n<li>Baumaschinen: Sie sind in Baggern zu finden und unverzichtbar zum Ausheben, Laden und Bewegen von Erde oder Bauschutt. Bei Baggerladern unterst\u00fctzt der Schaufelzylinder sowohl das Ausheben als auch das Heben.<\/li>\n<li>Landwirtschaftliche Maschinen: Sie werden in Frontladern verwendet und helfen beim Schaufeln, Heben und Transportieren von Erde, Heu und anderen Materialien.<\/li>\n<li>Bagger: Der L\u00f6ffelzylinder erm\u00f6glicht das Ausheben, indem er dem L\u00f6ffel das Eindringen in den Boden erm\u00f6glicht.<\/li>\n<li>Frontlader: Bei Frontladern helfen sie beim effektiven Anheben und Kippen von G\u00fctern.<\/li>\n<\/ul>\n<h2>Design\u00fcberlegungen und Auswahlkriterien<\/h2>\n<p>Bei den Konstruktions\u00fcberlegungen und Auswahlkriterien f\u00fcr den Schaufelzylinder sind mehrere Faktoren von entscheidender Bedeutung:<\/p>\n<ul>\n<li>Tragf\u00e4higkeit: Der Zylinder der Schaufel muss in der Lage sein, den zu erwartenden Lasten ohne Versagen standzuhalten.<\/li>\n<li>Abdichtung: Verschiedene Dichtungselemente, wie z. B. Kolbendichtungen und Stangendichtungen, werden eingesetzt, um einen leckagefreien Betrieb zu gew\u00e4hrleisten und Verunreinigungen zu verhindern.<\/li>\n<li>Langlebigkeit: Der Zylinder des L\u00f6ffels muss langlebig sein, um den Anforderungen der Anwendung standzuhalten und eine lange Lebensdauer zu gew\u00e4hrleisten.<\/li>\n<li>Sicherheit: Um Unf\u00e4lle zu vermeiden und den Schutz des Bedieners zu gew\u00e4hrleisten, sollten Sicherheitsmerkmale in die Konstruktion integriert werden.<\/li>\n<li>Wartungsfreundlichkeit: Die Konstruktion sollte eine einfache Wartung und Reparatur erm\u00f6glichen, um eine effiziente Instandhaltung zu gew\u00e4hrleisten und Ausfallzeiten zu minimieren.<\/li>\n<\/ul>\n<p><img decoding=\"async\" src=\"https:\/\/www.hydraulic-cylinders.net\/wp-content\/uploads\/2025\/01\/songte-oil-pipes-and-spare-parts.webp\"><\/p>\n<h2>Abdichtung und Schmierung<\/h2>\n<p>Der Schaufelzylinder verwendet verschiedene Dichtungskomponenten, wie Kolben- und Stangendichtungen, die aus verschlei\u00dffesten Materialien wie Polyurethan und Nitrilkautschuk gefertigt sind. Zylinderk\u00f6rper und Gewindeenden werden pr\u00e4zise bearbeitet, um die Verschlei\u00dffestigkeit zu erh\u00f6hen. Regelm\u00e4\u00dfige Schmierung ist erforderlich, und es muss eine angemessene Menge Hydraulik\u00f6l nachgef\u00fcllt werden, um einen reibungslosen Betrieb zu gew\u00e4hrleisten.<\/p>\n<h2>Regelm\u00e4\u00dfige Inspektion und vorbeugende Wartung<\/h2>\n<p>Um eine optimale Leistung und lange Lebensdauer des Schaufelzylinders zu gew\u00e4hrleisten, sollten regelm\u00e4\u00dfige Inspektionen und vorbeugende Wartungsma\u00dfnahmen durchgef\u00fchrt werden:<\/p>\n<ul>\n<li>Pr\u00fcfen Sie auf Anzeichen von Undichtigkeiten oder Besch\u00e4digungen.<\/li>\n<li>Alle beweglichen Teile ordnungsgem\u00e4\u00df schmieren.<\/li>\n<li>Dichtungen bei Bedarf austauschen.<\/li>\n<li>F\u00fchren Sie Kalibrierungspr\u00fcfungen durch, um einen genauen Betrieb zu gew\u00e4hrleisten.<\/li>\n<\/ul>\n<h2>Korrekte Produktinstallation<\/h2>\n<p>F\u00fcr einen effizienten und sicheren Betrieb ist die korrekte Installation des Schaufelzylinders unerl\u00e4sslich. Folgende Richtlinien sind zu beachten:<\/p>\n<ul>\n<li>Stellen Sie die korrekte Ausrichtung des Zylinders sicher.<\/li>\n<li>Verwenden Sie geeignete Montagehalterungen, um den Zylinder zu befestigen.<\/li>\n<li>Befolgen Sie die empfohlenen Verfahren f\u00fcr Inspektion, Reparatur und Austausch.<\/li>\n<li>Geben Sie Tipps zur Verl\u00e4ngerung der Lebensdauer des Schaufelzylinders.<\/li>\n<\/ul>\n<p><img decoding=\"async\" src=\"https:\/\/www.hydraulic-cylinders.net\/wp-content\/uploads\/2025\/01\/songte-chushion-collar.webp\"><\/p>\n<h2>Sicherheitsaspekte und Umweltfaktoren<\/h2>\n<p>Die Bedeutung von Sicherheitsma\u00dfnahmen beim Einsatz des Hubzylinders kann nicht hoch genug eingesch\u00e4tzt werden. Es m\u00fcssen Sicherheitsvorkehrungen getroffen werden, um die Bediener zu sch\u00fctzen und Unf\u00e4lle zu vermeiden. Dar\u00fcber hinaus sind Umweltfaktoren wie die ordnungsgem\u00e4\u00dfe Abfallentsorgung und die Einhaltung von Vorschriften zu ber\u00fccksichtigen.<\/p>\n<h2>Fehlerdiagnose und h\u00e4ufige Probleme<\/h2>\n<p>Bei St\u00f6rungen oder h\u00e4ufig auftretenden Problemen mit dem Schaufelzylinder helfen die folgenden Tipps und Methoden zur Fehlerbehebung, die Probleme effektiv zu diagnostizieren und zu beheben. Es sollten auch vorbeugende Ma\u00dfnahmen empfohlen werden, um potenzielle Probleme zu minimieren.<\/p>\n<p><img decoding=\"async\" src=\"https:\/\/www.hydraulic-cylinders.net\/wp-content\/uploads\/2025\/01\/songte-bushings-with-all-kinds-of-excavator-models.webp\"><\/p>\n<p>Denken Sie daran, den Artikel logisch zu strukturieren, Zwischen\u00fcberschriften f\u00fcr eine einfache Navigation zu verwenden, relevante Bilder oder Diagramme einzuf\u00fcgen, um das Verst\u00e4ndnis zu verbessern, und sicherzustellen, dass der Inhalt klar, pr\u00e4gnant und f\u00fcr Leser mit unterschiedlichem technischen Wissen geeignet ist.<\/p>\n<h2>\u00dcber unser Unternehmen<\/h2>\n<p>Unser Unternehmen z\u00e4hlt zu den f\u00fchrenden Herstellern und Gro\u00dfh\u00e4ndlern von Hydraulikzylindern auf dem nationalen und internationalen Markt. Wir bieten ein umfassendes Produktsortiment und erf\u00fcllen h\u00f6chste Qualit\u00e4tsstandards. Dank unserer modernen Fertigungsanlagen, unseres technischen Know-hows und unseres Engagements f\u00fcr Kundenzufriedenheit sind wir bestrebt, die vielf\u00e4ltigen Kundenbed\u00fcrfnisse effizient und effektiv zu erf\u00fcllen.<\/p>\n<p><img decoding=\"async\" src=\"https:\/\/www.hydraulic-cylinders.net\/wp-content\/uploads\/2025\/01\/songte-company-3.webp\"><\/p>\n<p>Dar\u00fcber hinaus sind wir stolz auf unsere Professionalit\u00e4t, internationale Zertifizierungen, die M\u00f6glichkeit zur individuellen Anpassung, modernste Produktionsanlagen und einen zuverl\u00e4ssigen Kundendienst.<\/p>\n<p><em>Autor: lyl<\/em><\/p>","protected":false},"excerpt":{"rendered":"<p>Bucket Cylinder For DER DER323-8 Introduction The bucket cylinder for DER DER323-8 is a specially designed hydraulic cylinder used to control the movement of the bucket in heavy machinery such as excavators, backhoe loaders, and front-end loaders. Its main function is to enable the bucket to lift, lower, and tilt, allowing for efficient handling of [&hellip;]<\/p>","protected":false},"featured_media":14765,"comment_status":"open","ping_status":"closed","template":"","meta":{"_et_pb_use_builder":"","_et_pb_old_content":"","_et_gb_content_width":""},"product_brand":[],"product_cat":[1494],"product_tag":[1495,1496],"class_list":{"0":"post-15699","1":"product","2":"type-product","3":"status-publish","4":"has-post-thumbnail","6":"product_cat-bucket-cylinders","7":"product_tag-bucket-cylinders","8":"product_tag-hydraulic-cylinders","10":"first","11":"instock","12":"shipping-taxable","13":"product-type-simple"},"amp_enabled":true,"_links":{"self":[{"href":"https:\/\/www.hydraulic-cylinders.net\/de\/wp-json\/wp\/v2\/product\/15699","targetHints":{"allow":["GET"]}}],"collection":[{"href":"https:\/\/www.hydraulic-cylinders.net\/de\/wp-json\/wp\/v2\/product"}],"about":[{"href":"https:\/\/www.hydraulic-cylinders.net\/de\/wp-json\/wp\/v2\/types\/product"}],"replies":[{"embeddable":true,"href":"https:\/\/www.hydraulic-cylinders.net\/de\/wp-json\/wp\/v2\/comments?post=15699"}],"wp:featuredmedia":[{"embeddable":true,"href":"https:\/\/www.hydraulic-cylinders.net\/de\/wp-json\/wp\/v2\/media\/14765"}],"wp:attachment":[{"href":"https:\/\/www.hydraulic-cylinders.net\/de\/wp-json\/wp\/v2\/media?parent=15699"}],"wp:term":[{"taxonomy":"product_brand","embeddable":true,"href":"https:\/\/www.hydraulic-cylinders.net\/de\/wp-json\/wp\/v2\/product_brand?post=15699"},{"taxonomy":"product_cat","embeddable":true,"href":"https:\/\/www.hydraulic-cylinders.net\/de\/wp-json\/wp\/v2\/product_cat?post=15699"},{"taxonomy":"product_tag","embeddable":true,"href":"https:\/\/www.hydraulic-cylinders.net\/de\/wp-json\/wp\/v2\/product_tag?post=15699"}],"curies":[{"name":"wp","href":"https:\/\/api.w.org\/{rel}","templated":true}]}}