{"id":15716,"date":"2025-01-19T14:53:03","date_gmt":"2025-01-19T14:53:03","guid":{"rendered":"https:\/\/www.hydraulic-cylinders.net\/product\/bucket-cylinder-for-takeuchi-small-excavator-tb216\/"},"modified":"2025-01-19T14:53:07","modified_gmt":"2025-01-19T14:53:07","slug":"bucket-cylinder-for-takeuchi-small-excavator-tb216","status":"publish","type":"product","link":"https:\/\/www.hydraulic-cylinders.net\/de\/produkt\/bucket-cylinder-for-takeuchi-small-excavator-tb216\/","title":{"rendered":"L\u00f6ffelzylinder f\u00fcr Takeuchi Kleinbagger TB216"},"content":{"rendered":"<h2>L\u00f6ffelzylinder f\u00fcr Takeuchi Kleinbagger TB216<\/h2>\n<h3>Einf\u00fchrung:<\/h3>\n<p>Ein Schaufelzylinder ist ein speziell entwickelter Hydraulikzylinder, der prim\u00e4r zur Steuerung der Schaufelbewegung in Baumaschinen wie Baggern, Baggerladern und Radladern eingesetzt wird. Seine Hauptfunktion besteht darin, das Heben, Senken und Neigen der Schaufel zu erm\u00f6glichen und so verschiedene Materialumschlagsaufgaben zu erleichtern. Im Hydrauliksystem steuert der Schaufelzylinder die Schaufelbewegung pr\u00e4zise durch Druck\u00e4nderungen im Hydraulik\u00f6l. Dies erm\u00f6glicht es dem Bediener, schwere Lasten effizient zu handhaben und sich an komplexe Arbeitsumgebungen und vielf\u00e4ltige Betriebsanforderungen anzupassen.<\/p>\n<p><img decoding=\"async\" src=\"https:\/\/www.hydraulic-cylinders.net\/wp-content\/uploads\/2025\/01\/songte-company-2.webp\"><\/p>\n<h3>Merkmale:<\/h3>\n<ul>\n<li>Hohe Festigkeit und Langlebigkeit: Typischerweise aus hochfestem Stahl oder Aluminium gefertigt, h\u00e4lt es hohem Druck und schweren Belastungen stand, ist f\u00fcr raue Arbeitsumgebungen geeignet und wurde unter Ber\u00fccksichtigung von Verschlei\u00df- und Korrosionsbest\u00e4ndigkeit entwickelt, was die Lebensdauer verl\u00e4ngert.<\/li>\n<li>Effizienter Hydraulikbetrieb: Sanfte Aus- und Einfahrbewegungen werden durch den Einsatz von Hydraulik\u00f6ldruck erreicht, der schnell auf Steuerbefehle reagiert und starke Schub- und Zugkr\u00e4fte bereitstellt, die f\u00fcr die Handhabung schwerer Lasten und komplexer Arbeitsaufgaben geeignet sind.<\/li>\n<li>Verschiedene Zylindertypen stehen zur Auswahl: Einfachwirkende (hydraulisch nur in eine Richtung wirkende) oder doppeltwirkende (hydraulisch in zwei Richtungen wirkende) Zylinder k\u00f6nnen je nach Bedarf gew\u00e4hlt werden. Einige Modelle sind teleskopierbar und erm\u00f6glichen so eine gr\u00f6\u00dfere Auszugsl\u00e4nge ohne Vergr\u00f6\u00dferung der Au\u00dfenabmessungen \u2013 ideal f\u00fcr Anwendungen mit beengten Platzverh\u00e4ltnissen.<\/li>\n<li>Einfacher Austausch: Unsere Produkte k\u00f6nnen diese Hydraulikzylinder perfekt ersetzen.<\/li>\n<\/ul>\n<p><img decoding=\"async\" src=\"https:\/\/www.hydraulic-cylinders.net\/wp-content\/uploads\/2025\/01\/songte-cylinder-head-with-all-kinds-excavator-models.webp\"><\/p>\n<h3>Anwendungen:<\/h3>\n<p>Eimerzylinder werden in verschiedenen Branchen weit verbreitet eingesetzt, darunter:<\/p>\n<ul>\n<li>Baumaschinen: In Baggern sind sie unverzichtbar zum Ausheben, Laden und Bewegen von Erde oder Bauschutt. In Baggerladern unterst\u00fctzen die Schaufelzylinder das Graben und Heben. <\/li>\n<li>Landwirtschaftliche Maschinen: Bagger werden in Frontladern zum Schaufeln, Heben und Transportieren von Erde, Heu und anderen Materialien eingesetzt. Sie verwenden Schaufelzylinder, um das Graben zu erm\u00f6glichen, indem die Schaufel in den Boden eindringen kann. <\/li>\n<li>Lader: Bei Frontladern helfen sie effektiv beim Anheben und Kippen von Ladung. <\/li>\n<\/ul>\n<h3>Gestaltungs\u00fcberlegungen und Auswahlkriterien:<\/h3>\n<p>Bei der Konstruktion und Auswahl von Schaufelzylindern m\u00fcssen verschiedene Faktoren ber\u00fccksichtigt werden, darunter:<\/p>\n<ul>\n<li>Tragf\u00e4higkeit: Bei der Auswahl eines Schaufelzylinders muss die Belastbarkeit des Zylinders ber\u00fccksichtigt werden.<\/li>\n<li>Abdichtung: Durch den Einsatz verschiedener Dichtungen, wie z. B. Kolbendichtungen und Stangendichtungen aus verschlei\u00dffesten Materialien wie Polyurethan und Nitrilkautschuk, wird eine effektive Abdichtung des Zylinders gew\u00e4hrleistet.<\/li>\n<li>Haltbarkeit: Die Langlebigkeit des Zylinders ist entscheidend, und der Zylinderk\u00f6rper sowie die Gewindeendfl\u00e4chen m\u00fcssen behandelt werden, um die Haltbarkeit zu verbessern.<\/li>\n<li>Sicherheit: Bei der Auswahl von Schaufelzylindern m\u00fcssen Sicherheitsaspekte ber\u00fccksichtigt werden, wie z. B. ob der Zylinder das Gewicht der Last tragen kann und ob er sicher installiert und bedient werden kann.<\/li>\n<li>Wartungsfreundlichkeit: Die Wartungs- und Reparaturfreundlichkeit des Zylinders muss ber\u00fccksichtigt werden, und die Verwendung geeigneter Ersatzteile und \u00dcberholungsdienste kann die Nutzungsdauer des Zylinders verl\u00e4ngern.<\/li>\n<\/ul>\n<p><img decoding=\"async\" src=\"https:\/\/www.hydraulic-cylinders.net\/wp-content\/uploads\/2025\/01\/songte-oil-pipes-and-spare-parts.webp\"><\/p>\n<h3>Abdichtung und Schmierung:<\/h3>\n<p>In Schaufelzylindern kommen verschiedene Dichtungen zum Einsatz, beispielsweise Kolben- und Stangendichtungen aus verschlei\u00dffesten Materialien wie Polyurethan und Nitrilkautschuk. Zylinderk\u00f6rper und Gewindeendfl\u00e4chen sind zur Verbesserung der Haltbarkeit behandelt, und regelm\u00e4\u00dfige Schmierung ist f\u00fcr einen reibungslosen Betrieb erforderlich. Es wird empfohlen, den Zylinder regelm\u00e4\u00dfig mit einer angemessenen Menge Hydraulik\u00f6l zu schmieren.<\/p>\n<h3>Inspektions- und vorbeugende Wartungsma\u00dfnahmen:<\/h3>\n<p>Regelm\u00e4\u00dfige Inspektionen und vorbeugende Wartungsma\u00dfnahmen k\u00f6nnen Zylinderausf\u00e4lle verhindern und seine Lebensdauer verl\u00e4ngern. Folgende Vorgehensweisen sollten befolgt werden:<\/p>\n<ul>\n<li>Regelm\u00e4\u00dfige Inspektion: \u00dcberpr\u00fcfen Sie den Zylinderk\u00f6rper und die Dichtungen auf Verschlei\u00df, achten Sie auf \u00d6llecks und stellen Sie sicher, dass der Zylinder korrekt ausgerichtet und eingebaut ist.<\/li>\n<li>Richtige Schmierung: Eine regelm\u00e4\u00dfige Schmierung des Zylinders mit einer angemessenen Menge Hydraulik\u00f6l ist erforderlich.<\/li>\n<li>Dichtungswechsel: Ersetzen Sie die Dichtungen, sobald sie Anzeichen von Verschlei\u00df aufweisen, um \u00d6llecks zu vermeiden.<\/li>\n<li>Kalibrierungspr\u00fcfung: \u00dcberpr\u00fcfen Sie regelm\u00e4\u00dfig die Kalibrierung des Zylinders, um sicherzustellen, dass er ordnungsgem\u00e4\u00df funktioniert.<\/li>\n<\/ul>\n<p><img decoding=\"async\" src=\"https:\/\/www.hydraulic-cylinders.net\/wp-content\/uploads\/2025\/01\/songte-chushion-collar.webp\"><\/p>\n<h3>Sicherheitsaspekte und Umweltfaktoren:<\/h3>\n<p>Bei der Verwendung von Hubzylindern m\u00fcssen Sicherheits- und Umweltaspekte ber\u00fccksichtigt werden, um einen sicheren und umweltfreundlichen Betrieb zu gew\u00e4hrleisten. Entsprechende Schulungen und regelm\u00e4\u00dfige Ger\u00e4tepr\u00fcfungen sind erforderlich, um einen sicheren Betrieb des Zylinders sicherzustellen. Auch die Entsorgung gebrauchter Zylinderkomponenten muss verantwortungsvoll erfolgen, um die Umweltbelastung zu minimieren.<\/p>\n<h3>Fehlerbehebung und h\u00e4ufige Probleme:<\/h3>\n<p>H\u00e4ufige Probleme bei Schaufelzylindern sind \u00d6llecks, unzureichender Druck und Zylinderdrift. Zur Behebung dieser Probleme sind regelm\u00e4\u00dfige Inspektion und Wartung erforderlich. Sollte das Problem weiterhin bestehen, empfiehlt sich die Hinzuziehung eines Fachmanns.<\/p>\n<p><img decoding=\"async\" src=\"https:\/\/www.hydraulic-cylinders.net\/wp-content\/uploads\/2025\/01\/songte-bushings-with-all-kinds-of-excavator-models.webp\"><\/p>\n<h3>\u00dcber unser Unternehmen:<\/h3>\n<p>Wir sind ein f\u00fchrender Hersteller und Gro\u00dfh\u00e4ndler von Hydraulikzylindern auf nationalen und internationalen M\u00e4rkten. Unser Qualit\u00e4tsanspruch basiert auf h\u00f6chster industrieller Fertigungskompetenz, dem Einsatz qualifizierter Fachkr\u00e4fte, modernster digitaler Fertigungstechnik und professionellen Pr\u00fcfsystemen. Unsere Produktionsplattform optimiert kontinuierlich die Fertigungsqualit\u00e4t und perfektioniert die Produktionsprozesse. Dank unserer starken Innovationskraft erf\u00fcllen wir die vielf\u00e4ltigen Kundenbed\u00fcrfnisse mit h\u00f6chster Effizienz, Pr\u00e4zision und Qualit\u00e4t.<\/p>\n<p>Wir bieten ma\u00dfgeschneiderte L\u00f6sungen und unsere Produkte sind international zertifiziert und erf\u00fcllen h\u00f6chste Qualit\u00e4tsstandards. Dank unserer hochwertigen Produktionsanlagen und unseres exzellenten Kundendienstes erhalten unsere Kunden stets beste Produkte und Dienstleistungen.<\/p>\n<p><img decoding=\"async\" src=\"https:\/\/hzpt.com\/wp-content\/uploads\/2024\/11\/songte-company-1.webp\"><\/p>\n<p>Autor: lyl<\/p>","protected":false},"excerpt":{"rendered":"<p>Bucket Cylinder For Takeuchi Small Excavator TB216 Introduction: A bucket cylinder is a specially designed hydraulic cylinder primarily used to control the movement of the bucket in heavy machinery such as excavators, backhoes, and front-end loaders. Its main function is to allow the bucket to lift, lower, and tilt, making it easier to handle various [&hellip;]<\/p>","protected":false},"featured_media":14761,"comment_status":"open","ping_status":"closed","template":"","meta":{"_et_pb_use_builder":"","_et_pb_old_content":"","_et_gb_content_width":""},"product_brand":[],"product_cat":[1494],"product_tag":[1495,1496],"class_list":{"0":"post-15716","1":"product","2":"type-product","3":"status-publish","4":"has-post-thumbnail","6":"product_cat-bucket-cylinders","7":"product_tag-bucket-cylinders","8":"product_tag-hydraulic-cylinders","10":"first","11":"instock","12":"shipping-taxable","13":"product-type-simple"},"amp_enabled":true,"_links":{"self":[{"href":"https:\/\/www.hydraulic-cylinders.net\/de\/wp-json\/wp\/v2\/product\/15716","targetHints":{"allow":["GET"]}}],"collection":[{"href":"https:\/\/www.hydraulic-cylinders.net\/de\/wp-json\/wp\/v2\/product"}],"about":[{"href":"https:\/\/www.hydraulic-cylinders.net\/de\/wp-json\/wp\/v2\/types\/product"}],"replies":[{"embeddable":true,"href":"https:\/\/www.hydraulic-cylinders.net\/de\/wp-json\/wp\/v2\/comments?post=15716"}],"wp:featuredmedia":[{"embeddable":true,"href":"https:\/\/www.hydraulic-cylinders.net\/de\/wp-json\/wp\/v2\/media\/14761"}],"wp:attachment":[{"href":"https:\/\/www.hydraulic-cylinders.net\/de\/wp-json\/wp\/v2\/media?parent=15716"}],"wp:term":[{"taxonomy":"product_brand","embeddable":true,"href":"https:\/\/www.hydraulic-cylinders.net\/de\/wp-json\/wp\/v2\/product_brand?post=15716"},{"taxonomy":"product_cat","embeddable":true,"href":"https:\/\/www.hydraulic-cylinders.net\/de\/wp-json\/wp\/v2\/product_cat?post=15716"},{"taxonomy":"product_tag","embeddable":true,"href":"https:\/\/www.hydraulic-cylinders.net\/de\/wp-json\/wp\/v2\/product_tag?post=15716"}],"curies":[{"name":"wp","href":"https:\/\/api.w.org\/{rel}","templated":true}]}}