{"id":15719,"date":"2025-01-19T14:53:17","date_gmt":"2025-01-19T14:53:17","guid":{"rendered":"https:\/\/www.hydraulic-cylinders.net\/product\/bucket-cylinder-for-case-small-excavator-cx75\/"},"modified":"2025-01-19T14:53:19","modified_gmt":"2025-01-19T14:53:19","slug":"bucket-cylinder-for-case-small-excavator-cx75","status":"publish","type":"product","link":"https:\/\/www.hydraulic-cylinders.net\/de\/produkt\/bucket-cylinder-for-case-small-excavator-cx75\/","title":{"rendered":"L\u00f6ffelzylinder f\u00fcr Case Kleinbagger CX75"},"content":{"rendered":"<p><!DOCTYPE html><br \/>\n<html><br \/>\n<head><br \/>\n<title>L\u00f6ffelzylinder f\u00fcr Case Kleinbagger CX75<\/title><br \/>\n<\/head><br \/>\n<body><\/p>\n<h1>L\u00f6ffelzylinder f\u00fcr Case Kleinbagger CX75<\/h1>\n<h2>Einf\u00fchrung<\/h2>\n<p>Ein Schaufelzylinder, auch Hydraulikzylinder genannt, ist speziell f\u00fcr die Steuerung der Schaufelbewegung in Baumaschinen wie Baggern, Baggerladern und Radladern konzipiert. Seine Hauptfunktion besteht darin, das Heben, Senken und Neigen der Schaufel zu erm\u00f6glichen und so verschiedene Materialumschlagsaufgaben zu erleichtern. In einem Hydrauliksystem steuert der Schaufelzylinder die Schaufel pr\u00e4zise durch Druck\u00e4nderungen im Hydraulik\u00f6l. Dadurch k\u00f6nnen Bediener schwere Lasten effizient handhaben und sich an komplexe Arbeitsumgebungen und vielf\u00e4ltige Betriebsanforderungen anpassen.<\/p>\n<p><img decoding=\"async\" src=\"https:\/\/www.hydraulic-cylinders.net\/wp-content\/uploads\/2025\/01\/songte-company-2.webp\" alt=\"Bild des Schaufelzylinders\"><\/p>\n<h2>Merkmale<\/h2>\n<ul>\n<li>Hohe Festigkeit und Langlebigkeit: Der aus hochfestem Stahl oder Aluminium gefertigte Schaufelzylinder h\u00e4lt hohem Druck und schweren Lasten stand und eignet sich f\u00fcr anspruchsvolle Arbeitsumgebungen. Seine Konstruktion ber\u00fccksichtigt zudem Verschlei\u00df- und Korrosionsbest\u00e4ndigkeit, was seine Lebensdauer verl\u00e4ngert.<\/li>\n<li>Effizienter Hydraulikbetrieb: Durch die Nutzung des Hydraulik\u00f6ldrucks erm\u00f6glicht der Zylinder des L\u00f6ffels sanfte Aus- und Einfahrbewegungen, eine schnelle Reaktion auf Steuerbefehle und kraftvolle Schub- und Zugkr\u00e4fte. Er eignet sich f\u00fcr schwere Lasten und komplexe Arbeitsabl\u00e4ufe.<\/li>\n<li>Verschiedene Ausf\u00fchrungen: Der Schaufelzylinder ist je nach Einsatzanforderungen als einfachwirkender (Hydraulikdruck wirkt nur in eine Richtung) oder doppeltwirkender (Hydraulikdruck wirkt in beide Richtungen) Zylinder erh\u00e4ltlich. Bestimmte Modelle sind teleskopierbar und erm\u00f6glichen so eine gr\u00f6\u00dfere Ausladung ohne Vergr\u00f6\u00dferung der Au\u00dfenabmessungen. Dadurch eignen sie sich besonders f\u00fcr Anwendungen mit beengten Platzverh\u00e4ltnissen.<\/li>\n<li>Perfekter Ersatz: Unsere Produkte k\u00f6nnen diese Hydraulikzylinder perfekt ersetzen.<\/li>\n<\/ul>\n<p><img decoding=\"async\" src=\"https:\/\/www.hydraulic-cylinders.net\/wp-content\/uploads\/2025\/01\/songte-cylinder-head-with-all-kinds-excavator-models.webp\" alt=\"Bild zum Austausch des Schaufelzylinders\"><\/p>\n<h2>Anwendungen<\/h2>\n<p>Der Schaufelzylinder findet in verschiedenen Ger\u00e4ten Anwendung:<\/p>\n<ul>\n<li>Baumaschinen: Sie sind in Baggern zu finden und unverzichtbar f\u00fcr Aushubarbeiten, das Laden und den Transport von Erde oder Bauschutt. Bei Baggerladern unterst\u00fctzt der Schaufelzylinder sowohl das Graben als auch das Heben.<\/li>\n<li>Landwirtschaftliche Maschinen: Wird in Frontladern zum Schaufeln, Heben und Transportieren von Erde, Heu und anderen Materialien verwendet.<\/li>\n<li>Bagger: Der Schaufelzylinder erm\u00f6glicht Grabvorg\u00e4nge, indem er der Schaufel das Eindringen in den Boden erm\u00f6glicht.<\/li>\n<li>Lader: Bei Frontladern unterst\u00fctzen sie das effiziente Anheben und Abladen von G\u00fctern.<\/li>\n<\/ul>\n<h2>Design\u00fcberlegungen und Auswahlkriterien<\/h2>\n<ul>\n<li>Tragf\u00e4higkeit: Erl\u00e4utern Sie die Schl\u00fcsselfaktoren wie Belastbarkeit und Materialfestigkeit, die die Konstruktion von Schaufelzylindern beeinflussen.<\/li>\n<li>Abdichtung: Erl\u00e4utern Sie die Bedeutung verschiedener Dichtungskomponenten, wie z. B. Kolben- und Pleueldichtungen aus langlebigen Materialien wie Polyurethan und Nitrilkautschuk, sowie die optimierte Oberfl\u00e4chenbehandlung von Zylinderk\u00f6rpern und Gewindeenden zur Verbesserung der Verschlei\u00dffestigkeit. Betonen Sie die Notwendigkeit regelm\u00e4\u00dfiger Schmierung.<\/li>\n<\/ul>\n<p><img decoding=\"async\" src=\"https:\/\/www.hydraulic-cylinders.net\/wp-content\/uploads\/2025\/01\/songte-oil-pipes-and-spare-parts.webp\" alt=\"Abbildung von Dichtungen und Schmierung von Hydraulikzylindern\"><\/p>\n<h2>Wartungs- und Pr\u00e4ventivma\u00dfnahmen<\/h2>\n<ul>\n<li>Regelm\u00e4\u00dfige Inspektion: Betonen Sie die Wichtigkeit periodischer Inspektionen, um m\u00f6gliche Probleme fr\u00fchzeitig zu erkennen.<\/li>\n<li>Schmierung: Betonen Sie die Notwendigkeit einer angemessenen Schmierung, um einen reibungslosen Betrieb zu gew\u00e4hrleisten und vorzeitigen Verschlei\u00df zu verhindern.<\/li>\n<li>Dichtungsaustausch: Richtlinien f\u00fcr den Dichtungsaustausch bereitstellen, um eine optimale Leistung zu gew\u00e4hrleisten.<\/li>\n<li>Kalibrierungspr\u00fcfung: Erl\u00e4utern Sie die Bedeutung von Kalibrierungspr\u00fcfungen zur Sicherstellung eines genauen Betriebs.<\/li>\n<\/ul>\n<p><img decoding=\"async\" src=\"https:\/\/www.hydraulic-cylinders.net\/wp-content\/uploads\/2025\/01\/songte-chushion-collar.webp\" alt=\"Bild zur Wartung von Hydraulikzylindern\"><\/p>\n<h2>Sicherheitsaspekte und Umweltfaktoren<\/h2>\n<p>Erl\u00e4utern Sie die Bedeutung von Sicherheitsma\u00dfnahmen beim Umgang mit Eimerzylindern und deren Auswirkungen auf die Umwelt.<\/p>\n<h2>Fehlerdiagnose und h\u00e4ufige Probleme<\/h2>\n<p>Besprechen Sie h\u00e4ufige Fehler und geben Sie Tipps und L\u00f6sungen zur Fehlerbehebung, damit Leser Probleme effektiv diagnostizieren und beheben k\u00f6nnen. Schlagen Sie vorbeugende Ma\u00dfnahmen vor, um potenzielle Probleme zu minimieren.<\/p>\n<p><img decoding=\"async\" src=\"https:\/\/www.hydraulic-cylinders.net\/wp-content\/uploads\/2025\/01\/songte-bushings-with-all-kinds-of-excavator-models.webp\" alt=\"Bild zur Fehlerdiagnose von Hydraulikzylindern\"><\/p>\n<h2>Unser Unternehmen<\/h2>\n<p>Wir sind ein f\u00fchrender Hersteller und Gro\u00dfh\u00e4ndler von Hydraulikzylindern auf nationalen und internationalen M\u00e4rkten. H\u00f6chste Qualit\u00e4t hat f\u00fcr uns oberste Priorit\u00e4t. In unserer modernen Fertigungsanlage setzen wir auf industrialisierte Produktionsmanagementstrategien. Mit unserem Team aus technischen Experten, modernster digitaler Fertigungstechnik und professionellen Testsystemen optimieren wir kontinuierlich unsere Fertigungsplattform und die Produktqualit\u00e4t. Unsere ausgepr\u00e4gte Innovationskraft erm\u00f6glicht es uns, die vielf\u00e4ltigen Kundenbed\u00fcrfnisse hocheffizient, pr\u00e4zise und qualitativ hochwertig zu erf\u00fcllen.<\/p>\n<p><img decoding=\"async\" src=\"https:\/\/hzpt.com\/wp-content\/uploads\/2024\/11\/songte-company-1.webp\" alt=\"Firmenimage\"><\/p>\n<h3>Professionalit\u00e4t<\/h3>\n<p>Er\u00f6rtern Sie die Expertise des Unternehmens in der Herstellung von Hydraulikzylindern.<\/p>\n<h3>Internationale Zertifizierungen<\/h3>\n<p>Heben Sie die internationalen Zertifizierungen des Unternehmens hervor, die die Produktqualit\u00e4t und die Einhaltung der Standards best\u00e4tigen.<\/p>\n<h3>Anpassungsdienste<\/h3>\n<p>Betonen Sie die F\u00e4higkeit des Unternehmens, ma\u00dfgeschneiderte L\u00f6sungen anzubieten.<\/p>\n<h3>Produktionsausr\u00fcstung<\/h3>\n<p>Beschreiben Sie die vom Unternehmen eingesetzten fortschrittlichen Produktionsanlagen.<\/p>\n<h3>Kundendienst<\/h3>\n<p>Erl\u00e4utern Sie das Engagement des Unternehmens f\u00fcr einen exzellenten Kundendienst.<\/p>\n<p><img decoding=\"async\" src=\"https:\/\/www.hydraulic-cylinders.net\/wp-content\/uploads\/2025\/01\/songte-company-3.webp\" alt=\"Firmendetails Bild\"><\/p>\n<p>Autor: lyl<\/p>\n<p><\/body><br \/>\n<\/html><\/p>","protected":false},"excerpt":{"rendered":"<p>Bucket Cylinder For Case Small Excavator CX75 Bucket Cylinder For Case Small Excavator CX75 Introduction A bucket cylinder, also known as a hydraulic cylinder, is specifically designed to control the movement of the bucket in heavy machinery such as excavators, backhoe loaders, and front loaders. Its main function is to enable the lifting, lowering, and [&hellip;]<\/p>","protected":false},"featured_media":14787,"comment_status":"open","ping_status":"closed","template":"","meta":{"_et_pb_use_builder":"","_et_pb_old_content":"","_et_gb_content_width":""},"product_brand":[],"product_cat":[1494],"product_tag":[1495,1496],"class_list":{"0":"post-15719","1":"product","2":"type-product","3":"status-publish","4":"has-post-thumbnail","6":"product_cat-bucket-cylinders","7":"product_tag-bucket-cylinders","8":"product_tag-hydraulic-cylinders","10":"first","11":"instock","12":"shipping-taxable","13":"product-type-simple"},"amp_enabled":true,"_links":{"self":[{"href":"https:\/\/www.hydraulic-cylinders.net\/de\/wp-json\/wp\/v2\/product\/15719","targetHints":{"allow":["GET"]}}],"collection":[{"href":"https:\/\/www.hydraulic-cylinders.net\/de\/wp-json\/wp\/v2\/product"}],"about":[{"href":"https:\/\/www.hydraulic-cylinders.net\/de\/wp-json\/wp\/v2\/types\/product"}],"replies":[{"embeddable":true,"href":"https:\/\/www.hydraulic-cylinders.net\/de\/wp-json\/wp\/v2\/comments?post=15719"}],"wp:featuredmedia":[{"embeddable":true,"href":"https:\/\/www.hydraulic-cylinders.net\/de\/wp-json\/wp\/v2\/media\/14787"}],"wp:attachment":[{"href":"https:\/\/www.hydraulic-cylinders.net\/de\/wp-json\/wp\/v2\/media?parent=15719"}],"wp:term":[{"taxonomy":"product_brand","embeddable":true,"href":"https:\/\/www.hydraulic-cylinders.net\/de\/wp-json\/wp\/v2\/product_brand?post=15719"},{"taxonomy":"product_cat","embeddable":true,"href":"https:\/\/www.hydraulic-cylinders.net\/de\/wp-json\/wp\/v2\/product_cat?post=15719"},{"taxonomy":"product_tag","embeddable":true,"href":"https:\/\/www.hydraulic-cylinders.net\/de\/wp-json\/wp\/v2\/product_tag?post=15719"}],"curies":[{"name":"wp","href":"https:\/\/api.w.org\/{rel}","templated":true}]}}