{"id":15726,"date":"2025-01-19T14:53:54","date_gmt":"2025-01-19T14:53:54","guid":{"rendered":"https:\/\/www.hydraulic-cylinders.net\/product\/bucket-cylinder-for-case-large-excavator-cx300b\/"},"modified":"2025-01-19T14:53:56","modified_gmt":"2025-01-19T14:53:56","slug":"bucket-cylinder-for-case-large-excavator-cx300b","status":"publish","type":"product","link":"https:\/\/www.hydraulic-cylinders.net\/de\/produkt\/bucket-cylinder-for-case-large-excavator-cx300b\/","title":{"rendered":"L\u00f6ffelzylinder f\u00fcr Case Gro\u00dfbagger CX300B"},"content":{"rendered":"<h1>L\u00f6ffelzylinder f\u00fcr Case Gro\u00dfbagger CX300B<\/h1>\n<h2>Einf\u00fchrung<\/h2>\n<p>Ein Schaufelzylinder ist ein speziell entwickelter Hydraulikzylinder, der haupts\u00e4chlich zur Steuerung der Schaufelbewegung in Baumaschinen wie Baggern, Baggerladern und Radladern eingesetzt wird. Seine Hauptfunktion besteht darin, das Heben, Senken und Neigen der Schaufel zu erm\u00f6glichen und so verschiedene Materialumschlagsaufgaben zu erleichtern. Im Hydrauliksystem gew\u00e4hrleistet der Schaufelzylinder durch die Anpassung des Hydraulik\u00f6ldrucks eine pr\u00e4zise Steuerung der Schaufel. Dies erm\u00f6glicht es dem Bediener, schwere Lasten effizient zu handhaben und sich an komplexe Arbeitsumgebungen und vielf\u00e4ltige Betriebsanforderungen anzupassen.<\/p>\n<p><img decoding=\"async\" src=\"https:\/\/www.hydraulic-cylinders.net\/wp-content\/uploads\/2025\/01\/songte-company-2.webp\"><\/p>\n<h2>Merkmale<\/h2>\n<ul>\n<li><strong>Hohe Festigkeit und Haltbarkeit:<\/strong> Typischerweise aus hochfestem Stahl oder Aluminium gefertigt, h\u00e4lt es hohem Druck und schweren Belastungen stand, ist f\u00fcr raue Arbeitsumgebungen geeignet und wurde mit Blick auf Verschlei\u00df- und Korrosionsbest\u00e4ndigkeit entwickelt, was seine Lebensdauer verl\u00e4ngert.<\/li>\n<li><strong>Effiziente Hydraulikabl\u00e4ufe:<\/strong> Nutzt den Druck von Hydraulik\u00f6l, um gleichm\u00e4\u00dfige Ausfahr- und Einfahrvorg\u00e4nge zu erreichen, reagiert schnell auf Steuerbefehle und bietet starke Schub- und Zugkr\u00e4fte. Geeignet f\u00fcr die Handhabung schwerer Lasten und komplexer Arbeitsaufgaben.<\/li>\n<li><strong>Verschiedene Typen:<\/strong> Je nach Bedarf k\u00f6nnen einfachwirkende (hydraulisch nur in eine Richtung wirkende) oder doppeltwirkende (hydraulisch in beide Richtungen wirkende) Zylinder ausgew\u00e4hlt werden. Einige Modelle sind teleskopierbar und erm\u00f6glichen so eine gr\u00f6\u00dfere Auszugsl\u00e4nge ohne Vergr\u00f6\u00dferung der Au\u00dfenabmessungen \u2013 ideal f\u00fcr Anwendungen mit begrenztem Platzangebot.<\/li>\n<li><strong>Einfacher Austausch:<\/strong> Unsere Produkte lassen sich perfekt durch diese Hydraulikzylinder ersetzen. Wir bieten eine gro\u00dfe Auswahl an Zylinderkopfmodellen, passend f\u00fcr alle Baggermodelle.<\/li>\n<\/ul>\n<p><img decoding=\"async\" src=\"https:\/\/www.hydraulic-cylinders.net\/wp-content\/uploads\/2025\/01\/songte-cylinder-head-with-all-kinds-excavator-models.webp\"><\/p>\n<h2>Anwendungen<\/h2>\n<p>Der Eimerzylinder findet in verschiedenen Branchen breite Anwendung, unter anderem in folgenden Bereichen:<\/p>\n<ul>\n<li><strong>Baumaschinen:<\/strong> Sie werden in Baggern eingesetzt und sind unerl\u00e4sslich zum Graben, Laden und Bewegen von Erde oder Bauschutt. In Baggerladern unterst\u00fctzen die Schaufelzylinder sowohl das Graben als auch das Heben. <\/li>\n<li><strong>Landmaschinen:<\/strong> Wird in Frontladern zum Schaufeln, Anheben und Transportieren von Erde, Heu und anderen Materialien verwendet. <\/li>\n<li><strong>Bagger:<\/strong> Die Zylinder des Schaufelrads erm\u00f6glichen Grabvorg\u00e4nge, indem sie das Eindringen des Schaufelrads in den Boden erlauben. <\/li>\n<li><strong>Lader:<\/strong> Bei Frontladern helfen sie beim effektiven Anheben und Abladen von Ladung.<\/li>\n<\/ul>\n<h2>Produktgestaltungs\u00fcberlegungen und Auswahlkriterien<\/h2>\n<p>Bei der Auswahl von Schaufelzylindern ist es unerl\u00e4sslich, Konstruktionsfaktoren wie Tragf\u00e4higkeit, Dichtheit, Langlebigkeit, Sicherheit und Wartungsfreundlichkeit zu ber\u00fccksichtigen. Zu den Konstruktionsaspekten geh\u00f6ren unter anderem:<\/p>\n<ul>\n<li><strong>Tragf\u00e4higkeit:<\/strong> Der Zylinder des L\u00f6ffels muss in der Lage sein, die maximale Last des Ger\u00e4ts und das Gewicht des zu hebenden Materials zu bew\u00e4ltigen.<\/li>\n<li><strong>Versiegelung:<\/strong> Um die Dichtungsleistung zu gew\u00e4hrleisten, die f\u00fcr Hydrauliksysteme unerl\u00e4sslich ist, werden unterschiedliche Dichtungen verwendet, z. B. Kolbendichtungen und Stangendichtungen aus verschlei\u00dffesten Materialien wie Polyurethan und Nitrilkautschuk.<\/li>\n<li><strong>Haltbarkeit:<\/strong> Der Zylinderk\u00f6rper und die Gewindeendfl\u00e4che sollten fein bearbeitet werden, um die Verschlei\u00dffestigkeit zu verbessern. <\/li>\n<li><strong>Sicherheit:<\/strong> Um zu verhindern, dass die Schaufel im Falle eines Hydraulikausfalls pl\u00f6tzlich herunterf\u00e4llt, sollte ein Sicherheitsventil eingebaut werden. <\/li>\n<li><strong>Wartbarkeit:<\/strong> Der Zylinder sollte leicht zu zerlegen und zu reparieren sein, und die Wartungskosten sollten niedrig gehalten werden.<\/li>\n<\/ul>\n<p><img decoding=\"async\" src=\"https:\/\/www.hydraulic-cylinders.net\/wp-content\/uploads\/2025\/01\/songte-oil-pipes-and-spare-parts.webp\"><\/p>\n<h2>Abdichtung und Schmierung<\/h2>\n<p>Der Schaufelzylinder ben\u00f6tigt verschiedene Dichtungen, wie Kolben- und Stangendichtungen aus verschlei\u00dffesten Materialien wie Polyurethan und Nitrilkautschuk, um eine optimale Dichtleistung zu gew\u00e4hrleisten. Der Zylinderk\u00f6rper sollte sorgf\u00e4ltig bearbeitet werden, um die Verschlei\u00dffestigkeit zu verbessern. Regelm\u00e4\u00dfiges Nachf\u00fcllen von Hydraulik\u00f6l in der erforderlichen Menge ist notwendig, um eine optimale Funktion zu gew\u00e4hrleisten.<\/p>\n<h2>Wartung und Reparatur<\/h2>\n<p>Regelm\u00e4\u00dfige Inspektionen und vorbeugende Wartungsma\u00dfnahmen sind unerl\u00e4sslich, um die Lebensdauer des Schaufelzylinders zu verl\u00e4ngern. Zu den Wartungsaufgaben geh\u00f6ren:<\/p>\n<ul>\n<li>Regelm\u00e4\u00dfige Inspektionen <\/li>\n<li>Richtige Schmierung <\/li>\n<li>Austausch von Dichtungen und Dichtungsringen <\/li>\n<li>Kalibrierungsinspektionen <\/li>\n<\/ul>\n<p>Korrekte Installation, Schmierung und Justierung sind unerl\u00e4sslich. Wir empfehlen, bei der Installation auf die korrekte Ausrichtung zu achten und geeignete Montagehalterungen zur Befestigung des Zylinders zu verwenden. Um die Lebensdauer des Produkts zu verl\u00e4ngern, empfehlen wir ein regelm\u00e4\u00dfiges Pr\u00fcf-, Reparatur- und Austauschprogramm.<\/p>\n<p><img decoding=\"async\" src=\"https:\/\/www.hydraulic-cylinders.net\/wp-content\/uploads\/2025\/01\/songte-chushion-collar.webp\"><\/p>\n<h2>Sicherheitsaspekte und Umweltfaktoren<\/h2>\n<p>Beim Umgang mit Hydraulikzylindern ist es unerl\u00e4sslich, Sicherheitsma\u00dfnahmen wie das Tragen von Schutzausr\u00fcstung (Handschuhe und Schutzbrille) zu beachten. Ebenso wichtig ist die Einhaltung der Umweltstandards f\u00fcr die Entsorgung von Hydraulik\u00f6l und anderen Abfallprodukten, die bei Wartungs- und Reparaturarbeiten anfallen.<\/p>\n<h2>Fehlerbehebung und h\u00e4ufige Probleme<\/h2>\n<p>H\u00e4ufige Probleme mit Baggerzylindern sind besch\u00e4digte Dichtungen, Leckagen und verminderte Leistung. Die Fehlersuche kann durch Sichtpr\u00fcfungen und Hydraulikdrucktests erfolgen. Wir empfehlen, sich bei Problemen an einen Fachmann zu wenden.<\/p>\n<p><img decoding=\"async\" src=\"https:\/\/www.hydraulic-cylinders.net\/wp-content\/uploads\/2025\/01\/songte-bushings-with-all-kinds-of-excavator-models.webp\"><\/p>\n<h2>\u00dcber unser Unternehmen<\/h2>\n<p>Wir sind ein Hersteller von Hydraulikzylindern mit einem umfassenden Produktsortiment und haben uns zu einem der f\u00fchrenden Hersteller und Gro\u00dfh\u00e4ndler von Hydraulikzylindern auf dem nationalen und internationalen Markt entwickelt. Wir setzen auf h\u00f6chste Qualit\u00e4t und nutzen modernste Fertigungsmethoden in unseren Produktionsst\u00e4tten. Kontinuierlich optimieren wir unsere Fertigungsprozesse und verbessern die Produktqualit\u00e4t. Mit Kreativit\u00e4t, Effizienz, Pr\u00e4zision und h\u00f6chster Qualit\u00e4t erf\u00fcllen wir die vielf\u00e4ltigen Bed\u00fcrfnisse unserer Kunden.<\/p>\n<p>Unser Unternehmen verf\u00fcgt \u00fcber ein Team hochqualifizierter Techniker, modernste digitale Fertigungsanlagen und professionelle Testsysteme, um die Qualit\u00e4t unserer Produkte kontinuierlich zu verbessern und ma\u00dfgeschneiderte L\u00f6sungen anzubieten. Wir bieten professionellen Kundendienst, um Kundenzufriedenheit und langfristige Partnerschaften zu gew\u00e4hrleisten.<\/p>\n<p><img decoding=\"async\" src=\"https:\/\/hzpt.com\/wp-content\/uploads\/2024\/11\/songte-company-1.webp\"> <\/p>\n<p>Autor: lyl<\/p>","protected":false},"excerpt":{"rendered":"<p>Bucket Cylinder For Case Large Excavator CX300B Introduction A bucket cylinder is a specially designed hydraulic cylinder primarily used to control the movement of buckets in heavy machinery such as excavators, backhoe loaders, and front-end loaders. Its main function is to allow the bucket to lift, lower, and tilt, making it easier to handle various [&hellip;]<\/p>","protected":false},"featured_media":14773,"comment_status":"open","ping_status":"closed","template":"","meta":{"_et_pb_use_builder":"","_et_pb_old_content":"","_et_gb_content_width":""},"product_brand":[],"product_cat":[1494],"product_tag":[1495,1496],"class_list":{"0":"post-15726","1":"product","2":"type-product","3":"status-publish","4":"has-post-thumbnail","6":"product_cat-bucket-cylinders","7":"product_tag-bucket-cylinders","8":"product_tag-hydraulic-cylinders","10":"first","11":"instock","12":"shipping-taxable","13":"product-type-simple"},"amp_enabled":true,"_links":{"self":[{"href":"https:\/\/www.hydraulic-cylinders.net\/de\/wp-json\/wp\/v2\/product\/15726","targetHints":{"allow":["GET"]}}],"collection":[{"href":"https:\/\/www.hydraulic-cylinders.net\/de\/wp-json\/wp\/v2\/product"}],"about":[{"href":"https:\/\/www.hydraulic-cylinders.net\/de\/wp-json\/wp\/v2\/types\/product"}],"replies":[{"embeddable":true,"href":"https:\/\/www.hydraulic-cylinders.net\/de\/wp-json\/wp\/v2\/comments?post=15726"}],"wp:featuredmedia":[{"embeddable":true,"href":"https:\/\/www.hydraulic-cylinders.net\/de\/wp-json\/wp\/v2\/media\/14773"}],"wp:attachment":[{"href":"https:\/\/www.hydraulic-cylinders.net\/de\/wp-json\/wp\/v2\/media?parent=15726"}],"wp:term":[{"taxonomy":"product_brand","embeddable":true,"href":"https:\/\/www.hydraulic-cylinders.net\/de\/wp-json\/wp\/v2\/product_brand?post=15726"},{"taxonomy":"product_cat","embeddable":true,"href":"https:\/\/www.hydraulic-cylinders.net\/de\/wp-json\/wp\/v2\/product_cat?post=15726"},{"taxonomy":"product_tag","embeddable":true,"href":"https:\/\/www.hydraulic-cylinders.net\/de\/wp-json\/wp\/v2\/product_tag?post=15726"}],"curies":[{"name":"wp","href":"https:\/\/api.w.org\/{rel}","templated":true}]}}