{"id":15727,"date":"2025-01-19T14:53:58","date_gmt":"2025-01-19T14:53:58","guid":{"rendered":"https:\/\/www.hydraulic-cylinders.net\/product\/bucket-cylinder-for-case-large-excavator-cx360b\/"},"modified":"2025-01-19T14:54:00","modified_gmt":"2025-01-19T14:54:00","slug":"bucket-cylinder-for-case-large-excavator-cx360b","status":"publish","type":"product","link":"https:\/\/www.hydraulic-cylinders.net\/de\/produkt\/bucket-cylinder-for-case-large-excavator-cx360b\/","title":{"rendered":"L\u00f6ffelzylinder f\u00fcr Case Gro\u00dfbagger CX360B"},"content":{"rendered":"<h1>L\u00f6ffelzylinder f\u00fcr Case Gro\u00dfbagger CX360B<\/h1>\n<h2>Einf\u00fchrung<\/h2>\n<h3>Definition<\/h3>\n<p>Ein Schaufelzylinder ist ein spezieller Hydraulikzylinder, der haupts\u00e4chlich zur Steuerung der Schaufelbewegung in Baumaschinen wie Baggern, Baggerladern und Radladern eingesetzt wird. Seine Hauptfunktion besteht darin, das Heben, Senken und Neigen der Schaufel zu erm\u00f6glichen und so verschiedene Materialumschlagsaufgaben zu erleichtern. Im Hydrauliksystem steuert der Schaufelzylinder die Schaufelbewegung pr\u00e4zise durch \u00c4nderungen des Hydraulik\u00f6ldrucks. Dies erm\u00f6glicht es dem Bediener, schwere Lasten effizient zu handhaben und sich an komplexe Arbeitsumgebungen und vielf\u00e4ltige Arbeitsanforderungen anzupassen.<\/p>\n<p><img decoding=\"async\" src=\"https:\/\/www.hydraulic-cylinders.net\/wp-content\/uploads\/2025\/01\/songte-company-2.webp\" alt=\"Bild des Schaufelzylinders\"><\/p>\n<h3>Merkmale<\/h3>\n<ul>\n<li>Hohe Festigkeit und Langlebigkeit: Typischerweise aus hochfestem Stahl oder Aluminium gefertigt, halten sie hohem Druck und hohen Belastungen stand und sind auf Verschlei\u00df- und Korrosionsbest\u00e4ndigkeit ausgelegt, was die Lebensdauer verl\u00e4ngert.<\/li>\n<li>Effizienter Hydraulikbetrieb: Durch die Nutzung des Hydraulik\u00f6ldrucks wird eine gleichm\u00e4\u00dfige Aus- und Einfahrbewegung erreicht, die schnell auf Steuerbefehle reagiert, starke Schub- und Zugkr\u00e4fte bereitstellt und sich f\u00fcr die Handhabung schwerer Lasten und komplexer Arbeitsaufgaben eignet.<\/li>\n<li>Verschiedene Zylindertypen stehen zur Auswahl: Einfachwirkende (die Hydraulikfl\u00fcssigkeit nur in eine Richtung nutzen) und doppeltwirkende (die Hydraulikfl\u00fcssigkeit in beide Richtungen nutzen) Zylinder k\u00f6nnen je nach Bedarf und unterschiedlichen Betriebsanforderungen gew\u00e4hlt werden. Einige Modelle sind teleskopierbar und erm\u00f6glichen so eine gr\u00f6\u00dfere Auszugsl\u00e4nge ohne Vergr\u00f6\u00dferung der Au\u00dfenabmessungen \u2013 ideal f\u00fcr Anwendungen mit begrenztem Platzangebot.<\/li>\n<li>Unsere Produkte k\u00f6nnen diese Hydraulikzylinder perfekt ersetzen.<\/li>\n<li>Entwickelt und gefertigt, um die Spezifikationen des Originalherstellers zu erf\u00fcllen oder zu \u00fcbertreffen.<\/li>\n<\/ul>\n<p><img decoding=\"async\" src=\"https:\/\/www.hydraulic-cylinders.net\/wp-content\/uploads\/2025\/01\/songte-cylinder-head-with-all-kinds-excavator-models.webp\" alt=\"Austausch des Schaufelzylinders\"><\/p>\n<h3>Anwendungen<\/h3>\n<h4>Baumaschinen:<\/h4>\n<p>Sie werden in Baggern eingesetzt und sind unerl\u00e4sslich zum Graben, Laden und Bewegen von Erde oder Bauschutt. In Baggerladern unterst\u00fctzen die Schaufelzylinder sowohl das Graben als auch das Heben.<\/p>\n<h4>Landmaschinen:<\/h4>\n<p>Wird f\u00fcr Frontlader zum Schaufeln, Anheben und Transportieren von Erde, Heu und anderen Materialien verwendet. <\/p>\n<h4>Bagger:<\/h4>\n<p>Der Zylinder des L\u00f6ffels erm\u00f6glicht es dem L\u00f6ffel, in den Boden einzudringen und Aushubarbeiten durchzuf\u00fchren.<\/p>\n<h4>Lader:<\/h4>\n<p>Bei Frontladern helfen sie beim effizienten Anheben und Kippen von G\u00fctern.<\/p>\n<h3>Design\u00fcberlegungen und Auswahlkriterien<\/h3>\n<h4>Tragf\u00e4higkeit<\/h4>\n<p>Die Tragf\u00e4higkeit des Schaufelzylinders ist von entscheidender Bedeutung und muss bei der Zylinderauswahl ber\u00fccksichtigt werden. Der Zylinder muss der Last standhalten k\u00f6nnen, f\u00fcr die er ausgelegt ist.<\/p>\n<h4>Versiegelung<\/h4>\n<p>Die Zylinderabdichtung ist entscheidend, um sicherzustellen, dass die Hydraulikfl\u00fcssigkeit im Zylinder bleibt und nicht austritt. Es wird empfohlen, Polyurethan und Nitrilkautschuk als verschlei\u00dffeste Materialien f\u00fcr Kolben- und Stangendichtungen zu verwenden.<\/p>\n<h4>Haltbarkeit<\/h4>\n<p>Die Langlebigkeit des Zylinders ist ein wesentlicher Faktor bei seiner Konstruktion. Der Zylinder muss den rauen Betriebsbedingungen standhalten und verschlei\u00df- sowie korrosionsbest\u00e4ndig sein.<\/p>\n<h4>Sicherheit<\/h4>\n<p>Bei der Konstruktion eines Eimerzylinders ist die sorgf\u00e4ltige Ber\u00fccksichtigung der Sicherheit von gro\u00dfer Bedeutung. Der Zylinder sollte mit Sicherheitsmerkmalen wie Druckbegrenzungsventilen ausgestattet sein, die \u00dcberlastung und Druckst\u00f6\u00dfe verhindern.<\/p>\n<h4>Wartbarkeit<\/h4>\n<p>Der Zylinder sollte wartungsfreundlich konstruiert sein. Die Zylinderkomponenten sollten leicht zug\u00e4nglich und austauschbar sein, und die Konstruktion des Zylinders sollte Inspektion und Wartung erleichtern.<\/p>\n<p><img decoding=\"async\" src=\"https:\/\/www.hydraulic-cylinders.net\/wp-content\/uploads\/2025\/01\/songte-oil-pipes-and-spare-parts.webp\" alt=\"Ersatzteile f\u00fcr Schaufelzylinder\"><\/p>\n<h3>Abdichtung und Schmierung<\/h3>\n<p>Der Schaufelzylinder verwendet verschiedene Dichtungselemente, wie Kolben- und Stangendichtungen, um den Verlust von Hydraulikfl\u00fcssigkeit zu verhindern. Zylinderk\u00f6rper und Gewindeendfl\u00e4che werden pr\u00e4zise bearbeitet, um die Verschlei\u00dffestigkeit zu verbessern. Zur Schmierung ist das regelm\u00e4\u00dfige Nachf\u00fcllen von Hydraulik\u00f6l erforderlich.<\/p>\n<h3>Wartung und Reparatur<\/h3>\n<p>Regelm\u00e4\u00dfige Inspektion, ordnungsgem\u00e4\u00dfe Schmierung, Dichtungsaustausch und Kalibrierungspr\u00fcfungen sind g\u00e4ngige Wartungsarbeiten, um optimale Leistung und Langlebigkeit zu gew\u00e4hrleisten. Korrekte Installation, Schmierung und Justierung sind entscheidend; w\u00e4hrend der Installation sollten Ausrichtungshinweise gegeben werden. Die Verwendung geeigneter Montagehalterungen zur Befestigung des Zylinders wird empfohlen. Empfohlene Inspektions-, Reparatur- und Austauschverfahren sowie Ersatzteile und \u00dcberholungsdienstleistungen werden bereitgestellt, um die Haltbarkeit und Lebensdauer zu verbessern.<\/p>\n<p><img decoding=\"async\" src=\"https:\/\/www.hydraulic-cylinders.net\/wp-content\/uploads\/2025\/01\/songte-chushion-collar.webp\" alt=\"Eimerzylinder-D\u00e4mpfungskragen\"><\/p>\n<h3>Sicherheits- und Umweltaspekte<\/h3>\n<p>Der Eimerzylinder muss unter Ber\u00fccksichtigung der Sicherheit konstruiert und eingesetzt werden. Geeignete Sicherheitsma\u00dfnahmen wie Druckbegrenzungsventile und \u00dcberlastschutz m\u00fcssen implementiert werden, um einen sicheren Betrieb zu gew\u00e4hrleisten. Der Zylinder muss gem\u00e4\u00df den Umweltvorschriften verwendet werden, um seine Umweltbelastung zu minimieren.<\/p>\n<h3>Fehlerdiagnose und h\u00e4ufige Probleme<\/h3>\n<p>H\u00e4ufige Probleme mit Schaufelzylindern sind Leckagen, unzureichender oder \u00fcberm\u00e4\u00dfiger Aus- bzw. Einfahrvorgang sowie lauter Betrieb. Zur Diagnose und Behebung auftretender Probleme sollten geeignete Fehlersuch- und Probleml\u00f6sungsmethoden angewendet werden.<\/p>\n<p><img decoding=\"async\" src=\"https:\/\/www.hydraulic-cylinders.net\/wp-content\/uploads\/2025\/01\/songte-bushings-with-all-kinds-of-excavator-models.webp\" alt=\"Buchsen f\u00fcr Schaufelzylinder\"><\/p>\n<h3>\u00dcber uns<\/h3>\n<p>Wir sind ein Hersteller von Hydraulikzylindern mit einem umfassenden Produktsortiment und haben uns zu einem der f\u00fchrenden Hersteller und Gro\u00dfh\u00e4ndler von Hydraulikzylindern auf dem nationalen und internationalen Markt entwickelt. Wir setzen auf h\u00f6chste Qualit\u00e4t und nutzen industrialisierte Produktionsmanagementstrategien in modernsten Fertigungswerkst\u00e4tten. Durch die kontinuierliche Verbesserung unserer Fertigungsplattform und die Perfektionierung unserer Produktionslinie f\u00fcr Produktqualit\u00e4t sowie unsere ausgepr\u00e4gte Innovationskraft erf\u00fcllen wir die vielf\u00e4ltigen Bed\u00fcrfnisse unserer Kunden mit h\u00f6chster Effizienz, Pr\u00e4zision und Qualit\u00e4t.<\/p>\n<h4>Spezialgebiete<\/h4>\n<ul>\n<li>Internationale Zertifizierung<\/li>\n<li>Ma\u00dfgeschneiderte Dienstleistungen<\/li>\n<li>Moderne Produktionsanlagen<\/li>\n<li>Professioneller Kundendienst<\/li>\n<\/ul>\n<p><img decoding=\"async\" src=\"https:\/\/www.hydraulic-cylinders.net\/wp-content\/uploads\/2025\/01\/songte-company-3.webp\" alt=\"Firmenimage\"><\/p>\n<p>Autor: lyl<\/p>","protected":false},"excerpt":{"rendered":"<p>Bucket Cylinder For Case Large Excavator CX360B Introduction Definition A bucket cylinder is a specialized hydraulic cylinder used primarily for controlling the movement of the bucket in heavy machinery such as excavators, backhoes, and front loaders. Its main function is to allow the bucket to be lifted, lowered, and tilted, thus facilitating various material handling [&hellip;]<\/p>","protected":false},"featured_media":14771,"comment_status":"open","ping_status":"closed","template":"","meta":{"_et_pb_use_builder":"","_et_pb_old_content":"","_et_gb_content_width":""},"product_brand":[],"product_cat":[1494],"product_tag":[1495,1496],"class_list":{"0":"post-15727","1":"product","2":"type-product","3":"status-publish","4":"has-post-thumbnail","6":"product_cat-bucket-cylinders","7":"product_tag-bucket-cylinders","8":"product_tag-hydraulic-cylinders","10":"first","11":"instock","12":"shipping-taxable","13":"product-type-simple"},"amp_enabled":true,"_links":{"self":[{"href":"https:\/\/www.hydraulic-cylinders.net\/de\/wp-json\/wp\/v2\/product\/15727","targetHints":{"allow":["GET"]}}],"collection":[{"href":"https:\/\/www.hydraulic-cylinders.net\/de\/wp-json\/wp\/v2\/product"}],"about":[{"href":"https:\/\/www.hydraulic-cylinders.net\/de\/wp-json\/wp\/v2\/types\/product"}],"replies":[{"embeddable":true,"href":"https:\/\/www.hydraulic-cylinders.net\/de\/wp-json\/wp\/v2\/comments?post=15727"}],"wp:featuredmedia":[{"embeddable":true,"href":"https:\/\/www.hydraulic-cylinders.net\/de\/wp-json\/wp\/v2\/media\/14771"}],"wp:attachment":[{"href":"https:\/\/www.hydraulic-cylinders.net\/de\/wp-json\/wp\/v2\/media?parent=15727"}],"wp:term":[{"taxonomy":"product_brand","embeddable":true,"href":"https:\/\/www.hydraulic-cylinders.net\/de\/wp-json\/wp\/v2\/product_brand?post=15727"},{"taxonomy":"product_cat","embeddable":true,"href":"https:\/\/www.hydraulic-cylinders.net\/de\/wp-json\/wp\/v2\/product_cat?post=15727"},{"taxonomy":"product_tag","embeddable":true,"href":"https:\/\/www.hydraulic-cylinders.net\/de\/wp-json\/wp\/v2\/product_tag?post=15727"}],"curies":[{"name":"wp","href":"https:\/\/api.w.org\/{rel}","templated":true}]}}