{"id":15735,"date":"2025-01-19T14:54:37","date_gmt":"2025-01-19T14:54:37","guid":{"rendered":"https:\/\/www.hydraulic-cylinders.net\/product\/bucket-cylinder-for-zhenyu-small-excavator-zy260\/"},"modified":"2025-01-19T14:54:39","modified_gmt":"2025-01-19T14:54:39","slug":"bucket-cylinder-for-zhenyu-small-excavator-zy260","status":"publish","type":"product","link":"https:\/\/www.hydraulic-cylinders.net\/de\/produkt\/bucket-cylinder-for-zhenyu-small-excavator-zy260\/","title":{"rendered":"L\u00f6ffelzylinder f\u00fcr Zhenyu Kleinbagger ZY260"},"content":{"rendered":"<h1>L\u00f6ffelzylinder f\u00fcr Zhenyu Kleinbagger ZY260<\/h1>\n<h2>Einf\u00fchrung<\/h2>\n<p>Der Schaufelzylinder f\u00fcr den Zhenyu-Kleinbagger ZY260 ist ein Hydraulikzylinder, der speziell f\u00fcr die Steuerung der Schaufelbewegung in Baumaschinen wie Baggern, Baggerladern und Radladern entwickelt wurde. Seine Hauptfunktion besteht im Heben, Senken und Neigen der Schaufel, wodurch der Umgang mit unterschiedlichsten Materialien bei verschiedenen Aufgaben erleichtert wird. Im Hydrauliksystem nutzt der Schaufelzylinder die Druckver\u00e4nderung des Hydraulik\u00f6ls, um eine pr\u00e4zise Steuerung der Schaufel zu erm\u00f6glichen. Dies erlaubt dem Bediener, schwere Lasten effizient zu handhaben und sich an komplexe Arbeitsumgebungen und vielf\u00e4ltige Aufgaben anzupassen.<\/p>\n<p><img decoding=\"async\" src=\"https:\/\/www.hydraulic-cylinders.net\/wp-content\/uploads\/2025\/01\/songte-company-2.webp\" alt=\"L\u00f6ffelzylinder f\u00fcr Zhenyu Kleinbagger ZY260\" \/><\/p>\n<h2>Merkmale<\/h2>\n<ul>\n<li>\n<h3>Hohe Festigkeit und Haltbarkeit<\/h3>\n<p>Der Schaufelzylinder besteht \u00fcblicherweise aus hochfestem Stahl oder Aluminium, der hohem Druck und schweren Lasten standh\u00e4lt, sich an raue Arbeitsbedingungen anpasst und bei dessen Konstruktion Verschlei\u00df- und Korrosionsbest\u00e4ndigkeit ber\u00fccksichtigt werden, wodurch seine Lebensdauer verl\u00e4ngert wird.<\/p>\n<\/li>\n<li>\n<h3>Effizienter Hydraulikbetrieb<\/h3>\n<p>Der Schaufelzylinder nutzt den Druck des Hydraulik\u00f6ls, um eine gleichm\u00e4\u00dfige Ausdehnungs- und Zusammenziehungsbewegung zu erreichen, kann schnell auf Steuerbefehle reagieren, bietet eine starke Schub- und Zugkraft und eignet sich f\u00fcr das Handling schwerer Objekte und komplexe Arbeitsaufgaben.<\/p>\n<\/li>\n<li>\n<h3>Verschiedene Typen<\/h3>\n<p>Der Schaufelzylinder kann je nach Bedarf als einfachwirkender (hydraulisch nur in eine Richtung wirkender) oder doppeltwirkender (hydraulisch in beide Richtungen wirkender) Zylinder ausgew\u00e4hlt werden. Einige Modelle sind teleskopierbar und erm\u00f6glichen so eine gr\u00f6\u00dfere Ausladung ohne Vergr\u00f6\u00dferung der Au\u00dfenabmessungen. Sie eignen sich daher besonders f\u00fcr Anwendungen mit beengten Platzverh\u00e4ltnissen.<\/p>\n<\/li>\n<li>\n<h3>Hergestellt von unserem Unternehmen<\/h3>\n<p>Unser Produkt kann diese Hydraulikzylinder perfekt ersetzen.<\/p>\n<\/li>\n<li>\n<h3>Anwendungen<\/h3>\n<p>Der Schaufelzylinder findet breite Anwendung in verschiedenen schweren Maschinen, unter anderem in folgenden Bereichen:<\/p>\n<ul>\n<li>Baumaschinen: Bagger, Baggerlader, Radlader<\/li>\n<li>Landmaschinen: Frontlader, Bagger<\/li>\n<\/ul>\n<\/li>\n<\/ul>\n<h2>Design\u00fcberlegungen und Auswahlkriterien<\/h2>\n<ul>\n<li>\n<h3>Tragf\u00e4higkeit<\/h3>\n<p>Die Tragf\u00e4higkeit des Schaufelzylinders ist einer der wichtigsten Aspekte bei der Konstruktion, um sicherzustellen, dass der Zylinder unter verschiedenen Lasten und Dr\u00fccken reibungslos und sicher funktioniert.<\/p>\n<\/li>\n<li>\n<h3>Versiegelung<\/h3>\n<p>Der Schaufelzylinder verwendet verschiedene Dichtungsteile, wie z. B. Kolben- und Stangendichtungen. Die Dichtungen bestehen aus verschlei\u00dffesten Materialien wie Polyurethan und Nitrilkautschuk, um die Langlebigkeit des Zylinders zu gew\u00e4hrleisten und Leckagen zu verhindern.<\/p>\n<\/li>\n<li>\n<h3>Haltbarkeit<\/h3>\n<p>Die Langlebigkeit des Schaufelzylinders ist bei der Konstruktion von entscheidender Bedeutung, um sicherzustellen, dass er unterschiedlichen Arbeitsumgebungen und Belastungen ohne Besch\u00e4digung standh\u00e4lt und seine Lebensdauer verl\u00e4ngert wird.<\/p>\n<\/li>\n<li>\n<h3>Sicherheit<\/h3>\n<p>Die Sicherheit des Schaufelzylinders ist ein entscheidender Aspekt bei der Konstruktion, um einen sicheren und effizienten Betrieb ohne Unf\u00e4lle zu gew\u00e4hrleisten.<\/p>\n<\/li>\n<li>\n<h3>Wartung<\/h3>\n<p>Die Wartung des Schaufelzylinders sollte einfach und bequem sein. Der Zylinder sollte sich leicht zerlegen, reinigen und Teile, einschlie\u00dflich Dichtungen und Lager, austauschen lassen, um seine optimale Leistung zu gew\u00e4hrleisten.<\/p>\n<\/li>\n<\/ul>\n<p><img decoding=\"async\" src=\"https:\/\/www.hydraulic-cylinders.net\/wp-content\/uploads\/2025\/01\/songte-oil-pipes-and-spare-parts.webp\" alt=\"Wartung und Reparatur von Schaufelzylindern\" \/><\/p>\n<h2>Abdichtung und Schmierung<\/h2>\n<p>Der Schaufelzylinder verwendet verschiedene Dichtungsteile, wie z. B. Kolben- und Stangendichtungen. Die Dichtungen bestehen aus verschlei\u00dffesten Materialien wie Polyurethan und Nitrilkautschuk, um die Langlebigkeit des Zylinders zu gew\u00e4hrleisten und Leckagen zu verhindern. Zylinderk\u00f6rper und Gewindeendfl\u00e4che wurden sorgf\u00e4ltig bearbeitet, um die Verschlei\u00dffestigkeit zu verbessern. Der Schaufelzylinder muss regelm\u00e4\u00dfig mit einer angemessenen Menge Hydraulik\u00f6l bef\u00fcllt werden, um eine optimale Schmierung und damit einen effizienten Betrieb zu gew\u00e4hrleisten.<\/p>\n<h2>Inspektion und vorbeugende Wartung<\/h2>\n<ul>\n<li>\n<h3>Regelm\u00e4\u00dfige Inspektion<\/h3>\n<p>Der Schaufelzylinder erfordert eine regelm\u00e4\u00dfige \u00dcberpr\u00fcfung der Hydraulikteile, Dichtungen und Lager, um sicherzustellen, dass diese in gutem Zustand sind und potenziellen Problemen vorgebeugt wird.<\/p>\n<\/li>\n<li>\n<h3>Schmierung<\/h3>\n<p>Der Zylinder des Schaufelrads muss regelm\u00e4\u00dfig geschmiert werden, um einen effizienten und reibungslosen Betrieb zu gew\u00e4hrleisten.<\/p>\n<\/li>\n<li>\n<h3>Dichtungswechsel und Kalibrierungspr\u00fcfung<\/h3>\n<p>Die Dichtungen des Schaufelzylinders m\u00fcssen regelm\u00e4\u00dfig ausgetauscht werden, um Leckagen zu vermeiden, und der Zylinder sollte kalibriert werden, um seine Genauigkeit zu gew\u00e4hrleisten.<\/p>\n<\/li>\n<\/ul>\n<p><img decoding=\"async\" src=\"https:\/\/www.hydraulic-cylinders.net\/wp-content\/uploads\/2025\/01\/songte-chushion-collar.webp\" alt=\"Einbau eines Schaufelzylinders\" \/><\/p>\n<h2>Installation<\/h2>\n<p>Richten Sie den Zylinder w\u00e4hrend der Installation korrekt aus und achten Sie auf eine sichere Montage. Wir empfehlen die Verwendung geeigneter Montagehalterungen und die Einhaltung der empfohlenen Pr\u00fcf-, Reparatur- und Austauschverfahren, um die optimale Leistung des Zylinders zu gew\u00e4hrleisten.<\/p>\n<h2>Sicherheitsaspekte und Umweltfaktoren<\/h2>\n<p>F\u00fcr den sicheren Einsatz des Hubzylinders ist die strikte Einhaltung der Sicherheitsvorschriften und die Anwendung geeigneter Sicherheitsma\u00dfnahmen, wie das Tragen von Schutzkleidung und die Vermeidung von \u00dcberlastung, unerl\u00e4sslich. Umwelteinfl\u00fcsse wie Temperatur, Luftfeuchtigkeit und Staub k\u00f6nnen die Leistung und Lebensdauer des Zylinders beeintr\u00e4chtigen; daher sind entsprechende Umweltschutzma\u00dfnahmen zu treffen.<\/p>\n<h2>Fehlerbehebung und h\u00e4ufige Probleme<\/h2>\n<p>Der Schaufelzylinder kann im Betrieb verschiedene Probleme aufweisen, wie z. B. Leckagen, langsame Bewegung und unzureichende Kraft. Die Fehlersuche und h\u00e4ufig auftretende Probleme des Zylinders lassen sich durch regelm\u00e4\u00dfige Inspektion, Wartung und Reparatur beheben, beispielsweise durch den Austausch von Dichtungen und Lagern, die Anpassung der Schubkraft und den Austausch verschlissener Teile.<\/p>\n<p><img decoding=\"async\" src=\"https:\/\/www.hydraulic-cylinders.net\/wp-content\/uploads\/2025\/01\/songte-bushings-with-all-kinds-of-excavator-models.webp\" alt=\"Fehlerbehebung am Schaufelzylinder\" \/><\/p>\n<h2>\u00dcber unser Unternehmen<\/h2>\n<p>Wir sind ein Hersteller von Hydraulikzylindern mit einem breiten Produktsortiment, darunter auch Schaufelzylinder, und z\u00e4hlen zu den f\u00fchrenden Herstellern und Gro\u00dfh\u00e4ndlern von Hydraulikzylindern auf dem nationalen und internationalen Markt. Wir setzen auf h\u00f6chste Qualit\u00e4t, eine moderne Fertigungsstrategie mit fortschrittlichen Produktionsanlagen und optimieren unsere Fertigungsplattform kontinuierlich durch den Einsatz qualifizierter Fachkr\u00e4fte, digitaler High-End-Fertigungstechnik und professioneller Testsysteme. Dank unserer Innovationskraft erf\u00fcllen wir die vielf\u00e4ltigen Kundenbed\u00fcrfnisse mit hocheffizienten, pr\u00e4zisen und qualitativ hochwertigen Produkten. Wir bieten professionellen Service, internationale Zertifizierungen und kundenspezifische L\u00f6sungen sowie modernste Produktionsanlagen und einen umfassenden Kundendienst.<\/p>\n<p><img decoding=\"async\" src=\"https:\/\/hzpt.com\/wp-content\/uploads\/2024\/11\/songte-company-1.webp\" alt=\"Unser Unternehmen\" \/><\/p>\n<p>Autor: lyl.<\/p>","protected":false},"excerpt":{"rendered":"<p>Bucket Cylinder For Zhenyu Small Excavator ZY260 Introduction The bucket cylinder for Zhenyu small excavator ZY260 is a type of hydraulic cylinder specially designed to control the movement of the bucket in heavy machinery such as excavators, backhoe loaders, and front-end loaders. Its main function is to lift, lower, and tilt the bucket, making it [&hellip;]<\/p>","protected":false},"featured_media":14785,"comment_status":"open","ping_status":"closed","template":"","meta":{"_et_pb_use_builder":"","_et_pb_old_content":"","_et_gb_content_width":""},"product_brand":[],"product_cat":[1494],"product_tag":[1495,1496],"class_list":{"0":"post-15735","1":"product","2":"type-product","3":"status-publish","4":"has-post-thumbnail","6":"product_cat-bucket-cylinders","7":"product_tag-bucket-cylinders","8":"product_tag-hydraulic-cylinders","10":"first","11":"instock","12":"shipping-taxable","13":"product-type-simple"},"amp_enabled":true,"_links":{"self":[{"href":"https:\/\/www.hydraulic-cylinders.net\/de\/wp-json\/wp\/v2\/product\/15735","targetHints":{"allow":["GET"]}}],"collection":[{"href":"https:\/\/www.hydraulic-cylinders.net\/de\/wp-json\/wp\/v2\/product"}],"about":[{"href":"https:\/\/www.hydraulic-cylinders.net\/de\/wp-json\/wp\/v2\/types\/product"}],"replies":[{"embeddable":true,"href":"https:\/\/www.hydraulic-cylinders.net\/de\/wp-json\/wp\/v2\/comments?post=15735"}],"wp:featuredmedia":[{"embeddable":true,"href":"https:\/\/www.hydraulic-cylinders.net\/de\/wp-json\/wp\/v2\/media\/14785"}],"wp:attachment":[{"href":"https:\/\/www.hydraulic-cylinders.net\/de\/wp-json\/wp\/v2\/media?parent=15735"}],"wp:term":[{"taxonomy":"product_brand","embeddable":true,"href":"https:\/\/www.hydraulic-cylinders.net\/de\/wp-json\/wp\/v2\/product_brand?post=15735"},{"taxonomy":"product_cat","embeddable":true,"href":"https:\/\/www.hydraulic-cylinders.net\/de\/wp-json\/wp\/v2\/product_cat?post=15735"},{"taxonomy":"product_tag","embeddable":true,"href":"https:\/\/www.hydraulic-cylinders.net\/de\/wp-json\/wp\/v2\/product_tag?post=15735"}],"curies":[{"name":"wp","href":"https:\/\/api.w.org\/{rel}","templated":true}]}}