{"id":15741,"date":"2025-01-19T14:55:00","date_gmt":"2025-01-19T14:55:00","guid":{"rendered":"https:\/\/www.hydraulic-cylinders.net\/product\/bucket-cylinder-for-world-small-excavator-w2150-8\/"},"modified":"2025-01-19T14:55:02","modified_gmt":"2025-01-19T14:55:02","slug":"bucket-cylinder-for-world-small-excavator-w2150-8","status":"publish","type":"product","link":"https:\/\/www.hydraulic-cylinders.net\/de\/produkt\/bucket-cylinder-for-world-small-excavator-w2150-8\/","title":{"rendered":"L\u00f6ffelzylinder f\u00fcr World Kleinbagger W2150-8"},"content":{"rendered":"<h1>L\u00f6ffelzylinder f\u00fcr World Kleinbagger W2150-8<\/h1>\n<h2>Einf\u00fchrung<\/h2>\n<p>Der Schaufelzylinder ist ein spezieller Hydraulikzylinder, der haupts\u00e4chlich zur Steuerung der Schaufelbewegung in Baumaschinen wie Baggern, Baggerladern und Radladern eingesetzt wird. Seine Hauptfunktion besteht darin, das Heben, Senken und Neigen der Schaufel zu erm\u00f6glichen und so verschiedene Materialumschlagsaufgaben zu erleichtern. Im Hydrauliksystem nutzt der Schaufelzylinder die Druckver\u00e4nderung des Hydraulik\u00f6ls, um eine pr\u00e4zise Steuerung der Schaufel zu gew\u00e4hrleisten. Dies erm\u00f6glicht es dem Bediener, schwere Lasten effizient zu handhaben und sich an komplexe Arbeitsumgebungen und vielf\u00e4ltige Aufgaben anzupassen.<\/p>\n<p><img decoding=\"async\" src=\"https:\/\/www.hydraulic-cylinders.net\/wp-content\/uploads\/2025\/01\/songte-company-2.webp\" alt=\"Bild des Schaufelzylinders\"><\/p>\n<h2>Merkmale<\/h2>\n<ul>\n<li>\n<h3>Hohe Festigkeit und Haltbarkeit<\/h3>\n<p>Der Schaufelzylinder besteht \u00fcblicherweise aus hochfestem Stahl oder Aluminium, der hohem Druck und schweren Lasten standh\u00e4lt, sich an raue Arbeitsbedingungen anpasst und auf Verschlei\u00df- und Korrosionsbest\u00e4ndigkeit ausgelegt ist, um seine Lebensdauer zu verl\u00e4ngern.<\/p>\n<\/li>\n<li>\n<h3>Effizienter Hydraulikbetrieb<\/h3>\n<p>Der Zylinder des L\u00f6ffels nutzt den Druck von Hydraulik\u00f6l, um eine gleichm\u00e4\u00dfige Teleskopbewegung zu erzielen. Dadurch kann er schnell auf Steuerbefehle reagieren, kraftvolle Schub- und Zugkr\u00e4fte bereitstellen und eignet sich f\u00fcr die Handhabung schwerer Lasten und komplexer Arbeitsaufgaben.<\/p>\n<\/li>\n<li>\n<h3>Verschiedene Arten<\/h3>\n<p>Der Schaufelzylinder kann je nach Bedarf als einfachwirkender (hydraulisch nur in eine Richtung wirkender) oder doppeltwirkender (hydraulisch in beide Richtungen wirkender) Zylinder ausgef\u00fchrt sein, um unterschiedlichen Einsatzanforderungen gerecht zu werden. Bestimmte Modelle sind teleskopierbar und erm\u00f6glichen so eine gr\u00f6\u00dfere Ausladung ohne Vergr\u00f6\u00dferung der Au\u00dfenabmessungen. Dadurch eignen sie sich besonders f\u00fcr Anwendungen mit beengten Platzverh\u00e4ltnissen.<\/p>\n<\/li>\n<li>\n<h3>Austauschbar<\/h3>\n<p>Unsere Produkte k\u00f6nnen diese Hydraulikzylinder perfekt ersetzen, und wir k\u00f6nnen dieses Produkt herstellen.<\/p>\n<p>    <img decoding=\"async\" src=\"https:\/\/www.hydraulic-cylinders.net\/wp-content\/uploads\/2025\/01\/songte-cylinder-head-with-all-kinds-excavator-models.webp\" alt=\"Zylinderkopfbild\">\n  <\/li>\n<li>\n<h3>Breites Anwendungsspektrum<\/h3>\n<p>Der Schaufelzylinder findet in verschiedenen Bereichen breite Anwendung, beispielsweise bei Baumaschinen, Landmaschinen, Baggern und Ladern.<\/p>\n<\/li>\n<\/ul>\n<h2>Design\u00fcberlegungen und Auswahlkriterien<\/h2>\n<ul>\n<li>\n<h3>Tragf\u00e4higkeit<\/h3>\n<p>Der Schaufelzylinder sollte \u00fcber eine ausreichende Tragf\u00e4higkeit verf\u00fcgen, um dem Druck und der Last der Maschine ohne Verformung oder Versagen standzuhalten.<\/p>\n<\/li>\n<li>\n<h3>Dichtungsleistung<\/h3>\n<p>Der Zylinder des Schaufelrads muss abgedichtet werden, um \u00d6laustritt und Staubeintritt zu verhindern, da diese den normalen Betrieb des Zylinders beeintr\u00e4chtigen und seine Lebensdauer verk\u00fcrzen k\u00f6nnen.<\/p>\n<\/li>\n<li>\n<h3>Haltbarkeit<\/h3>\n<p>Der Schaufelzylinder sollte aus verschlei\u00dffesten und korrosionsbest\u00e4ndigen Werkstoffen gefertigt sein, um seine Lebensdauer, insbesondere in rauen Arbeitsumgebungen, zu verl\u00e4ngern.<\/p>\n<\/li>\n<li>\n<h3>Sicherheit<\/h3>\n<p>Der Eimerzylinder muss mit Sicherheitsmerkmalen wie Druckentlastungsventilen und Not-Aus-Schaltern ausgestattet sein, um Unf\u00e4lle w\u00e4hrend des Betriebs zu verhindern.<\/p>\n<\/li>\n<li>\n<h3>Wartbarkeit<\/h3>\n<p>Der Schaufelzylinder sollte so konstruiert sein, dass er wartungsfreundlich ist, z. B. mit Schnellwechseldichtungen und leicht zug\u00e4nglichen Befestigungsschrauben, um den Zeit- und Kostenaufwand f\u00fcr die Wartung zu reduzieren.<\/p>\n<p>    <img decoding=\"async\" src=\"https:\/\/www.hydraulic-cylinders.net\/wp-content\/uploads\/2025\/01\/songte-oil-pipes-and-spare-parts.webp\" alt=\"Abbildung von \u00d6lleitungen und Ersatzteilen\">\n  <\/li>\n<\/ul>\n<h2>Abdichtung und Schmierung<\/h2>\n<p>Der Schaufelzylinder verwendet verschiedene Dichtungen, wie Kolben- und Stangendichtungen aus verschlei\u00dffesten Materialien wie Polyurethan und Nitrilkautschuk, um eine optimale Dichtleistung zu gew\u00e4hrleisten. Zylinderk\u00f6rper und Gewindeendfl\u00e4che sind feinbearbeitet, um die Verschlei\u00dffestigkeit zu verbessern. Zur Schmierung ist regelm\u00e4\u00dfiges Nachf\u00fcllen von geeignetem Hydraulik\u00f6l erforderlich.<\/p>\n<h2>Wartung und Reparatur<\/h2>\n<p>Regelm\u00e4\u00dfige Inspektion, ordnungsgem\u00e4\u00dfe Schmierung, Dichtungsaustausch und Kalibrierungspr\u00fcfungen geh\u00f6ren zu den \u00fcblichen Wartungsarbeiten am Schaufelzylinder. Korrekte Montage, Schmierung und Justierung sind unerl\u00e4sslich; eine Anleitung zur korrekten Ausrichtung w\u00e4hrend der Montage wird bereitgestellt. Zur sicheren Befestigung des Zylinders werden geeignete Montagehalterungen empfohlen. Empfohlene Inspektions-, Reparatur- und Austauschverfahren werden bereitgestellt, um die Lebensdauer des Schaufelzylinders zu verl\u00e4ngern.<\/p>\n<p><img decoding=\"async\" src=\"https:\/\/www.hydraulic-cylinders.net\/wp-content\/uploads\/2025\/01\/songte-chushion-collar.webp\" alt=\"Kissenkragenbild\"><\/p>\n<h2>Sicherheits- und Umweltaspekte<\/h2>\n<p>Bei der Verwendung des Eimerzylinders sind Sicherheitsvorkehrungen wichtig, um Unf\u00e4lle zu vermeiden. Zu den Umweltaspekten geh\u00f6ren die Verwendung umweltfreundlicher Materialien und die ordnungsgem\u00e4\u00dfe Entsorgung von Abf\u00e4llen.<\/p>\n<h2>Fehlerbehebung und h\u00e4ufige Probleme<\/h2>\n<p>H\u00e4ufige Probleme mit dem Hubzylinder sind \u00d6lleckagen, unzureichender Druck und ungen\u00fcgende Teleskopkraft. Es werden Tipps und L\u00f6sungen zur Fehlersuche und -behebung sowie vorbeugende Ma\u00dfnahmen zur Minimierung potenzieller Probleme bereitgestellt.<\/p>\n<p><img decoding=\"async\" src=\"https:\/\/www.hydraulic-cylinders.net\/wp-content\/uploads\/2025\/01\/songte-bushings-with-all-kinds-of-excavator-models.webp\" alt=\"Buchsen Bild\"><\/p>\n<h2>\u00dcber unser Unternehmen<\/h2>\n<p>Wir sind ein Hersteller von Hydraulikzylindern mit einem breiten Produktsortiment und haben uns zu einem der f\u00fchrenden Hersteller und Gro\u00dfh\u00e4ndler von Hydraulikzylindern auf dem nationalen und internationalen Markt entwickelt. Wir verfolgen das Prinzip der Exzellenz und setzen auf eine industrialisierte Produktionsstrategie in unserer hochmodernen Fertigungswerkstatt. Durch die kontinuierliche Verbesserung unserer Fertigungsplattform und die Steigerung der Produktqualit\u00e4t verf\u00fcgen wir \u00fcber eine hohe Fertigungskompetenz. Mit den Prinzipien hoher Effizienz, Pr\u00e4zision und Qualit\u00e4t erf\u00fcllen wir die vielf\u00e4ltigen Bed\u00fcrfnisse unserer Kunden.<\/p>\n<p>Wir bieten professionelle, internationale Zertifizierungen, ma\u00dfgeschneiderte Dienstleistungen, Produktionsanlagen und Kundendienstleistungen an, um die Bekanntheit unseres Unternehmens zu steigern.<\/p>\n<p><img decoding=\"async\" src=\"https:\/\/hzpt.com\/wp-content\/uploads\/2024\/11\/songte-company-1.webp\" alt=\"Firmenimage\"><\/p>\n<h2>Autor: lyl<\/h2>","protected":false},"excerpt":{"rendered":"<p>Bucket Cylinder For World Small Excavator W2150-8 Introduction The bucket cylinder is a type of specialized hydraulic cylinder that is primarily used to control the movement of the bucket in heavy machinery such as excavators, backhoe loaders, and front loaders. Its main function is to allow the bucket to be lifted, lowered, and tilted, making [&hellip;]<\/p>","protected":false},"featured_media":14773,"comment_status":"open","ping_status":"closed","template":"","meta":{"_et_pb_use_builder":"","_et_pb_old_content":"","_et_gb_content_width":""},"product_brand":[],"product_cat":[1494],"product_tag":[1495,1496],"class_list":{"0":"post-15741","1":"product","2":"type-product","3":"status-publish","4":"has-post-thumbnail","6":"product_cat-bucket-cylinders","7":"product_tag-bucket-cylinders","8":"product_tag-hydraulic-cylinders","10":"first","11":"instock","12":"shipping-taxable","13":"product-type-simple"},"amp_enabled":true,"_links":{"self":[{"href":"https:\/\/www.hydraulic-cylinders.net\/de\/wp-json\/wp\/v2\/product\/15741","targetHints":{"allow":["GET"]}}],"collection":[{"href":"https:\/\/www.hydraulic-cylinders.net\/de\/wp-json\/wp\/v2\/product"}],"about":[{"href":"https:\/\/www.hydraulic-cylinders.net\/de\/wp-json\/wp\/v2\/types\/product"}],"replies":[{"embeddable":true,"href":"https:\/\/www.hydraulic-cylinders.net\/de\/wp-json\/wp\/v2\/comments?post=15741"}],"wp:featuredmedia":[{"embeddable":true,"href":"https:\/\/www.hydraulic-cylinders.net\/de\/wp-json\/wp\/v2\/media\/14773"}],"wp:attachment":[{"href":"https:\/\/www.hydraulic-cylinders.net\/de\/wp-json\/wp\/v2\/media?parent=15741"}],"wp:term":[{"taxonomy":"product_brand","embeddable":true,"href":"https:\/\/www.hydraulic-cylinders.net\/de\/wp-json\/wp\/v2\/product_brand?post=15741"},{"taxonomy":"product_cat","embeddable":true,"href":"https:\/\/www.hydraulic-cylinders.net\/de\/wp-json\/wp\/v2\/product_cat?post=15741"},{"taxonomy":"product_tag","embeddable":true,"href":"https:\/\/www.hydraulic-cylinders.net\/de\/wp-json\/wp\/v2\/product_tag?post=15741"}],"curies":[{"name":"wp","href":"https:\/\/api.w.org\/{rel}","templated":true}]}}