{"id":15744,"date":"2025-01-19T14:55:16","date_gmt":"2025-01-19T14:55:16","guid":{"rendered":"https:\/\/www.hydraulic-cylinders.net\/product\/bucket-cylinder-for-world-middle-excavator-w2245dlc-8\/"},"modified":"2025-01-19T14:55:18","modified_gmt":"2025-01-19T14:55:18","slug":"bucket-cylinder-for-world-middle-excavator-w2245dlc-8","status":"publish","type":"product","link":"https:\/\/www.hydraulic-cylinders.net\/de\/produkt\/bucket-cylinder-for-world-middle-excavator-w2245dlc-8\/","title":{"rendered":"L\u00f6ffelzylinder f\u00fcr World Mittelbagger W2245DLC-8"},"content":{"rendered":"<h1>L\u00f6ffelzylinder f\u00fcr World Mittelbagger W2245DLC-8<\/h1>\n<h2>Einf\u00fchrung<\/h2>\n<h3>Definition<\/h3>\n<p>Der Schaufelzylinder, auch Hydraulikzylinder genannt, ist ein speziell entwickelter Hydraulikaktuator, der die Bewegung der Schaufel in Baumaschinen wie Baggern, Baggerladern und Radladern steuert. Seine Hauptfunktion besteht darin, das Heben, Senken und Neigen der Schaufel zu erm\u00f6glichen und sie so f\u00fcr verschiedene Materialumschlagaufgaben geeignet zu machen. Im Hydrauliksystem steuert der Schaufelzylinder die pr\u00e4zise Bewegung der Schaufel durch \u00c4nderungen des Hydraulik\u00f6ldrucks. Dies erm\u00f6glicht es dem Bediener, schwere Lasten effizient zu handhaben und sich an komplexe Arbeitsumgebungen und vielf\u00e4ltige Aufgaben anzupassen.<\/p>\n<p><img decoding=\"async\" src=\"https:\/\/www.hydraulic-cylinders.net\/wp-content\/uploads\/2025\/01\/songte-company-2.webp\"><\/p>\n<h3>Merkmale<\/h3>\n<ul>\n<li>Hohe Festigkeit und Langlebigkeit: Typischerweise aus hochfestem Stahl oder Aluminium gefertigt, halten sie hohem Druck und schweren Belastungen stand, eignen sich f\u00fcr raue Arbeitsumgebungen und sind verschlei\u00df- und korrosionsbest\u00e4ndig, was die Lebensdauer verl\u00e4ngert.<\/li>\n<li>Effizienter Hydraulikbetrieb: Durch den Einsatz von Hydraulik\u00f6ldruck wird eine gleichm\u00e4\u00dfige Teleskopbewegung erreicht, die schnell auf Steuerbefehle reagiert und eine starke Schub- und Zugkraft bereitstellt. Dadurch eignet sich das System f\u00fcr die Handhabung schwerer Lasten und komplexer Arbeitsaufgaben.<\/li>\n<li>Verschiedene Zylindertypen stehen zur Auswahl: Einfachwirkende (Hydraulik nur in eine Richtung) und doppeltwirkende (Hydraulik in beide Richtungen) Zylinder k\u00f6nnen je nach Bedarf und unterschiedlichen Betriebsanforderungen ausgew\u00e4hlt werden. Einige Modelle sind teleskopierbar und erm\u00f6glichen so eine gr\u00f6\u00dfere Ausladung ohne Vergr\u00f6\u00dferung der Au\u00dfenabmessungen \u2013 ideal f\u00fcr beengte Platzverh\u00e4ltnisse.<\/li>\n<li>Anpassbar: Wir k\u00f6nnen dieses Produkt herstellen und unser Produkt kann diese Hydraulikzylinder perfekt ersetzen.<\/li>\n<\/ul>\n<p><img decoding=\"async\" src=\"https:\/\/www.hydraulic-cylinders.net\/wp-content\/uploads\/2025\/01\/songte-cylinder-head-with-all-kinds-excavator-models.webp\"><\/p>\n<h2>Anwendungen<\/h2>\n<h3>Baumaschinen<\/h3>\n<p>Bei Baggern sind sie unverzichtbar zum Ausheben, Laden und Bewegen von Erde oder Bauschutt. Bei Baggerladern unterst\u00fctzen die Schaufelzylinder das Ausheben und Heben. Bei Radladern helfen sie beim effektiven Anheben und Kippen von G\u00fctern.<\/p>\n<h3>Landmaschinen<\/h3>\n<p>Wird in Frontladern zum Schaufeln, Anheben und Transportieren von Erde, Heu und anderen Materialien verwendet.<\/p>\n<h3>Bagger<\/h3>\n<p>Der Zylinder des L\u00f6ffels erm\u00f6glicht es dem L\u00f6ffel, in den Boden einzudringen und so die Grabwirkung zu erzielen.<\/p>\n<h3>Lader<\/h3>\n<p>Bei Frontladern helfen die Zylinder der Schaufel dabei, G\u00fcter effektiv anzuheben und zu kippen.<\/p>\n<h2>Design\u00fcberlegungen und Auswahlkriterien<\/h2>\n<ul>\n<li>Tragf\u00e4higkeit: Es ist wichtig, die Tragf\u00e4higkeit des Zylinders zu ber\u00fccksichtigen, um sicherzustellen, dass er der zu erwartenden Belastung standh\u00e4lt.<\/li>\n<li>Abdichtung: Zylinderdichtungen m\u00fcssen wirksam sein, um \u00d6llecks zu verhindern und einen einwandfreien Betrieb zu gew\u00e4hrleisten. Verschiedene Dichtungsmaterialien k\u00f6nnen verwendet werden, beispielsweise Polyurethan und Nitrilkautschuk.<\/li>\n<li>Langlebigkeit: Der Zylinder muss langlebig sein, um rauen Betriebsbedingungen und einer l\u00e4ngeren Nutzungsdauer standzuhalten.<\/li>\n<li>Sicherheit: Bei der Konstruktion und dem Betrieb des Zylinders ist es wichtig, Sicherheitsma\u00dfnahmen zu ber\u00fccksichtigen, wie z. B. den Schutz der Kolbenstange, um Unf\u00e4lle zu vermeiden.<\/li>\n<li>Wartung: Der Zylinder sollte so konstruiert sein, dass er wartungsfreundlich ist und die Komponenten leicht zug\u00e4nglich sind, um sie zu \u00fcberpr\u00fcfen und auszutauschen.<\/li>\n<\/ul>\n<p><img decoding=\"async\" src=\"https:\/\/www.hydraulic-cylinders.net\/wp-content\/uploads\/2025\/01\/songte-oil-pipes-and-spare-parts.webp\"><\/p>\n<h2>Abdichtung und Schmierung<\/h2>\n<p>Zur Gew\u00e4hrleistung einer einwandfreien Abdichtung k\u00f6nnen verschiedene Dichtungen, wie Kolben- und Pleueldichtungsringe, eingesetzt werden. Diese Dichtungen k\u00f6nnen aus verschlei\u00dffesten Materialien wie Polyurethan und Nitrilkautschuk gefertigt sein. Zylinderk\u00f6rper und Gewindeendfl\u00e4che sind feinbearbeitet, um die Verschlei\u00dffestigkeit zu verbessern. Zur Schmierung ist regelm\u00e4\u00dfiges Nachf\u00fcllen von geeignetem Hydraulik\u00f6l erforderlich.<\/p>\n<h2>Wartung und Reparatur<\/h2>\n<ul>\n<li>Regelm\u00e4\u00dfige Inspektion: Eine regelm\u00e4\u00dfige Inspektion ist notwendig, um sicherzustellen, dass der Zylinder ordnungsgem\u00e4\u00df funktioniert und um m\u00f6gliche Probleme zu erkennen.<\/li>\n<li>Schmierung: Eine ordnungsgem\u00e4\u00dfe Schmierung ist wichtig f\u00fcr eine optimale Leistung und um die Lebensdauer des Zylinders zu verl\u00e4ngern.<\/li>\n<li>Dichtungswechsel: Dichtungen m\u00fcssen regelm\u00e4\u00dfig ausgetauscht werden, um \u00d6llecks zu vermeiden und einen ordnungsgem\u00e4\u00dfen Betrieb zu gew\u00e4hrleisten.<\/li>\n<li>Ausrichtung: Bei der Montage ist es wichtig, den Zylinder richtig auszurichten, um vorzeitigen Verschlei\u00df und Besch\u00e4digungen zu vermeiden.<\/li>\n<li>\u00dcberholungsservice: Im Falle von Besch\u00e4digung oder Verschlei\u00df kann es erforderlich sein, einen \u00dcberholungsservice oder Ersatzteile in Anspruch zu nehmen, um die einwandfreie Funktion des Zylinders zu gew\u00e4hrleisten.<\/li>\n<\/ul>\n<p><img decoding=\"async\" src=\"https:\/\/www.hydraulic-cylinders.net\/wp-content\/uploads\/2025\/01\/songte-chushion-collar.webp\"><\/p>\n<h2>Sicherheitsaspekte und Umweltfaktoren<\/h2>\n<p>Beim Betrieb des Zylinders sind geeignete Sicherheitsvorkehrungen zu treffen, um Unf\u00e4lle zu vermeiden. Umgebungsfaktoren wie Temperatur und Luftfeuchtigkeit sollten ebenfalls ber\u00fccksichtigt werden, um eine optimale Leistung zu gew\u00e4hrleisten.<\/p>\n<h2>Fehlerbehebung und h\u00e4ufige Probleme<\/h2>\n<p>H\u00e4ufige Probleme mit Baggerzylindern sind \u00d6llecks, unzureichende Zylinderfestigkeit und mangelnde Schmierung. Tipps und L\u00f6sungen zur Fehlerbehebung umfassen die \u00dcberpr\u00fcfung der Dichtungen, die Kontrolle des Hydraulik\u00f6lstands und den Austausch verschlissener Teile.<\/p>\n<p><img decoding=\"async\" src=\"https:\/\/www.hydraulic-cylinders.net\/wp-content\/uploads\/2025\/01\/songte-bushings-with-all-kinds-of-excavator-models.webp\"><\/p>\n<h2>\u00dcber unser Unternehmen<\/h2>\n<p>Wir sind ein Hersteller von Hydraulikzylindern mit einem umfassenden Produktsortiment. Durch h\u00f6chste Qualit\u00e4tsstandards und den Einsatz industrialisierter Produktionsmanagementstrategien in modernsten Fertigungswerkst\u00e4tten haben wir uns zu einem der f\u00fchrenden Hersteller und Gro\u00dfh\u00e4ndler von Hydraulikzylindern auf dem nationalen und internationalen Markt entwickelt. Mit qualifizierten Fachkr\u00e4ften, modernster digitaler Fertigungstechnik und professionellen Testsystemen optimieren wir kontinuierlich unsere Fertigungsprozesse, verbessern die Produktqualit\u00e4t und verf\u00fcgen \u00fcber eine hohe Innovationskraft. Wir erf\u00fcllen die vielf\u00e4ltigen Bed\u00fcrfnisse unserer Kunden mit h\u00f6chster Effizienz, Pr\u00e4zision und Qualit\u00e4t.<\/p>\n<p>Dar\u00fcber hinaus bieten wir professionelle internationale Zertifizierungen, kundenspezifische Dienstleistungen, Produktionsanlagen und Kundendienstleistungen an.<\/p>\n<p><img decoding=\"async\" src=\"https:\/\/hzpt.com\/wp-content\/uploads\/2024\/11\/songte-company-1.webp\"><\/p>\n<p>Autor: lyl<\/p>","protected":false},"excerpt":{"rendered":"<p>Bucket Cylinder For World Middle Excavator W2245DLC-8 Introduction Definition The bucket cylinder, also known as a hydraulic cylinder, is a specifically designed hydraulic actuator used to control the movement of the bucket in heavy machinery such as excavators, backhoes, and front loaders. Its main function is to enable the bucket to lift, lower, and tilt, [&hellip;]<\/p>","protected":false},"featured_media":14765,"comment_status":"open","ping_status":"closed","template":"","meta":{"_et_pb_use_builder":"","_et_pb_old_content":"","_et_gb_content_width":""},"product_brand":[],"product_cat":[1494],"product_tag":[1495,1496],"class_list":{"0":"post-15744","1":"product","2":"type-product","3":"status-publish","4":"has-post-thumbnail","6":"product_cat-bucket-cylinders","7":"product_tag-bucket-cylinders","8":"product_tag-hydraulic-cylinders","10":"first","11":"instock","12":"shipping-taxable","13":"product-type-simple"},"amp_enabled":true,"_links":{"self":[{"href":"https:\/\/www.hydraulic-cylinders.net\/de\/wp-json\/wp\/v2\/product\/15744","targetHints":{"allow":["GET"]}}],"collection":[{"href":"https:\/\/www.hydraulic-cylinders.net\/de\/wp-json\/wp\/v2\/product"}],"about":[{"href":"https:\/\/www.hydraulic-cylinders.net\/de\/wp-json\/wp\/v2\/types\/product"}],"replies":[{"embeddable":true,"href":"https:\/\/www.hydraulic-cylinders.net\/de\/wp-json\/wp\/v2\/comments?post=15744"}],"wp:featuredmedia":[{"embeddable":true,"href":"https:\/\/www.hydraulic-cylinders.net\/de\/wp-json\/wp\/v2\/media\/14765"}],"wp:attachment":[{"href":"https:\/\/www.hydraulic-cylinders.net\/de\/wp-json\/wp\/v2\/media?parent=15744"}],"wp:term":[{"taxonomy":"product_brand","embeddable":true,"href":"https:\/\/www.hydraulic-cylinders.net\/de\/wp-json\/wp\/v2\/product_brand?post=15744"},{"taxonomy":"product_cat","embeddable":true,"href":"https:\/\/www.hydraulic-cylinders.net\/de\/wp-json\/wp\/v2\/product_cat?post=15744"},{"taxonomy":"product_tag","embeddable":true,"href":"https:\/\/www.hydraulic-cylinders.net\/de\/wp-json\/wp\/v2\/product_tag?post=15744"}],"curies":[{"name":"wp","href":"https:\/\/api.w.org\/{rel}","templated":true}]}}