{"id":15746,"date":"2025-01-19T14:55:24","date_gmt":"2025-01-19T14:55:24","guid":{"rendered":"https:\/\/www.hydraulic-cylinders.net\/product\/bucket-cylinder-for-world-large-excavator-w2500lc-8\/"},"modified":"2025-01-19T14:55:30","modified_gmt":"2025-01-19T14:55:30","slug":"bucket-cylinder-for-world-large-excavator-w2500lc-8","status":"publish","type":"product","link":"https:\/\/www.hydraulic-cylinders.net\/de\/produkt\/bucket-cylinder-for-world-large-excavator-w2500lc-8\/","title":{"rendered":"L\u00f6ffelzylinder f\u00fcr World Gro\u00dfbagger W2500LC-8"},"content":{"rendered":"<h1>L\u00f6ffelzylinder f\u00fcr World Gro\u00dfbagger W2500LC-8<\/h1>\n<h2>Einf\u00fchrung<\/h2>\n<p>Ein Schaufelzylinder ist ein speziell entwickelter Hydraulikzylinder, der die Bewegung der Schaufel in Baumaschinen wie Baggern, Radladern und Baggerladern steuert. Seine Hauptfunktion besteht darin, das Heben, Senken und Neigen der Schaufel zu erm\u00f6glichen und so verschiedene Materialumschlagsaufgaben zu erleichtern. Im Hydrauliksystem erzielt der Schaufelzylinder durch die Nutzung von Druck\u00e4nderungen im Hydraulik\u00f6l eine pr\u00e4zise Steuerung der Schaufel. Dies erlaubt es dem Bediener, schwere Lasten effizient zu handhaben und sich an komplexe Arbeitsumgebungen und vielf\u00e4ltige Aufgaben anzupassen.<\/p>\n<p><img decoding=\"async\" src=\"https:\/\/www.hydraulic-cylinders.net\/wp-content\/uploads\/2025\/01\/songte-company-2.webp\" alt=\"Bild des Schaufelzylinders\"><\/p>\n<h2>Merkmale<\/h2>\n<ul>\n<li><strong>Hohe Festigkeit und Haltbarkeit:<\/strong> Der aus hochfestem Stahl oder Aluminium gefertigte Schaufelzylinder ist f\u00fcr hohen Druck und schwere Lasten ausgelegt und eignet sich daher f\u00fcr raue Arbeitsumgebungen. Seine Konstruktion ber\u00fccksichtigt Verschlei\u00df- und Korrosionsbest\u00e4ndigkeit, was seine Lebensdauer verl\u00e4ngert.<\/li>\n<li><strong>Effizienter Hydraulikbetrieb:<\/strong> Durch die Nutzung des Drucks von Hydraulik\u00f6l erreicht der Zylinder des L\u00f6ffels ein gleichm\u00e4\u00dfiges Aus- und Einfahren, was eine schnelle Reaktion auf Steuerbefehle erm\u00f6glicht und kraftvolle Schub- und Zugkr\u00e4fte bereitstellt, die f\u00fcr die Handhabung schwerer Lasten und komplexer Arbeitsaufgaben geeignet sind.<\/li>\n<li><strong>Verschiedene Typen:<\/strong> Der Schaufelzylinder kann je nach Einsatzbedarf als einfachwirkender (Hydraulikdruck wirkt nur in eine Richtung) oder doppeltwirkender (Hydraulikdruck wirkt in beide Richtungen) Zylinder ausgew\u00e4hlt werden. Einige Modelle sind teleskopierbar und erm\u00f6glichen so eine gr\u00f6\u00dfere Ausladung ohne Vergr\u00f6\u00dferung der Au\u00dfenabmessungen \u2013 ideal f\u00fcr Anwendungen mit beengten Platzverh\u00e4ltnissen.<\/li>\n<\/ul>\n<p><img decoding=\"async\" src=\"https:\/\/www.hydraulic-cylinders.net\/wp-content\/uploads\/2025\/01\/songte-cylinder-head-with-all-kinds-excavator-models.webp\" alt=\"Bild zum Austausch des Schaufelzylinders\"><\/p>\n<h2>Anwendungen<\/h2>\n<h3>Baumaschinen<\/h3>\n<p>Bei Baggern ist der Schaufelzylinder unerl\u00e4sslich f\u00fcr das Ausheben, Laden und Bewegen von Erde oder Schutt. Bei Baggerladern unterst\u00fctzt er sowohl das Graben als auch das Heben. <\/p>\n<h3>Landmaschinen<\/h3>\n<p>Der in Frontladern verwendete Schaufelzylinder dient zum Ausheben, Heben und Transportieren von Erde, Heu und anderen Materialien.<\/p>\n<h3>Bagger<\/h3>\n<p>Der Zylinder des L\u00f6ffels erm\u00f6glicht Grabvorg\u00e4nge, indem er das Eindringen des L\u00f6ffels in den Boden erlaubt.<\/p>\n<h3>Radlader<\/h3>\n<p>Bei Radladern tragen sie zum effizienten Heben und Abladen von G\u00fctern bei.<\/p>\n<h2>Design\u00fcberlegungen und Auswahlkriterien<\/h2>\n<ul>\n<li><strong>Tragf\u00e4higkeit:<\/strong> Der Schaufelzylinder ist so konstruiert, dass er hohen Belastungen und Dr\u00fccken standh\u00e4lt und somit einen sicheren und zuverl\u00e4ssigen Betrieb gew\u00e4hrleistet.<\/li>\n<li><strong>Versiegelung:<\/strong> Es kommen verschiedene Dichtungselemente wie Kolben- und Stangendichtungen zum Einsatz, die aus verschlei\u00dffesten Materialien wie Polyurethan und Nitrilkautschuk gefertigt sind. Zylinderk\u00f6rper und Gewindeendfl\u00e4che werden einer Feinbearbeitung unterzogen, um die Verschlei\u00dffestigkeit zu erh\u00f6hen.<\/li>\n<\/ul>\n<p><img decoding=\"async\" src=\"https:\/\/www.hydraulic-cylinders.net\/wp-content\/uploads\/2025\/01\/songte-oil-pipes-and-spare-parts.webp\" alt=\"Abbildung der Teile eines Hydraulikzylinders\"><\/p>\n<h2>Abdichtung und Schmierung<\/h2>\n<p>Der Schaufelzylinder verwendet verschiedene Dichtungselemente wie Kolben- und Stangendichtungen aus verschlei\u00dffesten Materialien wie Polyurethan und Nitrilkautschuk. Zylinderk\u00f6rper und Gewindeendfl\u00e4che sind pr\u00e4zisionsbearbeitet, um die Verschlei\u00dffestigkeit zu erh\u00f6hen. Regelm\u00e4\u00dfige Schmierung mit geeignetem Hydraulik\u00f6l ist erforderlich, um einen reibungslosen Betrieb zu gew\u00e4hrleisten und die Lebensdauer des Zylinders zu verl\u00e4ngern.<\/p>\n<h2>Inspektion und vorbeugende Wartung<\/h2>\n<ul>\n<li>\u00dcberpr\u00fcfen Sie den Baggerzylinder regelm\u00e4\u00dfig auf Anzeichen von Besch\u00e4digungen, Lecks oder ungew\u00f6hnlichem Verschlei\u00df.<\/li>\n<li>Sorgen Sie f\u00fcr eine ordnungsgem\u00e4\u00dfe Schmierung aller beweglichen Teile und Dichtungen.<\/li>\n<li>Um eine optimale Leistung zu gew\u00e4hrleisten, sollten verschlissene Dichtungen regelm\u00e4\u00dfig ausgetauscht werden.<\/li>\n<li>F\u00fchren Sie Kalibrierungspr\u00fcfungen durch, um einen genauen Betrieb zu gew\u00e4hrleisten.<\/li>\n<\/ul>\n<p><img decoding=\"async\" src=\"https:\/\/www.hydraulic-cylinders.net\/wp-content\/uploads\/2025\/01\/songte-chushion-collar.webp\" alt=\"Bild zur Wartung von Hydraulikzylindern\"><\/p>\n<h2>Sicherheitsaspekte und Umweltfaktoren<\/h2>\n<p>Bei Arbeiten mit dem Arbeitszylinder ist die Einhaltung der Sicherheitsma\u00dfnahmen unerl\u00e4sslich, um Unf\u00e4lle zu vermeiden und die Sicherheit von Bedienern und Umstehenden zu gew\u00e4hrleisten. Eine angemessene Schulung, die Befolgung der Sicherheitsrichtlinien und die Verwendung geeigneter pers\u00f6nlicher Schutzausr\u00fcstung sind unerl\u00e4sslich.<\/p>\n<h2>Fehlerbehebung und h\u00e4ufige Probleme<\/h2>\n<p>Bei St\u00f6rungen oder Problemen mit dem Baggerzylinder ist eine genaue Fehlerdiagnose wichtig. H\u00e4ufige Probleme sind Leckagen, unzureichende Leistung oder unregelm\u00e4\u00dfige Bewegungen. Beheben Sie diese Probleme umgehend gem\u00e4\u00df den Herstellerangaben oder ziehen Sie einen Fachmann hinzu.<\/p>\n<p><img decoding=\"async\" src=\"https:\/\/www.hydraulic-cylinders.net\/wp-content\/uploads\/2025\/01\/songte-bushings-with-all-kinds-of-excavator-models.webp\" alt=\"Bild zur Fehlersuche an Hydraulikzylindern\"><\/p>\n<h2>Abschluss<\/h2>\n<p>Insgesamt spielt der Hydraulikzylinder eine entscheidende Rolle f\u00fcr den effizienten Betrieb verschiedener Baumaschinen. Als f\u00fchrender Hersteller und Gro\u00dfh\u00e4ndler von Hydraulikzylindern bietet unser Unternehmen eine breite Produktpalette, um den vielf\u00e4ltigen Marktanforderungen gerecht zu werden. Wir legen gr\u00f6\u00dften Wert auf h\u00f6chste Qualit\u00e4t, nutzen modernste Fertigungsanlagen und professionelle Pr\u00fcfsysteme und bieten ma\u00dfgeschneiderte L\u00f6sungen, um die Kundenzufriedenheit zu gew\u00e4hrleisten. Dank unserer Expertise, internationaler Zertifizierungen, modernster Produktionsanlagen und unseres engagierten Kundendienstes streben wir danach, bei jedem von uns gefertigten Hydraulikzylinder h\u00f6chste Effizienz, Pr\u00e4zision und Qualit\u00e4t zu liefern.<\/p>\n<p><img decoding=\"async\" src=\"https:\/\/www.hydraulic-cylinders.net\/wp-content\/uploads\/2025\/01\/songte-company-3.webp\" alt=\"Firmenimage\"><\/p>\n<h4>Autor: lyl<\/h4>","protected":false},"excerpt":{"rendered":"<p>Bucket Cylinder For World Large Excavator W2500LC-8 Introduction A bucket cylinder is a specially designed hydraulic cylinder used to control the movement of the bucket in heavy machinery such as excavators, backhoe loaders, and wheel loaders. Its main function is to enable the bucket to lift, lower, and tilt, making it easier to handle various [&hellip;]<\/p>","protected":false},"featured_media":14761,"comment_status":"open","ping_status":"closed","template":"","meta":{"_et_pb_use_builder":"","_et_pb_old_content":"","_et_gb_content_width":""},"product_brand":[],"product_cat":[1494],"product_tag":[1495,1496],"class_list":{"0":"post-15746","1":"product","2":"type-product","3":"status-publish","4":"has-post-thumbnail","6":"product_cat-bucket-cylinders","7":"product_tag-bucket-cylinders","8":"product_tag-hydraulic-cylinders","10":"first","11":"instock","12":"shipping-taxable","13":"product-type-simple"},"amp_enabled":true,"_links":{"self":[{"href":"https:\/\/www.hydraulic-cylinders.net\/de\/wp-json\/wp\/v2\/product\/15746","targetHints":{"allow":["GET"]}}],"collection":[{"href":"https:\/\/www.hydraulic-cylinders.net\/de\/wp-json\/wp\/v2\/product"}],"about":[{"href":"https:\/\/www.hydraulic-cylinders.net\/de\/wp-json\/wp\/v2\/types\/product"}],"replies":[{"embeddable":true,"href":"https:\/\/www.hydraulic-cylinders.net\/de\/wp-json\/wp\/v2\/comments?post=15746"}],"wp:featuredmedia":[{"embeddable":true,"href":"https:\/\/www.hydraulic-cylinders.net\/de\/wp-json\/wp\/v2\/media\/14761"}],"wp:attachment":[{"href":"https:\/\/www.hydraulic-cylinders.net\/de\/wp-json\/wp\/v2\/media?parent=15746"}],"wp:term":[{"taxonomy":"product_brand","embeddable":true,"href":"https:\/\/www.hydraulic-cylinders.net\/de\/wp-json\/wp\/v2\/product_brand?post=15746"},{"taxonomy":"product_cat","embeddable":true,"href":"https:\/\/www.hydraulic-cylinders.net\/de\/wp-json\/wp\/v2\/product_cat?post=15746"},{"taxonomy":"product_tag","embeddable":true,"href":"https:\/\/www.hydraulic-cylinders.net\/de\/wp-json\/wp\/v2\/product_tag?post=15746"}],"curies":[{"name":"wp","href":"https:\/\/api.w.org\/{rel}","templated":true}]}}