{"id":15755,"date":"2025-01-19T14:56:20","date_gmt":"2025-01-19T14:56:20","guid":{"rendered":"https:\/\/www.hydraulic-cylinders.net\/product\/bucket-cylinder-for-jingong-crawler-excavator-jcm937\/"},"modified":"2025-01-19T14:56:22","modified_gmt":"2025-01-19T14:56:22","slug":"bucket-cylinder-for-jingong-crawler-excavator-jcm937","status":"publish","type":"product","link":"https:\/\/www.hydraulic-cylinders.net\/de\/produkt\/bucket-cylinder-for-jingong-crawler-excavator-jcm937\/","title":{"rendered":"L\u00f6ffelzylinder f\u00fcr Jingong Raupenbagger JCM937"},"content":{"rendered":"<p><h2>L\u00f6ffelzylinder f\u00fcr Jingong Raupenbagger JCM937<\/h2><\/p>\n<p><h3>Einf\u00fchrung<\/h3><\/p>\n<p>Ein Schaufelzylinder ist ein speziell entwickelter Hydraulikzylinder, der haupts\u00e4chlich zur Steuerung der Schaufelbewegung in Baumaschinen wie Baggern, Baggerladern und Radladern eingesetzt wird. Seine Hauptfunktion besteht darin, Materialumschlagsaufgaben zu erleichtern, indem er das Heben, Senken und Neigen der Schaufel erm\u00f6glicht. In Hydrauliksystemen erzielt der Schaufelzylinder durch die Anpassung des Hydraulik\u00f6ldrucks eine pr\u00e4zise Steuerung der Schaufel. Dies erm\u00f6glicht es dem Bediener, schwere Lasten effizient zu handhaben, sich an komplexe Arbeitsumgebungen anzupassen und vielf\u00e4ltige betriebliche Anforderungen zu erf\u00fcllen.<\/p>\n<p><img decoding=\"async\" src=\"https:\/\/www.hydraulic-cylinders.net\/wp-content\/uploads\/2025\/01\/songte-company-2.webp\" alt=\"L\u00f6ffelzylinder f\u00fcr Jingong Raupenbagger JCM937 (Abbildung)\"><\/p>\n<p><h3>Merkmale<\/h3><\/p>\n<ul>\n<li>Hohe Festigkeit und Langlebigkeit: Typischerweise aus hochfestem Stahl oder Aluminium gefertigt, h\u00e4lt es hohem Druck und schweren Belastungen stand, ist f\u00fcr raue Arbeitsumgebungen geeignet und wurde mit Blick auf Verschlei\u00df- und Korrosionsbest\u00e4ndigkeit entwickelt, um seine Lebensdauer zu verl\u00e4ngern.<\/li>\n<li>Effizienter Hydraulikbetrieb: Nutzt den Hydraulik\u00f6ldruck f\u00fcr eine gleichm\u00e4\u00dfige Aus- und Einfahrbewegung, reagiert schnell auf Steuerbefehle und bietet starke Schub- und Zugkr\u00e4fte, die sich f\u00fcr die Handhabung schwerer Lasten und komplexer Arbeitsaufgaben eignen.<\/li>\n<li>Verschiedene Typen: Je nach Bedarf k\u00f6nnen einfachwirkende (hydraulisch nur in eine Richtung) oder doppeltwirkende (hydraulisch in beide Richtungen) Zylinder ausgew\u00e4hlt werden, um unterschiedlichen Betriebsanforderungen gerecht zu werden. Einige Modelle sind teleskopierbar und erm\u00f6glichen so eine gr\u00f6\u00dfere Ausdehnung ohne Vergr\u00f6\u00dferung der Au\u00dfenabmessungen. Sie eignen sich f\u00fcr Anwendungen mit begrenztem Platzangebot.<\/li>\n<li>Anpassbar: Wir k\u00f6nnen dieses Produkt herstellen, und unser Produkt kann diese Hydraulikzylinder perfekt ersetzen.<\/li>\n<\/ul>\n<p><img decoding=\"async\" src=\"https:\/\/www.hydraulic-cylinders.net\/wp-content\/uploads\/2025\/01\/songte-cylinder-head-with-all-kinds-excavator-models.webp\" alt=\"L\u00f6ffelzylinder f\u00fcr Jingong Raupenbagger JCM937 (Abbildung)\"><\/p>\n<p><h3>Anwendungen<\/h3><\/p>\n<p>Eimerzylinder werden in verschiedenen Bereichen weit verbreitet eingesetzt, unter anderem:<\/p>\n<ul>\n<li>Baumaschinen: Bei Baggern sind sie unverzichtbar zum Ausheben, Laden und Bewegen von Erde oder Bauschutt. Bei Tiefladern unterst\u00fctzen Schaufelzylinder sowohl das Ausheben als auch das Heben. Radlader nutzen Schaufelzylinder, um das Heben und Abladen von G\u00fctern effizient zu gestalten.<\/li>\n<li>Landmaschinen: Sie werden in Frontladern zum Schaufeln, Heben und Transportieren von Erde, Heu und anderen Materialien eingesetzt. In Baggern erm\u00f6glichen die Schaufelzylinder das Graben, indem sie das Eindringen der Schaufel in den Boden erlauben.<\/li>\n<\/ul>\n<p><h3>Design\u00fcberlegungen und Auswahlkriterien<\/h3><\/p>\n<p>Aus konstruktiver Sicht sind bei der Auswahl von Schaufelzylindern die wichtigsten Faktoren Tragf\u00e4higkeit, Dichtungsleistung, Langlebigkeit, Sicherheit und Reparierbarkeit. <\/p>\n<ul>\n<li>Tragf\u00e4higkeit: Die Zylinder der Schaufel m\u00fcssen in der Lage sein, das Gewicht und die Kraft der zu transportierenden Materialien zu bew\u00e4ltigen.<\/li>\n<li>Dichtungsleistung: Um eine gute Dichtungsleistung zu gew\u00e4hrleisten, m\u00fcssen verschiedene Dichtungskomponenten wie Kolbendichtungen, Stangendichtungen usw. aus verschlei\u00dffesten Materialien wie Polyurethan, Nitrilkautschuk usw. verwendet werden.<\/li>\n<li>Langlebigkeit: Zylinderk\u00f6rper und Gewindeendfl\u00e4chen m\u00fcssen pr\u00e4zise bearbeitet werden, um die Verschlei\u00dffestigkeit zu verbessern. Regelm\u00e4\u00dfige Schmierung mit ausreichend Hydraulik\u00f6l ist erforderlich, um eine lange Lebensdauer zu gew\u00e4hrleisten.<\/li>\n<li>Sicherheit: Der Zylinder muss ordnungsgem\u00e4\u00df installiert sein und so konstruiert sein, dass unbeabsichtigte Bewegungen oder Unf\u00e4lle verhindert werden.<\/li>\n<li>Reparierbarkeit: Produkte m\u00fcssen so konstruiert sein, dass sie wartungsfreundlich sind und schnell repariert werden k\u00f6nnen.<\/li>\n<\/ul>\n<p><img decoding=\"async\" src=\"https:\/\/www.hydraulic-cylinders.net\/wp-content\/uploads\/2025\/01\/songte-oil-pipes-and-spare-parts.webp\" alt=\"L\u00f6ffelzylinder f\u00fcr Jingong Raupenbagger JCM937 (Abbildung)\"><\/p>\n<p><h3>Abdichtung und Schmierung<\/h3><\/p>\n<p>Um eine optimale Dichtleistung zu gew\u00e4hrleisten, m\u00fcssen verschiedene Dichtungselemente wie Kolben- und Stangendichtungen aus verschlei\u00dffesten Materialien wie Polyurethan oder Nitrilkautschuk verwendet werden. Zylinderk\u00f6rper und Gewindeendfl\u00e4chen m\u00fcssen pr\u00e4zise bearbeitet werden, um die Verschlei\u00dffestigkeit zu verbessern. Regelm\u00e4\u00dfige Schmierung mit ausreichend Hydraulik\u00f6l ist f\u00fcr eine lange Lebensdauer unerl\u00e4sslich.<\/p>\n<p><h3>Wartung und Reparatur<\/h3><\/p>\n<p>Zur Instandhaltung des Schaufelzylinders sind regelm\u00e4\u00dfige Inspektionen, ordnungsgem\u00e4\u00dfe Schmierung, Dichtungsaustausch und Kalibrierungspr\u00fcfungen erforderlich.<\/p>\n<ul>\n<li>Inspektion: Eine regelm\u00e4\u00dfige Inspektion des Zylinderk\u00f6rpers und der Gewindeenden ist erforderlich, um deren einwandfreie Funktion zu gew\u00e4hrleisten.<\/li>\n<li>Schmierung: Eine ordnungsgem\u00e4\u00dfe Schmierung ist notwendig, um die Langlebigkeit des Zylinders zu gew\u00e4hrleisten und Sch\u00e4den durch mangelnde Schmierung zu vermeiden.<\/li>\n<li>Dichtungswechsel: Der Austausch der Dichtungen ist unerl\u00e4sslich, um die Dichtungsleistung des Zylinders zu gew\u00e4hrleisten, die im Laufe der Zeit beeintr\u00e4chtigt werden kann.<\/li>\n<\/ul>\n<p><img decoding=\"async\" src=\"https:\/\/www.hydraulic-cylinders.net\/wp-content\/uploads\/2025\/01\/songte-chushion-collar.webp\" alt=\"L\u00f6ffelzylinder f\u00fcr Jingong Raupenbagger JCM937 (Abbildung)\"><\/p>\n<p><h3>Sicherheits- und Umweltaspekte<\/h3><\/p>\n<p>Beim Einsatz von Hubzylindern m\u00fcssen Sicherheitsvorkehrungen getroffen werden, um Unf\u00e4lle zu vermeiden. Es ist au\u00dferdem unerl\u00e4sslich, die Einhaltung der Umweltvorschriften bei der Entsorgung von Alt\u00f6l oder Hydraulikfl\u00fcssigkeiten sicherzustellen.<\/p>\n<p><h3>Fehlerbehebung und h\u00e4ufige Probleme<\/h3><\/p>\n<p>Im Folgenden werden einige h\u00e4ufige Probleme und L\u00f6sungen f\u00fcr Schaufelzylinder aufgef\u00fchrt:<\/p>\n<ul>\n<li>\u00d6lleckage: \u00dcberpr\u00fcfen Sie die Dichtungskomponenten, tauschen Sie sie gegebenenfalls aus und stellen Sie sicher, dass sie korrekt eingebaut und ordnungsgem\u00e4\u00df angezogen sind.<\/li>\n<li>Langsames Aus- oder Einfahren: \u00dcberpr\u00fcfen Sie die Hydraulik\u00f6lzufuhr, die Filter und die Ventile und stellen Sie sicher, dass diese sauber und frei von Besch\u00e4digungen oder Verstopfungen sind.<\/li>\n<li>\u00dcberm\u00e4\u00dfige Ger\u00e4usche oder Vibrationen: Pr\u00fcfen Sie Zylinderk\u00f6rper, Pleuelstange und Kolben auf Besch\u00e4digungen oder Verschlei\u00df und tauschen Sie diese gegebenenfalls aus.<\/li>\n<\/ul>\n<p><img decoding=\"async\" src=\"https:\/\/www.hydraulic-cylinders.net\/wp-content\/uploads\/2025\/01\/songte-bushings-with-all-kinds-of-excavator-models.webp\" alt=\"L\u00f6ffelzylinder f\u00fcr Jingong Raupenbagger JCM937 (Abbildung)\"><\/p>\n<p><h3>\u00dcber unser Unternehmen<\/h3><\/p>\n<p>Wir sind ein Hersteller von Hydraulikzylindern mit einem umfassenden Produktsortiment. Wir z\u00e4hlen zu den f\u00fchrenden Herstellern und Gro\u00dfh\u00e4ndlern von Hydraulikzylindern auf nationalen und internationalen M\u00e4rkten. Wir setzen auf h\u00f6chste Qualit\u00e4t und nutzen die industriellen Produktionsmanagementstrategien unserer modernen Fertigungswerkst\u00e4tten. Dank unserer qualifizierten Fachkr\u00e4fte, modernster digitaler Fertigungsanlagen und professioneller Testsysteme optimieren wir kontinuierlich unsere Fertigungsprozesse, perfektionieren die Produktqualit\u00e4t und verf\u00fcgen \u00fcber ausgepr\u00e4gte Innovationskraft. Wir erf\u00fcllen die vielf\u00e4ltigen Bed\u00fcrfnisse unserer Kunden durch h\u00f6chste Effizienz, Pr\u00e4zision und Qualit\u00e4t.<\/p>\n<p><img decoding=\"async\" src=\"https:\/\/hzpt.com\/wp-content\/uploads\/2024\/11\/songte-company-1.webp\" alt=\"L\u00f6ffelzylinder f\u00fcr Jingong Raupenbagger JCM937 (Abbildung)\"><\/p>\n<p>Wir bieten professionelle, international zertifizierte und ma\u00dfgeschneiderte Dienstleistungen mit modernster Produktionsausr\u00fcstung und exzellentem Kundendienst.<\/p>\n<ul>\n<li>Professionalit\u00e4t: Dank jahrelanger Erfahrung sind wir zu Experten auf dem Gebiet der Hydraulikzylinder geworden.<\/li>\n<li>Internationale Zertifizierung: Unsere Produkte haben verschiedene internationale Zertifizierungen bestanden, die ihre h\u00f6chste Qualit\u00e4t gew\u00e4hrleisten.<\/li>\n<li>Kundenspezifische Dienstleistungen: Wir bieten ma\u00dfgeschneiderte Dienstleistungen an, um den individuellen Bed\u00fcrfnissen unserer Kunden gerecht zu werden.<\/li>\n<li>Produktionsanlagen: Wir verwenden moderne Produktionsanlagen, um sicherzustellen, dass unsere Produkte von h\u00f6chster Qualit\u00e4t sind.<\/li>\n<li>Kundendienst: Wir bieten einen exzellenten Kundendienst, um sicherzustellen, dass unsere Kunden mit unseren Produkten zufrieden sind.<\/li>\n<\/ul>\n<p><img decoding=\"async\" src=\"https:\/\/www.hydraulic-cylinders.net\/wp-content\/uploads\/2025\/01\/songte-company-3.webp\" alt=\"L\u00f6ffelzylinder f\u00fcr Jingong Raupenbagger JCM937 (Abbildung)\"><\/p>\n<p>Autor: lyl<\/p>","protected":false},"excerpt":{"rendered":"<p>Bucket Cylinder For Jingong Crawler Excavator JCM937 Introduction A bucket cylinder is a specially designed hydraulic cylinder primarily used to control the movement of buckets in heavy machinery such as excavators, backhoe excavators, and front-end loaders. Its main function is to facilitate material handling tasks by allowing the bucket to be lifted, lowered, and tilted [&hellip;]<\/p>","protected":false},"featured_media":14776,"comment_status":"open","ping_status":"closed","template":"","meta":{"_et_pb_use_builder":"","_et_pb_old_content":"","_et_gb_content_width":""},"product_brand":[],"product_cat":[1494],"product_tag":[1495,1496],"class_list":{"0":"post-15755","1":"product","2":"type-product","3":"status-publish","4":"has-post-thumbnail","6":"product_cat-bucket-cylinders","7":"product_tag-bucket-cylinders","8":"product_tag-hydraulic-cylinders","10":"first","11":"instock","12":"shipping-taxable","13":"product-type-simple"},"amp_enabled":true,"_links":{"self":[{"href":"https:\/\/www.hydraulic-cylinders.net\/de\/wp-json\/wp\/v2\/product\/15755","targetHints":{"allow":["GET"]}}],"collection":[{"href":"https:\/\/www.hydraulic-cylinders.net\/de\/wp-json\/wp\/v2\/product"}],"about":[{"href":"https:\/\/www.hydraulic-cylinders.net\/de\/wp-json\/wp\/v2\/types\/product"}],"replies":[{"embeddable":true,"href":"https:\/\/www.hydraulic-cylinders.net\/de\/wp-json\/wp\/v2\/comments?post=15755"}],"wp:featuredmedia":[{"embeddable":true,"href":"https:\/\/www.hydraulic-cylinders.net\/de\/wp-json\/wp\/v2\/media\/14776"}],"wp:attachment":[{"href":"https:\/\/www.hydraulic-cylinders.net\/de\/wp-json\/wp\/v2\/media?parent=15755"}],"wp:term":[{"taxonomy":"product_brand","embeddable":true,"href":"https:\/\/www.hydraulic-cylinders.net\/de\/wp-json\/wp\/v2\/product_brand?post=15755"},{"taxonomy":"product_cat","embeddable":true,"href":"https:\/\/www.hydraulic-cylinders.net\/de\/wp-json\/wp\/v2\/product_cat?post=15755"},{"taxonomy":"product_tag","embeddable":true,"href":"https:\/\/www.hydraulic-cylinders.net\/de\/wp-json\/wp\/v2\/product_tag?post=15755"}],"curies":[{"name":"wp","href":"https:\/\/api.w.org\/{rel}","templated":true}]}}