{"id":15797,"date":"2025-01-19T15:00:00","date_gmt":"2025-01-19T15:00:00","guid":{"rendered":"https:\/\/www.hydraulic-cylinders.net\/product\/bucket-cylinder-for-carter-ct45-7b\/"},"modified":"2025-01-19T15:00:03","modified_gmt":"2025-01-19T15:00:03","slug":"bucket-cylinder-for-carter-ct45-7b","status":"publish","type":"product","link":"https:\/\/www.hydraulic-cylinders.net\/de\/produkt\/bucket-cylinder-for-carter-ct45-7b\/","title":{"rendered":"Schaufelzylinder f\u00fcr Carter CT45-7B"},"content":{"rendered":"<h2>Schaufelzylinder f\u00fcr Carter CT45-7B<\/h2>\n<p><img decoding=\"async\" src=\"https:\/\/www.hydraulic-cylinders.net\/wp-content\/uploads\/2025\/01\/songte-company-2.webp\"><\/p>\n<h3>Einf\u00fchrung<\/h3>\n<p>Der Schaufelzylinder f\u00fcr den Carter CT45-7B ist ein speziell entwickelter Hydraulikzylinder zur Steuerung der Schaufelbewegung in schweren Maschinen wie Baggern, Baggerladern und Frontladern. Seine Hauptfunktion besteht darin, das Heben, Senken und Kippen der Schaufel zu erm\u00f6glichen und so verschiedene Materialhandhabungsaufgaben zu erleichtern. In einem Hydrauliksystem erm\u00f6glicht der Schaufelzylinder eine pr\u00e4zise Steuerung der Schaufel durch Ausnutzung der Druck\u00e4nderungen des Hydraulik\u00f6ls. So k\u00f6nnen Bediener schwere Lasten effizient handhaben und sich an komplexe Arbeitsumgebungen und unterschiedliche Betriebsanforderungen anpassen.<\/p>\n<h3>Merkmale<\/h3>\n<ul>\n<li>Hohe Festigkeit und Langlebigkeit: Der Schaufelzylinder besteht typischerweise aus hochfestem Stahl oder Aluminium und h\u00e4lt hohem Druck und schweren Lasten stand. Er passt sich so auch rauen Arbeitsbedingungen an. Die Konstruktion ber\u00fccksichtigt Verschlei\u00dffestigkeit und Korrosionsbest\u00e4ndigkeit und verl\u00e4ngert so die Lebensdauer.<\/li>\n<li>Effizienter Hydraulikbetrieb: Durch die Nutzung des Hydraulik\u00f6ldrucks erm\u00f6glicht der Schaufelzylinder ein sanftes Ausfahren und Einfahren, bietet eine schnelle Reaktion auf Steuerbefehle und liefert starke Schub- und Zugkr\u00e4fte, die f\u00fcr die Handhabung schwerer Lasten und komplexe Aufgaben geeignet sind.<\/li>\n<li>Verschiedene Ausf\u00fchrungen: Der Schaufelzylinder kann je nach Einsatzbedarf als einfachwirkender (Hydraulikdruck nur in eine Richtung) oder doppeltwirkender (Hydraulikdruck in beide Richtungen) Zylinder gew\u00e4hlt werden. Einige Modelle sind teleskopierbar und erm\u00f6glichen so eine gr\u00f6\u00dfere Ausfahrbarkeit ohne Vergr\u00f6\u00dferung der Au\u00dfenma\u00dfe, ideal f\u00fcr Anwendungen mit begrenztem Platzangebot.<\/li>\n<li>Austausch von Hydraulikzylindern: Unsere Produkte k\u00f6nnen diese Hydraulikzylinder perfekt ersetzen. <img decoding=\"async\" src=\"https:\/\/www.hydraulic-cylinders.net\/wp-content\/uploads\/2025\/01\/songte-cylinder-head-with-all-kinds-excavator-models.webp\"><\/li>\n<\/ul>\n<h3>Anwendungen<\/h3>\n<p>Der Schaufelzylinder f\u00fcr Carter CT45-7B findet Anwendung in verschiedenen Branchen:<\/p>\n<ol>\n<li>Baumaschinen: Bei Baggern sind sie f\u00fcr das Graben, Laden und Bewegen von Erde oder Schutt unerl\u00e4sslich. Bei Baggerladern unterst\u00fctzt der Schaufelzylinder sowohl das Ausheben als auch das Heben.<\/li>\n<li>Landwirtschaftliche Maschinen: Wird in Frontladern zum Schaufeln, Heben und Transportieren von Erde, Heu und anderen Materialien verwendet.<\/li>\n<li>Bagger: Der Schaufelzylinder erm\u00f6glicht Grabvorg\u00e4nge, indem er der Schaufel das Eindringen in den Boden erm\u00f6glicht.<\/li>\n<li>Frontlader: Frontlader helfen beim effizienten Anheben und Abladen von G\u00fctern.<\/li>\n<\/ol>\n<h3>Design\u00fcberlegungen und Auswahlkriterien<\/h3>\n<p>Zu den Konstruktions\u00fcberlegungen f\u00fcr den Schaufelzylinder geh\u00f6ren:<\/p>\n<ul>\n<li>Belastbarkeit<\/li>\n<li>Versiegelung<\/li>\n<li>Haltbarkeit<\/li>\n<li>Sicherheit<\/li>\n<li>Wartbarkeit<\/li>\n<\/ul>\n<p><img decoding=\"async\" src=\"https:\/\/www.hydraulic-cylinders.net\/wp-content\/uploads\/2025\/01\/songte-oil-pipes-and-spare-parts.webp\"><\/p>\n<h3>Abdichtung und Schmierung<\/h3>\n<p>Der Schaufelzylinder verf\u00fcgt \u00fcber verschiedene Dichtungselemente wie Kolben- und Stangendichtungen aus verschlei\u00dffesten Materialien wie Polyurethan und Nitrilkautschuk. Zylinderk\u00f6rper und Gewindeenden sind zur Verbesserung der Verschlei\u00dffestigkeit feinbearbeitet. Regelm\u00e4\u00dfige Schmierung mit einer angemessenen Menge Hydraulik\u00f6l ist erforderlich.<\/p>\n<h3>Inspektion und vorbeugende Wartung<\/h3>\n<p>Regelm\u00e4\u00dfige Inspektionen und vorbeugende Wartung sind f\u00fcr die ordnungsgem\u00e4\u00dfe Funktion des L\u00f6ffelzylinders unerl\u00e4sslich. Zu den zu ber\u00fccksichtigenden Ma\u00dfnahmen geh\u00f6ren:<\/p>\n<ul>\n<li>Regelm\u00e4\u00dfige Kontrollen<\/li>\n<li>Richtige Schmierung<\/li>\n<li>Dichtungswechsel<\/li>\n<li>Kalibrierungspr\u00fcfungen<\/li>\n<\/ul>\n<p><img decoding=\"async\" src=\"https:\/\/www.hydraulic-cylinders.net\/wp-content\/uploads\/2025\/01\/songte-chushion-collar.webp\"><\/p>\n<h3>Sicherheitsaspekte und Umweltfaktoren<\/h3>\n<p>Die Bedeutung von Sicherheitsma\u00dfnahmen beim Einsatz des Schaufelzylinders kann nicht genug betont werden. Um einen sicheren und effizienten Betrieb zu gew\u00e4hrleisten, ist die Einhaltung von Sicherheitsprotokollen und die Ber\u00fccksichtigung von Umweltfaktoren unerl\u00e4sslich.<\/p>\n<h3>Fehlerdiagnose und h\u00e4ufige Probleme<\/h3>\n<p>Bei St\u00f6rungen oder h\u00e4ufigen Problemen ist eine schnelle Diagnose und L\u00f6sung unerl\u00e4sslich. Hier sind einige Tipps und L\u00f6sungen zur Fehlerbehebung:<\/p>\n<p><img decoding=\"async\" src=\"https:\/\/www.hydraulic-cylinders.net\/wp-content\/uploads\/2025\/01\/songte-bushings-with-all-kinds-of-excavator-models.webp\"><\/p>\n<h3>Wartungsaufgaben<\/h3>\n<p>Zu den \u00fcblichen Wartungsaufgaben am L\u00f6ffelzylinder geh\u00f6ren regelm\u00e4\u00dfige Kontrollen, ordnungsgem\u00e4\u00dfe Schmierung, Dichtungswechsel und Kalibrierungspr\u00fcfungen. Die Bedeutung der ordnungsgem\u00e4\u00dfen Installation, Schmierung und Einstellung wird hervorgehoben. Es werden Anleitungen zur richtigen Ausrichtung w\u00e4hrend der Installation, die Verwendung geeigneter Halterungen zur Befestigung des Zylinders, empfohlene Inspektions-, Reparatur- und Austauschverfahren sowie Tipps zur Verl\u00e4ngerung der Lebensdauer des L\u00f6ffelzylinders gegeben.<\/p>\n<h3>\u00dcber unser Unternehmen<\/h3>\n<p>Wir sind ein f\u00fchrender Hersteller und Gro\u00dfh\u00e4ndler von Hydraulikzylindern auf dem nationalen und internationalen Markt. Unser Unternehmen bietet eine umfassende Produktpalette und verfolgt eine Strategie des industrialisierten Produktionsmanagements. Dabei setzen wir auf talentierte Fachkr\u00e4fte, fortschrittliche digitale Fertigungsanlagen und professionelle Pr\u00fcfsysteme. Mit dem Fokus auf exzellente Qualit\u00e4t verbessert unser Unternehmen kontinuierlich die Fertigungsplattform und perfektioniert den Produktionsweg f\u00fcr Produktqualit\u00e4t. Wir verf\u00fcgen \u00fcber ausgepr\u00e4gte Kreativit\u00e4t und streben danach, vielf\u00e4ltige Kundenbed\u00fcrfnisse mit hoher Effizienz, Pr\u00e4zision und Qualit\u00e4t zu erf\u00fcllen.<\/p>\n<p><img decoding=\"async\" src=\"https:\/\/www.hydraulic-cylinders.net\/wp-content\/uploads\/2025\/01\/songte-company-3.webp\"><\/p>\n<p>Unser Unternehmen ist bekannt f\u00fcr:<\/p>\n<ul>\n<li>Professionalit\u00e4t<\/li>\n<li>Internationale Zertifizierungen<\/li>\n<li>Anpassungsdienste<\/li>\n<li>Produktionsausr\u00fcstung<\/li>\n<li>Kundendienst<\/li>\n<\/ul>\n<p>Denken Sie daran, den Artikel logisch zu strukturieren, verwenden Sie Unter\u00fcberschriften zur einfacheren Navigation, f\u00fcgen Sie relevante Bilder oder Diagramme zum besseren Verst\u00e4ndnis ein und stellen Sie sicher, dass der Inhalt klar, pr\u00e4gnant und f\u00fcr Leser mit unterschiedlichem technischen Kenntnisstand geeignet ist.<\/p>\n<p>Autor: lyl<\/p>\n<p><img decoding=\"async\" src=\"https:\/\/hzpt.com\/wp-content\/uploads\/2024\/11\/songte-company-1.webp\"><\/p>","protected":false},"excerpt":{"rendered":"<p>Bucket Cylinder For Carter CT45-7B Introduction The bucket cylinder for Carter CT45-7B is a specially designed hydraulic cylinder used to control the movement of the bucket in heavy machinery such as excavators, backhoe loaders, and front-end loaders. Its main function is to allow the bucket to lift, lower, and tilt, making it easier for various [&hellip;]<\/p>","protected":false},"featured_media":14782,"comment_status":"open","ping_status":"closed","template":"","meta":{"_et_pb_use_builder":"","_et_pb_old_content":"","_et_gb_content_width":""},"product_brand":[],"product_cat":[1494],"product_tag":[1495,1496],"class_list":{"0":"post-15797","1":"product","2":"type-product","3":"status-publish","4":"has-post-thumbnail","6":"product_cat-bucket-cylinders","7":"product_tag-bucket-cylinders","8":"product_tag-hydraulic-cylinders","10":"first","11":"instock","12":"shipping-taxable","13":"product-type-simple"},"amp_enabled":true,"_links":{"self":[{"href":"https:\/\/www.hydraulic-cylinders.net\/de\/wp-json\/wp\/v2\/product\/15797","targetHints":{"allow":["GET"]}}],"collection":[{"href":"https:\/\/www.hydraulic-cylinders.net\/de\/wp-json\/wp\/v2\/product"}],"about":[{"href":"https:\/\/www.hydraulic-cylinders.net\/de\/wp-json\/wp\/v2\/types\/product"}],"replies":[{"embeddable":true,"href":"https:\/\/www.hydraulic-cylinders.net\/de\/wp-json\/wp\/v2\/comments?post=15797"}],"wp:featuredmedia":[{"embeddable":true,"href":"https:\/\/www.hydraulic-cylinders.net\/de\/wp-json\/wp\/v2\/media\/14782"}],"wp:attachment":[{"href":"https:\/\/www.hydraulic-cylinders.net\/de\/wp-json\/wp\/v2\/media?parent=15797"}],"wp:term":[{"taxonomy":"product_brand","embeddable":true,"href":"https:\/\/www.hydraulic-cylinders.net\/de\/wp-json\/wp\/v2\/product_brand?post=15797"},{"taxonomy":"product_cat","embeddable":true,"href":"https:\/\/www.hydraulic-cylinders.net\/de\/wp-json\/wp\/v2\/product_cat?post=15797"},{"taxonomy":"product_tag","embeddable":true,"href":"https:\/\/www.hydraulic-cylinders.net\/de\/wp-json\/wp\/v2\/product_tag?post=15797"}],"curies":[{"name":"wp","href":"https:\/\/api.w.org\/{rel}","templated":true}]}}