{"id":15832,"date":"2025-01-19T15:02:45","date_gmt":"2025-01-19T15:02:45","guid":{"rendered":"https:\/\/www.hydraulic-cylinders.net\/product\/bucket-cylinder-for-yanmar-sv08-1a\/"},"modified":"2025-01-19T15:02:47","modified_gmt":"2025-01-19T15:02:47","slug":"bucket-cylinder-for-yanmar-sv08-1a","status":"publish","type":"product","link":"https:\/\/www.hydraulic-cylinders.net\/de\/produkt\/bucket-cylinder-for-yanmar-sv08-1a\/","title":{"rendered":"Schaufelzylinder f\u00fcr Yanmar SV08-1A"},"content":{"rendered":"<h1>Schaufelzylinder f\u00fcr Yanmar SV08-1A<\/h1>\n<h2>Einf\u00fchrung<\/h2>\n<p>Der Schaufelzylinder f\u00fcr den Yanmar SV08-1A ist ein speziell entwickelter Hydraulikzylinder, der prim\u00e4r zur Steuerung der Schaufelbewegung in Baumaschinen wie Baggern, Baggerladern und Radladern dient. Seine Hauptfunktion besteht darin, das Heben, Senken und Neigen der Schaufel zu erm\u00f6glichen und so den Umgang mit schweren Materialien zu erleichtern. Im Hydrauliksystem gew\u00e4hrleistet der Schaufelzylinder durch die Anpassung des Hydraulik\u00f6ldrucks eine pr\u00e4zise Steuerung der Schaufel. Dies erlaubt dem Bediener, schwere Lasten effizient zu handhaben und sich an komplexe Arbeitsumgebungen und vielf\u00e4ltige Betriebsanforderungen anzupassen.<\/p>\n<p><img decoding=\"async\" src=\"https:\/\/www.hydraulic-cylinders.net\/wp-content\/uploads\/2025\/01\/songte-company-2.webp\"\/><\/p>\n<h2>Merkmale<\/h2>\n<ul>\n<li>\n<h3>Hohe Festigkeit und Haltbarkeit<\/h3>\n<p>Die Zylinder von Schaufelradf\u00f6rderanlagen bestehen \u00fcblicherweise aus hochfestem Stahl oder Aluminium, sind in der Lage, hohem Druck und schweren Lasten standzuhalten, und sind auf Verschlei\u00df- und Korrosionsbest\u00e4ndigkeit ausgelegt, was ihre Lebensdauer verl\u00e4ngert.<\/p>\n<\/li>\n<li>\n<h3>Effizienter Hydraulikbetrieb<\/h3>\n<p>Die Zylinder der Schaufel nutzen den Druck von Hydraulik\u00f6l, um ein gleichm\u00e4\u00dfiges Aus- und Einfahren zu erreichen. Sie reagieren schnell auf Steuerbefehle und bieten starke Schub- und Zugkr\u00e4fte, die f\u00fcr den Umgang mit schweren Gegenst\u00e4nden und komplexen Arbeitsaufgaben geeignet sind.<\/p>\n<\/li>\n<li>\n<h3>Verschiedene Arten<\/h3>\n<p>Je nach Einsatzbedarf k\u00f6nnen die Zylinder von Schaufeln einfach- oder doppeltwirkend sein (hydraulisch in eine oder beide Richtungen wirken). Einige Modelle sind teleskopierbar und erm\u00f6glichen so eine gr\u00f6\u00dfere Ausladung ohne Vergr\u00f6\u00dferung der Au\u00dfenabmessungen \u2013 ideal f\u00fcr beengte Platzverh\u00e4ltnisse.<\/p>\n<\/li>\n<li>\n<h3>Perfekter Ersatz<\/h3>\n<p>Unsere Produkte k\u00f6nnen diese Hydraulikzylinder perfekt ersetzen.<\/p>\n<p>      <img decoding=\"async\" src=\"https:\/\/www.hydraulic-cylinders.net\/wp-content\/uploads\/2025\/01\/songte-cylinder-head-with-all-kinds-excavator-models.webp\"\/>\n  <\/li>\n<\/ul>\n<h2>Anwendungen<\/h2>\n<p>Eimerzylinder werden in verschiedenen Bereichen eingesetzt, zum Beispiel:<\/p>\n<ul>\n<li>\n<h3>Baumaschinen<\/h3>\n<p>Bei Baggern sind sie unverzichtbar zum Graben, Laden und Bewegen von Erde oder Bauschutt. Bei Baggerladern unterst\u00fctzen die Schaufelzylinder sowohl das Graben als auch das Heben. <\/p>\n<p>Bei Frontladern helfen sie beim effektiven Anheben und Abladen von G\u00fctern.<\/p>\n<\/li>\n<li>\n<h3>Landmaschinen<\/h3>\n<p>Sie werden in Radladern zum Schaufeln, Anheben und Transportieren von Erde, Heu und anderen Materialien eingesetzt. In Baggern erm\u00f6glichen Schaufelzylinder das Graben, indem sie das Eindringen der Schaufel in den Boden erlauben. <\/p>\n<\/li>\n<\/ul>\n<h2>Design- und Auswahlstandards<\/h2>\n<p>Bei der Konstruktion von Schaufelzylindern werden unter Ber\u00fccksichtigung folgender Aspekte geachtet:<\/p>\n<ul>\n<li>\n<h3>Tragf\u00e4higkeit<\/h3>\n<p>Der Zylinder des L\u00f6ffels muss in der Lage sein, das Gewicht der Last und den Hydraulikdruck zu tragen.<\/p>\n<\/li>\n<li>\n<h3>Versiegelung<\/h3>\n<p>Der Zylinder des L\u00f6ffels muss abgedichtet sein, um Hydraulik\u00f6llecks und Umweltverschmutzung zu verhindern. <\/p>\n<\/li>\n<li>\n<h3>Haltbarkeit<\/h3>\n<p>Der Eimerzylinder muss robust genug sein, um den rauen Umgebungsbedingungen, in denen er eingesetzt wird, standzuhalten und Verschlei\u00df im Laufe der Zeit zu widerstehen.<\/p>\n<\/li>\n<li>\n<h3>Sicherheit<\/h3>\n<p>Der Zylinder des L\u00f6ffels muss so konstruiert sein, dass Unf\u00e4lle vermieden und die Sicherheit des Bedieners w\u00e4hrend des Gebrauchs gew\u00e4hrleistet wird.<\/p>\n<\/li>\n<li>\n<h3>Wartbarkeit<\/h3>\n<p>Der Schaufelzylinder muss so konstruiert sein, dass er leicht gewartet und repariert werden kann, Ersatzteile leicht erh\u00e4ltlich sind und \u00dcberholungsdienste angeboten werden, um die Lebensdauer des Produkts zu verl\u00e4ngern.<\/p>\n<p>      <img decoding=\"async\" src=\"https:\/\/www.hydraulic-cylinders.net\/wp-content\/uploads\/2025\/01\/songte-oil-pipes-and-spare-parts.webp\"\/>\n  <\/li>\n<\/ul>\n<h2>Abdichtung und Schmierung<\/h2>\n<p>Die Zylinder von Schaufelradpumpen verwenden verschiedene Dichtungstypen, wie Kolben- und Stangendichtungen, die aus verschlei\u00dffesten Materialien wie Polyurethan und Nitrilkautschuk gefertigt sind. Zylinderk\u00f6rper und Gewindeendfl\u00e4che sind pr\u00e4zisionsbearbeitet, um die Verschlei\u00dffestigkeit zu verbessern. Regelm\u00e4\u00dfige Schmierung mit geeignetem Hydraulik\u00f6l ist f\u00fcr den einwandfreien Betrieb unerl\u00e4sslich.<\/p>\n<h2>Wartung und Reparatur<\/h2>\n<p>Zu den regelm\u00e4\u00dfigen Wartungsarbeiten an Baggerzylindern geh\u00f6ren die \u00dcberpr\u00fcfung, Schmierung, der Austausch von Dichtungen und die Kalibrierung. Eine fachgerechte Montage, Schmierung und Justierung sind unerl\u00e4sslich f\u00fcr eine optimale Leistung. Es wird empfohlen, geeignete Montagehalterungen zur Befestigung des Zylinders zu verwenden und die empfohlenen Inspektions-, Reparatur- und Austauschverfahren zu befolgen, um die Lebensdauer des Produkts zu verl\u00e4ngern.<\/p>\n<p><img decoding=\"async\" src=\"https:\/\/www.hydraulic-cylinders.net\/wp-content\/uploads\/2025\/01\/songte-chushion-collar.webp\"\/><\/p>\n<h2>Sicherheitsaspekte und Umweltfaktoren<\/h2>\n<p>Eimerzylinder m\u00fcssen unter Einhaltung geeigneter Sicherheitsvorkehrungen verwendet werden, um Unf\u00e4lle und Verletzungen zu vermeiden. Umwelteinfl\u00fcsse wie Temperatur, Luftfeuchtigkeit und Staub k\u00f6nnen die Leistung und Lebensdauer des Zylinders beeintr\u00e4chtigen.<\/p>\n<p><img decoding=\"async\" src=\"https:\/\/hzpt.com\/wp-content\/uploads\/2024\/11\/songte-company-1.webp\"\/><\/p>\n<h2>Unternehmensvorstellung<\/h2>\n<p>Wir sind ein Hersteller von Hydraulikzylindern und bieten ein umfassendes Produktsortiment. Wir z\u00e4hlen zu den f\u00fchrenden Herstellern und Gro\u00dfh\u00e4ndlern von Hydraulikzylindern auf nationalen und internationalen M\u00e4rkten. Wir setzen auf h\u00f6chste Qualit\u00e4t und nutzen eine moderne Fertigungsstrategie mit fortschrittlichen Produktionsanlagen. Durch die kontinuierliche Verbesserung unserer Fertigungsplattform und die Optimierung unserer Produktionslinien sowie unsere ausgepr\u00e4gte Innovationskraft erf\u00fcllen wir die vielf\u00e4ltigen Bed\u00fcrfnisse unserer Kunden mit h\u00f6chster Effizienz, Pr\u00e4zision und Qualit\u00e4t.<\/p>\n<p>Unser Unternehmen hat sich der Bereitstellung professioneller, international zertifizierter und kundenspezifischer Dienstleistungen verschrieben. Wir setzen modernste Produktionsanlagen und professionelle Pr\u00fcfsysteme ein, um die Qualit\u00e4t unserer Produkte kontinuierlich zu verbessern. Dar\u00fcber hinaus bieten wir einen Kundendienst, um die Kundenzufriedenheit zu gew\u00e4hrleisten und die Lebensdauer unserer Produkte zu verl\u00e4ngern.<\/p>\n<p><img decoding=\"async\" src=\"https:\/\/www.hydraulic-cylinders.net\/wp-content\/uploads\/2025\/01\/songte-company-3.webp\"\/><\/p>\n<p>Autor: lyl<\/p>","protected":false},"excerpt":{"rendered":"<p>Bucket Cylinder For Yanmar SV08-1A Introduction The bucket cylinder for Yanmar SV08-1A is a specially designed hydraulic cylinder used primarily to control the movement of the bucket in heavy machinery such as excavators, backhoe loaders, and front-end loaders. Its main function is to enable the bucket to lift, lower, and tilt, making it easier to [&hellip;]<\/p>","protected":false},"featured_media":14771,"comment_status":"open","ping_status":"closed","template":"","meta":{"_et_pb_use_builder":"","_et_pb_old_content":"","_et_gb_content_width":""},"product_brand":[],"product_cat":[1494],"product_tag":[1495,1496],"class_list":{"0":"post-15832","1":"product","2":"type-product","3":"status-publish","4":"has-post-thumbnail","6":"product_cat-bucket-cylinders","7":"product_tag-bucket-cylinders","8":"product_tag-hydraulic-cylinders","10":"first","11":"instock","12":"shipping-taxable","13":"product-type-simple"},"amp_enabled":true,"_links":{"self":[{"href":"https:\/\/www.hydraulic-cylinders.net\/de\/wp-json\/wp\/v2\/product\/15832","targetHints":{"allow":["GET"]}}],"collection":[{"href":"https:\/\/www.hydraulic-cylinders.net\/de\/wp-json\/wp\/v2\/product"}],"about":[{"href":"https:\/\/www.hydraulic-cylinders.net\/de\/wp-json\/wp\/v2\/types\/product"}],"replies":[{"embeddable":true,"href":"https:\/\/www.hydraulic-cylinders.net\/de\/wp-json\/wp\/v2\/comments?post=15832"}],"wp:featuredmedia":[{"embeddable":true,"href":"https:\/\/www.hydraulic-cylinders.net\/de\/wp-json\/wp\/v2\/media\/14771"}],"wp:attachment":[{"href":"https:\/\/www.hydraulic-cylinders.net\/de\/wp-json\/wp\/v2\/media?parent=15832"}],"wp:term":[{"taxonomy":"product_brand","embeddable":true,"href":"https:\/\/www.hydraulic-cylinders.net\/de\/wp-json\/wp\/v2\/product_brand?post=15832"},{"taxonomy":"product_cat","embeddable":true,"href":"https:\/\/www.hydraulic-cylinders.net\/de\/wp-json\/wp\/v2\/product_cat?post=15832"},{"taxonomy":"product_tag","embeddable":true,"href":"https:\/\/www.hydraulic-cylinders.net\/de\/wp-json\/wp\/v2\/product_tag?post=15832"}],"curies":[{"name":"wp","href":"https:\/\/api.w.org\/{rel}","templated":true}]}}