{"id":15833,"date":"2025-01-19T15:02:51","date_gmt":"2025-01-19T15:02:51","guid":{"rendered":"https:\/\/www.hydraulic-cylinders.net\/product\/bucket-cylinder-for-yanmar-vi030-6b\/"},"modified":"2025-01-19T15:02:57","modified_gmt":"2025-01-19T15:02:57","slug":"bucket-cylinder-for-yanmar-vi030-6b","status":"publish","type":"product","link":"https:\/\/www.hydraulic-cylinders.net\/de\/produkt\/bucket-cylinder-for-yanmar-vi030-6b\/","title":{"rendered":"Schaufelzylinder f\u00fcr Yanmar VI030-6B"},"content":{"rendered":"<h1>Schaufelzylinder f\u00fcr Yanmar VI030-6B<\/h1>\n<h2>Einf\u00fchrung<\/h2>\n<p>Der Schaufelzylinder ist ein speziell entwickelter Hydraulikzylinder, der prim\u00e4r zur Steuerung der Schaufelbewegung in Baumaschinen wie Baggern, Baggerladern und Radladern dient. Seine Hauptfunktion besteht darin, das Heben, Senken und Neigen der Schaufel zu erm\u00f6glichen und so verschiedene Materialumschlagsaufgaben zu erleichtern. Im Hydrauliksystem steuert der Schaufelzylinder die pr\u00e4zise Bewegung der Schaufel durch \u00c4nderungen des Hydraulik\u00f6ldrucks. Dies erm\u00f6glicht es dem Bediener, schwere Lasten effizient zu handhaben und sich an komplexe Arbeitsumgebungen und vielf\u00e4ltige Betriebsanforderungen anzupassen.<\/p>\n<p><img decoding=\"async\" src=\"https:\/\/www.hydraulic-cylinders.net\/wp-content\/uploads\/2025\/01\/songte-company-2.webp\" \/><\/p>\n<h2>Merkmale<\/h2>\n<ul>\n<li>Hohe Festigkeit und Langlebigkeit: Hergestellt aus hochfestem Stahl oder Aluminium, h\u00e4lt es hohem Druck und schweren Belastungen stand, ist f\u00fcr raue Arbeitsumgebungen geeignet und ist verschlei\u00df- und korrosionsbest\u00e4ndig f\u00fcr eine lange Lebensdauer.<\/li>\n<li>Effizienter Hydraulikbetrieb: Sanfte Aus- und Einfahrbewegungen werden durch den Hydraulik\u00f6ldruck erreicht; schnelle Reaktion auf Bedienbefehle und starke Schub- und Zugkr\u00e4fte machen es geeignet f\u00fcr die Handhabung schwerer Lasten und komplexer Arbeitsaufgaben.<\/li>\n<li>Verschiedene Zylindertypen: Je nach Betriebsanforderungen k\u00f6nnen einfachwirkende (hydraulisch nur in eine Richtung wirkende) oder doppeltwirkende (hydraulisch in beide Richtungen wirkende) Zylinder ausgew\u00e4hlt werden. Einige Modelle sind teleskopierbar und erm\u00f6glichen so eine gr\u00f6\u00dfere Ausladung ohne Vergr\u00f6\u00dferung der Au\u00dfenabmessungen \u2013 ideal f\u00fcr Anwendungen mit begrenztem Platzangebot.<\/li>\n<li>Direkter Ersatz: Unsere Produkte k\u00f6nnen diese Hydraulikzylinder perfekt ersetzen.<\/li>\n<\/ul>\n<p><img decoding=\"async\" src=\"https:\/\/www.hydraulic-cylinders.net\/wp-content\/uploads\/2025\/01\/songte-cylinder-head-with-all-kinds-excavator-models.webp\" \/><\/p>\n<h2>Anwendungen<\/h2>\n<p>Der Schaufelzylinder wird h\u00e4ufig in verschiedenen schweren Maschinen eingesetzt, darunter:<\/p>\n<h3>Baumaschinen<\/h3>\n<ul>\n<li>Bagger: Die Schaufelzylinder erreichen die Grabwirkung, indem sie es der Schaufel erm\u00f6glichen, in den Boden einzudringen.<\/li>\n<li>Baggerlader: Der L\u00f6ffelzylinder ist sowohl zum Graben als auch zum Heben n\u00fctzlich.<\/li>\n<li>Lader: Bei Frontladern helfen sie beim effizienten Anheben und Abladen von Ladung.<\/li>\n<\/ul>\n<h3>Landmaschinen<\/h3>\n<ul>\n<li>Frontlader: Werden zum Schaufeln, Anheben und Transportieren von Erde, Heu und anderen Materialien verwendet.<\/li>\n<\/ul>\n<p>Die einzelnen Anwendungen werden im Folgenden detailliert beschrieben:<\/p>\n<h3>Baumaschinen<\/h3>\n<p><strong>Bagger:<\/strong> Die Zylinder der L\u00f6ffelschaufel erm\u00f6glichen es Baggern, Erde oder Schutt auszuheben und zu bewegen. Der L\u00f6ffelzylinder ist \u00fcblicherweise am Ausleger montiert und steuert die Bewegung der L\u00f6ffelschaufel.<\/p>\n<p><strong>Baggerlader:<\/strong> Der Zylinder des L\u00f6ffels unterst\u00fctzt Grab- und Hebearbeiten. Er ist am Ausleger montiert und steuert die Bewegung des L\u00f6ffels.<\/p>\n<p><strong>Lader:<\/strong> Bei Frontladern helfen die Zylinder der Schaufel, Ladung effektiv anzuheben und abzuladen. Die Zylinder sind am Laderarm montiert und steuern die Bewegung der Schaufel.<\/p>\n<h3>Landmaschinen<\/h3>\n<p><strong>Frontlader:<\/strong> Die Zylinder der Schaufel dienen zum Schaufeln, Anheben und Transportieren von Erde, Heu und anderen Materialien. Sie sind am Laderarm montiert und steuern die Bewegung der Schaufel.<\/p>\n<h2>Gestaltungs\u00fcberlegungen und Auswahlkriterien<\/h2>\n<p>Bei der Konstruktion des Schaufelzylinders sind folgende Aspekte besonders zu ber\u00fccksichtigen:<\/p>\n<ul>\n<li>Tragf\u00e4higkeit<\/li>\n<li>Dichtungsleistung<\/li>\n<li>Haltbarkeit<\/li>\n<li>Sicherheit<\/li>\n<li>Wartbarkeit<\/li>\n<\/ul>\n<p><img decoding=\"async\" src=\"https:\/\/www.hydraulic-cylinders.net\/wp-content\/uploads\/2025\/01\/songte-oil-pipes-and-spare-parts.webp\" \/><\/p>\n<p>Die Auswahlkriterien sind:<\/p>\n<ul>\n<li>Bohrungsdurchmesser<\/li>\n<li>Hubl\u00e4nge<\/li>\n<li>Betriebsdruck<\/li>\n<li>Montageart<\/li>\n<li>Polsterung<\/li>\n<\/ul>\n<p>Die Tragf\u00e4higkeit des Zylinders bezeichnet die maximale Kraft, die er ohne Verformung oder Besch\u00e4digung aush\u00e4lt. Die Dichtigkeit ist entscheidend. Der Zylinder muss einen stabilen Hydraulikdruck aufrechterhalten und gleichzeitig eine reibungslose und schnelle Bewegung erm\u00f6glichen.<\/p>\n<p>Der Zylinder muss zudem robust sein und Belastungen, Korrosion, Verschlei\u00df und Materialerm\u00fcdung \u00fcber l\u00e4ngere Zeitr\u00e4ume standhalten. Sicherheit ist ein wichtiger Aspekt; der Zylinder darf weder unsicher werden noch den Bediener oder die Umgebung gef\u00e4hrden. Schlie\u00dflich ist Wartungsfreundlichkeit entscheidend; der Zylinder muss sich einfach und schnell demontieren, reparieren und warten lassen.<\/p>\n<h2>Abdichtung und Schmierung<\/h2>\n<p>Der Schaufelzylinder verwendet verschiedene Dichtungskomponenten, wie Kolben- und Stangendichtungen, die aus verschlei\u00dffesten Materialien wie Polyurethan und Nitrilkautschuk gefertigt sind. Zylinderk\u00f6rper und Gewindeendfl\u00e4chen sind pr\u00e4zisionsbearbeitet, um die Verschlei\u00dffestigkeit zu verbessern. Regelm\u00e4\u00dfiges Nachf\u00fcllen von Hydraulik\u00f6l ist erforderlich, um eine optimale Schmierung zu gew\u00e4hrleisten.<\/p>\n<h2>Wartung und Reparatur<\/h2>\n<p>Regelm\u00e4\u00dfige Wartung und Reparatur sind unerl\u00e4sslich f\u00fcr die einwandfreie Funktion des Schaufelzylinders. Zu den g\u00e4ngigen Wartungsarbeiten geh\u00f6ren regelm\u00e4\u00dfige Inspektionen, sachgem\u00e4\u00dfe Schmierung, Dichtungswechsel und Kalibrierungspr\u00fcfungen. Eine korrekte Montage, Schmierung und Justierung sind entscheidend f\u00fcr die Langlebigkeit des Zylinders. Bei der Montage ist auf die korrekte Ausrichtung und die Verwendung geeigneter Montagehalterungen zu achten. Empfohlene Inspektions-, Reparatur- und Austauschverfahren sowie der Austausch von Teilen und \u00dcberholungsdienstleistungen tragen wesentlich zur Verl\u00e4ngerung der Zylinderlebensdauer bei.<\/p>\n<p><img decoding=\"async\" src=\"https:\/\/www.hydraulic-cylinders.net\/wp-content\/uploads\/2025\/01\/songte-chushion-collar.webp\" \/><\/p>\n<h2>Sicherheits- und Umweltaspekte<\/h2>\n<p>Bei der Verwendung des Hubzylinders sind Sicherheitsvorkehrungen zu treffen, um einen sicheren und effektiven Betrieb zu gew\u00e4hrleisten. Der Zylinder darf nur innerhalb seiner spezifizierten Kapazit\u00e4tsgrenzen verwendet werden, und alle Sicherheitshinweise sind zu befolgen. Die ordnungsgem\u00e4\u00dfe Entsorgung von Hydraulikfl\u00fcssigkeit und anderen Materialien ist zum Schutz der Umwelt unerl\u00e4sslich. Leckagen und Versch\u00fcttungen sind zu vermeiden, und die entsprechenden Reinigungsverfahren sind einzuhalten.<\/p>\n<h2>Fehlerbehebung und h\u00e4ufige Probleme<\/h2>\n<p>H\u00e4ufige Probleme mit Baggerzylindern sind Dichtungsausf\u00e4lle, Leckagen und Zylinderbesch\u00e4digungen. Tipps und L\u00f6sungen zur Fehlerbehebung sind daher unerl\u00e4sslich, um Lesern zu helfen, Probleme effektiv zu diagnostizieren und zu beheben. Vorbeugende Ma\u00dfnahmen sollten ergriffen werden, um potenzielle Probleme zu minimieren.<\/p>\n<p><img decoding=\"async\" src=\"https:\/\/www.hydraulic-cylinders.net\/wp-content\/uploads\/2025\/01\/songte-bushings-with-all-kinds-of-excavator-models.webp\" \/><\/p>\n<h2>\u00dcber unser Unternehmen<\/h2>\n<p>Wir sind Hersteller von Hydraulikzylindern als Ersatzteil und bieten ein umfassendes Produktsortiment. Wir z\u00e4hlen zu den f\u00fchrenden Herstellern und Gro\u00dfh\u00e4ndlern von Hydraulikzylindern auf nationalen und internationalen M\u00e4rkten. Unser Anspruch an h\u00f6chste Qualit\u00e4t basiert auf einer industrialisierten Produktionsstrategie in modernsten Fertigungswerkst\u00e4tten. Wir optimieren kontinuierlich unsere Fertigungsplattform, perfektionieren unsere Produktionsprozesse und verf\u00fcgen \u00fcber eine hohe Innovationskraft, um die vielf\u00e4ltigen Kundenbed\u00fcrfnisse effizient, pr\u00e4zise und qualitativ hochwertig zu erf\u00fcllen.<\/p>\n<p>Wir bieten ein hohes Ma\u00df an Professionalit\u00e4t, internationale Zertifizierungen, ma\u00dfgeschneiderte Dienstleistungen, Produktionsanlagen und Kundendienst. Unser Unternehmen verf\u00fcgt zudem \u00fcber ein umfassendes Qualit\u00e4tssicherungssystem, ein professionelles technisches Team, digitale High-End-Fertigungsanlagen und ein spezielles Inspektionssystem.<\/p>\n<p><img decoding=\"async\" src=\"https:\/\/hzpt.com\/wp-content\/uploads\/2024\/11\/songte-company-1.webp\" \/><\/p>\n<p>Autor: lyl<\/p>","protected":false},"excerpt":{"rendered":"<p>Bucket Cylinder For Yanmar VI030-6B Introduction The bucket cylinder is a specially designed hydraulic cylinder used primarily to control the movement of the bucket in heavy machinery such as excavators, backhoe excavators, and front-end loaders. Its main function is to enable the bucket to lift, lower, and tilt, facilitating various material handling tasks. In the [&hellip;]<\/p>","protected":false},"featured_media":14769,"comment_status":"open","ping_status":"closed","template":"","meta":{"_et_pb_use_builder":"","_et_pb_old_content":"","_et_gb_content_width":""},"product_brand":[],"product_cat":[1494],"product_tag":[1495,1496],"class_list":{"0":"post-15833","1":"product","2":"type-product","3":"status-publish","4":"has-post-thumbnail","6":"product_cat-bucket-cylinders","7":"product_tag-bucket-cylinders","8":"product_tag-hydraulic-cylinders","10":"first","11":"instock","12":"shipping-taxable","13":"product-type-simple"},"amp_enabled":true,"_links":{"self":[{"href":"https:\/\/www.hydraulic-cylinders.net\/de\/wp-json\/wp\/v2\/product\/15833","targetHints":{"allow":["GET"]}}],"collection":[{"href":"https:\/\/www.hydraulic-cylinders.net\/de\/wp-json\/wp\/v2\/product"}],"about":[{"href":"https:\/\/www.hydraulic-cylinders.net\/de\/wp-json\/wp\/v2\/types\/product"}],"replies":[{"embeddable":true,"href":"https:\/\/www.hydraulic-cylinders.net\/de\/wp-json\/wp\/v2\/comments?post=15833"}],"wp:featuredmedia":[{"embeddable":true,"href":"https:\/\/www.hydraulic-cylinders.net\/de\/wp-json\/wp\/v2\/media\/14769"}],"wp:attachment":[{"href":"https:\/\/www.hydraulic-cylinders.net\/de\/wp-json\/wp\/v2\/media?parent=15833"}],"wp:term":[{"taxonomy":"product_brand","embeddable":true,"href":"https:\/\/www.hydraulic-cylinders.net\/de\/wp-json\/wp\/v2\/product_brand?post=15833"},{"taxonomy":"product_cat","embeddable":true,"href":"https:\/\/www.hydraulic-cylinders.net\/de\/wp-json\/wp\/v2\/product_cat?post=15833"},{"taxonomy":"product_tag","embeddable":true,"href":"https:\/\/www.hydraulic-cylinders.net\/de\/wp-json\/wp\/v2\/product_tag?post=15833"}],"curies":[{"name":"wp","href":"https:\/\/api.w.org\/{rel}","templated":true}]}}