{"id":15834,"date":"2025-01-19T15:02:59","date_gmt":"2025-01-19T15:02:59","guid":{"rendered":"https:\/\/www.hydraulic-cylinders.net\/product\/bucket-cylinder-for-yanmar-vi35-6b\/"},"modified":"2025-01-19T15:03:01","modified_gmt":"2025-01-19T15:03:01","slug":"bucket-cylinder-for-yanmar-vi35-6b","status":"publish","type":"product","link":"https:\/\/www.hydraulic-cylinders.net\/de\/produkt\/bucket-cylinder-for-yanmar-vi35-6b\/","title":{"rendered":"Schaufelzylinder f\u00fcr Yanmar VI35-6B"},"content":{"rendered":"<h1>Schaufelzylinder f\u00fcr Yanmar VI35-6B<\/h1>\n<h2>Einf\u00fchrung<\/h2>\n<p>Der Schaufelzylinder f\u00fcr den Yanmar VI35-6B ist ein Spezialhydraulikzylinder, der prim\u00e4r zur Steuerung der Schaufelbewegung in Baumaschinen wie Baggern, Baggerladern und Radladern eingesetzt wird. Seine Hauptfunktion besteht darin, das Heben, Senken und Neigen der Schaufel zu erm\u00f6glichen und so verschiedene Materialumschlagsaufgaben zu erleichtern. Im Hydrauliksystem steuert der Schaufelzylinder die Schaufelbewegung pr\u00e4zise durch \u00c4nderungen des Hydraulik\u00f6ldrucks. Dies erlaubt dem Bediener, schwere Lasten effizient zu handhaben und sich an komplexe Arbeitsumgebungen und vielf\u00e4ltige Betriebsanforderungen anzupassen.<\/p>\n<p><img decoding=\"async\" src=\"https:\/\/www.hydraulic-cylinders.net\/wp-content\/uploads\/2025\/01\/songte-company-2.webp\" alt=\"Schaufelzylinder\"><\/p>\n<h2>Merkmale<\/h2>\n<ul>\n<li>\n<h3>Hohe Festigkeit und Haltbarkeit<\/h3>\n<p>\u00dcblicherweise aus hochfestem Stahl oder Aluminium gefertigt, h\u00e4lt es hohem Druck und schweren Belastungen stand, ist f\u00fcr raue Arbeitsumgebungen geeignet und wurde unter Ber\u00fccksichtigung von Verschlei\u00df- und Korrosionsbest\u00e4ndigkeit entwickelt, um die Lebensdauer zu verl\u00e4ngern.<\/p>\n<\/li>\n<li>\n<h3>Effizienter Hydraulikbetrieb<\/h3>\n<p>Durch die Nutzung von Hydraulik\u00f6ldruck f\u00fcr ein gleichm\u00e4\u00dfiges Aus- und Einfahren kann es schnell auf Bedienbefehle reagieren und bietet starke Schub- und Zugkr\u00e4fte, die f\u00fcr den Umgang mit schweren Gegenst\u00e4nden und komplexen Arbeitsaufgaben geeignet sind.<\/p>\n<\/li>\n<li>\n<h3>Verschiedene Arten<\/h3>\n<p>Je nach Bedarf k\u00f6nnen einfachwirkende (hydraulisch nur in eine Richtung wirkende) oder doppeltwirkende (hydraulisch in zwei Richtungen wirkende) Zylinder ausgew\u00e4hlt werden. Einige Modelle sind teleskopierbar und erm\u00f6glichen so eine gr\u00f6\u00dfere Ausladung ohne Vergr\u00f6\u00dferung der Au\u00dfenabmessungen \u2013 ideal f\u00fcr Anwendungen mit beengten Platzverh\u00e4ltnissen.<\/p>\n<\/li>\n<li>\n<h3>Perfekter Ersatz<\/h3>\n<p>Unser Produkt ist ein perfekter Ersatz f\u00fcr diese Hydraulikzylinder und wir k\u00f6nnen sie effizient herstellen.<\/p>\n<\/li>\n<li>\n<h3>Anmeldung<\/h3>\n<p>Der Schaufelzylinder findet breite Anwendung in verschiedenen Maschinen wie Baumaschinen, Landmaschinen, Baggern und Ladern. <\/p>\n<\/li>\n<\/ul>\n<h2>Anwendungen<\/h2>\n<h3>Baumaschinen<\/h3>\n<p>Bei Baggern ist der L\u00f6ffelzylinder unverzichtbar zum Graben, Laden und Bewegen von Erde oder Schutt. Bei Tiefladern unterst\u00fctzt er das Ausheben und Heben. Bei Radladern hilft er beim effektiven Anheben und Kippen von G\u00fctern.<\/p>\n<h3>Landmaschinen<\/h3>\n<p>Der Schaufelzylinder wird bei Frontladern verwendet; er dient zum Schaufeln, Anheben und Transportieren von Erde, Heu und anderen Materialien.<\/p>\n<h3>Bagger<\/h3>\n<p>Der Zylinder des L\u00f6ffels erm\u00f6glicht es dem L\u00f6ffel, in den Boden einzudringen und Aushubarbeiten durchzuf\u00fchren.<\/p>\n<h3>Lader<\/h3>\n<p>Bei Frontladern unterst\u00fctzt der Schaufelzylinder das effektive Anheben und Kippen von G\u00fctern.<\/p>\n<h2>Design\u00fcberlegungen und Auswahlkriterien<\/h2>\n<ul>\n<li>\n<h3>Tragf\u00e4higkeit<\/h3>\n<p>Der Zylinder des Schaufelrads muss hohem Druck und schweren Lasten standhalten k\u00f6nnen, um einen reibungslosen und sicheren Betrieb zu gew\u00e4hrleisten.<\/p>\n<\/li>\n<li>\n<h3>Dichtungseigenschaften<\/h3>\n<p>Der Schaufelzylinder muss \u00fcber ausgezeichnete Dichtungseigenschaften verf\u00fcgen, um \u00d6lleckagen zu verhindern und einen ordnungsgem\u00e4\u00dfen Betrieb zu gew\u00e4hrleisten.<\/p>\n<\/li>\n<li>\n<h3>Haltbarkeit<\/h3>\n<p>Der Eimerzylinder sollte robust und verschlei\u00df- sowie korrosionsbest\u00e4ndig sein, um eine lange Lebensdauer zu gew\u00e4hrleisten.<\/p>\n<\/li>\n<li>\n<h3>Sicherheitsfunktionen<\/h3>\n<p>Der Schaufelzylinder sollte mit Sicherheitsvorrichtungen ausgestattet sein, um die Sicherheit des Bedieners und der Ausr\u00fcstung zu gew\u00e4hrleisten.<\/p>\n<\/li>\n<li>\n<h3>Wartung<\/h3>\n<p>Der Schaufelzylinder sollte wartungsfreundlich sein, mit einfachen Demontage- und Montageverfahren und leicht zug\u00e4nglichen Ersatzteilen.<\/p>\n<\/li>\n<\/ul>\n<p><img decoding=\"async\" src=\"https:\/\/www.hydraulic-cylinders.net\/wp-content\/uploads\/2025\/01\/songte-oil-pipes-and-spare-parts.webp\" alt=\"Ersatzteile f\u00fcr Schaufelzylinder\"><\/p>\n<h2>Abdichtung und Schmierung<\/h2>\n<p>Der Schaufelzylinder verwendet verschiedene Dichtungselemente, wie Kolben- und Stangendichtungen, die aus verschlei\u00dffesten Materialien wie Polyurethan und Nitrilkautschuk gefertigt sind. Zylinderk\u00f6rper und Gewindeendfl\u00e4chen sind pr\u00e4zisionsbearbeitet, um die Verschlei\u00dffestigkeit zu verbessern. Regelm\u00e4\u00dfige Schmierung ist erforderlich, um den einwandfreien Betrieb des Zylinders zu gew\u00e4hrleisten.<\/p>\n<h2>Wartung und Reparatur<\/h2>\n<p>Der Schaufelzylinder erfordert regelm\u00e4\u00dfige Inspektion und vorbeugende Wartung, wozu Folgendes geh\u00f6rt:<\/p>\n<ul>\n<li>Regelm\u00e4\u00dfige \u00dcberpr\u00fcfung auf Undichtigkeiten oder Besch\u00e4digungen am Zylinderk\u00f6rper oder an der Kolbenstange<\/li>\n<li>Ordnungsgem\u00e4\u00dfe Schmierung aller beweglichen Teile<\/li>\n<li>Austausch verschlissener oder besch\u00e4digter Dichtungen<\/li>\n<li>Kalibrierungspr\u00fcfungen zur Sicherstellung des ordnungsgem\u00e4\u00dfen Betriebs<\/li>\n<\/ul>\n<p><img decoding=\"async\" src=\"https:\/\/www.hydraulic-cylinders.net\/wp-content\/uploads\/2025\/01\/songte-chushion-collar.webp\" alt=\"Teile f\u00fcr Schaufelzylinder\"><\/p>\n<h2>Sicherheitsaspekte und Umweltfaktoren<\/h2>\n<p>Bei der Verwendung des Schaufelzylinders m\u00fcssen unbedingt alle Sicherheitsvorkehrungen eingehalten werden, um die Sicherheit des Bedieners und der Maschine zu gew\u00e4hrleisten. Auch die ordnungsgem\u00e4\u00dfe Entsorgung des Hydraulik\u00f6ls ist notwendig, um Umweltverschmutzung zu vermeiden.<\/p>\n<h2>H\u00e4ufige Probleme und Fehlerbehebung<\/h2>\n<p>H\u00e4ufige Probleme mit dem Schaufelzylinder sind \u00d6lleckagen, unzureichende Kraft und ungew\u00f6hnliche Ger\u00e4usche. Die Fehlersuche umfasst die Ermittlung der Problemursache und die Festlegung der geeigneten Reparatur- oder Austauschverfahren.<\/p>\n<h2>\u00dcber unser Unternehmen<\/h2>\n<p>Wir sind ein Hersteller von Hydraulikzylindern mit einem umfassenden Produktsortiment und haben uns zu einem der f\u00fchrenden Hersteller und Gro\u00dfh\u00e4ndler von Hydraulikzylindern auf dem nationalen und internationalen Markt entwickelt. Wir setzen auf h\u00f6chste Qualit\u00e4t und nutzen eine industrialisierte Produktionsstrategie in unseren modernen Fertigungswerkst\u00e4tten. Kontinuierlich optimieren wir unsere Fertigungsplattform, perfektionieren unsere Produktionsprozesse und verf\u00fcgen \u00fcber ausgepr\u00e4gte Innovationskraft, um die vielf\u00e4ltigen Kundenbed\u00fcrfnisse mit h\u00f6chster Effizienz, Pr\u00e4zision und Qualit\u00e4t zu erf\u00fcllen.<\/p>\n<h3>Unsere St\u00e4rken<\/h3>\n<ul>\n<li>\n<h4>Professionalit\u00e4t<\/h4>\n<p>Wir verf\u00fcgen \u00fcber ein Team von Fachleuten mit Erfahrung in der Produktion und im Vertrieb von Hydraulikzylindern.<\/p>\n<\/li>\n<li>\n<h4>Internationale Zertifizierung<\/h4>\n<p>Unsere Produkte haben internationale Zertifizierungen wie ISO9001, CE und ROHS bestanden.<\/p>\n<\/li>\n<li>\n<h4>Anpassungsdienste<\/h4>\n<p>Wir bieten ma\u00dfgeschneiderte Dienstleistungen an, um den spezifischen Bed\u00fcrfnissen unserer Kunden gerecht zu werden.<\/p>\n<\/li>\n<li>\n<h4>Produktionsausr\u00fcstung<\/h4>\n<p>Wir verwenden moderne Produktionsanlagen, um die hohe Qualit\u00e4t unserer Produkte zu gew\u00e4hrleisten.<\/p>\n<\/li>\n<li>\n<h4>Kundendienst<\/h4>\n<p>Wir bieten umfassende Kundendienstleistungen an, einschlie\u00dflich Produktwartung, Reparatur und Austausch.<\/p>\n<\/li>\n<\/ul>\n<p><img decoding=\"async\" src=\"https:\/\/hzpt.com\/wp-content\/uploads\/2024\/11\/songte-company-1.webp\" alt=\"Unternehmen\"><\/p>\n<p>Autor: lyl<\/p>","protected":false},"excerpt":{"rendered":"<p>Bucket Cylinder For Yanmar VI35-6B Introduction The bucket cylinder for Yanmar VI35-6B is a specialized hydraulic cylinder primarily used to control the movement of the bucket in heavy machinery such as excavators, backhoe excavators, and front-end loaders. Its main function is to enable the bucket to lift, lower, and tilt, making it easier to handle [&hellip;]<\/p>","protected":false},"featured_media":14765,"comment_status":"open","ping_status":"closed","template":"","meta":{"_et_pb_use_builder":"","_et_pb_old_content":"","_et_gb_content_width":""},"product_brand":[],"product_cat":[1494],"product_tag":[1495,1496],"class_list":{"0":"post-15834","1":"product","2":"type-product","3":"status-publish","4":"has-post-thumbnail","6":"product_cat-bucket-cylinders","7":"product_tag-bucket-cylinders","8":"product_tag-hydraulic-cylinders","10":"first","11":"instock","12":"shipping-taxable","13":"product-type-simple"},"amp_enabled":true,"_links":{"self":[{"href":"https:\/\/www.hydraulic-cylinders.net\/de\/wp-json\/wp\/v2\/product\/15834","targetHints":{"allow":["GET"]}}],"collection":[{"href":"https:\/\/www.hydraulic-cylinders.net\/de\/wp-json\/wp\/v2\/product"}],"about":[{"href":"https:\/\/www.hydraulic-cylinders.net\/de\/wp-json\/wp\/v2\/types\/product"}],"replies":[{"embeddable":true,"href":"https:\/\/www.hydraulic-cylinders.net\/de\/wp-json\/wp\/v2\/comments?post=15834"}],"wp:featuredmedia":[{"embeddable":true,"href":"https:\/\/www.hydraulic-cylinders.net\/de\/wp-json\/wp\/v2\/media\/14765"}],"wp:attachment":[{"href":"https:\/\/www.hydraulic-cylinders.net\/de\/wp-json\/wp\/v2\/media?parent=15834"}],"wp:term":[{"taxonomy":"product_brand","embeddable":true,"href":"https:\/\/www.hydraulic-cylinders.net\/de\/wp-json\/wp\/v2\/product_brand?post=15834"},{"taxonomy":"product_cat","embeddable":true,"href":"https:\/\/www.hydraulic-cylinders.net\/de\/wp-json\/wp\/v2\/product_cat?post=15834"},{"taxonomy":"product_tag","embeddable":true,"href":"https:\/\/www.hydraulic-cylinders.net\/de\/wp-json\/wp\/v2\/product_tag?post=15834"}],"curies":[{"name":"wp","href":"https:\/\/api.w.org\/{rel}","templated":true}]}}