{"id":15852,"date":"2025-01-19T15:04:34","date_gmt":"2025-01-19T15:04:34","guid":{"rendered":"https:\/\/www.hydraulic-cylinders.net\/product\/bucket-cylinder-for-yuchai-yc08-8\/"},"modified":"2025-01-19T15:04:36","modified_gmt":"2025-01-19T15:04:36","slug":"bucket-cylinder-for-yuchai-yc08-8","status":"publish","type":"product","link":"https:\/\/www.hydraulic-cylinders.net\/de\/produkt\/bucket-cylinder-for-yuchai-yc08-8\/","title":{"rendered":"Schaufelzylinder f\u00fcr Yuchai YC08-8"},"content":{"rendered":"<h1>Schaufelzylinder f\u00fcr Yuchai YC08-8<\/h1>\n<h2>Einf\u00fchrung<\/h2>\n<p>Der Schaufelzylinder f\u00fcr den Yuchai YC08-8 ist ein speziell entwickelter Hydraulikzylinder, der haupts\u00e4chlich zur Steuerung der Schaufelbewegung in Baumaschinen wie Baggern, Radladern und Baggerladern eingesetzt wird. Seine Hauptfunktion besteht darin, die Schaufel zu heben, zu senken und zu neigen und so verschiedene Materialumschlagsaufgaben zu erleichtern. Im Hydrauliksystem steuert der Schaufelzylinder die pr\u00e4zise Bewegung der Schaufel durch die Ver\u00e4nderung des Hydraulik\u00f6ldrucks. Dies erm\u00f6glicht dem Bediener, schwere Lasten effizient zu handhaben und sich an komplexe Arbeitsumgebungen und vielf\u00e4ltige Aufgaben anzupassen.<\/p>\n<p><img decoding=\"async\" src=\"https:\/\/www.hydraulic-cylinders.net\/wp-content\/uploads\/2025\/01\/songte-company-2.webp\"><\/p>\n<h2>Merkmale<\/h2>\n<ul>\n<li>Hohe Festigkeit und Langlebigkeit: Typischerweise aus hochfestem Stahl oder Aluminium gefertigt, h\u00e4lt es hohem Druck und schweren Belastungen stand, ist f\u00fcr raue Arbeitsumgebungen geeignet und ist verschlei\u00df- und korrosionsbest\u00e4ndig, um seine Lebensdauer zu verl\u00e4ngern.<\/li>\n<li>Effizienter Hydraulikbetrieb: Gleichm\u00e4\u00dfige Ausdehnungs- und Kontraktionsbewegungen werden durch den Druck des Hydraulik\u00f6ls erreicht, was eine schnelle Reaktion auf Steuerbefehle erm\u00f6glicht, starke Schub- und Zugkr\u00e4fte bereitstellt und sich f\u00fcr die Handhabung schwerer Objekte und komplexer Vorg\u00e4nge eignet.<\/li>\n<li>Verschiedene Typen: Je nach Bedarf k\u00f6nnen einfachwirkende (hydraulisch nur in eine Richtung wirkende) oder doppeltwirkende (hydraulisch in beide Richtungen wirkende) Zylinder ausgew\u00e4hlt werden, um unterschiedlichen Betriebsanforderungen gerecht zu werden. Einige Modelle sind teleskopierbar und erm\u00f6glichen so eine gr\u00f6\u00dfere Ausdehnung ohne Vergr\u00f6\u00dferung der Au\u00dfenabmessungen, was sie f\u00fcr Anwendungen mit begrenztem Platzangebot geeignet macht.<\/li>\n<li>Anpassbar: Unsere Produkte k\u00f6nnen diese Hydraulikzylinder perfekt ersetzen.<\/li>\n<\/ul>\n<p><img decoding=\"async\" src=\"https:\/\/www.hydraulic-cylinders.net\/wp-content\/uploads\/2025\/01\/songte-cylinder-head-with-all-kinds-excavator-models.webp\"><\/p>\n<h2>Anwendungen<\/h2>\n<p>Eimerzylinder werden in verschiedenen Branchen weit verbreitet eingesetzt, darunter:<\/p>\n<ul>\n<li>Baumaschinen: Bei Baggern sind sie unverzichtbar zum Graben, Laden und Bewegen von Erde oder Bauschutt. Bei Tiefladern unterst\u00fctzt der Schaufelzylinder das Graben und Heben. <\/li>\n<li>Landwirtschaftliche Maschinen: Werden als Frontlader zum Schaufeln, Heben und Transportieren von Erde, Heu und anderen Materialien eingesetzt. <\/li>\n<li>Bagger: Der Schaufelzylinder erm\u00f6glicht es der Schaufel, zum Graben in den Boden einzudringen. <\/li>\n<li>Lader: Bei Frontladern helfen sie beim effektiven Anheben und Kippen von Lasten. <\/li>\n<\/ul>\n<h2>Design\u00fcberlegungen und Auswahlkriterien<\/h2>\n<ul>\n<li>Tragf\u00e4higkeit: Der Zylinder muss in der Lage sein, dem Gewicht der Last und dem Druck der Hydraulikfl\u00fcssigkeit ohne Ausfall standzuhalten. <\/li>\n<li>Abdichtung: Um das Austreten von Hydraulikfl\u00fcssigkeit zu verhindern, werden verschiedene Dichtungen wie Kolbendichtungen und Stangendichtungen eingesetzt.<\/li>\n<li>Langlebigkeit: Der Zylinder muss aus hochfesten Materialien gefertigt sein, die Verschlei\u00df und Korrosion widerstehen.<\/li>\n<li>Sicherheit: Der Zylinder muss mit Sicherheitsmerkmalen ausgestattet sein, um Unf\u00e4lle zu verhindern.<\/li>\n<li>Wartungsfreundlichkeit: Um eine lange Lebensdauer des Zylinders zu gew\u00e4hrleisten, muss dieser leicht zu warten und zu reparieren sein.<\/li>\n<\/ul>\n<p><img decoding=\"async\" src=\"https:\/\/www.hydraulic-cylinders.net\/wp-content\/uploads\/2025\/01\/songte-oil-pipes-and-spare-parts.webp\"><\/p>\n<h2>Abdichtung und Schmierung<\/h2>\n<p>In den Zylindern von Schaufeln werden verschiedene Dichtungen aus verschlei\u00dffesten Materialien wie Polyurethan und Nitrilkautschuk eingesetzt, um das Austreten von Hydraulikfl\u00fcssigkeit zu verhindern. Zylinderk\u00f6rper und Gewindeendfl\u00e4che sind feinbearbeitet, um die Verschlei\u00dffestigkeit zu verbessern. Regelm\u00e4\u00dfige Schmierung mit der richtigen Menge Hydraulik\u00f6l ist f\u00fcr die einwandfreie Funktion des Zylinders unerl\u00e4sslich.<\/p>\n<h2>Wartung und Reparatur<\/h2>\n<p>Regelm\u00e4\u00dfige Inspektion, ordnungsgem\u00e4\u00dfe Schmierung, Dichtungsaustausch und Kalibrierungspr\u00fcfungen geh\u00f6ren zu den g\u00e4ngigen Wartungsarbeiten. Korrekte Montage, Schmierung und Justierung sind unerl\u00e4sslich f\u00fcr eine lange Lebensdauer des Zylinders. Hinweise zur korrekten Ausrichtung werden bei der Montage gegeben, und geeignete Montagehalterungen werden zur sicheren Befestigung des Zylinders empfohlen. Empfohlene Inspektions-, Reparatur- und Austauschverfahren werden bereitgestellt, und \u00dcberholungsdienstleistungen stehen zur Verf\u00fcgung, um die Lebensdauer des Zylinders weiter zu verl\u00e4ngern.<\/p>\n<p><img decoding=\"async\" src=\"https:\/\/www.hydraulic-cylinders.net\/wp-content\/uploads\/2025\/01\/songte-chushion-collar.webp\"><\/p>\n<h2>Sicherheits- und Umweltaspekte<\/h2>\n<p>Bei der Verwendung von Eimerzylindern sind Sicherheitsma\u00dfnahmen unerl\u00e4sslich, um Unf\u00e4lle zu vermeiden. Die Umgebungsbedingungen m\u00fcssen bei der Auswahl des geeigneten Zylindertyps und -materials ber\u00fccksichtigt werden.<\/p>\n<h2>Fehlerbehebung und h\u00e4ufige Probleme<\/h2>\n<p>H\u00e4ufige Probleme mit Baggerzylindern sind Leckagen, Zylinderdrift und unzureichende Kraft. Es werden Tipps und L\u00f6sungen zur Fehlersuche und -behebung sowie vorbeugende Ma\u00dfnahmen zur Minimierung potenzieller Probleme bereitgestellt.<\/p>\n<p><img decoding=\"async\" src=\"https:\/\/www.hydraulic-cylinders.net\/wp-content\/uploads\/2025\/01\/songte-bushings-with-all-kinds-of-excavator-models.webp\"><\/p>\n<h2>\u00dcber uns<\/h2>\n<p>Wir sind Hersteller von Hydraulikzylindern, die OEM-Teile ersetzen k\u00f6nnen. Wir bieten ein umfassendes Produktsortiment und z\u00e4hlen zu den f\u00fchrenden Herstellern und Gro\u00dfh\u00e4ndlern von Hydraulikzylindern auf dem nationalen und internationalen Markt. Wir setzen auf h\u00f6chste Qualit\u00e4t und industrialisierte Produktionsmanagementstrategien in unseren modernen Fertigungswerkst\u00e4tten. Durch den Einsatz qualifizierter Fachkr\u00e4fte, modernster digitaler Fertigungsanlagen und professioneller Testsysteme optimieren wir kontinuierlich unsere Produktionsplattform. So verbessern wir die Produktqualit\u00e4t stetig und erf\u00fcllen dank unserer hohen Innovationskraft die vielf\u00e4ltigen Kundenbed\u00fcrfnisse mit h\u00f6chster Effizienz, Pr\u00e4zision und Qualit\u00e4t.<\/p>\n<p><img decoding=\"async\" src=\"https:\/\/hzpt.com\/wp-content\/uploads\/2024\/11\/songte-company-1.webp\"><\/p>\n<h3>Professionalit\u00e4t<\/h3>\n<p>Wir verf\u00fcgen \u00fcber ein professionelles Team und eine komplette Produktionslinie, von der Konstruktion \u00fcber die Produktion und Pr\u00fcfung bis hin zur Qualit\u00e4tskontrolle, um ein H\u00f6chstma\u00df an Professionalit\u00e4t im Herstellungsprozess zu gew\u00e4hrleisten.<\/p>\n<h3>Internationale Zertifizierung<\/h3>\n<p>Unsere Produkte haben verschiedene internationale Zertifizierungen wie ISO, CE und RoHS bestanden, um die Qualit\u00e4t und Sicherheit unserer Produkte zu gew\u00e4hrleisten.<\/p>\n<h3>Anpassungsdienste<\/h3>\n<p>Wir bieten individuell anpassbare Dienstleistungen an, um die spezifischen Anforderungen unserer Kunden hinsichtlich Produktspezifikationen, Abmessungen und Materialien zu erf\u00fcllen, und beraten unsere Kunden w\u00e4hrend des gesamten Prozesses professionell.<\/p>\n<h3>Fertigungsanlagen<\/h3>\n<p>Wir verwenden moderne Fertigungsanlagen, um die Qualit\u00e4t und Genauigkeit unserer Produkte zu gew\u00e4hrleisten, darunter CNC-Drehmaschinen, Fl\u00e4chenschleifmaschinen und Galvanisierungsanlagen.<\/p>\n<h3>Kundendienst<\/h3>\n<p>Wir bieten einen exzellenten Kundendienst, um die Kundenzufriedenheit zu gew\u00e4hrleisten, einschlie\u00dflich Installationsanleitung, technischem Support sowie Austausch- und Reparaturleistungen.<\/p>\n<h4>Autor: lyl.<\/h4>","protected":false},"excerpt":{"rendered":"<p>Bucket Cylinder For Yuchai YC08-8 Introduction The bucket cylinder for Yuchai YC08-8 is a specially designed hydraulic cylinder mainly used to control the movement of shovels in heavy machinery, such as excavators, backhoe excavators, and front loaders. Its main function is to make the bucket lift, lower and tilt, making it easier to handle various [&hellip;]<\/p>","protected":false},"featured_media":14789,"comment_status":"open","ping_status":"closed","template":"","meta":{"_et_pb_use_builder":"","_et_pb_old_content":"","_et_gb_content_width":""},"product_brand":[],"product_cat":[1494],"product_tag":[1495,1496],"class_list":{"0":"post-15852","1":"product","2":"type-product","3":"status-publish","4":"has-post-thumbnail","6":"product_cat-bucket-cylinders","7":"product_tag-bucket-cylinders","8":"product_tag-hydraulic-cylinders","10":"first","11":"instock","12":"shipping-taxable","13":"product-type-simple"},"amp_enabled":true,"_links":{"self":[{"href":"https:\/\/www.hydraulic-cylinders.net\/de\/wp-json\/wp\/v2\/product\/15852","targetHints":{"allow":["GET"]}}],"collection":[{"href":"https:\/\/www.hydraulic-cylinders.net\/de\/wp-json\/wp\/v2\/product"}],"about":[{"href":"https:\/\/www.hydraulic-cylinders.net\/de\/wp-json\/wp\/v2\/types\/product"}],"replies":[{"embeddable":true,"href":"https:\/\/www.hydraulic-cylinders.net\/de\/wp-json\/wp\/v2\/comments?post=15852"}],"wp:featuredmedia":[{"embeddable":true,"href":"https:\/\/www.hydraulic-cylinders.net\/de\/wp-json\/wp\/v2\/media\/14789"}],"wp:attachment":[{"href":"https:\/\/www.hydraulic-cylinders.net\/de\/wp-json\/wp\/v2\/media?parent=15852"}],"wp:term":[{"taxonomy":"product_brand","embeddable":true,"href":"https:\/\/www.hydraulic-cylinders.net\/de\/wp-json\/wp\/v2\/product_brand?post=15852"},{"taxonomy":"product_cat","embeddable":true,"href":"https:\/\/www.hydraulic-cylinders.net\/de\/wp-json\/wp\/v2\/product_cat?post=15852"},{"taxonomy":"product_tag","embeddable":true,"href":"https:\/\/www.hydraulic-cylinders.net\/de\/wp-json\/wp\/v2\/product_tag?post=15852"}],"curies":[{"name":"wp","href":"https:\/\/api.w.org\/{rel}","templated":true}]}}