{"id":15858,"date":"2025-01-19T15:05:08","date_gmt":"2025-01-19T15:05:08","guid":{"rendered":"https:\/\/www.hydraulic-cylinders.net\/product\/bucket-cylinder-for-yuchai-yc210lc-8\/"},"modified":"2025-01-19T15:05:11","modified_gmt":"2025-01-19T15:05:11","slug":"bucket-cylinder-for-yuchai-yc210lc-8","status":"publish","type":"product","link":"https:\/\/www.hydraulic-cylinders.net\/de\/produkt\/bucket-cylinder-for-yuchai-yc210lc-8\/","title":{"rendered":"Eimerzylinder f\u00fcr Yuchai YC210LC-8"},"content":{"rendered":"<h2>Eimerzylinder f\u00fcr Yuchai YC210LC-8<\/h2>\n<p><img decoding=\"async\" src=\"https:\/\/www.hydraulic-cylinders.net\/wp-content\/uploads\/2025\/01\/songte-company-2.webp\"><\/p>\n<h3>Einf\u00fchrung<\/h3>\n<p>Der Schaufelzylinder f\u00fcr den Yuchai YC210LC-8 ist ein speziell entwickelter Hydraulikzylinder zur Steuerung der Schaufelbewegung in Baumaschinen wie Baggern, Radladern und Baggerladern. Seine Hauptfunktion besteht darin, das Heben, Senken und Neigen der Schaufel zu erm\u00f6glichen und so verschiedene Materialumschlagsaufgaben zu erleichtern. Im Hydrauliksystem nutzt der Schaufelzylinder \u00c4nderungen des Hydraulik\u00f6ldrucks, um eine pr\u00e4zise Steuerung der Schaufel zu gew\u00e4hrleisten. Dies erm\u00f6glicht dem Bediener, schwere Lasten effizient zu handhaben und sich an komplexe Arbeitsumgebungen und vielf\u00e4ltige Aufgaben anzupassen.<\/p>\n<h3>Merkmale<\/h3>\n<ul>\n<li>Hohe Festigkeit und Langlebigkeit: Typischerweise aus hochfestem Stahl oder Aluminium gefertigt, h\u00e4lt es hohem Druck und schweren Belastungen stand und eignet sich f\u00fcr raue Arbeitsbedingungen. Die Konstruktion ber\u00fccksichtigt Verschlei\u00df- und Korrosionsbest\u00e4ndigkeit und verl\u00e4ngert so die Lebensdauer.<\/li>\n<li>Effizienter Hydraulikbetrieb: Durch die Nutzung des Hydraulik\u00f6ldrucks erm\u00f6glicht er sanfte Teleskopbewegungen, reagiert schnell auf Steuerbefehle, bietet starke Schub- und Zugkr\u00e4fte und eignet sich f\u00fcr die Handhabung schwerer Lasten und komplexer Aufgaben.<\/li>\n<li>Verschiedene Typen: W\u00e4hlen Sie je nach Bedarf zwischen einfachwirkenden (hydraulisch nur in eine Richtung wirkenden) oder doppeltwirkenden (hydraulisch in beide Richtungen wirkenden) Zylindern. Einige Modelle sind teleskopierbar, um eine gr\u00f6\u00dfere Ausdehnung ohne Vergr\u00f6\u00dferung der Au\u00dfenabmessungen zu erm\u00f6glichen und eignen sich daher f\u00fcr Anwendungen mit begrenztem Platzangebot.<\/li>\n<li>Perfekter Ersatz: Unsere Produkte k\u00f6nnen diese Hydraulikzylinder perfekt ersetzen. <img decoding=\"async\" src=\"https:\/\/www.hydraulic-cylinders.net\/wp-content\/uploads\/2025\/01\/songte-cylinder-head-with-all-kinds-excavator-models.webp\"><\/li>\n<\/ul>\n<h3>Anwendungen<\/h3>\n<p>Der Schaufelzylinder f\u00fcr Yuchai YC210LC-8 findet Anwendung in verschiedenen Baumaschinen, Landmaschinen, Baggern und Radladern:<\/p>\n<ul>\n<li>Baumaschinen: Sie sind in Baggern zu finden und unverzichtbar f\u00fcr Aushubarbeiten, das Laden und den Transport von Erde oder Bauschutt. Bei Baggerladern unterst\u00fctzt der Schaufelzylinder sowohl das Graben als auch das Heben.<\/li>\n<li>Landwirtschaftliche Maschinen: Sie werden in Frontladern eingesetzt und helfen beim Schaufeln, Anheben und Transportieren von Erde, Heu und anderen Materialien.<\/li>\n<li>Bagger: Der L\u00f6ffelzylinder erm\u00f6glicht das Ausheben, indem er dem L\u00f6ffel das Eindringen in den Boden erm\u00f6glicht.<\/li>\n<li>Radlader: Bei Radladern helfen sie beim effektiven Anheben und Kippen von G\u00fctern.<\/li>\n<\/ul>\n<h3>Design\u00fcberlegungen und Auswahlkriterien<\/h3>\n<p>Bei den Konstruktions\u00fcberlegungen und Auswahlkriterien f\u00fcr den Schaufelzylinder werden mehrere Schl\u00fcsselfaktoren ber\u00fccksichtigt:<\/p>\n<ul>\n<li>Tragf\u00e4higkeit<\/li>\n<li>Versiegelung<\/li>\n<li>Haltbarkeit<\/li>\n<li>Sicherheit<\/li>\n<li>Wartbarkeit<\/li>\n<\/ul>\n<p><img decoding=\"async\" src=\"https:\/\/www.hydraulic-cylinders.net\/wp-content\/uploads\/2025\/01\/songte-oil-pipes-and-spare-parts.webp\"><\/p>\n<h3>Abdichtung und Schmierung<\/h3>\n<p>Der Schaufelzylinder verwendet verschiedene Dichtungen, darunter Kolben- und Stangendichtungen aus verschlei\u00dffesten Materialien wie Polyurethan und Nitrilkautschuk. Zylinderk\u00f6rper und Gewindeendfl\u00e4che werden pr\u00e4zise bearbeitet, um die Verschlei\u00dffestigkeit zu erh\u00f6hen. Regelm\u00e4\u00dfige Schmierung mit einer angemessenen Menge Hydraulik\u00f6l ist erforderlich, um einen reibungslosen Betrieb zu gew\u00e4hrleisten.<\/p>\n<h3>Regelm\u00e4\u00dfige Inspektion und vorbeugende Wartungsma\u00dfnahmen<\/h3>\n<p>Um optimale Leistung und Langlebigkeit zu gew\u00e4hrleisten, sollten regelm\u00e4\u00dfige Inspektions- und vorbeugende Wartungsma\u00dfnahmen durchgef\u00fchrt werden:<\/p>\n<ul>\n<li>Regelm\u00e4\u00dfige Inspektion und Schmierung<\/li>\n<li>Dichtungen bei Bedarf austauschen<\/li>\n<li>Durchf\u00fchrung von Kalibrierungspr\u00fcfungen<\/li>\n<\/ul>\n<p><img decoding=\"async\" src=\"https:\/\/www.hydraulic-cylinders.net\/wp-content\/uploads\/2025\/01\/songte-chushion-collar.webp\"><\/p>\n<h3>Sicherheitsaspekte und Umweltfaktoren<\/h3>\n<p>Die Beachtung von Sicherheitsma\u00dfnahmen beim Einsatz des Hubzylinders ist entscheidend, um Unf\u00e4lle zu vermeiden und ein sicheres Arbeitsumfeld zu gew\u00e4hrleisten.<\/p>\n<h3>Fehlerbehebung und h\u00e4ufige Probleme<\/h3>\n<p>Bei Problemen mit dem Schaufelzylinder k\u00f6nnen die folgenden Tipps und L\u00f6sungen zur Fehlerbehebung helfen, die Probleme zu diagnostizieren und zu beheben. Es ist au\u00dferdem wichtig, vorbeugende Ma\u00dfnahmen zu ergreifen, um potenzielle Probleme zu minimieren.<\/p>\n<p><img decoding=\"async\" src=\"https:\/\/www.hydraulic-cylinders.net\/wp-content\/uploads\/2025\/01\/songte-bushings-with-all-kinds-of-excavator-models.webp\"><\/p>\n<p>Denken Sie daran, den Artikel logisch zu strukturieren, Zwischen\u00fcberschriften zur einfacheren Navigation zu verwenden, relevante Bilder oder Diagramme einzuf\u00fcgen, um das Verst\u00e4ndnis zu verbessern, und f\u00fcr klare, pr\u00e4gnante Inhalte zu sorgen, die f\u00fcr Leser mit unterschiedlichem technischen Wissen geeignet sind.<\/p>\n<h2>Unser Unternehmen<\/h2>\n<p><img decoding=\"async\" src=\"https:\/\/hzpt.com\/wp-content\/uploads\/2024\/11\/songte-company-1.webp\"><\/p>\n<p>Wir sind Hersteller von Hydraulikzylindern und einer der f\u00fchrenden Hersteller und Gro\u00dfh\u00e4ndler auf dem nationalen und internationalen Markt. Wir setzen auf h\u00f6chste Qualit\u00e4t und industrialisierte Produktionsmanagementstrategien in unserer modernen Fertigungsst\u00e4tte. Dank unserer qualifizierten Fachkr\u00e4fte, modernster digitaler Fertigungsanlagen und professioneller Testsysteme optimieren wir kontinuierlich unsere Fertigungsprozesse, sichern die Produktqualit\u00e4t und verf\u00fcgen \u00fcber ausgepr\u00e4gte Innovationskraft. Wir streben danach, die vielf\u00e4ltigen Bed\u00fcrfnisse unserer Kunden mit h\u00f6chster Effizienz, Pr\u00e4zision und Qualit\u00e4t zu erf\u00fcllen.<\/p>\n<p><img decoding=\"async\" src=\"https:\/\/www.hydraulic-cylinders.net\/wp-content\/uploads\/2025\/01\/songte-company-3.webp\"><\/p>\n<p>Unser Unternehmen ist bekannt f\u00fcr seine Professionalit\u00e4t, internationale Zertifizierungen, kundenspezifische Dienstleistungen, Produktionsanlagen und seinen Kundendienst.<\/p>\n<p>Autor: lyl<\/p>","protected":false},"excerpt":{"rendered":"<p>Bucket Cylinder For Yuchai YC210LC-8 Introduction The bucket cylinder for Yuchai YC210LC-8 is a specially designed hydraulic cylinder used to control the movement of the bucket in heavy machinery such as excavators, backhoe loaders, and wheel loaders. Its main function is to enable the bucket to perform lifting, lowering, and tilting actions, making it easier [&hellip;]<\/p>","protected":false},"featured_media":14780,"comment_status":"open","ping_status":"closed","template":"","meta":{"_et_pb_use_builder":"","_et_pb_old_content":"","_et_gb_content_width":""},"product_brand":[],"product_cat":[1494],"product_tag":[1495,1496],"class_list":{"0":"post-15858","1":"product","2":"type-product","3":"status-publish","4":"has-post-thumbnail","6":"product_cat-bucket-cylinders","7":"product_tag-bucket-cylinders","8":"product_tag-hydraulic-cylinders","10":"first","11":"instock","12":"shipping-taxable","13":"product-type-simple"},"amp_enabled":true,"_links":{"self":[{"href":"https:\/\/www.hydraulic-cylinders.net\/de\/wp-json\/wp\/v2\/product\/15858","targetHints":{"allow":["GET"]}}],"collection":[{"href":"https:\/\/www.hydraulic-cylinders.net\/de\/wp-json\/wp\/v2\/product"}],"about":[{"href":"https:\/\/www.hydraulic-cylinders.net\/de\/wp-json\/wp\/v2\/types\/product"}],"replies":[{"embeddable":true,"href":"https:\/\/www.hydraulic-cylinders.net\/de\/wp-json\/wp\/v2\/comments?post=15858"}],"wp:featuredmedia":[{"embeddable":true,"href":"https:\/\/www.hydraulic-cylinders.net\/de\/wp-json\/wp\/v2\/media\/14780"}],"wp:attachment":[{"href":"https:\/\/www.hydraulic-cylinders.net\/de\/wp-json\/wp\/v2\/media?parent=15858"}],"wp:term":[{"taxonomy":"product_brand","embeddable":true,"href":"https:\/\/www.hydraulic-cylinders.net\/de\/wp-json\/wp\/v2\/product_brand?post=15858"},{"taxonomy":"product_cat","embeddable":true,"href":"https:\/\/www.hydraulic-cylinders.net\/de\/wp-json\/wp\/v2\/product_cat?post=15858"},{"taxonomy":"product_tag","embeddable":true,"href":"https:\/\/www.hydraulic-cylinders.net\/de\/wp-json\/wp\/v2\/product_tag?post=15858"}],"curies":[{"name":"wp","href":"https:\/\/api.w.org\/{rel}","templated":true}]}}