{"id":15861,"date":"2025-01-19T15:05:21","date_gmt":"2025-01-19T15:05:21","guid":{"rendered":"https:\/\/www.hydraulic-cylinders.net\/product\/bucket-cylinder-for-yuchai-yc35sr\/"},"modified":"2025-01-19T15:05:23","modified_gmt":"2025-01-19T15:05:23","slug":"bucket-cylinder-for-yuchai-yc35sr","status":"publish","type":"product","link":"https:\/\/www.hydraulic-cylinders.net\/de\/produkt\/bucket-cylinder-for-yuchai-yc35sr\/","title":{"rendered":"Schaufelzylinder f\u00fcr Yuchai YC35SR"},"content":{"rendered":"<h2>Schaufelzylinder f\u00fcr Yuchai YC35SR<\/h2>\n<h3>Einf\u00fchrung<\/h3>\n<p>Ein Schaufelzylinder ist ein speziell entwickelter Hydraulikzylinder, der die Bewegung von Schaufeln in Baumaschinen wie Baggern, Baggerladern und Radladern steuert. Seine Hauptfunktion besteht darin, das Heben, Senken und Neigen der Schaufel f\u00fcr verschiedene Materialumschlagsaufgaben zu erm\u00f6glichen. Im Hydrauliksystem gew\u00e4hrleistet der Schaufelzylinder durch die Anpassung des Hydraulik\u00f6ldrucks eine pr\u00e4zise Steuerung der Schaufel. Dies erm\u00f6glicht es dem Bediener, schwere Lasten effizient zu handhaben, sich an komplexe Arbeitsumgebungen anzupassen und vielf\u00e4ltige Betriebsanforderungen zu erf\u00fcllen.<\/p>\n<p><img decoding=\"async\" src=\"https:\/\/www.hydraulic-cylinders.net\/wp-content\/uploads\/2025\/01\/songte-company-2.webp\"><\/p>\n<h3>Merkmale<\/h3>\n<ul>\n<li><strong>Hohe Festigkeit und Haltbarkeit:<\/strong> Es besteht typischerweise aus hochfestem Stahl oder Aluminium und h\u00e4lt hohem Druck und schweren Belastungen stand, wodurch es sich f\u00fcr raue Arbeitsbedingungen eignet. Es wurde unter Ber\u00fccksichtigung von Verschlei\u00df- und Korrosionsbest\u00e4ndigkeit entwickelt, um seine Lebensdauer zu verl\u00e4ngern.<\/li>\n<li><strong>Effizienter Hydraulikbetrieb:<\/strong> Nutzt den Druck von Hydraulik\u00f6l, um ein gleichm\u00e4\u00dfiges Aus- und Einfahren zu erm\u00f6glichen, reagiert schnell auf Steuerbefehle und bietet starke Schub- und Zugkr\u00e4fte, die f\u00fcr die Handhabung schwerer Lasten und komplexer Arbeitsaufgaben geeignet sind.<\/li>\n<li><strong>Verschiedene Typen:<\/strong> Je nach Bedarf k\u00f6nnen einfachwirkende (hydraulisch nur in eine Richtung wirkende) oder doppeltwirkende (hydraulisch in beide Richtungen wirkende) Zylinder ausgew\u00e4hlt werden. Einige Modelle sind teleskopierbar und erm\u00f6glichen so eine gr\u00f6\u00dfere Auszugsl\u00e4nge ohne Vergr\u00f6\u00dferung der Au\u00dfenabmessungen \u2013 ideal f\u00fcr Anwendungen mit beengten Platzverh\u00e4ltnissen.<\/li>\n<li><strong>Perfekter Ersatz:<\/strong> Unser Produkt kann diese Hydraulikzylinder perfekt ersetzen.<\/li>\n<\/ul>\n<p><img decoding=\"async\" src=\"https:\/\/www.hydraulic-cylinders.net\/wp-content\/uploads\/2025\/01\/songte-cylinder-head-with-all-kinds-excavator-models.webp\"><\/p>\n<h3>Anwendungen<\/h3>\n<p><strong>Baumaschinen:<\/strong> Sie sind in Baggern unverzichtbar zum Graben, Laden und Bewegen von Erde oder Bauschutt. In Tiefladern unterst\u00fctzen die Schaufelzylinder das Graben und Heben. In Radladern helfen sie beim effizienten Heben und Abladen von G\u00fctern.<\/p>\n<p><strong>Landmaschinen:<\/strong> Sie werden bei Radladern eingesetzt und dienen zum Schaufeln, Anheben und Transportieren von Erde, Heu und anderen Materialien. Bei Baggern erm\u00f6glichen Schaufelzylinder das Graben, indem sie das Eindringen der Schaufel in den Boden erlauben. Bei Radladern unterst\u00fctzen sie das effiziente Anheben und Abladen von G\u00fctern.<\/p>\n<h3>Design\u00fcberlegungen und Auswahlkriterien<\/h3>\n<p>Ausgehend von Konstruktionsaspekten wie Tragf\u00e4higkeit, Dichtheit, Langlebigkeit, Sicherheit und Wartungsfreundlichkeit er\u00f6rtern wir die folgenden Punkte:<\/p>\n<ul>\n<li><strong>Belastbarkeit:<\/strong> Stellen Sie sicher, dass der Zylinder der maximal aufgebrachten Last standh\u00e4lt und dass der ausgelegte Sicherheitsfaktor angemessen ist, um einen sicheren Betrieb zu gew\u00e4hrleisten.<\/li>\n<li><strong>Versiegelung:<\/strong> Verschiedene Dichtungselemente, wie z. B. Kolbendichtungen und Stangendichtungen, werden verwendet, um das Austreten von Hydraulikfl\u00fcssigkeit zu verhindern und Verunreinigungen fernzuhalten.<\/li>\n<li><strong>Haltbarkeit:<\/strong> Der Zylinderk\u00f6rper und die Endkappen bestehen \u00fcblicherweise aus hochfesten Werkstoffen, um Verschlei\u00df und Korrosion zu widerstehen.<\/li>\n<li><strong>Sicherheit:<\/strong> Sicherheitsventile und andere Sicherheitsvorrichtungen k\u00f6nnen hinzugef\u00fcgt werden, um einen sicheren Betrieb zu gew\u00e4hrleisten und Unf\u00e4lle zu verhindern.<\/li>\n<li><strong>Wartbarkeit:<\/strong> Der Zylinder sollte leicht zu zerlegen und zu reparieren sein, und Ersatzteile sollten problemlos erh\u00e4ltlich sein.<\/li>\n<\/ul>\n<p><img decoding=\"async\" src=\"https:\/\/www.hydraulic-cylinders.net\/wp-content\/uploads\/2025\/01\/songte-oil-pipes-and-spare-parts.webp\"><\/p>\n<h3>Abdichtung und Schmierung<\/h3>\n<p>Der Zylinder verwendet verschiedene Dichtungselemente, wie Kolben- und Stangendichtungen aus verschlei\u00dffesten Materialien wie Polyurethan und Nitrilkautschuk, um Hydraulikfl\u00fcssigkeitsverluste zu verhindern und Verunreinigungen fernzuhalten. Zylinderk\u00f6rper und Gewindestirnfl\u00e4che sind pr\u00e4zisionsbearbeitet, um die Verschlei\u00dffestigkeit zu erh\u00f6hen. Regelm\u00e4\u00dfige Schmierung mit der richtigen Menge Hydraulik\u00f6l ist f\u00fcr einen reibungslosen Betrieb unerl\u00e4sslich.<\/p>\n<h3>Wartung und Reparatur<\/h3>\n<p>Regelm\u00e4\u00dfige Inspektionen und vorbeugende Wartungsma\u00dfnahmen sind notwendig, um den Zylinder in einwandfreiem Zustand zu halten. Folgende Wartungsarbeiten sind \u00fcblich:<\/p>\n<ul>\n<li><strong>Regelm\u00e4\u00dfige Inspektion:<\/strong> \u00dcberpr\u00fcfen Sie den Zylinder regelm\u00e4\u00dfig auf Anzeichen von Besch\u00e4digung, Verschlei\u00df oder Undichtigkeiten und ersetzen Sie besch\u00e4digte Teile.<\/li>\n<li><strong>Richtige Schmierung:<\/strong> Stellen Sie sicher, dass der Zylinder mit der richtigen Menge Hydraulik\u00f6l geschmiert ist, um einen reibungslosen Betrieb zu gew\u00e4hrleisten.<\/li>\n<li><strong>Dichtungswechsel:<\/strong> Um ein Austreten von Hydraulikfl\u00fcssigkeit zu verhindern und das Eindringen von Verunreinigungen zu vermeiden, sollten die Kolben- und Stangendichtungen regelm\u00e4\u00dfig ausgetauscht werden.<\/li>\n<\/ul>\n<p>F\u00fcr den sicheren und effizienten Betrieb des Zylinders sind eine fachgerechte Installation, Schmierung und Justierung unerl\u00e4sslich. Bei der Installation sind korrekte Ausrichtungshinweise zu beachten und geeignete Montagehalterungen zur Befestigung des Zylinders zu verwenden. Empfohlene Inspektions-, Reparatur- und Austauschverfahren sowie \u00dcberholungsleistungen tragen zur Verl\u00e4ngerung der Lebensdauer des Zylinders bei.<\/p>\n<p><img decoding=\"async\" src=\"https:\/\/www.hydraulic-cylinders.net\/wp-content\/uploads\/2025\/01\/songte-chushion-collar.webp\"><\/p>\n<h3>Sicherheits- und Umweltaspekte<\/h3>\n<p>Der sichere Betrieb des Gaszylinders ist von entscheidender Bedeutung, und beim Umgang damit sind entsprechende Sicherheitsvorkehrungen zu treffen. Die Bediener m\u00fcssen in der korrekten Handhabung des Gaszylinders geschult sein, und alle Sicherheitseinrichtungen m\u00fcssen einwandfrei funktionieren. Der Gaszylinder ist vorsichtig zu handhaben, um Besch\u00e4digungen oder Verletzungen zu vermeiden. Umweltaspekte sind bei der Entsorgung des Gaszylinders oder beim Austausch von Teilen zu ber\u00fccksichtigen.<\/p>\n<h3>Fehlerbehebung und h\u00e4ufige Probleme<\/h3>\n<p>Folgende Probleme k\u00f6nnen bei der Verwendung des Zylinders h\u00e4ufig auftreten:<\/p>\n<ul>\n<li><strong>Auslaufende Fl\u00fcssigkeit:<\/strong> Pr\u00fcfen Sie die Dichtungen und andere Bauteile auf Besch\u00e4digungen und tauschen Sie diese gegebenenfalls aus.<\/li>\n<li><strong>Strommangel:<\/strong> Pr\u00fcfen Sie das Hydrauliksystem auf Lecks oder Verstopfungen und beheben Sie diese gegebenenfalls.<\/li>\n<li><strong>Seltsame Ger\u00e4usche:<\/strong> Pr\u00fcfen Sie den Zylinder auf Anzeichen von Besch\u00e4digung oder Verschlei\u00df und ersetzen Sie besch\u00e4digte Bauteile.<\/li>\n<\/ul>\n<p>Eine korrekte Diagnose und die umgehende Behebung von Problemen sind notwendig, um gr\u00f6\u00dfere Probleme zu vermeiden. Regelm\u00e4\u00dfige Inspektionen und vorbeugende Wartungsarbeiten k\u00f6nnen vielen Problemen vorbeugen.<\/p>\n<p><img decoding=\"async\" src=\"https:\/\/www.hydraulic-cylinders.net\/wp-content\/uploads\/2025\/01\/songte-bushings-with-all-kinds-of-excavator-models.webp\"><\/p>\n<h3>\u00dcber uns<\/h3>\n<p>Wir sind Hersteller von Hydraulikzylinder-Ersatzteilen und bieten ein umfassendes Produktsortiment. Wir z\u00e4hlen zu den f\u00fchrenden Herstellern und Gro\u00dfh\u00e4ndlern von Hydraulikzylindern auf dem nationalen und internationalen Markt. Unser Qualit\u00e4tsanspruch basiert auf industrialisierten Produktionsmanagementstrategien in unseren hochmodernen Fertigungsst\u00e4tten. Wir optimieren kontinuierlich unsere Fertigungsplattform und verbessern unsere Produktionslinien durch qualifiziertes Fachpersonal, modernste digitale Fertigungsanlagen und professionelle Testsysteme. Dank unserer Innovationskraft erf\u00fcllen wir die vielf\u00e4ltigen Kundenbed\u00fcrfnisse mit h\u00f6chster Effizienz, Pr\u00e4zision und Qualit\u00e4t.<\/p>\n<p>Wir bieten professionelle, internationale Zertifizierungen, individuell anpassbare Dienstleistungen, Produktionsanlagen und Kundendienstleistungen.<\/p>\n<p><img decoding=\"async\" src=\"https:\/\/hzpt.com\/wp-content\/uploads\/2024\/11\/songte-company-1.webp\"><\/p>\n<p>Autor: lyl.<\/p>","protected":false},"excerpt":{"rendered":"<p>Bucket Cylinder For Yuchai YC35SR Introduction A bucket cylinder is a specially designed hydraulic cylinder used to control the movement of buckets in heavy machinery such as excavators, backhoe excavators, and front-end loaders. Its main function is to enable the bucket to lift, lower, and tilt for various material handling tasks. In the hydraulic system, [&hellip;]<\/p>","protected":false},"featured_media":14773,"comment_status":"open","ping_status":"closed","template":"","meta":{"_et_pb_use_builder":"","_et_pb_old_content":"","_et_gb_content_width":""},"product_brand":[],"product_cat":[1494],"product_tag":[1495,1496],"class_list":{"0":"post-15861","1":"product","2":"type-product","3":"status-publish","4":"has-post-thumbnail","6":"product_cat-bucket-cylinders","7":"product_tag-bucket-cylinders","8":"product_tag-hydraulic-cylinders","10":"first","11":"instock","12":"shipping-taxable","13":"product-type-simple"},"amp_enabled":true,"_links":{"self":[{"href":"https:\/\/www.hydraulic-cylinders.net\/de\/wp-json\/wp\/v2\/product\/15861","targetHints":{"allow":["GET"]}}],"collection":[{"href":"https:\/\/www.hydraulic-cylinders.net\/de\/wp-json\/wp\/v2\/product"}],"about":[{"href":"https:\/\/www.hydraulic-cylinders.net\/de\/wp-json\/wp\/v2\/types\/product"}],"replies":[{"embeddable":true,"href":"https:\/\/www.hydraulic-cylinders.net\/de\/wp-json\/wp\/v2\/comments?post=15861"}],"wp:featuredmedia":[{"embeddable":true,"href":"https:\/\/www.hydraulic-cylinders.net\/de\/wp-json\/wp\/v2\/media\/14773"}],"wp:attachment":[{"href":"https:\/\/www.hydraulic-cylinders.net\/de\/wp-json\/wp\/v2\/media?parent=15861"}],"wp:term":[{"taxonomy":"product_brand","embeddable":true,"href":"https:\/\/www.hydraulic-cylinders.net\/de\/wp-json\/wp\/v2\/product_brand?post=15861"},{"taxonomy":"product_cat","embeddable":true,"href":"https:\/\/www.hydraulic-cylinders.net\/de\/wp-json\/wp\/v2\/product_cat?post=15861"},{"taxonomy":"product_tag","embeddable":true,"href":"https:\/\/www.hydraulic-cylinders.net\/de\/wp-json\/wp\/v2\/product_tag?post=15861"}],"curies":[{"name":"wp","href":"https:\/\/api.w.org\/{rel}","templated":true}]}}